{"id":1025,"date":"2021-10-11T16:16:13","date_gmt":"2021-10-11T14:16:13","guid":{"rendered":"https:\/\/woche-der-ki.de\/?page_id=1025"},"modified":"2021-10-17T19:49:20","modified_gmt":"2021-10-17T17:49:20","slug":"event-konsortialpartnertreffen-1030-1130","status":"publish","type":"page","link":"https:\/\/woche-der-ki.de\/index.php\/event-konsortialpartnertreffen-1030-1130\/","title":{"rendered":"Event Konsortialpartnertreffen 10.30 \u2013 11.30"},"content":{"rendered":"\t\t<div data-elementor-type=\"wp-page\" data-elementor-id=\"1025\" class=\"elementor elementor-1025\" data-elementor-post-type=\"page\">\n\t\t\t\t\t\t<section class=\"elementor-section elementor-top-section elementor-element elementor-element-68871bd1 elementor-section-full_width elementor-section-height-default elementor-section-height-default\" data-id=\"68871bd1\" data-element_type=\"section\">\n\t\t\t\t\t\t<div class=\"elementor-container elementor-column-gap-default\">\n\t\t\t\t\t<div class=\"elementor-column elementor-col-33 elementor-top-column elementor-element elementor-element-6d7e1407\" data-id=\"6d7e1407\" data-element_type=\"column\">\n\t\t\t<div class=\"elementor-widget-wrap\">\n\t\t\t\t\t\t\t<\/div>\n\t\t<\/div>\n\t\t\t\t<div class=\"elementor-column elementor-col-33 elementor-top-column elementor-element elementor-element-4f9f2080\" data-id=\"4f9f2080\" data-element_type=\"column\">\n\t\t\t<div class=\"elementor-widget-wrap elementor-element-populated\">\n\t\t\t\t\t\t<div class=\"elementor-element elementor-element-4160840c elementor-widget__width-initial elementor-widget elementor-widget-spacer\" data-id=\"4160840c\" data-element_type=\"widget\" data-widget_type=\"spacer.default\">\n\t\t\t\t<div class=\"elementor-widget-container\">\n\t\t\t\t\t\t\t<div class=\"elementor-spacer\">\n\t\t\t<div class=\"elementor-spacer-inner\"><\/div>\n\t\t<\/div>\n\t\t\t\t\t\t<\/div>\n\t\t\t\t<\/div>\n\t\t\t\t<div class=\"elementor-element elementor-element-9dfa099 elementor-view-default elementor-widget elementor-widget-icon\" data-id=\"9dfa099\" data-element_type=\"widget\" data-widget_type=\"icon.default\">\n\t\t\t\t<div class=\"elementor-widget-container\">\n\t\t\t\t\t\t\t<div class=\"elementor-icon-wrapper\">\n\t\t\t<div class=\"elementor-icon\">\n\t\t\t<i aria-hidden=\"true\" class=\"fas fa-circle\"><\/i>\t\t\t<\/div>\n\t\t<\/div>\n\t\t\t\t\t\t<\/div>\n\t\t\t\t<\/div>\n\t\t\t\t\t<\/div>\n\t\t<\/div>\n\t\t\t\t<div class=\"elementor-column elementor-col-33 elementor-top-column elementor-element elementor-element-211a9b71\" data-id=\"211a9b71\" data-element_type=\"column\">\n\t\t\t<div class=\"elementor-widget-wrap\">\n\t\t\t\t\t\t\t<\/div>\n\t\t<\/div>\n\t\t\t\t\t<\/div>\n\t\t<\/section>\n\t\t\t\t<section class=\"elementor-section elementor-top-section elementor-element elementor-element-482a0cc elementor-section-boxed elementor-section-height-default elementor-section-height-default\" data-id=\"482a0cc\" data-element_type=\"section\">\n\t\t\t\t\t\t<div class=\"elementor-container elementor-column-gap-default\">\n\t\t\t\t\t<div class=\"elementor-column elementor-col-100 elementor-top-column elementor-element elementor-element-8ba3176\" data-id=\"8ba3176\" data-element_type=\"column\">\n\t\t\t<div class=\"elementor-widget-wrap elementor-element-populated\">\n\t\t\t\t\t\t<div class=\"elementor-element elementor-element-8bec395 elementor-widget elementor-widget-heading\" data-id=\"8bec395\" data-element_type=\"widget\" data-settings=\"{&quot;_animation&quot;:&quot;none&quot;}\" data-widget_type=\"heading.default\">\n\t\t\t\t<div class=\"elementor-widget-container\">\n\t\t\t\t\t<h1 class=\"elementor-heading-title elementor-size-default\">Dienstag, 16.11.2021, 10.30&nbsp;\u2013&nbsp;18.00&nbsp;Uhr<\/h1>\t\t\t\t<\/div>\n\t\t\t\t<\/div>\n\t\t\t\t<div class=\"elementor-element elementor-element-0824923 elementor-widget elementor-widget-heading\" data-id=\"0824923\" data-element_type=\"widget\" data-settings=\"{&quot;_animation&quot;:&quot;none&quot;}\" data-widget_type=\"heading.default\">\n\t\t\t\t<div class=\"elementor-widget-container\">\n\t\t\t\t\t<h2 class=\"elementor-heading-title elementor-size-default\">KI-SIGS \u2013 Internes Konsortial\u00adpartner\u00adtreffen<\/h2>\t\t\t\t<\/div>\n\t\t\t\t<\/div>\n\t\t\t\t<div class=\"elementor-element elementor-element-74fc523 elementor-widget elementor-widget-text-editor\" data-id=\"74fc523\" data-element_type=\"widget\" data-widget_type=\"text-editor.default\">\n\t\t\t\t<div class=\"elementor-widget-container\">\n\t\t\t\t\t\t\t\t\t<p>Geschlossene Veranstaltung<\/p>\t\t\t\t\t\t\t\t<\/div>\n\t\t\t\t<\/div>\n\t\t\t\t<div class=\"elementor-element elementor-element-4d2ed6c elementor-widget elementor-widget-text-editor\" data-id=\"4d2ed6c\" data-element_type=\"widget\" data-widget_type=\"text-editor.default\">\n\t\t\t\t<div class=\"elementor-widget-container\">\n\t\t\t\t\t\t\t\t\t<p>Wir freuen uns auf intensive Arbeitstreffen und gegenseitigen Austausch in Pr\u00e4senz. Inhaltlich steht die Vorstellung des Erreichten im Projekt und die Diskussion dar\u00fcber im Mittelpunkt. Der Fokus liegt dabei neben den erreichten Meilensteinen auf der Verzahnung zwischen Plattform und Anwendung und auf einer m\u00f6glichen (wirtschaftlichen) Verwertung.<\/p><p>Viele KI-SIGSler haben sich ja bisher nur in Videokonferenzen physisch getroffen, darum gibt es auch einigen Freiraum zum Netzwerken in den Pausen und bei der Abendveranstaltung.<\/p>\t\t\t\t\t\t\t\t<\/div>\n\t\t\t\t<\/div>\n\t\t\t\t<div class=\"elementor-element elementor-element-96ac2b4 elementor-widget elementor-widget-image\" data-id=\"96ac2b4\" data-element_type=\"widget\" data-widget_type=\"image.default\">\n\t\t\t\t<div class=\"elementor-widget-container\">\n\t\t\t\t\t\t\t\t\t\t\t\t\t\t\t<img fetchpriority=\"high\" decoding=\"async\" width=\"1920\" height=\"500\" src=\"https:\/\/woche-der-ki.de\/wp-content\/uploads\/2021\/10\/ki-sigs-headergrafik-b1763964.jpg\" class=\"attachment-full size-full wp-image-1196\" alt=\"KI SIGS Headerbild\" srcset=\"https:\/\/woche-der-ki.de\/wp-content\/uploads\/2021\/10\/ki-sigs-headergrafik-b1763964.jpg 1920w, https:\/\/woche-der-ki.de\/wp-content\/uploads\/2021\/10\/ki-sigs-headergrafik-b1763964-300x78.jpg 300w, https:\/\/woche-der-ki.de\/wp-content\/uploads\/2021\/10\/ki-sigs-headergrafik-b1763964-1024x267.jpg 1024w, https:\/\/woche-der-ki.de\/wp-content\/uploads\/2021\/10\/ki-sigs-headergrafik-b1763964-768x200.jpg 768w, https:\/\/woche-der-ki.de\/wp-content\/uploads\/2021\/10\/ki-sigs-headergrafik-b1763964-1536x400.jpg 1536w\" sizes=\"(max-width: 1920px) 100vw, 1920px\" \/>\t\t\t\t\t\t\t\t\t\t\t\t\t\t\t<\/div>\n\t\t\t\t<\/div>\n\t\t\t\t<div class=\"elementor-element elementor-element-07e76a0 elementor-widget elementor-widget-image\" data-id=\"07e76a0\" data-element_type=\"widget\" data-widget_type=\"image.default\">\n\t\t\t\t<div class=\"elementor-widget-container\">\n\t\t\t\t\t\t\t\t\t\t\t\t\t\t\t<img decoding=\"async\" width=\"500\" height=\"125\" src=\"https:\/\/woche-der-ki.de\/wp-content\/uploads\/2021\/10\/UTK@KISIGS_Logo_500.png\" class=\"attachment-full size-full wp-image-1454\" alt=\"KI SIGS Logo\" srcset=\"https:\/\/woche-der-ki.de\/wp-content\/uploads\/2021\/10\/UTK@KISIGS_Logo_500.png 500w, https:\/\/woche-der-ki.de\/wp-content\/uploads\/2021\/10\/UTK@KISIGS_Logo_500-300x75.png 300w\" sizes=\"(max-width: 500px) 100vw, 500px\" \/>\t\t\t\t\t\t\t\t\t\t\t\t\t\t\t<\/div>\n\t\t\t\t<\/div>\n\t\t\t\t<div class=\"elementor-element elementor-element-c0ed823 mb0 elementor-widget elementor-widget-text-editor\" data-id=\"c0ed823\" data-element_type=\"widget\" data-widget_type=\"text-editor.default\">\n\t\t\t\t<div class=\"elementor-widget-container\">\n\t\t\t\t\t\t\t\t\t<p><strong>Melden Sie sich an!<br \/><\/strong><\/p>\t\t\t\t\t\t\t\t<\/div>\n\t\t\t\t<\/div>\n\t\t\t\t<div class=\"elementor-element elementor-element-b58905f elementor-widget elementor-widget-text-editor\" data-id=\"b58905f\" data-element_type=\"widget\" data-widget_type=\"text-editor.default\">\n\t\t\t\t<div class=\"elementor-widget-container\">\n\t\t\t\t\t\t\t\t\t<p>Die Anmeldung finden sie auf der Webseite <a href=\"https:\/\/ki-sigs.de\/summit.html\" target=\"_blank\" rel=\"noopener\">https:\/\/ki-sigs.de\/summit.html<\/a>. Die Teilnahme ist kostenfrei.<br \/>Gern k\u00f6nnen Sie die Einladung an Interessierte und Partner weitergeben. Bitte beachten Sie, dass wir nur eine begrenzte Anzahl von Teilnehmenden in Pr\u00e4senz zulassen k\u00f6nnen und deshalb evtl. nicht allen Interessierten eine Teilnahme in Pr\u00e4senz zusichern k\u00f6nnen. Nat\u00fcrlich m\u00fcssen wir auch die zum Termin g\u00fcltigen Hygienebedingungen einhalten. Derzeit gehen wir von folgender Auflage aus: \u201eInnerhalb geschlossener R\u00e4ume gilt die 3G-Regelung (geimpft, genesen oder negativ getestet).<\/p>\t\t\t\t\t\t\t\t<\/div>\n\t\t\t\t<\/div>\n\t\t\t\t\t<\/div>\n\t\t<\/div>\n\t\t\t\t\t<\/div>\n\t\t<\/section>\n\t\t\t\t<\/div>\n\t\t","protected":false},"excerpt":{"rendered":"<p>Dienstag, 16.11.2021, 10.30&nbsp;\u2013&nbsp;18.00&nbsp;Uhr KI-SIGS \u2013 Internes Konsortial\u00adpartner\u00adtreffen Geschlossene Veranstaltung Wir freuen uns auf intensive Arbeitstreffen und gegenseitigen Austausch in Pr\u00e4senz. Inhaltlich steht die Vorstellung des Erreichten im Projekt und die Diskussion dar\u00fcber im Mittelpunkt. Der Fokus liegt dabei neben den erreichten Meilensteinen auf der Verzahnung zwischen Plattform und Anwendung und auf einer m\u00f6glichen (wirtschaftlichen) Verwertung. [&hellip;]<\/p>\n","protected":false},"author":1,"featured_media":0,"parent":0,"menu_order":0,"comment_status":"closed","ping_status":"closed","template":"","meta":{"footnotes":""},"class_list":["post-1025","page","type-page","status-publish","hentry"],"_links":{"self":[{"href":"https:\/\/woche-der-ki.de\/index.php\/wp-json\/wp\/v2\/pages\/1025","targetHints":{"allow":["GET"]}}],"collection":[{"href":"https:\/\/woche-der-ki.de\/index.php\/wp-json\/wp\/v2\/pages"}],"about":[{"href":"https:\/\/woche-der-ki.de\/index.php\/wp-json\/wp\/v2\/types\/page"}],"author":[{"embeddable":true,"href":"https:\/\/woche-der-ki.de\/index.php\/wp-json\/wp\/v2\/users\/1"}],"replies":[{"embeddable":true,"href":"https:\/\/woche-der-ki.de\/index.php\/wp-json\/wp\/v2\/comments?post=1025"}],"version-history":[{"count":139,"href":"https:\/\/woche-der-ki.de\/index.php\/wp-json\/wp\/v2\/pages\/1025\/revisions"}],"predecessor-version":[{"id":1698,"href":"https:\/\/woche-der-ki.de\/index.php\/wp-json\/wp\/v2\/pages\/1025\/revisions\/1698"}],"wp:attachment":[{"href":"https:\/\/woche-der-ki.de\/index.php\/wp-json\/wp\/v2\/media?parent=1025"}],"curies":[{"name":"wp","href":"https:\/\/api.w.org\/{rel}","templated":true}]}}