{"id":1662,"date":"2021-10-14T14:45:28","date_gmt":"2021-10-14T12:45:28","guid":{"rendered":"https:\/\/woche-der-ki.de\/?page_id=1662"},"modified":"2021-10-14T14:56:35","modified_gmt":"2021-10-14T12:56:35","slug":"event-konsortialpartnertreffen-10-30-11-30","status":"publish","type":"page","link":"https:\/\/woche-der-ki.de\/index.php\/event-konsortialpartnertreffen-10-30-11-30\/","title":{"rendered":"Event KI-SIGS UND PARTNER"},"content":{"rendered":"\t\t<div data-elementor-type=\"wp-page\" data-elementor-id=\"1662\" class=\"elementor elementor-1662\" data-elementor-post-type=\"page\">\n\t\t\t\t\t\t<section class=\"elementor-section elementor-top-section elementor-element elementor-element-68871bd1 elementor-section-full_width elementor-section-height-default elementor-section-height-default\" data-id=\"68871bd1\" data-element_type=\"section\">\n\t\t\t\t\t\t<div class=\"elementor-container elementor-column-gap-default\">\n\t\t\t\t\t<div class=\"elementor-column elementor-col-33 elementor-top-column elementor-element elementor-element-6d7e1407\" data-id=\"6d7e1407\" data-element_type=\"column\">\n\t\t\t<div class=\"elementor-widget-wrap\">\n\t\t\t\t\t\t\t<\/div>\n\t\t<\/div>\n\t\t\t\t<div class=\"elementor-column elementor-col-33 elementor-top-column elementor-element elementor-element-4f9f2080\" data-id=\"4f9f2080\" data-element_type=\"column\">\n\t\t\t<div class=\"elementor-widget-wrap elementor-element-populated\">\n\t\t\t\t\t\t<div class=\"elementor-element elementor-element-4160840c elementor-widget__width-initial elementor-widget elementor-widget-spacer\" data-id=\"4160840c\" data-element_type=\"widget\" data-widget_type=\"spacer.default\">\n\t\t\t\t<div class=\"elementor-widget-container\">\n\t\t\t\t\t\t\t<div class=\"elementor-spacer\">\n\t\t\t<div class=\"elementor-spacer-inner\"><\/div>\n\t\t<\/div>\n\t\t\t\t\t\t<\/div>\n\t\t\t\t<\/div>\n\t\t\t\t<div class=\"elementor-element elementor-element-9dfa099 elementor-view-default elementor-widget elementor-widget-icon\" data-id=\"9dfa099\" data-element_type=\"widget\" data-widget_type=\"icon.default\">\n\t\t\t\t<div class=\"elementor-widget-container\">\n\t\t\t\t\t\t\t<div class=\"elementor-icon-wrapper\">\n\t\t\t<div class=\"elementor-icon\">\n\t\t\t<i aria-hidden=\"true\" class=\"fas fa-circle\"><\/i>\t\t\t<\/div>\n\t\t<\/div>\n\t\t\t\t\t\t<\/div>\n\t\t\t\t<\/div>\n\t\t\t\t\t<\/div>\n\t\t<\/div>\n\t\t\t\t<div class=\"elementor-column elementor-col-33 elementor-top-column elementor-element elementor-element-211a9b71\" data-id=\"211a9b71\" data-element_type=\"column\">\n\t\t\t<div class=\"elementor-widget-wrap\">\n\t\t\t\t\t\t\t<\/div>\n\t\t<\/div>\n\t\t\t\t\t<\/div>\n\t\t<\/section>\n\t\t\t\t<section class=\"elementor-section elementor-top-section elementor-element elementor-element-482a0cc elementor-section-boxed elementor-section-height-default elementor-section-height-default\" data-id=\"482a0cc\" data-element_type=\"section\">\n\t\t\t\t\t\t<div class=\"elementor-container elementor-column-gap-default\">\n\t\t\t\t\t<div class=\"elementor-column elementor-col-100 elementor-top-column elementor-element elementor-element-8ba3176\" data-id=\"8ba3176\" data-element_type=\"column\">\n\t\t\t<div class=\"elementor-widget-wrap elementor-element-populated\">\n\t\t\t\t\t\t<div class=\"elementor-element elementor-element-8bec395 elementor-widget elementor-widget-heading\" data-id=\"8bec395\" data-element_type=\"widget\" data-settings=\"{&quot;_animation&quot;:&quot;none&quot;}\" data-widget_type=\"heading.default\">\n\t\t\t\t<div class=\"elementor-widget-container\">\n\t\t\t\t\t<h1 class=\"elementor-heading-title elementor-size-default\"><span data-elementor-setting-key=\"title\" data-pen-placeholder=\"Eingabe hier...\" style=\"font-family: var( --e-global-typography-secondary-font-family ), Sans-serif; font-weight: var( --e-global-typography-secondary-font-weight ); line-height: var( --e-global-typography-secondary-line-height ); font-size: var( --e-global-typography-secondary-font-size );\">Mittwoch, 17.11.2021, 9.15&nbsp;\u2013&nbsp;16.30&nbsp;Uhr<\/span><\/h1>\t\t\t\t<\/div>\n\t\t\t\t<\/div>\n\t\t\t\t<div class=\"elementor-element elementor-element-0824923 elementor-widget elementor-widget-heading\" data-id=\"0824923\" data-element_type=\"widget\" data-settings=\"{&quot;_animation&quot;:&quot;none&quot;}\" data-widget_type=\"heading.default\">\n\t\t\t\t<div class=\"elementor-widget-container\">\n\t\t\t\t\t<h2 class=\"elementor-heading-title elementor-size-default\">KI-Sigs und Partner<\/h2>\t\t\t\t<\/div>\n\t\t\t\t<\/div>\n\t\t\t\t<div class=\"elementor-element elementor-element-74fc523 elementor-widget elementor-widget-text-editor\" data-id=\"74fc523\" data-element_type=\"widget\" data-widget_type=\"text-editor.default\">\n\t\t\t\t<div class=\"elementor-widget-container\">\n\t\t\t\t\t\t\t\t\t<p>\u00d6ffentliche Veranstaltung \/ Ort: MFC 1 Konferenzraum, Maria Goeppert Str. 1, L\u00fcbeck<\/p>\t\t\t\t\t\t\t\t<\/div>\n\t\t\t\t<\/div>\n\t\t\t\t<div class=\"elementor-element elementor-element-4d2ed6c elementor-widget elementor-widget-text-editor\" data-id=\"4d2ed6c\" data-element_type=\"widget\" data-widget_type=\"text-editor.default\">\n\t\t\t\t<div class=\"elementor-widget-container\">\n\t\t\t\t\t\t\t\t\t<p>Wir m\u00f6chten mit Ihnen in die Diskussion und in den Austausch zu spannenden Fragen zur Ku\u0308nstlichen\u00a0<span style=\"font-family: var( --e-global-typography-text-font-family ), Sans-serif; font-size: var( --e-global-typography-text-font-size );\">Intelligenz im Gesundheitswesen kommen. Dazu erwarten wir Impulse aus Politik, Medizin,\u00a0<\/span><span style=\"font-family: var( --e-global-typography-text-font-family ), Sans-serif; font-size: var( --e-global-typography-text-font-size );\">Wirtschaft und Wissenschaft von externen Partnern und natu\u0308rlich aus KI-SIGS. Demonstratoren\u00a0<\/span><span style=\"font-family: var( --e-global-typography-text-font-family ), Sans-serif; font-size: var( --e-global-typography-text-font-size );\">und Poster verdeutlichen die vielf\u00e4ltigen Anwendungen und Ergebnisse von KI-SIGS.\u00a0<\/span><\/p>\t\t\t\t\t\t\t\t<\/div>\n\t\t\t\t<\/div>\n\t\t\t\t<div class=\"elementor-element elementor-element-96ac2b4 elementor-widget elementor-widget-image\" data-id=\"96ac2b4\" data-element_type=\"widget\" data-widget_type=\"image.default\">\n\t\t\t\t<div class=\"elementor-widget-container\">\n\t\t\t\t\t\t\t\t\t\t\t\t\t\t\t<img fetchpriority=\"high\" decoding=\"async\" width=\"1920\" height=\"500\" src=\"https:\/\/woche-der-ki.de\/wp-content\/uploads\/2021\/10\/ki-sigs-headergrafik-b1763964.jpg\" class=\"attachment-full size-full wp-image-1196\" alt=\"KI SIGS Headerbild\" srcset=\"https:\/\/woche-der-ki.de\/wp-content\/uploads\/2021\/10\/ki-sigs-headergrafik-b1763964.jpg 1920w, https:\/\/woche-der-ki.de\/wp-content\/uploads\/2021\/10\/ki-sigs-headergrafik-b1763964-300x78.jpg 300w, https:\/\/woche-der-ki.de\/wp-content\/uploads\/2021\/10\/ki-sigs-headergrafik-b1763964-1024x267.jpg 1024w, https:\/\/woche-der-ki.de\/wp-content\/uploads\/2021\/10\/ki-sigs-headergrafik-b1763964-768x200.jpg 768w, https:\/\/woche-der-ki.de\/wp-content\/uploads\/2021\/10\/ki-sigs-headergrafik-b1763964-1536x400.jpg 1536w\" sizes=\"(max-width: 1920px) 100vw, 1920px\" \/>\t\t\t\t\t\t\t\t\t\t\t\t\t\t\t<\/div>\n\t\t\t\t<\/div>\n\t\t\t\t<div class=\"elementor-element elementor-element-07e76a0 elementor-widget elementor-widget-image\" data-id=\"07e76a0\" data-element_type=\"widget\" data-widget_type=\"image.default\">\n\t\t\t\t<div class=\"elementor-widget-container\">\n\t\t\t\t\t\t\t\t\t\t\t\t\t\t\t<img decoding=\"async\" width=\"500\" height=\"125\" src=\"https:\/\/woche-der-ki.de\/wp-content\/uploads\/2021\/10\/UTK@KISIGS_Logo_500.png\" class=\"attachment-full size-full wp-image-1454\" alt=\"KI SIGS Logo\" srcset=\"https:\/\/woche-der-ki.de\/wp-content\/uploads\/2021\/10\/UTK@KISIGS_Logo_500.png 500w, https:\/\/woche-der-ki.de\/wp-content\/uploads\/2021\/10\/UTK@KISIGS_Logo_500-300x75.png 300w\" sizes=\"(max-width: 500px) 100vw, 500px\" \/>\t\t\t\t\t\t\t\t\t\t\t\t\t\t\t<\/div>\n\t\t\t\t<\/div>\n\t\t\t\t<div class=\"elementor-element elementor-element-c0ed823 mb0 elementor-widget elementor-widget-text-editor\" data-id=\"c0ed823\" data-element_type=\"widget\" data-widget_type=\"text-editor.default\">\n\t\t\t\t<div class=\"elementor-widget-container\">\n\t\t\t\t\t\t\t\t\t<p><strong>Melden Sie sich an!<br \/><\/strong><\/p>\t\t\t\t\t\t\t\t<\/div>\n\t\t\t\t<\/div>\n\t\t\t\t<div class=\"elementor-element elementor-element-b58905f elementor-widget elementor-widget-text-editor\" data-id=\"b58905f\" data-element_type=\"widget\" data-widget_type=\"text-editor.default\">\n\t\t\t\t<div class=\"elementor-widget-container\">\n\t\t\t\t\t\t\t\t\t<p>Die Anmeldung finden sie auf der Webseite <a href=\"https:\/\/ki-sigs.de\/summit.html\" target=\"_blank\" rel=\"noopener\">https:\/\/ki-sigs.de\/summit.html<\/a>. Die Teilnahme ist kostenfrei.<br \/>Gern k\u00f6nnen Sie die Einladung an Interessierte und Partner weitergeben. Bitte beachten Sie, dass wir nur eine begrenzte Anzahl von Teilnehmenden in Pr\u00e4senz zulassen k\u00f6nnen und deshalb evtl. nicht allen Interessierten eine Teilnahme in Pr\u00e4senz zusichern k\u00f6nnen. Nat\u00fcrlich m\u00fcssen wir auch die zum Termin g\u00fcltigen Hygienebedingungen einhalten. Derzeit gehen wir von folgender Auflage aus: \u201eInnerhalb geschlossener R\u00e4ume gilt die 3G-Regelung (geimpft, genesen oder negativ getestet).<\/p>\t\t\t\t\t\t\t\t<\/div>\n\t\t\t\t<\/div>\n\t\t\t\t\t<\/div>\n\t\t<\/div>\n\t\t\t\t\t<\/div>\n\t\t<\/section>\n\t\t\t\t<\/div>\n\t\t","protected":false},"excerpt":{"rendered":"<p>Mittwoch, 17.11.2021, 9.15&nbsp;\u2013&nbsp;16.30&nbsp;Uhr KI-Sigs und Partner \u00d6ffentliche Veranstaltung \/ Ort: MFC 1 Konferenzraum, Maria Goeppert Str. 1, L\u00fcbeck Wir m\u00f6chten mit Ihnen in die Diskussion und in den Austausch zu spannenden Fragen zur Ku\u0308nstlichen\u00a0Intelligenz im Gesundheitswesen kommen. Dazu erwarten wir Impulse aus Politik, Medizin,\u00a0Wirtschaft und Wissenschaft von externen Partnern und natu\u0308rlich aus KI-SIGS. Demonstratoren\u00a0und Poster [&hellip;]<\/p>\n","protected":false},"author":2,"featured_media":0,"parent":0,"menu_order":0,"comment_status":"closed","ping_status":"closed","template":"","meta":{"footnotes":""},"class_list":["post-1662","page","type-page","status-publish","hentry"],"_links":{"self":[{"href":"https:\/\/woche-der-ki.de\/index.php\/wp-json\/wp\/v2\/pages\/1662","targetHints":{"allow":["GET"]}}],"collection":[{"href":"https:\/\/woche-der-ki.de\/index.php\/wp-json\/wp\/v2\/pages"}],"about":[{"href":"https:\/\/woche-der-ki.de\/index.php\/wp-json\/wp\/v2\/types\/page"}],"author":[{"embeddable":true,"href":"https:\/\/woche-der-ki.de\/index.php\/wp-json\/wp\/v2\/users\/2"}],"replies":[{"embeddable":true,"href":"https:\/\/woche-der-ki.de\/index.php\/wp-json\/wp\/v2\/comments?post=1662"}],"version-history":[{"count":7,"href":"https:\/\/woche-der-ki.de\/index.php\/wp-json\/wp\/v2\/pages\/1662\/revisions"}],"predecessor-version":[{"id":1670,"href":"https:\/\/woche-der-ki.de\/index.php\/wp-json\/wp\/v2\/pages\/1662\/revisions\/1670"}],"wp:attachment":[{"href":"https:\/\/woche-der-ki.de\/index.php\/wp-json\/wp\/v2\/media?parent=1662"}],"curies":[{"name":"wp","href":"https:\/\/api.w.org\/{rel}","templated":true}]}}