{"id":1689,"date":"2021-10-17T19:41:57","date_gmt":"2021-10-17T17:41:57","guid":{"rendered":"https:\/\/woche-der-ki.de\/?page_id=1689"},"modified":"2021-11-16T10:35:04","modified_gmt":"2021-11-16T09:35:04","slug":"universitaet-zu-luebeck-dfkihl-2","status":"publish","type":"page","link":"https:\/\/woche-der-ki.de\/index.php\/universitaet-zu-luebeck-dfkihl-2\/","title":{"rendered":"Universit\u00e4t zu L\u00fcbeck: (DF)KI@HL"},"content":{"rendered":"\t\t<div data-elementor-type=\"wp-page\" data-elementor-id=\"1689\" class=\"elementor elementor-1689\" data-elementor-post-type=\"page\">\n\t\t\t\t\t\t<section class=\"elementor-section elementor-top-section elementor-element elementor-element-68871bd1 elementor-section-full_width elementor-section-height-default elementor-section-height-default\" data-id=\"68871bd1\" data-element_type=\"section\">\n\t\t\t\t\t\t<div class=\"elementor-container elementor-column-gap-default\">\n\t\t\t\t\t<div class=\"elementor-column elementor-col-33 elementor-top-column elementor-element elementor-element-6d7e1407\" data-id=\"6d7e1407\" data-element_type=\"column\">\n\t\t\t<div class=\"elementor-widget-wrap\">\n\t\t\t\t\t\t\t<\/div>\n\t\t<\/div>\n\t\t\t\t<div class=\"elementor-column elementor-col-33 elementor-top-column elementor-element elementor-element-4f9f2080\" data-id=\"4f9f2080\" data-element_type=\"column\">\n\t\t\t<div class=\"elementor-widget-wrap elementor-element-populated\">\n\t\t\t\t\t\t<div class=\"elementor-element elementor-element-4160840c elementor-widget__width-initial elementor-widget elementor-widget-spacer\" data-id=\"4160840c\" data-element_type=\"widget\" data-widget_type=\"spacer.default\">\n\t\t\t\t<div class=\"elementor-widget-container\">\n\t\t\t\t\t\t\t<div class=\"elementor-spacer\">\n\t\t\t<div class=\"elementor-spacer-inner\"><\/div>\n\t\t<\/div>\n\t\t\t\t\t\t<\/div>\n\t\t\t\t<\/div>\n\t\t\t\t<div class=\"elementor-element elementor-element-9dfa099 elementor-view-default elementor-widget elementor-widget-icon\" data-id=\"9dfa099\" data-element_type=\"widget\" data-widget_type=\"icon.default\">\n\t\t\t\t<div class=\"elementor-widget-container\">\n\t\t\t\t\t\t\t<div class=\"elementor-icon-wrapper\">\n\t\t\t<div class=\"elementor-icon\">\n\t\t\t<i aria-hidden=\"true\" class=\"fas fa-circle\"><\/i>\t\t\t<\/div>\n\t\t<\/div>\n\t\t\t\t\t\t<\/div>\n\t\t\t\t<\/div>\n\t\t\t\t\t<\/div>\n\t\t<\/div>\n\t\t\t\t<div class=\"elementor-column elementor-col-33 elementor-top-column elementor-element elementor-element-211a9b71\" data-id=\"211a9b71\" data-element_type=\"column\">\n\t\t\t<div class=\"elementor-widget-wrap\">\n\t\t\t\t\t\t\t<\/div>\n\t\t<\/div>\n\t\t\t\t\t<\/div>\n\t\t<\/section>\n\t\t\t\t<section class=\"elementor-section elementor-top-section elementor-element elementor-element-482a0cc elementor-section-boxed elementor-section-height-default elementor-section-height-default\" data-id=\"482a0cc\" data-element_type=\"section\">\n\t\t\t\t\t\t<div class=\"elementor-container elementor-column-gap-default\">\n\t\t\t\t\t<div class=\"elementor-column elementor-col-100 elementor-top-column elementor-element elementor-element-8ba3176\" data-id=\"8ba3176\" data-element_type=\"column\">\n\t\t\t<div class=\"elementor-widget-wrap elementor-element-populated\">\n\t\t\t\t\t\t<div class=\"elementor-element elementor-element-8bec395 elementor-widget elementor-widget-heading\" data-id=\"8bec395\" data-element_type=\"widget\" data-settings=\"{&quot;_animation&quot;:&quot;none&quot;}\" data-widget_type=\"heading.default\">\n\t\t\t\t<div class=\"elementor-widget-container\">\n\t\t\t\t\t<h1 class=\"elementor-heading-title elementor-size-default\">Mittwoch, 17.11.2021, 12.00&nbsp;\u2013&nbsp;17.00&nbsp;Uhr<\/h1>\t\t\t\t<\/div>\n\t\t\t\t<\/div>\n\t\t\t\t<div class=\"elementor-element elementor-element-0824923 elementor-widget elementor-widget-heading\" data-id=\"0824923\" data-element_type=\"widget\" data-settings=\"{&quot;_animation&quot;:&quot;none&quot;}\" data-widget_type=\"heading.default\">\n\t\t\t\t<div class=\"elementor-widget-container\">\n\t\t\t\t\t<h2 class=\"elementor-heading-title elementor-size-default\">L\u00dcbecker Hochschulen: L\u00dcBECKER W<font color=\"00DB90\">AI<\/font>HNACHTSMARKT:<br>KI-LEISTUNGS\u00adSCHAU DER L\u00dcBECKER HOCH\u00adSCHULEN<\/h2>\t\t\t\t<\/div>\n\t\t\t\t<\/div>\n\t\t\t\t<div class=\"elementor-element elementor-element-74fc523 elementor-widget elementor-widget-text-editor\" data-id=\"74fc523\" data-element_type=\"widget\" data-widget_type=\"text-editor.default\">\n\t\t\t\t<div class=\"elementor-widget-container\">\n\t\t\t\t\t\t\t\t\t<p>\u00d6ffentliche Veranstaltung <b>(2G)<\/b> \/ Ort: Audimax des Hanse Innovation Campus L\u00fcbeck, M\u00f6nkhofer Weg 245, L\u00fcbeck<\/p>\t\t\t\t\t\t\t\t<\/div>\n\t\t\t\t<\/div>\n\t\t\t\t<div class=\"elementor-element elementor-element-4d2ed6c elementor-widget elementor-widget-text-editor\" data-id=\"4d2ed6c\" data-element_type=\"widget\" data-widget_type=\"text-editor.default\">\n\t\t\t\t<div class=\"elementor-widget-container\">\n\t\t\t\t\t\t\t\t\t<p>Besuchen Sie den W<span style=\"color: 00db90;\">AI<\/span>hnachtsmarkt der Zukunft!<\/p><p><span style=\"font-family: var( --e-global-typography-text-font-family ), Sans-serif; font-size: var( --e-global-typography-text-font-size ); font-weight: var( --e-global-typography-text-font-weight );\">Die L\u00fcbecker Hochschulen sowie das Deutsche Forschungszentrum f\u00fcr\u00a0\u00a0K\u00fcnstliche Intelligenz\u00a0<\/span>und die Fraunhofer Einrichtung f\u00fcr Individualisierte und Zellbasierte Medizintechnik (IMTE)\u00a0<span style=\"font-family: var( --e-global-typography-text-font-family ), Sans-serif; font-size: var( --e-global-typography-text-font-size ); font-weight: var( --e-global-typography-text-font-weight );\">stellen aktuelle Forschungs- und\u00a0Entwicklungsergebnisse aus dem Bereich der K\u00fcnstlichen Intelligenz und\u00a0ihrer Anwendungen vor. Es erwartet Sie ein <a href=\"https:\/\/woche-der-ki.de\/wp-content\/uploads\/2021\/11\/Ausstellungsflaechen_Uebersichtsplan_web.pdf\">umfangreiches\u00a0Ausstellungsprogramm<\/a>, das zum Mitmachen, Ausprobieren, Entdecken und\u00a0Erleben einl\u00e4dt: Von Robotik, autonomen Drohnen und Autos bis hin zur 3D\u00a0Visualisierung neuronaler Netze und dem Einsatz von KI in der Medizin,\u00a0Medizintechnik und assistiven Gesundheitstechnologien.<\/span><\/p><p><span style=\"font-family: var( --e-global-typography-text-font-family ), Sans-serif; font-size: var( --e-global-typography-text-font-size ); font-weight: var( --e-global-typography-text-font-weight );\">Wollten Sie schon immer mal eine Virtual Reality-Brille ausprobieren und\u00a0ein k\u00fcnstliches neuronales Netz in 3D sehen? Wie k\u00f6nnen KI-Algorithmen\u00a0aus Daten lernen, um medizinische Entscheidungen in Pr\u00e4vention,\u00a0Diagnostik, Therapie und Pflege zu unterst\u00fctzen? Wie funktioniert das\u00a0eigentlich mit der Gesichtserkennung? Und was haben Outdoor-Roboter,\u00a0Schwarm-Roboter und Unterwasser-Roboter gemeinsam? <a href=\"https:\/\/woche-der-ki.de\/wp-content\/uploads\/2021\/11\/Ausstellungsflaechen_Uebersichtsplan_web.pdf\">Mehr als 20\u00a0AusstellerInnen<\/a> nehmen Sie mit auf eine spannende Reise und zeigen ihre\u00a0KI-Projekte von heute f\u00fcr morgen. Wir laden Sie herzlich ein und freuen\u00a0uns auf Ihren Besuch!<\/span><\/p><p><span style=\"font-family: var( --e-global-typography-text-font-family ), Sans-serif; font-size: var( --e-global-typography-text-font-size ); font-weight: var( --e-global-typography-text-font-weight );\">Dies ist eine \u00f6ffentliche Veranstaltung, f\u00fcr die keine Anmeldung erforderlich ist. Die Teilnahme ist kostenfrei. Es gelten die 2G-Bestimmungen und die Maskenpflicht.<\/span><\/p><p><em>Ab 16.11.2021 gilt f\u00fcr alle freiwilligen Veranstaltungen der Universit\u00e4t au\u00dferhalb der Lehre und innerhalb der R\u00e4umlichkeiten der UzL die 2G-Regel. Der Zugang ist somit nur f\u00fcr Geimpfte oder Genesene m\u00f6glich, sowie f\u00fcr Kinder und Jugendliche unter 18 Jahren. Ebenfalls nicht betroffen sind Personen, die sich aus medizinischen und gesundheitlichen Gr\u00fcnden nicht impfen lassen k\u00f6nnen. Sie m\u00fcssen einen Testnachweis vorlegen.<\/em><br \/><em>Zus\u00e4tzlich gilt immer dann die Maskenpflicht, wenn der empfohlene Mindestabstand von 1,5 Meter zu anderen Personen nicht eingehalten werden kann.<\/em><\/p><p><span style=\"font-family: var( --e-global-typography-text-font-family ), Sans-serif; font-size: var( --e-global-typography-text-font-size ); font-weight: var( --e-global-typography-text-font-weight );\">\u00a0<\/span><\/p>\t\t\t\t\t\t\t\t<\/div>\n\t\t\t\t<\/div>\n\t\t\t\t<div class=\"elementor-element elementor-element-c6a627d elementor-widget elementor-widget-image\" data-id=\"c6a627d\" data-element_type=\"widget\" data-widget_type=\"image.default\">\n\t\t\t\t<div class=\"elementor-widget-container\">\n\t\t\t\t\t\t\t\t\t\t\t\t\t\t\t<img fetchpriority=\"high\" decoding=\"async\" width=\"2480\" height=\"2480\" src=\"https:\/\/woche-der-ki.de\/wp-content\/uploads\/2021\/11\/wAIhnachtsmarkt4_105x105_08-11-20212.jpg\" class=\"attachment-full size-full wp-image-2109\" alt=\"\" srcset=\"https:\/\/woche-der-ki.de\/wp-content\/uploads\/2021\/11\/wAIhnachtsmarkt4_105x105_08-11-20212.jpg 2480w, https:\/\/woche-der-ki.de\/wp-content\/uploads\/2021\/11\/wAIhnachtsmarkt4_105x105_08-11-20212-300x300.jpg 300w, https:\/\/woche-der-ki.de\/wp-content\/uploads\/2021\/11\/wAIhnachtsmarkt4_105x105_08-11-20212-1024x1024.jpg 1024w, https:\/\/woche-der-ki.de\/wp-content\/uploads\/2021\/11\/wAIhnachtsmarkt4_105x105_08-11-20212-150x150.jpg 150w, https:\/\/woche-der-ki.de\/wp-content\/uploads\/2021\/11\/wAIhnachtsmarkt4_105x105_08-11-20212-768x768.jpg 768w, https:\/\/woche-der-ki.de\/wp-content\/uploads\/2021\/11\/wAIhnachtsmarkt4_105x105_08-11-20212-1536x1536.jpg 1536w, https:\/\/woche-der-ki.de\/wp-content\/uploads\/2021\/11\/wAIhnachtsmarkt4_105x105_08-11-20212-2048x2048.jpg 2048w\" sizes=\"(max-width: 2480px) 100vw, 2480px\" \/>\t\t\t\t\t\t\t\t\t\t\t\t\t\t\t<\/div>\n\t\t\t\t<\/div>\n\t\t\t\t\t<\/div>\n\t\t<\/div>\n\t\t\t\t\t<\/div>\n\t\t<\/section>\n\t\t\t\t<\/div>\n\t\t","protected":false},"excerpt":{"rendered":"<p>Mittwoch, 17.11.2021, 12.00&nbsp;\u2013&nbsp;17.00&nbsp;Uhr L\u00dcbecker Hochschulen: L\u00dcBECKER WAIHNACHTSMARKT:KI-LEISTUNGS\u00adSCHAU DER L\u00dcBECKER HOCH\u00adSCHULEN \u00d6ffentliche Veranstaltung (2G) \/ Ort: Audimax des Hanse Innovation Campus L\u00fcbeck, M\u00f6nkhofer Weg 245, L\u00fcbeck Besuchen Sie den WAIhnachtsmarkt der Zukunft! Die L\u00fcbecker Hochschulen sowie das Deutsche Forschungszentrum f\u00fcr\u00a0\u00a0K\u00fcnstliche Intelligenz\u00a0und die Fraunhofer Einrichtung f\u00fcr Individualisierte und Zellbasierte Medizintechnik (IMTE)\u00a0stellen aktuelle Forschungs- und\u00a0Entwicklungsergebnisse aus dem Bereich [&hellip;]<\/p>\n","protected":false},"author":2,"featured_media":0,"parent":0,"menu_order":0,"comment_status":"closed","ping_status":"closed","template":"","meta":{"footnotes":""},"class_list":["post-1689","page","type-page","status-publish","hentry"],"_links":{"self":[{"href":"https:\/\/woche-der-ki.de\/index.php\/wp-json\/wp\/v2\/pages\/1689","targetHints":{"allow":["GET"]}}],"collection":[{"href":"https:\/\/woche-der-ki.de\/index.php\/wp-json\/wp\/v2\/pages"}],"about":[{"href":"https:\/\/woche-der-ki.de\/index.php\/wp-json\/wp\/v2\/types\/page"}],"author":[{"embeddable":true,"href":"https:\/\/woche-der-ki.de\/index.php\/wp-json\/wp\/v2\/users\/2"}],"replies":[{"embeddable":true,"href":"https:\/\/woche-der-ki.de\/index.php\/wp-json\/wp\/v2\/comments?post=1689"}],"version-history":[{"count":57,"href":"https:\/\/woche-der-ki.de\/index.php\/wp-json\/wp\/v2\/pages\/1689\/revisions"}],"predecessor-version":[{"id":2225,"href":"https:\/\/woche-der-ki.de\/index.php\/wp-json\/wp\/v2\/pages\/1689\/revisions\/2225"}],"wp:attachment":[{"href":"https:\/\/woche-der-ki.de\/index.php\/wp-json\/wp\/v2\/media?parent=1689"}],"curies":[{"name":"wp","href":"https:\/\/api.w.org\/{rel}","templated":true}]}}