{"id":1743,"date":"2021-10-20T09:21:25","date_gmt":"2021-10-20T07:21:25","guid":{"rendered":"https:\/\/woche-der-ki.de\/?page_id=1743"},"modified":"2021-10-20T16:36:57","modified_gmt":"2021-10-20T14:36:57","slug":"ki-maerchen-mythen-moeglichkeiten","status":"publish","type":"page","link":"https:\/\/woche-der-ki.de\/index.php\/ki-maerchen-mythen-moeglichkeiten\/","title":{"rendered":"K\u00fcnstliche Intelligenz \u2013 M\u00e4rchen, Mythen, M\u00f6glichkeiten"},"content":{"rendered":"\t\t<div data-elementor-type=\"wp-page\" data-elementor-id=\"1743\" class=\"elementor elementor-1743\" data-elementor-post-type=\"page\">\n\t\t\t\t\t\t<section class=\"elementor-section elementor-top-section elementor-element elementor-element-68871bd1 elementor-section-full_width elementor-section-height-default elementor-section-height-default\" data-id=\"68871bd1\" data-element_type=\"section\">\n\t\t\t\t\t\t<div class=\"elementor-container elementor-column-gap-default\">\n\t\t\t\t\t<div class=\"elementor-column elementor-col-33 elementor-top-column elementor-element elementor-element-6d7e1407\" data-id=\"6d7e1407\" data-element_type=\"column\">\n\t\t\t<div class=\"elementor-widget-wrap\">\n\t\t\t\t\t\t\t<\/div>\n\t\t<\/div>\n\t\t\t\t<div class=\"elementor-column elementor-col-33 elementor-top-column elementor-element elementor-element-4f9f2080\" data-id=\"4f9f2080\" data-element_type=\"column\">\n\t\t\t<div class=\"elementor-widget-wrap elementor-element-populated\">\n\t\t\t\t\t\t<div class=\"elementor-element elementor-element-4160840c elementor-widget__width-initial elementor-widget elementor-widget-spacer\" data-id=\"4160840c\" data-element_type=\"widget\" data-widget_type=\"spacer.default\">\n\t\t\t\t<div class=\"elementor-widget-container\">\n\t\t\t\t\t\t\t<div class=\"elementor-spacer\">\n\t\t\t<div class=\"elementor-spacer-inner\"><\/div>\n\t\t<\/div>\n\t\t\t\t\t\t<\/div>\n\t\t\t\t<\/div>\n\t\t\t\t<div class=\"elementor-element elementor-element-9dfa099 elementor-view-default elementor-widget elementor-widget-icon\" data-id=\"9dfa099\" data-element_type=\"widget\" data-widget_type=\"icon.default\">\n\t\t\t\t<div class=\"elementor-widget-container\">\n\t\t\t\t\t\t\t<div class=\"elementor-icon-wrapper\">\n\t\t\t<div class=\"elementor-icon\">\n\t\t\t<i aria-hidden=\"true\" class=\"fas fa-circle\"><\/i>\t\t\t<\/div>\n\t\t<\/div>\n\t\t\t\t\t\t<\/div>\n\t\t\t\t<\/div>\n\t\t\t\t\t<\/div>\n\t\t<\/div>\n\t\t\t\t<div class=\"elementor-column elementor-col-33 elementor-top-column elementor-element elementor-element-211a9b71\" data-id=\"211a9b71\" data-element_type=\"column\">\n\t\t\t<div class=\"elementor-widget-wrap\">\n\t\t\t\t\t\t\t<\/div>\n\t\t<\/div>\n\t\t\t\t\t<\/div>\n\t\t<\/section>\n\t\t\t\t<section class=\"elementor-section elementor-top-section elementor-element elementor-element-482a0cc elementor-section-boxed elementor-section-height-default elementor-section-height-default\" data-id=\"482a0cc\" data-element_type=\"section\">\n\t\t\t\t\t\t<div class=\"elementor-container elementor-column-gap-default\">\n\t\t\t\t\t<div class=\"elementor-column elementor-col-100 elementor-top-column elementor-element elementor-element-8ba3176\" data-id=\"8ba3176\" data-element_type=\"column\">\n\t\t\t<div class=\"elementor-widget-wrap elementor-element-populated\">\n\t\t\t\t\t\t<div class=\"elementor-element elementor-element-8bec395 elementor-widget elementor-widget-heading\" data-id=\"8bec395\" data-element_type=\"widget\" data-settings=\"{&quot;_animation&quot;:&quot;none&quot;}\" data-widget_type=\"heading.default\">\n\t\t\t\t<div class=\"elementor-widget-container\">\n\t\t\t\t\t<h1 class=\"elementor-heading-title elementor-size-default\">Freitag, 19.11.2021, 10.00&nbsp;\u2013&nbsp;12.00&nbsp;Uhr<\/h1>\t\t\t\t<\/div>\n\t\t\t\t<\/div>\n\t\t\t\t<div class=\"elementor-element elementor-element-0824923 elementor-widget elementor-widget-heading\" data-id=\"0824923\" data-element_type=\"widget\" data-settings=\"{&quot;_animation&quot;:&quot;none&quot;}\" data-widget_type=\"heading.default\">\n\t\t\t\t<div class=\"elementor-widget-container\">\n\t\t\t\t\t<h2 class=\"elementor-heading-title elementor-size-default\">K\u00fcnstliche Intelligenz \u2013 M\u00e4rchen, Mythen, M\u00f6glichkeiten<\/h2>\t\t\t\t<\/div>\n\t\t\t\t<\/div>\n\t\t\t\t<div class=\"elementor-element elementor-element-4d2ed6c elementor-widget elementor-widget-text-editor\" data-id=\"4d2ed6c\" data-element_type=\"widget\" data-widget_type=\"text-editor.default\">\n\t\t\t\t<div class=\"elementor-widget-container\">\n\t\t\t\t\t\t\t\t\t<p style=\"font-weight: 400;\">Ausgehend von Kernfragen zur systematischen Erstellung intelligenter Systeme beleuchten wir in dieser Veranstaltung, welche Elemente intelligenter Systeme f\u00fcr sich genommen in Wirtschaft und Technik schon direkt eine Wertsch\u00f6pfung erm\u00f6glichen k\u00f6nnen, aber auch welche Grenzen die Technologie mit sich bringt. Und wir zeigen auf, welche Missverst\u00e4ndnisse bez\u00fcglich KI nach unserem Verst\u00e4ndnis eine effektive Nutzung der Technologie in Unternehmen derzeit noch bremsen.<\/p>\n<p style=\"\"><span style=\"font-weight: 400;\">Weitere <\/span><b>Details zur Veranstaltung<\/b> und <b>Anmeldung <\/b>unter:&nbsp;<a href=\"https:\/\/www.ihk-schleswig-holstein.de\/system\/veranstaltungssuche\/vst\/1393042?id=372005&amp;terminId=637343\" style=\"font-weight: 400;\">K\u00fcnstliche Intelligenz &#8211; M\u00e4rchen, Mythen, M\u00f6glichkeiten &#8211; IHK Schleswig-Holstein (ihk-schleswig-holstein.de)<\/a><\/p><p style=\"\">&nbsp; &nbsp;<\/p>\n<p><b>Ausrichter:<\/b> <br><a href=\"http:\/\/www.ihk-schleswig-holstein.de\/arbeitskreis-ki\" target=\"_blank\" rel=\"noopener\">IHK zu L\u00fcbeck, Arbeitskreis KI<\/a>, Ansprechpartner Dr. Hermsmeyer<br><a href=\"https:\/\/www.dfki.de\/web\/ueber-uns\/standorte-kontakt\/luebeck\" target=\"_blank\" rel=\"noopener\">DFKI Au\u00dfenstelle L\u00fcbeck<\/a>, Ansprechpartner Prof. M\u00f6ller<\/p>\t\t\t\t\t\t\t\t<\/div>\n\t\t\t\t<\/div>\n\t\t\t\t<div class=\"elementor-element elementor-element-07e76a0 elementor-widget elementor-widget-image\" data-id=\"07e76a0\" data-element_type=\"widget\" data-widget_type=\"image.default\">\n\t\t\t\t<div class=\"elementor-widget-container\">\n\t\t\t\t\t\t\t\t\t\t\t\t\t\t\t<img decoding=\"async\" width=\"500\" height=\"75\" src=\"https:\/\/woche-der-ki.de\/wp-content\/uploads\/2021\/10\/ihk-dfki.jpg\" class=\"attachment-full size-full wp-image-1744\" alt=\"\" srcset=\"https:\/\/woche-der-ki.de\/wp-content\/uploads\/2021\/10\/ihk-dfki.jpg 500w, https:\/\/woche-der-ki.de\/wp-content\/uploads\/2021\/10\/ihk-dfki-300x45.jpg 300w\" sizes=\"(max-width: 500px) 100vw, 500px\" \/>\t\t\t\t\t\t\t\t\t\t\t\t\t\t\t<\/div>\n\t\t\t\t<\/div>\n\t\t\t\t\t<\/div>\n\t\t<\/div>\n\t\t\t\t\t<\/div>\n\t\t<\/section>\n\t\t\t\t<\/div>\n\t\t","protected":false},"excerpt":{"rendered":"<p>Freitag, 19.11.2021, 10.00&nbsp;\u2013&nbsp;12.00&nbsp;Uhr K\u00fcnstliche Intelligenz \u2013 M\u00e4rchen, Mythen, M\u00f6glichkeiten Ausgehend von Kernfragen zur systematischen Erstellung intelligenter Systeme beleuchten wir in dieser Veranstaltung, welche Elemente intelligenter Systeme f\u00fcr sich genommen in Wirtschaft und Technik schon direkt eine Wertsch\u00f6pfung erm\u00f6glichen k\u00f6nnen, aber auch welche Grenzen die Technologie mit sich bringt. Und wir zeigen auf, welche Missverst\u00e4ndnisse bez\u00fcglich [&hellip;]<\/p>\n","protected":false},"author":2,"featured_media":0,"parent":0,"menu_order":0,"comment_status":"closed","ping_status":"closed","template":"","meta":{"footnotes":""},"class_list":["post-1743","page","type-page","status-publish","hentry"],"_links":{"self":[{"href":"https:\/\/woche-der-ki.de\/index.php\/wp-json\/wp\/v2\/pages\/1743","targetHints":{"allow":["GET"]}}],"collection":[{"href":"https:\/\/woche-der-ki.de\/index.php\/wp-json\/wp\/v2\/pages"}],"about":[{"href":"https:\/\/woche-der-ki.de\/index.php\/wp-json\/wp\/v2\/types\/page"}],"author":[{"embeddable":true,"href":"https:\/\/woche-der-ki.de\/index.php\/wp-json\/wp\/v2\/users\/2"}],"replies":[{"embeddable":true,"href":"https:\/\/woche-der-ki.de\/index.php\/wp-json\/wp\/v2\/comments?post=1743"}],"version-history":[{"count":10,"href":"https:\/\/woche-der-ki.de\/index.php\/wp-json\/wp\/v2\/pages\/1743\/revisions"}],"predecessor-version":[{"id":1771,"href":"https:\/\/woche-der-ki.de\/index.php\/wp-json\/wp\/v2\/pages\/1743\/revisions\/1771"}],"wp:attachment":[{"href":"https:\/\/woche-der-ki.de\/index.php\/wp-json\/wp\/v2\/media?parent=1743"}],"curies":[{"name":"wp","href":"https:\/\/api.w.org\/{rel}","templated":true}]}}