{"id":1827,"date":"2021-10-26T09:47:03","date_gmt":"2021-10-26T07:47:03","guid":{"rendered":"https:\/\/woche-der-ki.de\/?page_id=1827"},"modified":"2021-10-26T09:56:22","modified_gmt":"2021-10-26T07:56:22","slug":"eroeffnungsfeier-singularit-mit-vortrag-zu-data-science-ki-singularit","status":"publish","type":"page","link":"https:\/\/woche-der-ki.de\/index.php\/eroeffnungsfeier-singularit-mit-vortrag-zu-data-science-ki-singularit\/","title":{"rendered":"Er\u00f6ffnungsfeier singularIT mit Vortrag zu \u201eData Science &#038; KI @ singularIT\u201c"},"content":{"rendered":"\t\t<div data-elementor-type=\"wp-page\" data-elementor-id=\"1827\" class=\"elementor elementor-1827\" data-elementor-post-type=\"page\">\n\t\t\t\t\t\t<section class=\"elementor-section elementor-top-section elementor-element elementor-element-68871bd1 elementor-section-full_width elementor-section-height-default elementor-section-height-default\" data-id=\"68871bd1\" data-element_type=\"section\">\n\t\t\t\t\t\t<div class=\"elementor-container elementor-column-gap-default\">\n\t\t\t\t\t<div class=\"elementor-column elementor-col-33 elementor-top-column elementor-element elementor-element-6d7e1407\" data-id=\"6d7e1407\" data-element_type=\"column\">\n\t\t\t<div class=\"elementor-widget-wrap\">\n\t\t\t\t\t\t\t<\/div>\n\t\t<\/div>\n\t\t\t\t<div class=\"elementor-column elementor-col-33 elementor-top-column elementor-element elementor-element-4f9f2080\" data-id=\"4f9f2080\" data-element_type=\"column\">\n\t\t\t<div class=\"elementor-widget-wrap elementor-element-populated\">\n\t\t\t\t\t\t<div class=\"elementor-element elementor-element-4160840c elementor-widget__width-initial elementor-widget elementor-widget-spacer\" data-id=\"4160840c\" data-element_type=\"widget\" data-widget_type=\"spacer.default\">\n\t\t\t\t<div class=\"elementor-widget-container\">\n\t\t\t\t\t\t\t<div class=\"elementor-spacer\">\n\t\t\t<div class=\"elementor-spacer-inner\"><\/div>\n\t\t<\/div>\n\t\t\t\t\t\t<\/div>\n\t\t\t\t<\/div>\n\t\t\t\t<div class=\"elementor-element elementor-element-9dfa099 elementor-view-default elementor-widget elementor-widget-icon\" data-id=\"9dfa099\" data-element_type=\"widget\" data-widget_type=\"icon.default\">\n\t\t\t\t<div class=\"elementor-widget-container\">\n\t\t\t\t\t\t\t<div class=\"elementor-icon-wrapper\">\n\t\t\t<div class=\"elementor-icon\">\n\t\t\t<i aria-hidden=\"true\" class=\"fas fa-circle\"><\/i>\t\t\t<\/div>\n\t\t<\/div>\n\t\t\t\t\t\t<\/div>\n\t\t\t\t<\/div>\n\t\t\t\t\t<\/div>\n\t\t<\/div>\n\t\t\t\t<div class=\"elementor-column elementor-col-33 elementor-top-column elementor-element elementor-element-211a9b71\" data-id=\"211a9b71\" data-element_type=\"column\">\n\t\t\t<div class=\"elementor-widget-wrap\">\n\t\t\t\t\t\t\t<\/div>\n\t\t<\/div>\n\t\t\t\t\t<\/div>\n\t\t<\/section>\n\t\t\t\t<section class=\"elementor-section elementor-top-section elementor-element elementor-element-482a0cc elementor-section-boxed elementor-section-height-default elementor-section-height-default\" data-id=\"482a0cc\" data-element_type=\"section\">\n\t\t\t\t\t\t<div class=\"elementor-container elementor-column-gap-default\">\n\t\t\t\t\t<div class=\"elementor-column elementor-col-100 elementor-top-column elementor-element elementor-element-8ba3176\" data-id=\"8ba3176\" data-element_type=\"column\">\n\t\t\t<div class=\"elementor-widget-wrap elementor-element-populated\">\n\t\t\t\t\t\t<div class=\"elementor-element elementor-element-8bec395 elementor-widget elementor-widget-heading\" data-id=\"8bec395\" data-element_type=\"widget\" data-settings=\"{&quot;_animation&quot;:&quot;none&quot;}\" data-widget_type=\"heading.default\">\n\t\t\t\t<div class=\"elementor-widget-container\">\n\t\t\t\t\t<h1 class=\"elementor-heading-title elementor-size-default\">Donnerstag, 18.11.2021, 17.00&nbsp;\u2013&nbsp;19.00&nbsp;Uhr<\/h1>\t\t\t\t<\/div>\n\t\t\t\t<\/div>\n\t\t\t\t<div class=\"elementor-element elementor-element-0824923 elementor-widget elementor-widget-heading\" data-id=\"0824923\" data-element_type=\"widget\" data-settings=\"{&quot;_animation&quot;:&quot;none&quot;}\" data-widget_type=\"heading.default\">\n\t\t\t\t<div class=\"elementor-widget-container\">\n\t\t\t\t\t<h2 class=\"elementor-heading-title elementor-size-default\">Er\u00f6ffnungsfeier singular<font color=\"00DB90\">IT<\/font> mit Vortrag zu \u201eData Science & KI @ singular<font color=\"00DB90\">IT<\/font>\u201c<\/h2>\t\t\t\t<\/div>\n\t\t\t\t<\/div>\n\t\t\t\t<div class=\"elementor-element elementor-element-4d2ed6c elementor-widget elementor-widget-text-editor\" data-id=\"4d2ed6c\" data-element_type=\"widget\" data-widget_type=\"text-editor.default\">\n\t\t\t\t<div class=\"elementor-widget-container\">\n\t\t\t\t\t\t\t\t\t<p>\u00d6ffentliche Veranstaltung mit vorheriger <a href=\"https:\/\/www.surveymonkey.de\/r\/7ZPB7QJ\" target=\"_blank\" rel=\"noopener\"><b>Anmeldung<\/b><\/a><\/p><p>Ort: singularIT GmbH, K\u00f6nigstra\u00dfe 101, 2.OG, 23552 L\u00fcbeck<b><br \/>\u00a0\u00a0<\/b><\/p><p>Anl\u00e4sslich der Standort Er\u00f6ffnung der singularIT in der Hansestadt L\u00fcbeck und eingebettet in die Woche der KI, freuen wir uns \u00fcber einen interessanten Austausch mit Ihnen. F\u00fcr das leibliche Wohl wird mit H\u00e4ppchen und Getr\u00e4nken gesorgt sein. Es wird einen Vortrag zum zum Thema \u201eData Science &amp; KI @ singularIT\u201c geben. Dar\u00fcber hinaus besteht die M\u00f6glichkeit an einem kleinen Kickerturnier teilzunehmen.<\/p><p>Als Hygienekonzept gilt bei uns die 3G Regel. Da wir aufgrund der R\u00e4umlichkeiten nur begrenzt viele Personen aufnehmen k\u00f6nnen, bitten wir um vorherige <b>Anmeldung <\/b>unter <a href=\"https:\/\/www.surveymonkey.de\/r\/7ZPB7QJ\" target=\"_blank\" rel=\"noopener\">https:\/\/www.surveymonkey.de\/r\/7ZPB7QJ<\/a>. Wir werden dann vorab nochmal die Teilnahme best\u00e4tigen.<\/p><p>\u00a0<\/p>\t\t\t\t\t\t\t\t<\/div>\n\t\t\t\t<\/div>\n\t\t\t\t<div class=\"elementor-element elementor-element-07e76a0 elementor-widget elementor-widget-image\" data-id=\"07e76a0\" data-element_type=\"widget\" data-widget_type=\"image.default\">\n\t\t\t\t<div class=\"elementor-widget-container\">\n\t\t\t\t\t\t\t\t\t\t\t\t\t\t\t<img decoding=\"async\" width=\"401\" height=\"78\" src=\"https:\/\/woche-der-ki.de\/wp-content\/uploads\/2021\/10\/singular-it.png\" class=\"attachment-full size-full wp-image-1829\" alt=\"\" srcset=\"https:\/\/woche-der-ki.de\/wp-content\/uploads\/2021\/10\/singular-it.png 401w, https:\/\/woche-der-ki.de\/wp-content\/uploads\/2021\/10\/singular-it-300x58.png 300w\" sizes=\"(max-width: 401px) 100vw, 401px\" \/>\t\t\t\t\t\t\t\t\t\t\t\t\t\t\t<\/div>\n\t\t\t\t<\/div>\n\t\t\t\t<div class=\"elementor-element elementor-element-b58905f elementor-widget elementor-widget-text-editor\" data-id=\"b58905f\" data-element_type=\"widget\" data-widget_type=\"text-editor.default\">\n\t\t\t\t<div class=\"elementor-widget-container\">\n\t\t\t\t\t\t\t\t\t<p><b>\u00a0<\/b><\/p><p><b>Kontakt:\u00a0<\/b><\/p><p>singularIT GmbH, Ansprechpartner Mattis Hartwig (<a href=\"mailto:mattis.hartwig@singular-it.de\" target=\"_blank\" rel=\"noopener\">mattis.hartwig@singular-it.de<\/a>)<\/p>\t\t\t\t\t\t\t\t<\/div>\n\t\t\t\t<\/div>\n\t\t\t\t\t<\/div>\n\t\t<\/div>\n\t\t\t\t\t<\/div>\n\t\t<\/section>\n\t\t\t\t<\/div>\n\t\t","protected":false},"excerpt":{"rendered":"<p>Donnerstag, 18.11.2021, 17.00&nbsp;\u2013&nbsp;19.00&nbsp;Uhr Er\u00f6ffnungsfeier singularIT mit Vortrag zu \u201eData Science &#038; KI @ singularIT\u201c \u00d6ffentliche Veranstaltung mit vorheriger Anmeldung Ort: singularIT GmbH, K\u00f6nigstra\u00dfe 101, 2.OG, 23552 L\u00fcbeck\u00a0\u00a0 Anl\u00e4sslich der Standort Er\u00f6ffnung der singularIT in der Hansestadt L\u00fcbeck und eingebettet in die Woche der KI, freuen wir uns \u00fcber einen interessanten Austausch mit Ihnen. F\u00fcr das [&hellip;]<\/p>\n","protected":false},"author":2,"featured_media":0,"parent":0,"menu_order":0,"comment_status":"closed","ping_status":"closed","template":"","meta":{"footnotes":""},"class_list":["post-1827","page","type-page","status-publish","hentry"],"_links":{"self":[{"href":"https:\/\/woche-der-ki.de\/index.php\/wp-json\/wp\/v2\/pages\/1827","targetHints":{"allow":["GET"]}}],"collection":[{"href":"https:\/\/woche-der-ki.de\/index.php\/wp-json\/wp\/v2\/pages"}],"about":[{"href":"https:\/\/woche-der-ki.de\/index.php\/wp-json\/wp\/v2\/types\/page"}],"author":[{"embeddable":true,"href":"https:\/\/woche-der-ki.de\/index.php\/wp-json\/wp\/v2\/users\/2"}],"replies":[{"embeddable":true,"href":"https:\/\/woche-der-ki.de\/index.php\/wp-json\/wp\/v2\/comments?post=1827"}],"version-history":[{"count":7,"href":"https:\/\/woche-der-ki.de\/index.php\/wp-json\/wp\/v2\/pages\/1827\/revisions"}],"predecessor-version":[{"id":1838,"href":"https:\/\/woche-der-ki.de\/index.php\/wp-json\/wp\/v2\/pages\/1827\/revisions\/1838"}],"wp:attachment":[{"href":"https:\/\/woche-der-ki.de\/index.php\/wp-json\/wp\/v2\/media?parent=1827"}],"curies":[{"name":"wp","href":"https:\/\/api.w.org\/{rel}","templated":true}]}}