{"id":1915,"date":"2021-10-27T13:16:36","date_gmt":"2021-10-27T11:16:36","guid":{"rendered":"https:\/\/woche-der-ki.de\/?page_id=1915"},"modified":"2021-11-16T19:20:00","modified_gmt":"2021-11-16T18:20:00","slug":"gateway49-ki-startups-von-der-idee-zum-unternehmen","status":"publish","type":"page","link":"https:\/\/woche-der-ki.de\/index.php\/gateway49-ki-startups-von-der-idee-zum-unternehmen\/","title":{"rendered":"GATEWAY49: KI STARTUPS &#8211; VON DER IDEE ZUM UNTERNEHMEN"},"content":{"rendered":"\t\t<div data-elementor-type=\"wp-page\" data-elementor-id=\"1915\" class=\"elementor elementor-1915\" data-elementor-post-type=\"page\">\n\t\t\t\t\t\t<section class=\"elementor-section elementor-top-section elementor-element elementor-element-68871bd1 elementor-section-full_width elementor-section-height-default elementor-section-height-default\" data-id=\"68871bd1\" data-element_type=\"section\">\n\t\t\t\t\t\t<div class=\"elementor-container elementor-column-gap-default\">\n\t\t\t\t\t<div class=\"elementor-column elementor-col-33 elementor-top-column elementor-element elementor-element-6d7e1407\" data-id=\"6d7e1407\" data-element_type=\"column\">\n\t\t\t<div class=\"elementor-widget-wrap\">\n\t\t\t\t\t\t\t<\/div>\n\t\t<\/div>\n\t\t\t\t<div class=\"elementor-column elementor-col-33 elementor-top-column elementor-element elementor-element-4f9f2080\" data-id=\"4f9f2080\" data-element_type=\"column\">\n\t\t\t<div class=\"elementor-widget-wrap elementor-element-populated\">\n\t\t\t\t\t\t<div class=\"elementor-element elementor-element-4160840c elementor-widget__width-initial elementor-widget elementor-widget-spacer\" data-id=\"4160840c\" data-element_type=\"widget\" data-widget_type=\"spacer.default\">\n\t\t\t\t<div class=\"elementor-widget-container\">\n\t\t\t\t\t\t\t<div class=\"elementor-spacer\">\n\t\t\t<div class=\"elementor-spacer-inner\"><\/div>\n\t\t<\/div>\n\t\t\t\t\t\t<\/div>\n\t\t\t\t<\/div>\n\t\t\t\t<div class=\"elementor-element elementor-element-9dfa099 elementor-view-default elementor-widget elementor-widget-icon\" data-id=\"9dfa099\" data-element_type=\"widget\" data-widget_type=\"icon.default\">\n\t\t\t\t<div class=\"elementor-widget-container\">\n\t\t\t\t\t\t\t<div class=\"elementor-icon-wrapper\">\n\t\t\t<div class=\"elementor-icon\">\n\t\t\t<i aria-hidden=\"true\" class=\"fas fa-circle\"><\/i>\t\t\t<\/div>\n\t\t<\/div>\n\t\t\t\t\t\t<\/div>\n\t\t\t\t<\/div>\n\t\t\t\t\t<\/div>\n\t\t<\/div>\n\t\t\t\t<div class=\"elementor-column elementor-col-33 elementor-top-column elementor-element elementor-element-211a9b71\" data-id=\"211a9b71\" data-element_type=\"column\">\n\t\t\t<div class=\"elementor-widget-wrap\">\n\t\t\t\t\t\t\t<\/div>\n\t\t<\/div>\n\t\t\t\t\t<\/div>\n\t\t<\/section>\n\t\t\t\t<section class=\"elementor-section elementor-top-section elementor-element elementor-element-482a0cc elementor-section-boxed elementor-section-height-default elementor-section-height-default\" data-id=\"482a0cc\" data-element_type=\"section\">\n\t\t\t\t\t\t<div class=\"elementor-container elementor-column-gap-default\">\n\t\t\t\t\t<div class=\"elementor-column elementor-col-100 elementor-top-column elementor-element elementor-element-8ba3176\" data-id=\"8ba3176\" data-element_type=\"column\">\n\t\t\t<div class=\"elementor-widget-wrap elementor-element-populated\">\n\t\t\t\t\t\t<div class=\"elementor-element elementor-element-8bec395 elementor-widget elementor-widget-heading\" data-id=\"8bec395\" data-element_type=\"widget\" data-settings=\"{&quot;_animation&quot;:&quot;none&quot;}\" data-widget_type=\"heading.default\">\n\t\t\t\t<div class=\"elementor-widget-container\">\n\t\t\t\t\t<h1 class=\"elementor-heading-title elementor-size-default\">Freitag, 19.11.2021, 14.00&nbsp;\u2013&nbsp;15.30&nbsp;Uhr<\/h1>\t\t\t\t<\/div>\n\t\t\t\t<\/div>\n\t\t\t\t<div class=\"elementor-element elementor-element-0824923 elementor-widget elementor-widget-heading\" data-id=\"0824923\" data-element_type=\"widget\" data-settings=\"{&quot;_animation&quot;:&quot;none&quot;}\" data-widget_type=\"heading.default\">\n\t\t\t\t<div class=\"elementor-widget-container\">\n\t\t\t\t\t<h2 class=\"elementor-heading-title elementor-size-default\">GATEWAY49: KI STARTUPS - VON DER IDEE ZUM UNTERNEHMEN<\/h2>\t\t\t\t<\/div>\n\t\t\t\t<\/div>\n\t\t\t\t<div class=\"elementor-element elementor-element-4d2ed6c elementor-widget elementor-widget-text-editor\" data-id=\"4d2ed6c\" data-element_type=\"widget\" data-widget_type=\"text-editor.default\">\n\t\t\t\t<div class=\"elementor-widget-container\">\n\t\t\t\t\t\t\t\t\t<p>\u00d6ffentliche Hybrid-Veranstaltung (bei Online-Teilnahme mit vorheriger <b><a href=\"https:\/\/forms.office.com\/r\/j67119nYn0\" target=\"_blank\" rel=\"noopener\">Anmeldung<\/a><\/b>bei Pr\u00e4senzteilnahme mit <b>2G-Regel)<\/b><\/p>\n<p>Ort: GATEWAY49 StartUp Hub (MFC VIII) &#8211; Maria-Goeppert-Stra\u00dfe 9a, 23562 L\u00fcbeck oder online \u00fcber MS Teams<b><br>&nbsp;&nbsp;<\/b><\/p>\n<p>Beim GATEWAY49-Accelerator erwartet Dich ein strukturiertes 9-monatiges Workshop- und Trainingsprogramm mit dem Ziel, Euer KI-StartUp m\u00f6glichst nah an die Marktreife heranzuf\u00fchren. Wer also mit dem Gedanken spielt, ein Unternehmen zu gr\u00fcnden oder sein StartUp voranzubringen, ist hier richtig. Zu unseren Coaches und Mentoren z\u00e4hlen namhafte Unternehmer\/innen aus der Region und nat\u00fcrlich auch die L\u00fcbecker Hochschulen, die Euch zur Seite stehen.<\/p>\n<p>Unsere Teams erhalten bis zu 30.000 Euro finanzielle Unterst\u00fctzung und das Beste: Sie m\u00fcssen keine Anteile abgeben. In diesem Workshop zeigen wir Dir, wie GATEWAY49 Dein KI-StartUp unterst\u00fctzen wird, um schnell am Markt erfolgreich zu sein. Lerne auch eines unserer KI-StartUps kennen und profitiere von den Erfahrungen der Gr\u00fcnder. Let\u00b4s KI-CK it!&nbsp;<\/p>\n<p>Die Veranstaltung findet hybrid statt. Komm gerne vorbei (2G-Regel und Maskenpflicht &#8211; ohne Anmeldung) oder schalte Dich online per MS Teams dazu (mit <a href=\"https:\/\/forms.office.com\/r\/j67119nYn0\" target=\"_blank\" rel=\"noopener\">Anmeldung<\/a>).<\/p>\t\t\t\t\t\t\t\t<\/div>\n\t\t\t\t<\/div>\n\t\t\t\t<div class=\"elementor-element elementor-element-07e76a0 elementor-widget elementor-widget-image\" data-id=\"07e76a0\" data-element_type=\"widget\" data-widget_type=\"image.default\">\n\t\t\t\t<div class=\"elementor-widget-container\">\n\t\t\t\t\t\t\t\t\t\t\t\t\t\t\t<img fetchpriority=\"high\" decoding=\"async\" width=\"225\" height=\"225\" src=\"https:\/\/woche-der-ki.de\/wp-content\/uploads\/2021\/10\/GW49_Logo.png\" class=\"attachment-full size-full wp-image-1917\" alt=\"\" srcset=\"https:\/\/woche-der-ki.de\/wp-content\/uploads\/2021\/10\/GW49_Logo.png 225w, https:\/\/woche-der-ki.de\/wp-content\/uploads\/2021\/10\/GW49_Logo-150x150.png 150w\" sizes=\"(max-width: 225px) 100vw, 225px\" \/>\t\t\t\t\t\t\t\t\t\t\t\t\t\t\t<\/div>\n\t\t\t\t<\/div>\n\t\t\t\t<div class=\"elementor-element elementor-element-b58905f elementor-widget elementor-widget-text-editor\" data-id=\"b58905f\" data-element_type=\"widget\" data-widget_type=\"text-editor.default\">\n\t\t\t\t<div class=\"elementor-widget-container\">\n\t\t\t\t\t\t\t\t\t<p><b>\u00a0<\/b><\/p><p><b>Ausrichter:\u00a0<\/b><\/p><p>GATEWAY49<\/p>\t\t\t\t\t\t\t\t<\/div>\n\t\t\t\t<\/div>\n\t\t\t\t\t<\/div>\n\t\t<\/div>\n\t\t\t\t\t<\/div>\n\t\t<\/section>\n\t\t\t\t<\/div>\n\t\t","protected":false},"excerpt":{"rendered":"<p>Freitag, 19.11.2021, 14.00&nbsp;\u2013&nbsp;15.30&nbsp;Uhr GATEWAY49: KI STARTUPS &#8211; VON DER IDEE ZUM UNTERNEHMEN \u00d6ffentliche Hybrid-Veranstaltung (bei Online-Teilnahme mit vorheriger Anmeldungbei Pr\u00e4senzteilnahme mit 2G-Regel) Ort: GATEWAY49 StartUp Hub (MFC VIII) &#8211; Maria-Goeppert-Stra\u00dfe 9a, 23562 L\u00fcbeck oder online \u00fcber MS Teams&nbsp;&nbsp; Beim GATEWAY49-Accelerator erwartet Dich ein strukturiertes 9-monatiges Workshop- und Trainingsprogramm mit dem Ziel, Euer KI-StartUp m\u00f6glichst nah [&hellip;]<\/p>\n","protected":false},"author":2,"featured_media":0,"parent":0,"menu_order":0,"comment_status":"closed","ping_status":"closed","template":"","meta":{"footnotes":""},"class_list":["post-1915","page","type-page","status-publish","hentry"],"_links":{"self":[{"href":"https:\/\/woche-der-ki.de\/index.php\/wp-json\/wp\/v2\/pages\/1915","targetHints":{"allow":["GET"]}}],"collection":[{"href":"https:\/\/woche-der-ki.de\/index.php\/wp-json\/wp\/v2\/pages"}],"about":[{"href":"https:\/\/woche-der-ki.de\/index.php\/wp-json\/wp\/v2\/types\/page"}],"author":[{"embeddable":true,"href":"https:\/\/woche-der-ki.de\/index.php\/wp-json\/wp\/v2\/users\/2"}],"replies":[{"embeddable":true,"href":"https:\/\/woche-der-ki.de\/index.php\/wp-json\/wp\/v2\/comments?post=1915"}],"version-history":[{"count":10,"href":"https:\/\/woche-der-ki.de\/index.php\/wp-json\/wp\/v2\/pages\/1915\/revisions"}],"predecessor-version":[{"id":2232,"href":"https:\/\/woche-der-ki.de\/index.php\/wp-json\/wp\/v2\/pages\/1915\/revisions\/2232"}],"wp:attachment":[{"href":"https:\/\/woche-der-ki.de\/index.php\/wp-json\/wp\/v2\/media?parent=1915"}],"curies":[{"name":"wp","href":"https:\/\/api.w.org\/{rel}","templated":true}]}}