{"id":1953,"date":"2021-11-01T10:09:18","date_gmt":"2021-11-01T09:09:18","guid":{"rendered":"https:\/\/woche-der-ki.de\/?page_id=1953"},"modified":"2021-11-01T11:09:44","modified_gmt":"2021-11-01T10:09:44","slug":"edge-ai-next-generation-artificial-intelligence","status":"publish","type":"page","link":"https:\/\/woche-der-ki.de\/index.php\/edge-ai-next-generation-artificial-intelligence\/","title":{"rendered":"Edge AI &#8211; next generation artificial intelligence &#8211; oder kann K\u00fcnstliche Intelligenz Kaffee und Whiskey am Geruch unterscheiden?"},"content":{"rendered":"\t\t<div data-elementor-type=\"wp-page\" data-elementor-id=\"1953\" class=\"elementor elementor-1953\" data-elementor-post-type=\"page\">\n\t\t\t\t\t\t<section class=\"elementor-section elementor-top-section elementor-element elementor-element-68871bd1 elementor-section-full_width elementor-section-height-default elementor-section-height-default\" data-id=\"68871bd1\" data-element_type=\"section\">\n\t\t\t\t\t\t<div class=\"elementor-container elementor-column-gap-default\">\n\t\t\t\t\t<div class=\"elementor-column elementor-col-33 elementor-top-column elementor-element elementor-element-6d7e1407\" data-id=\"6d7e1407\" data-element_type=\"column\">\n\t\t\t<div class=\"elementor-widget-wrap\">\n\t\t\t\t\t\t\t<\/div>\n\t\t<\/div>\n\t\t\t\t<div class=\"elementor-column elementor-col-33 elementor-top-column elementor-element elementor-element-4f9f2080\" data-id=\"4f9f2080\" data-element_type=\"column\">\n\t\t\t<div class=\"elementor-widget-wrap elementor-element-populated\">\n\t\t\t\t\t\t<div class=\"elementor-element elementor-element-4160840c elementor-widget__width-initial elementor-widget elementor-widget-spacer\" data-id=\"4160840c\" data-element_type=\"widget\" data-widget_type=\"spacer.default\">\n\t\t\t\t<div class=\"elementor-widget-container\">\n\t\t\t\t\t\t\t<div class=\"elementor-spacer\">\n\t\t\t<div class=\"elementor-spacer-inner\"><\/div>\n\t\t<\/div>\n\t\t\t\t\t\t<\/div>\n\t\t\t\t<\/div>\n\t\t\t\t<div class=\"elementor-element elementor-element-9dfa099 elementor-view-default elementor-widget elementor-widget-icon\" data-id=\"9dfa099\" data-element_type=\"widget\" data-widget_type=\"icon.default\">\n\t\t\t\t<div class=\"elementor-widget-container\">\n\t\t\t\t\t\t\t<div class=\"elementor-icon-wrapper\">\n\t\t\t<div class=\"elementor-icon\">\n\t\t\t<i aria-hidden=\"true\" class=\"fas fa-circle\"><\/i>\t\t\t<\/div>\n\t\t<\/div>\n\t\t\t\t\t\t<\/div>\n\t\t\t\t<\/div>\n\t\t\t\t\t<\/div>\n\t\t<\/div>\n\t\t\t\t<div class=\"elementor-column elementor-col-33 elementor-top-column elementor-element elementor-element-211a9b71\" data-id=\"211a9b71\" data-element_type=\"column\">\n\t\t\t<div class=\"elementor-widget-wrap\">\n\t\t\t\t\t\t\t<\/div>\n\t\t<\/div>\n\t\t\t\t\t<\/div>\n\t\t<\/section>\n\t\t\t\t<section class=\"elementor-section elementor-top-section elementor-element elementor-element-482a0cc elementor-section-boxed elementor-section-height-default elementor-section-height-default\" data-id=\"482a0cc\" data-element_type=\"section\">\n\t\t\t\t\t\t<div class=\"elementor-container elementor-column-gap-default\">\n\t\t\t\t\t<div class=\"elementor-column elementor-col-100 elementor-top-column elementor-element elementor-element-8ba3176\" data-id=\"8ba3176\" data-element_type=\"column\">\n\t\t\t<div class=\"elementor-widget-wrap elementor-element-populated\">\n\t\t\t\t\t\t<div class=\"elementor-element elementor-element-8bec395 elementor-widget elementor-widget-heading\" data-id=\"8bec395\" data-element_type=\"widget\" data-settings=\"{&quot;_animation&quot;:&quot;none&quot;}\" data-widget_type=\"heading.default\">\n\t\t\t\t<div class=\"elementor-widget-container\">\n\t\t\t\t\t<h1 class=\"elementor-heading-title elementor-size-default\"><span data-elementor-setting-key=\"title\" data-pen-placeholder=\"Eingabe hier...\" style=\"font-family: var( --e-global-typography-secondary-font-family ), Sans-serif; font-weight: var( --e-global-typography-secondary-font-weight ); line-height: var( --e-global-typography-secondary-line-height ); font-size: var( --e-global-typography-secondary-font-size );\">Montag, 15.11.2021, 17.00&nbsp;\u2013&nbsp;18.30&nbsp;Uhr<\/span><\/h1>\t\t\t\t<\/div>\n\t\t\t\t<\/div>\n\t\t\t\t<div class=\"elementor-element elementor-element-0824923 elementor-widget elementor-widget-heading\" data-id=\"0824923\" data-element_type=\"widget\" data-settings=\"{&quot;_animation&quot;:&quot;none&quot;}\" data-widget_type=\"heading.default\">\n\t\t\t\t<div class=\"elementor-widget-container\">\n\t\t\t\t\t<h2 class=\"elementor-heading-title elementor-size-default\">Edge AI - next generation artificial intelligence - oder kann K\u00fcnstliche Intelligenz Kaffee und Whiskey am Geruch unterscheiden?<\/h2>\t\t\t\t<\/div>\n\t\t\t\t<\/div>\n\t\t\t\t<div class=\"elementor-element elementor-element-74fc523 elementor-widget elementor-widget-text-editor\" data-id=\"74fc523\" data-element_type=\"widget\" data-widget_type=\"text-editor.default\">\n\t\t\t\t<div class=\"elementor-widget-container\">\n\t\t\t\t\t\t\t\t\t<p>\u00d6ffentliche Veranstaltung\u00a0 mit <strong><a href=\"https:\/\/eveeno.com\/edge-ai-alliance\" target=\"_blank\" rel=\"noopener\">Anmeldung<\/a><\/strong>\/ Ort:\u00a0<span style=\"font-family: var( --e-global-typography-text-font-family ), Sans-serif; font-size: var( --e-global-typography-text-font-size ); font-weight: var( --e-global-typography-text-font-weight );\">Gateway 49, Maria-Goeppert-Stra\u00dfe 9a<\/span><span style=\"font-family: var( --e-global-typography-text-font-family ), Sans-serif; font-size: var( --e-global-typography-text-font-size ); font-weight: var( --e-global-typography-text-font-weight );\">\u00a0 <\/span><span style=\"font-family: var( --e-global-typography-text-font-family ), Sans-serif; font-size: var( --e-global-typography-text-font-size ); font-weight: var( --e-global-typography-text-font-weight );\">, 23562 L\u00fcbeck<\/span><\/p><p class=\"MsoNormal\">\u00a0<\/p>\t\t\t\t\t\t\t\t<\/div>\n\t\t\t\t<\/div>\n\t\t\t\t<div class=\"elementor-element elementor-element-4d2ed6c elementor-widget elementor-widget-text-editor\" data-id=\"4d2ed6c\" data-element_type=\"widget\" data-widget_type=\"text-editor.default\">\n\t\t\t\t<div class=\"elementor-widget-container\">\n\t\t\t\t\t\t\t\t\t<p><strong>Was?<\/strong><\/p><p>Bei hochskalierenden Business Cases in Kombination mit K\u00fcnstlicher Intelligenz sind die Kosten f\u00fcr Cloudkapazit\u00e4ten, Daten\u00fcbertragung schnell ein entscheidender Kostenfaktor. Mit \u201eEdge AI\u201c fangen Sensoren und Endger\u00e4te an, die Auswertung direkt auf dem Ger\u00e4t zu \u00fcbernehmen und bieten so Unternehmen aus unterschiedlichen Bereichen vielf\u00e4ltige neue Anwendungen, die vorher technisch so nicht m\u00f6glich waren.<\/p><p>Bei der Veranstaltung erfahrt ihr, was Edge AI ist und welche Chancen und Potenziale die neue Technologie f\u00fcr Unternehmen in der Praxis bietet. Anhand von praktischen Beispielen wird u.a. demonstriert, ob K\u00fcnstliche Intelligenz Kaffee den Unterschied zwischen Kaffee und Whiskey riechen kann und welche weiteren Anwendungen heute schon damit m\u00f6glich sind. Prof. Horst Hellbr\u00fcck vom CoSA Institut der Technischen Hochschule L\u00fcbeck erkl\u00e4rt den technischen Hintergrund und anschlie\u00dfend werden wir uns \u00fcber die weitere Vorgehensweise abstimmen und es wird einen Ausblick f\u00fcr die Zukunft geben.\u00a0<\/p><p><strong>Wie?<\/strong><\/p><p><u>Agenda<\/u><\/p><ul><li>Edge AI in der Praxis<\/li><li>Grundlagen Edge AI<\/li><li>Networking und Ideensprint<\/li><li>Weitere Vorgehensweise Edge AI Alliance<\/li><\/ul><p>Umrahmt von verschiedenen <strong>Craft beers<\/strong> (nein, nicht Whiskey) treffen wir uns in chilliger Atmosph\u00e4re, tauschen uns aus und gestalten Ideen f\u00fcr die Zukunft.\u00a0<\/p><p><strong>F\u00fcr wen?<\/strong><\/p><ul><li>Unternehmer*innen<\/li><li>Interessierte Nerds und technische Laien<\/li><li>Neugierige Craftbeergenie\u00dfer*innen\u00a0\u00a0<\/li><\/ul>\t\t\t\t\t\t\t\t<\/div>\n\t\t\t\t<\/div>\n\t\t\t\t<div class=\"elementor-element elementor-element-96ac2b4 elementor-widget elementor-widget-image\" data-id=\"96ac2b4\" data-element_type=\"widget\" data-widget_type=\"image.default\">\n\t\t\t\t<div class=\"elementor-widget-container\">\n\t\t\t\t\t\t\t\t\t\t\t\t\t\t\t<img fetchpriority=\"high\" decoding=\"async\" width=\"1584\" height=\"396\" src=\"https:\/\/woche-der-ki.de\/wp-content\/uploads\/2021\/11\/edge-ai.png\" class=\"attachment-full size-full wp-image-1955\" alt=\"Edge AI - next generation artificial intelligence - oder kann K\u00fcnstliche Intelligenz Kaffee und Whiskey am Geruch unterscheiden?\" srcset=\"https:\/\/woche-der-ki.de\/wp-content\/uploads\/2021\/11\/edge-ai.png 1584w, https:\/\/woche-der-ki.de\/wp-content\/uploads\/2021\/11\/edge-ai-300x75.png 300w, https:\/\/woche-der-ki.de\/wp-content\/uploads\/2021\/11\/edge-ai-1024x256.png 1024w, https:\/\/woche-der-ki.de\/wp-content\/uploads\/2021\/11\/edge-ai-768x192.png 768w, https:\/\/woche-der-ki.de\/wp-content\/uploads\/2021\/11\/edge-ai-1536x384.png 1536w\" sizes=\"(max-width: 1584px) 100vw, 1584px\" \/>\t\t\t\t\t\t\t\t\t\t\t\t\t\t\t<\/div>\n\t\t\t\t<\/div>\n\t\t\t\t<div class=\"elementor-element elementor-element-d763186 elementor-widget elementor-widget-text-editor\" data-id=\"d763186\" data-element_type=\"widget\" data-widget_type=\"text-editor.default\">\n\t\t\t\t<div class=\"elementor-widget-container\">\n\t\t\t\t\t\t\t\t\t<p><strong>WER?<\/strong><\/p>\n<p>Die<strong>&nbsp;EDGE AI ALLIANCE<\/strong>&nbsp;ist ein noch loses Netzwerk aus Unternehmen, Technische Hochschule L\u00fcbeck, CoSA Institut, Universit\u00e4t zu L\u00fcbeck, Institut f\u00fcr Telematik, Hanse Innovation Campus, Gr\u00fcndercube, KI Transfer Hub und Gateway 49.<\/p>\n<p>Die Anzahl der Teilnehmer*innen ist auf 20 begrenzt.<\/p>\n<p>Die Veranstaltung ist&nbsp;<strong>KOSTENFREI<\/strong>. Eine&nbsp;<strong><a href=\"https:\/\/eveeno.com\/edge-ai-alliance\" target=\"_blank\" rel=\"noopener\">ANMELDUNG&nbsp;<\/a><\/strong>ist erforderlich.<\/p>\n<p>Es gilt die 3G Regeln.<br>&nbsp; &nbsp;<\/p>\t\t\t\t\t\t\t\t<\/div>\n\t\t\t\t<\/div>\n\t\t\t\t\t<\/div>\n\t\t<\/div>\n\t\t\t\t\t<\/div>\n\t\t<\/section>\n\t\t\t\t<\/div>\n\t\t","protected":false},"excerpt":{"rendered":"<p>Montag, 15.11.2021, 17.00&nbsp;\u2013&nbsp;18.30&nbsp;Uhr Edge AI &#8211; next generation artificial intelligence &#8211; oder kann K\u00fcnstliche Intelligenz Kaffee und Whiskey am Geruch unterscheiden? \u00d6ffentliche Veranstaltung\u00a0 mit Anmeldung\/ Ort:\u00a0Gateway 49, Maria-Goeppert-Stra\u00dfe 9a\u00a0 , 23562 L\u00fcbeck \u00a0 Was? Bei hochskalierenden Business Cases in Kombination mit K\u00fcnstlicher Intelligenz sind die Kosten f\u00fcr Cloudkapazit\u00e4ten, Daten\u00fcbertragung schnell ein entscheidender Kostenfaktor. Mit \u201eEdge [&hellip;]<\/p>\n","protected":false},"author":2,"featured_media":0,"parent":0,"menu_order":0,"comment_status":"closed","ping_status":"closed","template":"","meta":{"footnotes":""},"class_list":["post-1953","page","type-page","status-publish","hentry"],"_links":{"self":[{"href":"https:\/\/woche-der-ki.de\/index.php\/wp-json\/wp\/v2\/pages\/1953","targetHints":{"allow":["GET"]}}],"collection":[{"href":"https:\/\/woche-der-ki.de\/index.php\/wp-json\/wp\/v2\/pages"}],"about":[{"href":"https:\/\/woche-der-ki.de\/index.php\/wp-json\/wp\/v2\/types\/page"}],"author":[{"embeddable":true,"href":"https:\/\/woche-der-ki.de\/index.php\/wp-json\/wp\/v2\/users\/2"}],"replies":[{"embeddable":true,"href":"https:\/\/woche-der-ki.de\/index.php\/wp-json\/wp\/v2\/comments?post=1953"}],"version-history":[{"count":16,"href":"https:\/\/woche-der-ki.de\/index.php\/wp-json\/wp\/v2\/pages\/1953\/revisions"}],"predecessor-version":[{"id":1983,"href":"https:\/\/woche-der-ki.de\/index.php\/wp-json\/wp\/v2\/pages\/1953\/revisions\/1983"}],"wp:attachment":[{"href":"https:\/\/woche-der-ki.de\/index.php\/wp-json\/wp\/v2\/media?parent=1953"}],"curies":[{"name":"wp","href":"https:\/\/api.w.org\/{rel}","templated":true}]}}