{"id":2017,"date":"2021-11-02T11:16:24","date_gmt":"2021-11-02T10:16:24","guid":{"rendered":"https:\/\/woche-der-ki.de\/?page_id=2017"},"modified":"2021-11-02T11:23:44","modified_gmt":"2021-11-02T10:23:44","slug":"ki-transfer-hub-sh-online-workshop-ki-potenziale-im-eigenen-unternehmen-erkennen","status":"publish","type":"page","link":"https:\/\/woche-der-ki.de\/index.php\/ki-transfer-hub-sh-online-workshop-ki-potenziale-im-eigenen-unternehmen-erkennen\/","title":{"rendered":"KI-Transfer-Hub SH: Online-Workshop &#8211; KI-Potenziale im eigenen Unternehmen erkennen"},"content":{"rendered":"\t\t<div data-elementor-type=\"wp-page\" data-elementor-id=\"2017\" class=\"elementor elementor-2017\" data-elementor-post-type=\"page\">\n\t\t\t\t\t\t<section class=\"elementor-section elementor-top-section elementor-element elementor-element-68871bd1 elementor-section-full_width elementor-section-height-default elementor-section-height-default\" data-id=\"68871bd1\" data-element_type=\"section\">\n\t\t\t\t\t\t<div class=\"elementor-container elementor-column-gap-default\">\n\t\t\t\t\t<div class=\"elementor-column elementor-col-33 elementor-top-column elementor-element elementor-element-6d7e1407\" data-id=\"6d7e1407\" data-element_type=\"column\">\n\t\t\t<div class=\"elementor-widget-wrap\">\n\t\t\t\t\t\t\t<\/div>\n\t\t<\/div>\n\t\t\t\t<div class=\"elementor-column elementor-col-33 elementor-top-column elementor-element elementor-element-4f9f2080\" data-id=\"4f9f2080\" data-element_type=\"column\">\n\t\t\t<div class=\"elementor-widget-wrap elementor-element-populated\">\n\t\t\t\t\t\t<div class=\"elementor-element elementor-element-4160840c elementor-widget__width-initial elementor-widget elementor-widget-spacer\" data-id=\"4160840c\" data-element_type=\"widget\" data-widget_type=\"spacer.default\">\n\t\t\t\t<div class=\"elementor-widget-container\">\n\t\t\t\t\t\t\t<div class=\"elementor-spacer\">\n\t\t\t<div class=\"elementor-spacer-inner\"><\/div>\n\t\t<\/div>\n\t\t\t\t\t\t<\/div>\n\t\t\t\t<\/div>\n\t\t\t\t<div class=\"elementor-element elementor-element-9dfa099 elementor-view-default elementor-widget elementor-widget-icon\" data-id=\"9dfa099\" data-element_type=\"widget\" data-widget_type=\"icon.default\">\n\t\t\t\t<div class=\"elementor-widget-container\">\n\t\t\t\t\t\t\t<div class=\"elementor-icon-wrapper\">\n\t\t\t<div class=\"elementor-icon\">\n\t\t\t<i aria-hidden=\"true\" class=\"fas fa-circle\"><\/i>\t\t\t<\/div>\n\t\t<\/div>\n\t\t\t\t\t\t<\/div>\n\t\t\t\t<\/div>\n\t\t\t\t\t<\/div>\n\t\t<\/div>\n\t\t\t\t<div class=\"elementor-column elementor-col-33 elementor-top-column elementor-element elementor-element-211a9b71\" data-id=\"211a9b71\" data-element_type=\"column\">\n\t\t\t<div class=\"elementor-widget-wrap\">\n\t\t\t\t\t\t\t<\/div>\n\t\t<\/div>\n\t\t\t\t\t<\/div>\n\t\t<\/section>\n\t\t\t\t<section class=\"elementor-section elementor-top-section elementor-element elementor-element-482a0cc elementor-section-boxed elementor-section-height-default elementor-section-height-default\" data-id=\"482a0cc\" data-element_type=\"section\">\n\t\t\t\t\t\t<div class=\"elementor-container elementor-column-gap-default\">\n\t\t\t\t\t<div class=\"elementor-column elementor-col-100 elementor-top-column elementor-element elementor-element-8ba3176\" data-id=\"8ba3176\" data-element_type=\"column\">\n\t\t\t<div class=\"elementor-widget-wrap elementor-element-populated\">\n\t\t\t\t\t\t<div class=\"elementor-element elementor-element-8bec395 elementor-widget elementor-widget-heading\" data-id=\"8bec395\" data-element_type=\"widget\" data-settings=\"{&quot;_animation&quot;:&quot;none&quot;}\" data-widget_type=\"heading.default\">\n\t\t\t\t<div class=\"elementor-widget-container\">\n\t\t\t\t\t<h1 class=\"elementor-heading-title elementor-size-default\"><span data-elementor-setting-key=\"title\" data-pen-placeholder=\"Eingabe hier...\" style=\"font-family: var( --e-global-typography-secondary-font-family ), Sans-serif; font-weight: var( --e-global-typography-secondary-font-weight ); line-height: var( --e-global-typography-secondary-line-height ); font-size: var( --e-global-typography-secondary-font-size );\">Montag, 15.11.2021, 14.30&nbsp;\u2013&nbsp;16.00&nbsp;Uhr<\/span><\/h1>\t\t\t\t<\/div>\n\t\t\t\t<\/div>\n\t\t\t\t<div class=\"elementor-element elementor-element-0824923 elementor-widget elementor-widget-heading\" data-id=\"0824923\" data-element_type=\"widget\" data-settings=\"{&quot;_animation&quot;:&quot;none&quot;}\" data-widget_type=\"heading.default\">\n\t\t\t\t<div class=\"elementor-widget-container\">\n\t\t\t\t\t<h2 class=\"elementor-heading-title elementor-size-default\">KI-Transfer-Hub SH: Online-Workshop - KI-Potenziale im eigenen Unternehmen erkennen<\/h2>\t\t\t\t<\/div>\n\t\t\t\t<\/div>\n\t\t\t\t<div class=\"elementor-element elementor-element-74fc523 elementor-widget elementor-widget-text-editor\" data-id=\"74fc523\" data-element_type=\"widget\" data-widget_type=\"text-editor.default\">\n\t\t\t\t<div class=\"elementor-widget-container\">\n\t\t\t\t\t\t\t\t\t<p>\u00d6ffentliche Veranstaltung mit <strong><a href=\"https:\/\/wtsh.de\/de\/terminanmeldung?felm_19=133\" target=\"_blank\" rel=\"noopener\">Anmeldung<\/a><\/strong> \/ Ort: Online-Workshop<\/p><p>Zielgruppe: Mitarbeitende von kleinen und mittleren Unternehmen (KMU)<\/p>\t\t\t\t\t\t\t\t<\/div>\n\t\t\t\t<\/div>\n\t\t\t\t<div class=\"elementor-element elementor-element-4d2ed6c elementor-widget elementor-widget-text-editor\" data-id=\"4d2ed6c\" data-element_type=\"widget\" data-widget_type=\"text-editor.default\">\n\t\t\t\t<div class=\"elementor-widget-container\">\n\t\t\t\t\t\t\t\t\t<p>In diesem Einsteiger-Online-Workshop des KI-Transfer-Hub SH werden die Teilnehmenden darin geschult, Potenziale f\u00fcr KI-Anwendungen im eigenen Unternehmen zu identifizieren. Die KI-Projektmanager bei der TH L\u00fcbeck Philipp Goldbach, Gilbert Drzyzga und Sven Milde zeigen dies anhand von verschiedenen Anwendungsf\u00e4llen im Themenfeld von KI f\u00fcr KMU. Anlehnend an die Prozesse in den Unternehmen der Teilnehmenden ist es das Ziel, gemeinsam die Potenziale im Bereich von KI zu finden. Die Erkenntnisse werden w\u00e4hrend des 90-min\u00fctigen Workshops besprochen und in Kontext zu den jeweilig anfallenden Daten gesetzt. Dieser Workshop richtet sich speziell an Mitarbeitende von kleinen und mittleren Unternehmen (KMU), den Einwahllink erhalten sie kurz vor Veranstaltungsbeginn.<\/p><h2>Programm:<\/h2><p><strong>Einstieg<\/strong><\/p><ul><li>Begr\u00fc\u00dfung durch die TH L\u00fcbeck<\/li><li>Kurzvorstellung des KI-Transfer Hub SH<\/li><li>Kurzvorstellung der Weiterbildungskurse f\u00fcr KMU\u00a0\u00a0<br \/>\u00a0 \u00a0<\/li><\/ul><p><strong>Workshop<\/strong><\/p><ul><li>Aufbau von gemeinsamen Wissen<\/li><li>Vorstellung von KI-Anwendungsf\u00e4llen inklusive Beispielen f\u00fcr Prozesse in Unternehmen<\/li><li>Reflexionsaufgabe: Gemeinsames Sammeln von Prozessen in den Unternehmen<\/li><li>Bezug zu Daten herstellen: Welche Prozesse gibt es, KI einzusetzen und wo macht es Sinn, die vorhandenen Daten mit KI zu analysieren?<\/li><li>M\u00f6gliche Daten definieren, die zur Umsetzung von KI ben\u00f6tigt werden<\/li><li>Ergebnisse zusammentragen<br \/>\u00a0 \u00a0<\/li><\/ul><p><strong>Anmeldung<\/strong><\/p><p>Die Veranstaltung ist kostenfrei, erfordert jedoch eine Anmeldung unter: <a href=\"https:\/\/wtsh.de\/de\/terminanmeldung?felm_19=133\" target=\"_blank\" rel=\"noopener\">https:\/\/wtsh.de\/de\/terminanmeldung?felm_19=133<\/a><\/p>\t\t\t\t\t\t\t\t<\/div>\n\t\t\t\t<\/div>\n\t\t\t\t<div class=\"elementor-element elementor-element-07e76a0 elementor-widget elementor-widget-image\" data-id=\"07e76a0\" data-element_type=\"widget\" data-widget_type=\"image.default\">\n\t\t\t\t<div class=\"elementor-widget-container\">\n\t\t\t\t\t\t\t\t\t\t\t\t\t\t\t<img fetchpriority=\"high\" decoding=\"async\" width=\"639\" height=\"91\" src=\"https:\/\/woche-der-ki.de\/wp-content\/uploads\/2021\/11\/ki-transferhub.jpg\" class=\"attachment-full size-full wp-image-2020\" alt=\"\" srcset=\"https:\/\/woche-der-ki.de\/wp-content\/uploads\/2021\/11\/ki-transferhub.jpg 639w, https:\/\/woche-der-ki.de\/wp-content\/uploads\/2021\/11\/ki-transferhub-300x43.jpg 300w\" sizes=\"(max-width: 639px) 100vw, 639px\" \/>\t\t\t\t\t\t\t\t\t\t\t\t\t\t\t<\/div>\n\t\t\t\t<\/div>\n\t\t\t\t<div class=\"elementor-element elementor-element-c0ed823 mb0 elementor-widget elementor-widget-text-editor\" data-id=\"c0ed823\" data-element_type=\"widget\" data-widget_type=\"text-editor.default\">\n\t\t\t\t<div class=\"elementor-widget-container\">\n\t\t\t\t\t\t\t\t\t<p><strong>Veranstalter<br \/><\/strong><\/p>\t\t\t\t\t\t\t\t<\/div>\n\t\t\t\t<\/div>\n\t\t\t\t<div class=\"elementor-element elementor-element-b58905f elementor-widget elementor-widget-text-editor\" data-id=\"b58905f\" data-element_type=\"widget\" data-widget_type=\"text-editor.default\">\n\t\t\t\t<div class=\"elementor-widget-container\">\n\t\t\t\t\t\t\t\t\t<p>KI-Transfer-Hub SH<\/p>\t\t\t\t\t\t\t\t<\/div>\n\t\t\t\t<\/div>\n\t\t\t\t\t<\/div>\n\t\t<\/div>\n\t\t\t\t\t<\/div>\n\t\t<\/section>\n\t\t\t\t<\/div>\n\t\t","protected":false},"excerpt":{"rendered":"<p>Montag, 15.11.2021, 14.30&nbsp;\u2013&nbsp;16.00&nbsp;Uhr KI-Transfer-Hub SH: Online-Workshop &#8211; KI-Potenziale im eigenen Unternehmen erkennen \u00d6ffentliche Veranstaltung mit Anmeldung \/ Ort: Online-Workshop Zielgruppe: Mitarbeitende von kleinen und mittleren Unternehmen (KMU) In diesem Einsteiger-Online-Workshop des KI-Transfer-Hub SH werden die Teilnehmenden darin geschult, Potenziale f\u00fcr KI-Anwendungen im eigenen Unternehmen zu identifizieren. Die KI-Projektmanager bei der TH L\u00fcbeck Philipp Goldbach, Gilbert [&hellip;]<\/p>\n","protected":false},"author":2,"featured_media":0,"parent":0,"menu_order":0,"comment_status":"closed","ping_status":"closed","template":"","meta":{"footnotes":""},"class_list":["post-2017","page","type-page","status-publish","hentry"],"_links":{"self":[{"href":"https:\/\/woche-der-ki.de\/index.php\/wp-json\/wp\/v2\/pages\/2017","targetHints":{"allow":["GET"]}}],"collection":[{"href":"https:\/\/woche-der-ki.de\/index.php\/wp-json\/wp\/v2\/pages"}],"about":[{"href":"https:\/\/woche-der-ki.de\/index.php\/wp-json\/wp\/v2\/types\/page"}],"author":[{"embeddable":true,"href":"https:\/\/woche-der-ki.de\/index.php\/wp-json\/wp\/v2\/users\/2"}],"replies":[{"embeddable":true,"href":"https:\/\/woche-der-ki.de\/index.php\/wp-json\/wp\/v2\/comments?post=2017"}],"version-history":[{"count":8,"href":"https:\/\/woche-der-ki.de\/index.php\/wp-json\/wp\/v2\/pages\/2017\/revisions"}],"predecessor-version":[{"id":2026,"href":"https:\/\/woche-der-ki.de\/index.php\/wp-json\/wp\/v2\/pages\/2017\/revisions\/2026"}],"wp:attachment":[{"href":"https:\/\/woche-der-ki.de\/index.php\/wp-json\/wp\/v2\/media?parent=2017"}],"curies":[{"name":"wp","href":"https:\/\/api.w.org\/{rel}","templated":true}]}}