{"id":2066,"date":"2021-11-03T18:29:58","date_gmt":"2021-11-03T17:29:58","guid":{"rendered":"https:\/\/woche-der-ki.de\/?page_id=2066"},"modified":"2021-11-03T18:35:41","modified_gmt":"2021-11-03T17:35:41","slug":"ki-konkret-kuenstliche-intelligenz-in-luebeck","status":"publish","type":"page","link":"https:\/\/woche-der-ki.de\/index.php\/ki-konkret-kuenstliche-intelligenz-in-luebeck\/","title":{"rendered":"KI konkret &#8211; K\u00fcnstliche Intelligenz in L\u00fcbeck"},"content":{"rendered":"\t\t<div data-elementor-type=\"wp-page\" data-elementor-id=\"2066\" class=\"elementor elementor-2066\" data-elementor-post-type=\"page\">\n\t\t\t\t\t\t<section class=\"elementor-section elementor-top-section elementor-element elementor-element-68871bd1 elementor-section-full_width elementor-section-height-default elementor-section-height-default\" data-id=\"68871bd1\" data-element_type=\"section\">\n\t\t\t\t\t\t<div class=\"elementor-container elementor-column-gap-default\">\n\t\t\t\t\t<div class=\"elementor-column elementor-col-33 elementor-top-column elementor-element elementor-element-6d7e1407\" data-id=\"6d7e1407\" data-element_type=\"column\">\n\t\t\t<div class=\"elementor-widget-wrap\">\n\t\t\t\t\t\t\t<\/div>\n\t\t<\/div>\n\t\t\t\t<div class=\"elementor-column elementor-col-33 elementor-top-column elementor-element elementor-element-4f9f2080\" data-id=\"4f9f2080\" data-element_type=\"column\">\n\t\t\t<div class=\"elementor-widget-wrap elementor-element-populated\">\n\t\t\t\t\t\t<div class=\"elementor-element elementor-element-4160840c elementor-widget__width-initial elementor-widget elementor-widget-spacer\" data-id=\"4160840c\" data-element_type=\"widget\" data-widget_type=\"spacer.default\">\n\t\t\t\t<div class=\"elementor-widget-container\">\n\t\t\t\t\t\t\t<div class=\"elementor-spacer\">\n\t\t\t<div class=\"elementor-spacer-inner\"><\/div>\n\t\t<\/div>\n\t\t\t\t\t\t<\/div>\n\t\t\t\t<\/div>\n\t\t\t\t<div class=\"elementor-element elementor-element-9dfa099 elementor-view-default elementor-widget elementor-widget-icon\" data-id=\"9dfa099\" data-element_type=\"widget\" data-widget_type=\"icon.default\">\n\t\t\t\t<div class=\"elementor-widget-container\">\n\t\t\t\t\t\t\t<div class=\"elementor-icon-wrapper\">\n\t\t\t<div class=\"elementor-icon\">\n\t\t\t<i aria-hidden=\"true\" class=\"fas fa-circle\"><\/i>\t\t\t<\/div>\n\t\t<\/div>\n\t\t\t\t\t\t<\/div>\n\t\t\t\t<\/div>\n\t\t\t\t\t<\/div>\n\t\t<\/div>\n\t\t\t\t<div class=\"elementor-column elementor-col-33 elementor-top-column elementor-element elementor-element-211a9b71\" data-id=\"211a9b71\" data-element_type=\"column\">\n\t\t\t<div class=\"elementor-widget-wrap\">\n\t\t\t\t\t\t\t<\/div>\n\t\t<\/div>\n\t\t\t\t\t<\/div>\n\t\t<\/section>\n\t\t\t\t<section class=\"elementor-section elementor-top-section elementor-element elementor-element-482a0cc elementor-section-boxed elementor-section-height-default elementor-section-height-default\" data-id=\"482a0cc\" data-element_type=\"section\">\n\t\t\t\t\t\t<div class=\"elementor-container elementor-column-gap-default\">\n\t\t\t\t\t<div class=\"elementor-column elementor-col-100 elementor-top-column elementor-element elementor-element-8ba3176\" data-id=\"8ba3176\" data-element_type=\"column\">\n\t\t\t<div class=\"elementor-widget-wrap elementor-element-populated\">\n\t\t\t\t\t\t<div class=\"elementor-element elementor-element-8bec395 elementor-widget elementor-widget-heading\" data-id=\"8bec395\" data-element_type=\"widget\" data-settings=\"{&quot;_animation&quot;:&quot;none&quot;}\" data-widget_type=\"heading.default\">\n\t\t\t\t<div class=\"elementor-widget-container\">\n\t\t\t\t\t<h1 class=\"elementor-heading-title elementor-size-default\"><span data-elementor-setting-key=\"title\" data-pen-placeholder=\"Eingabe hier...\" style=\"font-family: var( --e-global-typography-secondary-font-family ), Sans-serif; font-weight: var( --e-global-typography-secondary-font-weight ); line-height: var( --e-global-typography-secondary-line-height ); font-size: var( --e-global-typography-secondary-font-size );\">Freitag, 19.11.2021, 08.30&nbsp;\u2013&nbsp;10.00&nbsp;Uhr<\/span><\/h1>\t\t\t\t<\/div>\n\t\t\t\t<\/div>\n\t\t\t\t<div class=\"elementor-element elementor-element-0824923 elementor-widget elementor-widget-heading\" data-id=\"0824923\" data-element_type=\"widget\" data-settings=\"{&quot;_animation&quot;:&quot;none&quot;}\" data-widget_type=\"heading.default\">\n\t\t\t\t<div class=\"elementor-widget-container\">\n\t\t\t\t\t<h2 class=\"elementor-heading-title elementor-size-default\">KI konkret - K\u00fcnstliche Intelligenz in L\u00fcbeck<\/h2>\t\t\t\t<\/div>\n\t\t\t\t<\/div>\n\t\t\t\t<div class=\"elementor-element elementor-element-74fc523 elementor-widget elementor-widget-text-editor\" data-id=\"74fc523\" data-element_type=\"widget\" data-widget_type=\"text-editor.default\">\n\t\t\t\t<div class=\"elementor-widget-container\">\n\t\t\t\t\t\t\t\t\t<p>\u00d6ffentlicher Vortrag \/ <strong><a href=\"https:\/\/teams.microsoft.com\/l\/meetup-join\/19%3ameeting_ZGU3MmExODUtNjU5Mi00ZTdhLWJmNzYtZTNmNTljODU0Yjkx%40thread.v2\/0?context=%7b%22Tid%22%3a%2265505471-5506-445a-a3ba-9a36ce7e2db1%22%2c%22Oid%22%3a%22c3585a49-5789-46ad-9cda-3b59ed03d759%22%7d\" target=\"_blank\" rel=\"noopener\">B\u00fcrger:innen-Dialog \u00fcber MS Teams<\/a>\u00a0<\/strong><\/p><p class=\"MsoNormal\">\u00a0<\/p>\t\t\t\t\t\t\t\t<\/div>\n\t\t\t\t<\/div>\n\t\t\t\t<div class=\"elementor-element elementor-element-4d2ed6c elementor-widget elementor-widget-text-editor\" data-id=\"4d2ed6c\" data-element_type=\"widget\" data-widget_type=\"text-editor.default\">\n\t\t\t\t<div class=\"elementor-widget-container\">\n\t\t\t\t\t\t\t\t\t<p>Wo und wie wird KI bereits heute in L\u00fcbeck eingesetzt? Welche Erfahrungen wurden gesammelt? Was darf man von KI in der Praxis erwarten? Wo stecken Potentiale? Welche Herausforderungen m\u00fcssen gemeistert werden?<\/p><p>Unsere Expertinnen im interaktiven Panel:<\/p><ul><li>Barbara Hilgert \/ Fortbildungsakademie der Wirtschaft (FAW) \u2013 Akademie L\u00fcbeck<br \/>Vorstellung des Projektes KomKI \u2013 Kompetenzen \u00fcber KI aufbauen (KomKl) \u2013 Lern- und Experimentierraum zur Entwicklung konstruktiver, reflexiver und pr\u00e4ventiver KI-Kompetenz<\/li><li>Felix Ollech \/ NAECO Blue GmbH<br \/>Standortgenaue Einspeiseprognosen f\u00fcr Wind- und Solarenergie \u2013 NAECO Blue zeigt, wie KI die regenerative Stromerzeugung vorhersagbarer und damit planbarer macht<\/li><li>Til Hesse \/ TraveNetz GmbH<br \/>Z\u00e4hlerdaten korrigieren mit Machine Learning \u2013 Das Praxisbeispiel zeigt, wie maschinelles Lernen dazu beitr\u00e4gt die Verarbeitung von \u00fcbermittelten Z\u00e4hlerdaten zu automatisieren, die Fehlerquote zu senken und Kosten einsparen kann.<p>Moderation: Thomas Waldner, Medienkoordinator EnergieCluster Digitales L\u00fcbeck e.V.\u00a0 \u00a0<\/p><\/li><\/ul><p><b>Die Diskussion mit dem Publikum ist sehr erw\u00fcnscht. Wir freuen uns auf den Austausch.<\/b><\/p><p>Eine Anmeldung f\u00fcr diese <strong><a href=\"https:\/\/teams.microsoft.com\/l\/meetup-join\/19%3ameeting_ZGU3MmExODUtNjU5Mi00ZTdhLWJmNzYtZTNmNTljODU0Yjkx%40thread.v2\/0?context=%7b%22Tid%22%3a%2265505471-5506-445a-a3ba-9a36ce7e2db1%22%2c%22Oid%22%3a%22c3585a49-5789-46ad-9cda-3b59ed03d759%22%7d\" target=\"_blank\" rel=\"noopener\">Online-Veranstaltung<\/a><\/strong> ist nicht n\u00f6tig.<\/p><p>\u00a0<\/p><p>Teilnahmelink:\u00a0<a href=\"https:\/\/teams.microsoft.com\/l\/meetup-join\/19%3ameeting_ZGU3MmExODUtNjU5Mi00ZTdhLWJmNzYtZTNmNTljODU0Yjkx%40thread.v2\/0?context=%7b%22Tid%22%3a%2265505471-5506-445a-a3ba-9a36ce7e2db1%22%2c%22Oid%22%3a%22c3585a49-5789-46ad-9cda-3b59ed03d759%22%7d\" target=\"_blank\" rel=\"noopener\">https:\/\/teams.microsoft.com\/l\/meetup-join\/19%3ameeting_ZGU3MmExODUtNjU5Mi00ZTdhLWJmNzYtZTNmNTljODU0Yjkx%40thread.v2\/0?context=%7b%22Tid%22%3a%2265505471-5506-445a-a3ba-9a36ce7e2db1%22%2c%22Oid%22%3a%22c3585a49-5789-46ad-9cda-3b59ed03d759%22%7d<\/a><\/p>\t\t\t\t\t\t\t\t<\/div>\n\t\t\t\t<\/div>\n\t\t\t\t<div class=\"elementor-element elementor-element-96ac2b4 elementor-widget elementor-widget-image\" data-id=\"96ac2b4\" data-element_type=\"widget\" data-widget_type=\"image.default\">\n\t\t\t\t<div class=\"elementor-widget-container\">\n\t\t\t\t\t\t\t\t\t\t\t\t\t\t\t<img decoding=\"async\" src=\"https:\/\/woche-der-ki.de\/wp-content\/uploads\/elementor\/thumbs\/Logo-Energiecluster-pfj3l9dxk2oiw4u4arpm3j54p606ukn6cekc15i94m.png\" title=\"Logo-Energiecluster\" alt=\"Logo EnergieCluster Digitales L\u00fcbeck e. V.\" loading=\"lazy\" \/>\t\t\t\t\t\t\t\t\t\t\t\t\t\t\t<\/div>\n\t\t\t\t<\/div>\n\t\t\t\t<div class=\"elementor-element elementor-element-8ca6f14 elementor-widget elementor-widget-text-editor\" data-id=\"8ca6f14\" data-element_type=\"widget\" data-widget_type=\"text-editor.default\">\n\t\t\t\t<div class=\"elementor-widget-container\">\n\t\t\t\t\t\t\t\t\t<p>Veranstalter ist EnergieCluster Digitales L\u00fcbeck e. V. <span style=\"color: #000000; font-family: Calibri, sans-serif; font-size: 14.6667px; font-weight: var( --e-global-typography-text-font-weight );\">\u00a0<\/span><\/p>\t\t\t\t\t\t\t\t<\/div>\n\t\t\t\t<\/div>\n\t\t\t\t\t<\/div>\n\t\t<\/div>\n\t\t\t\t\t<\/div>\n\t\t<\/section>\n\t\t\t\t<\/div>\n\t\t","protected":false},"excerpt":{"rendered":"<p>Freitag, 19.11.2021, 08.30&nbsp;\u2013&nbsp;10.00&nbsp;Uhr KI konkret &#8211; K\u00fcnstliche Intelligenz in L\u00fcbeck \u00d6ffentlicher Vortrag \/ B\u00fcrger:innen-Dialog \u00fcber MS Teams\u00a0 \u00a0 Wo und wie wird KI bereits heute in L\u00fcbeck eingesetzt? Welche Erfahrungen wurden gesammelt? Was darf man von KI in der Praxis erwarten? Wo stecken Potentiale? Welche Herausforderungen m\u00fcssen gemeistert werden? Unsere Expertinnen im interaktiven Panel: Barbara [&hellip;]<\/p>\n","protected":false},"author":2,"featured_media":0,"parent":0,"menu_order":0,"comment_status":"closed","ping_status":"closed","template":"","meta":{"footnotes":""},"class_list":["post-2066","page","type-page","status-publish","hentry"],"_links":{"self":[{"href":"https:\/\/woche-der-ki.de\/index.php\/wp-json\/wp\/v2\/pages\/2066","targetHints":{"allow":["GET"]}}],"collection":[{"href":"https:\/\/woche-der-ki.de\/index.php\/wp-json\/wp\/v2\/pages"}],"about":[{"href":"https:\/\/woche-der-ki.de\/index.php\/wp-json\/wp\/v2\/types\/page"}],"author":[{"embeddable":true,"href":"https:\/\/woche-der-ki.de\/index.php\/wp-json\/wp\/v2\/users\/2"}],"replies":[{"embeddable":true,"href":"https:\/\/woche-der-ki.de\/index.php\/wp-json\/wp\/v2\/comments?post=2066"}],"version-history":[{"count":4,"href":"https:\/\/woche-der-ki.de\/index.php\/wp-json\/wp\/v2\/pages\/2066\/revisions"}],"predecessor-version":[{"id":2071,"href":"https:\/\/woche-der-ki.de\/index.php\/wp-json\/wp\/v2\/pages\/2066\/revisions\/2071"}],"wp:attachment":[{"href":"https:\/\/woche-der-ki.de\/index.php\/wp-json\/wp\/v2\/media?parent=2066"}],"curies":[{"name":"wp","href":"https:\/\/api.w.org\/{rel}","templated":true}]}}