{"id":2154,"date":"2021-11-12T16:32:11","date_gmt":"2021-11-12T15:32:11","guid":{"rendered":"https:\/\/woche-der-ki.de\/?page_id=2154"},"modified":"2021-11-12T16:36:53","modified_gmt":"2021-11-12T15:36:53","slug":"chatbots-erfolgreich-einsetzen-kuenstliche-intelligenz-jetzt-konkret-profitieren","status":"publish","type":"page","link":"https:\/\/woche-der-ki.de\/index.php\/chatbots-erfolgreich-einsetzen-kuenstliche-intelligenz-jetzt-konkret-profitieren\/","title":{"rendered":"Chatbots erfolgreich einsetzen \u2013 K\u00fcnstliche Intelligenz: jetzt &#8211; konkret &#8211; profitieren."},"content":{"rendered":"\t\t<div data-elementor-type=\"wp-page\" data-elementor-id=\"2154\" class=\"elementor elementor-2154\" data-elementor-post-type=\"page\">\n\t\t\t\t\t\t<section class=\"elementor-section elementor-top-section elementor-element elementor-element-68871bd1 elementor-section-full_width elementor-section-height-default elementor-section-height-default\" data-id=\"68871bd1\" data-element_type=\"section\">\n\t\t\t\t\t\t<div class=\"elementor-container elementor-column-gap-default\">\n\t\t\t\t\t<div class=\"elementor-column elementor-col-33 elementor-top-column elementor-element elementor-element-6d7e1407\" data-id=\"6d7e1407\" data-element_type=\"column\">\n\t\t\t<div class=\"elementor-widget-wrap\">\n\t\t\t\t\t\t\t<\/div>\n\t\t<\/div>\n\t\t\t\t<div class=\"elementor-column elementor-col-33 elementor-top-column elementor-element elementor-element-4f9f2080\" data-id=\"4f9f2080\" data-element_type=\"column\">\n\t\t\t<div class=\"elementor-widget-wrap elementor-element-populated\">\n\t\t\t\t\t\t<div class=\"elementor-element elementor-element-4160840c elementor-widget__width-initial elementor-widget elementor-widget-spacer\" data-id=\"4160840c\" data-element_type=\"widget\" data-widget_type=\"spacer.default\">\n\t\t\t\t<div class=\"elementor-widget-container\">\n\t\t\t\t\t\t\t<div class=\"elementor-spacer\">\n\t\t\t<div class=\"elementor-spacer-inner\"><\/div>\n\t\t<\/div>\n\t\t\t\t\t\t<\/div>\n\t\t\t\t<\/div>\n\t\t\t\t<div class=\"elementor-element elementor-element-9dfa099 elementor-view-default elementor-widget elementor-widget-icon\" data-id=\"9dfa099\" data-element_type=\"widget\" data-widget_type=\"icon.default\">\n\t\t\t\t<div class=\"elementor-widget-container\">\n\t\t\t\t\t\t\t<div class=\"elementor-icon-wrapper\">\n\t\t\t<div class=\"elementor-icon\">\n\t\t\t<i aria-hidden=\"true\" class=\"fas fa-circle\"><\/i>\t\t\t<\/div>\n\t\t<\/div>\n\t\t\t\t\t\t<\/div>\n\t\t\t\t<\/div>\n\t\t\t\t\t<\/div>\n\t\t<\/div>\n\t\t\t\t<div class=\"elementor-column elementor-col-33 elementor-top-column elementor-element elementor-element-211a9b71\" data-id=\"211a9b71\" data-element_type=\"column\">\n\t\t\t<div class=\"elementor-widget-wrap\">\n\t\t\t\t\t\t\t<\/div>\n\t\t<\/div>\n\t\t\t\t\t<\/div>\n\t\t<\/section>\n\t\t\t\t<section class=\"elementor-section elementor-top-section elementor-element elementor-element-482a0cc elementor-section-boxed elementor-section-height-default elementor-section-height-default\" data-id=\"482a0cc\" data-element_type=\"section\">\n\t\t\t\t\t\t<div class=\"elementor-container elementor-column-gap-default\">\n\t\t\t\t\t<div class=\"elementor-column elementor-col-100 elementor-top-column elementor-element elementor-element-8ba3176\" data-id=\"8ba3176\" data-element_type=\"column\">\n\t\t\t<div class=\"elementor-widget-wrap elementor-element-populated\">\n\t\t\t\t\t\t<div class=\"elementor-element elementor-element-8bec395 elementor-widget elementor-widget-heading\" data-id=\"8bec395\" data-element_type=\"widget\" data-settings=\"{&quot;_animation&quot;:&quot;none&quot;}\" data-widget_type=\"heading.default\">\n\t\t\t\t<div class=\"elementor-widget-container\">\n\t\t\t\t\t<h1 class=\"elementor-heading-title elementor-size-default\"><span data-elementor-setting-key=\"title\" data-pen-placeholder=\"Eingabe hier...\" style=\"font-family: var( --e-global-typography-secondary-font-family ), Sans-serif; font-weight: var( --e-global-typography-secondary-font-weight ); line-height: var( --e-global-typography-secondary-line-height ); font-size: var( --e-global-typography-secondary-font-size );\">Freitag, 19.11.2021, 13.00&nbsp;\u2013&nbsp;14.00&nbsp;Uhr<\/span><\/h1>\t\t\t\t<\/div>\n\t\t\t\t<\/div>\n\t\t\t\t<div class=\"elementor-element elementor-element-0824923 elementor-widget elementor-widget-heading\" data-id=\"0824923\" data-element_type=\"widget\" data-settings=\"{&quot;_animation&quot;:&quot;none&quot;}\" data-widget_type=\"heading.default\">\n\t\t\t\t<div class=\"elementor-widget-container\">\n\t\t\t\t\t<h2 class=\"elementor-heading-title elementor-size-default\">Chatbots erfolgreich einsetzen \u2013 K\u00fcnstliche Intelligenz: jetzt - konkret - profitieren.<\/h2>\t\t\t\t<\/div>\n\t\t\t\t<\/div>\n\t\t\t\t<div class=\"elementor-element elementor-element-74fc523 elementor-widget elementor-widget-text-editor\" data-id=\"74fc523\" data-element_type=\"widget\" data-widget_type=\"text-editor.default\">\n\t\t\t\t<div class=\"elementor-widget-container\">\n\t\t\t\t\t\t\t\t\t<p>\u00d6ffentliche Veranstaltung mit <strong><a href=\"mailto:event@assono.de\" target=\"_blank\" rel=\"noopener\">Anmeldung<\/a><\/strong> \/ Ort: Online-Veranstaltung<\/p><p>Zielgruppe: Unternehmer, F\u00fchrungskr\u00e4fte und Mitarbeiter, die Chatbots in ihrem Arbeitsalltag einsetzen wollen.<\/p>\t\t\t\t\t\t\t\t<\/div>\n\t\t\t\t<\/div>\n\t\t\t\t<div class=\"elementor-element elementor-element-4d2ed6c elementor-widget elementor-widget-text-editor\" data-id=\"4d2ed6c\" data-element_type=\"widget\" data-widget_type=\"text-editor.default\">\n\t\t\t\t<div class=\"elementor-widget-container\">\n\t\t\t\t\t\t\t\t\t<p>Das Thema K\u00fcnstliche Intelligenz erscheint immer wieder in den Nachrichten, weil es sehr viele Menschen betrifft und noch viel mehr betreffen wird. St\u00e4ndig liest und h\u00f6rt man von neuronalen Netzen, maschinellem Lernen, der Bedeutung von KI f\u00fcr Deutschland, von Forschungsf\u00f6rderung in Milliardenh\u00f6he und dem globalen Mangel an sachkundigen Experten. Es wird der Eindruck erweckt, KI sei etwas Gigantisches, Kompliziertes und unheimlich Aufwendiges, etwas nur f\u00fcr die ganz Gro\u00dfen. Wir zeigen Ihnen, dass dem nicht so ist: Unter dem Motto \u201e<b>K\u00fcnstliche Intelligenz: jetzt &#8211; konkret \u2013 profitieren<\/b>\u201c erfahren Sie, wie mittelst\u00e4ndische Unternehmen schon heute von Chatbots mit KI profitieren k\u00f6nnen.<\/p><p><strong>ANMELDUNG<\/strong><\/p><p>Die Veranstaltung ist kostenfrei, erfordert jedoch eine Anmeldung unter <a href=\"mailto:event@assono.de\" target=\"_blank\" rel=\"noopener\">event@assono.de<\/a><\/p>\t\t\t\t\t\t\t\t<\/div>\n\t\t\t\t<\/div>\n\t\t\t\t<div class=\"elementor-element elementor-element-07e76a0 elementor-widget elementor-widget-image\" data-id=\"07e76a0\" data-element_type=\"widget\" data-widget_type=\"image.default\">\n\t\t\t\t<div class=\"elementor-widget-container\">\n\t\t\t\t\t\t\t\t\t\t\t\t\t\t\t<img decoding=\"async\" width=\"300\" height=\"59\" src=\"https:\/\/woche-der-ki.de\/wp-content\/uploads\/2021\/11\/assono-Logo-300x59.png\" class=\"attachment-medium size-medium wp-image-2166\" alt=\"\" srcset=\"https:\/\/woche-der-ki.de\/wp-content\/uploads\/2021\/11\/assono-Logo-300x59.png 300w, https:\/\/woche-der-ki.de\/wp-content\/uploads\/2021\/11\/assono-Logo-1024x202.png 1024w, https:\/\/woche-der-ki.de\/wp-content\/uploads\/2021\/11\/assono-Logo-768x152.png 768w, https:\/\/woche-der-ki.de\/wp-content\/uploads\/2021\/11\/assono-Logo.png 1520w\" sizes=\"(max-width: 300px) 100vw, 300px\" \/>\t\t\t\t\t\t\t\t\t\t\t\t\t\t\t<\/div>\n\t\t\t\t<\/div>\n\t\t\t\t<div class=\"elementor-element elementor-element-9c4908c elementor-widget elementor-widget-image\" data-id=\"9c4908c\" data-element_type=\"widget\" data-widget_type=\"image.default\">\n\t\t\t\t<div class=\"elementor-widget-container\">\n\t\t\t\t\t\t\t\t\t\t\t\t\t\t\t<img fetchpriority=\"high\" decoding=\"async\" width=\"300\" height=\"178\" src=\"https:\/\/woche-der-ki.de\/wp-content\/uploads\/2021\/11\/Lydia-Bahn-300x178.jpg\" class=\"attachment-medium size-medium wp-image-2168\" alt=\"\" srcset=\"https:\/\/woche-der-ki.de\/wp-content\/uploads\/2021\/11\/Lydia-Bahn-300x178.jpg 300w, https:\/\/woche-der-ki.de\/wp-content\/uploads\/2021\/11\/Lydia-Bahn-768x455.jpg 768w, https:\/\/woche-der-ki.de\/wp-content\/uploads\/2021\/11\/Lydia-Bahn.jpg 800w\" sizes=\"(max-width: 300px) 100vw, 300px\" \/>\t\t\t\t\t\t\t\t\t\t\t\t\t\t\t<\/div>\n\t\t\t\t<\/div>\n\t\t\t\t<div class=\"elementor-element elementor-element-c0ed823 mb0 elementor-widget elementor-widget-text-editor\" data-id=\"c0ed823\" data-element_type=\"widget\" data-widget_type=\"text-editor.default\">\n\t\t\t\t<div class=\"elementor-widget-container\">\n\t\t\t\t\t\t\t\t\t<p><strong>\u00a0\u00a0<br \/>Veranstalterin<br \/><\/strong><\/p>\t\t\t\t\t\t\t\t<\/div>\n\t\t\t\t<\/div>\n\t\t\t\t<div class=\"elementor-element elementor-element-b58905f elementor-widget elementor-widget-text-editor\" data-id=\"b58905f\" data-element_type=\"widget\" data-widget_type=\"text-editor.default\">\n\t\t\t\t<div class=\"elementor-widget-container\">\n\t\t\t\t\t\t\t\t\t<p>Lydia Bahn, CEO assono GmbH<\/p>\t\t\t\t\t\t\t\t<\/div>\n\t\t\t\t<\/div>\n\t\t\t\t\t<\/div>\n\t\t<\/div>\n\t\t\t\t\t<\/div>\n\t\t<\/section>\n\t\t\t\t<\/div>\n\t\t","protected":false},"excerpt":{"rendered":"<p>Freitag, 19.11.2021, 13.00&nbsp;\u2013&nbsp;14.00&nbsp;Uhr Chatbots erfolgreich einsetzen \u2013 K\u00fcnstliche Intelligenz: jetzt &#8211; konkret &#8211; profitieren. \u00d6ffentliche Veranstaltung mit Anmeldung \/ Ort: Online-Veranstaltung Zielgruppe: Unternehmer, F\u00fchrungskr\u00e4fte und Mitarbeiter, die Chatbots in ihrem Arbeitsalltag einsetzen wollen. Das Thema K\u00fcnstliche Intelligenz erscheint immer wieder in den Nachrichten, weil es sehr viele Menschen betrifft und noch viel mehr betreffen wird. [&hellip;]<\/p>\n","protected":false},"author":2,"featured_media":0,"parent":0,"menu_order":0,"comment_status":"closed","ping_status":"closed","template":"","meta":{"footnotes":""},"class_list":["post-2154","page","type-page","status-publish","hentry"],"_links":{"self":[{"href":"https:\/\/woche-der-ki.de\/index.php\/wp-json\/wp\/v2\/pages\/2154","targetHints":{"allow":["GET"]}}],"collection":[{"href":"https:\/\/woche-der-ki.de\/index.php\/wp-json\/wp\/v2\/pages"}],"about":[{"href":"https:\/\/woche-der-ki.de\/index.php\/wp-json\/wp\/v2\/types\/page"}],"author":[{"embeddable":true,"href":"https:\/\/woche-der-ki.de\/index.php\/wp-json\/wp\/v2\/users\/2"}],"replies":[{"embeddable":true,"href":"https:\/\/woche-der-ki.de\/index.php\/wp-json\/wp\/v2\/comments?post=2154"}],"version-history":[{"count":14,"href":"https:\/\/woche-der-ki.de\/index.php\/wp-json\/wp\/v2\/pages\/2154\/revisions"}],"predecessor-version":[{"id":2171,"href":"https:\/\/woche-der-ki.de\/index.php\/wp-json\/wp\/v2\/pages\/2154\/revisions\/2171"}],"wp:attachment":[{"href":"https:\/\/woche-der-ki.de\/index.php\/wp-json\/wp\/v2\/media?parent=2154"}],"curies":[{"name":"wp","href":"https:\/\/api.w.org\/{rel}","templated":true}]}}