{"id":2307,"date":"2022-09-12T11:37:52","date_gmt":"2022-09-12T09:37:52","guid":{"rendered":"https:\/\/woche-der-ki.de\/?page_id=2307"},"modified":"2022-09-27T12:25:23","modified_gmt":"2022-09-27T10:25:23","slug":"kuenstliche-intelligenz-selbstgemacht","status":"publish","type":"page","link":"https:\/\/woche-der-ki.de\/index.php\/kuenstliche-intelligenz-selbstgemacht\/","title":{"rendered":"K\u00fcnstliche Intelligenz selbstgemacht!"},"content":{"rendered":"\t\t<div data-elementor-type=\"wp-page\" data-elementor-id=\"2307\" class=\"elementor elementor-2307\" data-elementor-post-type=\"page\">\n\t\t\t\t\t\t<section class=\"elementor-section elementor-top-section elementor-element elementor-element-68871bd1 elementor-section-full_width elementor-section-height-default elementor-section-height-default\" data-id=\"68871bd1\" data-element_type=\"section\">\n\t\t\t\t\t\t<div class=\"elementor-container elementor-column-gap-default\">\n\t\t\t\t\t<div class=\"elementor-column elementor-col-33 elementor-top-column elementor-element elementor-element-6d7e1407\" data-id=\"6d7e1407\" data-element_type=\"column\">\n\t\t\t<div class=\"elementor-widget-wrap\">\n\t\t\t\t\t\t\t<\/div>\n\t\t<\/div>\n\t\t\t\t<div class=\"elementor-column elementor-col-33 elementor-top-column elementor-element elementor-element-4f9f2080\" data-id=\"4f9f2080\" data-element_type=\"column\">\n\t\t\t<div class=\"elementor-widget-wrap elementor-element-populated\">\n\t\t\t\t\t\t<div class=\"elementor-element elementor-element-4160840c elementor-widget__width-initial elementor-widget elementor-widget-spacer\" data-id=\"4160840c\" data-element_type=\"widget\" data-widget_type=\"spacer.default\">\n\t\t\t\t<div class=\"elementor-widget-container\">\n\t\t\t\t\t\t\t<div class=\"elementor-spacer\">\n\t\t\t<div class=\"elementor-spacer-inner\"><\/div>\n\t\t<\/div>\n\t\t\t\t\t\t<\/div>\n\t\t\t\t<\/div>\n\t\t\t\t<div class=\"elementor-element elementor-element-9dfa099 elementor-view-default elementor-widget elementor-widget-icon\" data-id=\"9dfa099\" data-element_type=\"widget\" data-widget_type=\"icon.default\">\n\t\t\t\t<div class=\"elementor-widget-container\">\n\t\t\t\t\t\t\t<div class=\"elementor-icon-wrapper\">\n\t\t\t<div class=\"elementor-icon\">\n\t\t\t<i aria-hidden=\"true\" class=\"fas fa-circle\"><\/i>\t\t\t<\/div>\n\t\t<\/div>\n\t\t\t\t\t\t<\/div>\n\t\t\t\t<\/div>\n\t\t\t\t\t<\/div>\n\t\t<\/div>\n\t\t\t\t<div class=\"elementor-column elementor-col-33 elementor-top-column elementor-element elementor-element-211a9b71\" data-id=\"211a9b71\" data-element_type=\"column\">\n\t\t\t<div class=\"elementor-widget-wrap\">\n\t\t\t\t\t\t\t<\/div>\n\t\t<\/div>\n\t\t\t\t\t<\/div>\n\t\t<\/section>\n\t\t\t\t<section class=\"elementor-section elementor-top-section elementor-element elementor-element-482a0cc elementor-section-boxed elementor-section-height-default elementor-section-height-default\" data-id=\"482a0cc\" data-element_type=\"section\">\n\t\t\t\t\t\t<div class=\"elementor-container elementor-column-gap-default\">\n\t\t\t\t\t<div class=\"elementor-column elementor-col-100 elementor-top-column elementor-element elementor-element-8ba3176\" data-id=\"8ba3176\" data-element_type=\"column\">\n\t\t\t<div class=\"elementor-widget-wrap elementor-element-populated\">\n\t\t\t\t\t\t<div class=\"elementor-element elementor-element-8bec395 elementor-widget elementor-widget-heading\" data-id=\"8bec395\" data-element_type=\"widget\" data-settings=\"{&quot;_animation&quot;:&quot;none&quot;}\" data-widget_type=\"heading.default\">\n\t\t\t\t<div class=\"elementor-widget-container\">\n\t\t\t\t\t<h1 class=\"elementor-heading-title elementor-size-default\">Mittwoch, 02.11.2022, 09.00&nbsp;\u2013&nbsp;12.30&nbsp;Uhr<\/h1>\t\t\t\t<\/div>\n\t\t\t\t<\/div>\n\t\t\t\t<div class=\"elementor-element elementor-element-0824923 elementor-widget elementor-widget-heading\" data-id=\"0824923\" data-element_type=\"widget\" data-settings=\"{&quot;_animation&quot;:&quot;none&quot;}\" data-widget_type=\"heading.default\">\n\t\t\t\t<div class=\"elementor-widget-container\">\n\t\t\t\t\t<h2 class=\"elementor-heading-title elementor-size-default\">K\u00fcnstliche Intelligenz selbstgemacht!\n\n<\/h2>\t\t\t\t<\/div>\n\t\t\t\t<\/div>\n\t\t\t\t<div class=\"elementor-element elementor-element-4d2ed6c elementor-widget elementor-widget-text-editor\" data-id=\"4d2ed6c\" data-element_type=\"widget\" data-widget_type=\"text-editor.default\">\n\t\t\t\t<div class=\"elementor-widget-container\">\n\t\t\t\t\t\t\t\t\t<p><b>FRAGEN, FORSCHEN UND BEGREIFEN!<\/b> KI ist l\u00e4ngst in unserem Alltag angekommen: Eine Suche im Internet, die Spracheingabe beim Navi und auch Spamfilter sind ohne k\u00fcnstliche Intelligenz nicht denkbar. Hinter all diesen Anwendungen steckt maschinelles Lernen, oft mit k\u00fcnstlichen neuronalen Netzen: Computer werden mit vielen Daten \u201egef\u00fcttert\u201c, erlernen anhand dieser Daten selbstst\u00e4ndig Muster und Zusammenh\u00e4nge und k\u00f6nnen anschlie\u00dfend neue, unbekannte Daten erkennen und zuordnen.<\/p>\n<p>In diesem Kurs werden wir neuronale Netze trainieren, um zum Beispiel eine automatische Erkennung von Gesten oder Schl\u00fcsselw\u00f6rtern (\u201eAlexa!\u201c) zu erm\u00f6glichen. Erste Programmiererfahrung mit Scratch ist dabei hilfreich, aber nicht notwendig.<\/p>\n<p><strong>Veranstalter:<\/strong><br>Diese Veranstaltung ist eine Kooperation zwischen der Medienwerkstatt der Stadtwerke L\u00fcbeck und dem JuniorCampus der Technischen Hochschule L\u00fcbeck.<\/p>\n<p><strong>Art der Veranstaltung: <\/strong>Workshop<\/p>\n<p><strong>Zielgruppe: <\/strong>Schulklassen ab 10. Jahrgang<\/p>\n<p><strong>Anmeldung n\u00f6tig: <\/strong>per Mail unter <a href=\"mailto:nena.zabinski@th-luebeck.de\">nena.zabinski@th-luebeck.de<\/a> oder Tel. 0451 \u2013 300 5200<\/p>\n<p><strong>Max. Zahl der Teilnehmenden: <\/strong>20 Teilnehmende<\/p>\n<p><strong>Ort: <\/strong>Medienwerkstatt der Stadtwerke L\u00fcbeck<\/p>\n<p><strong>Kontakt:<\/strong> <br>Nena Zabinski<br>Technische Hochschule L\u00fcbeck | Fachbereich Maschinenbau und Wirtschaft<br>Koordination \u201eJuniorCampus \u2013 FRAGEN, FORSCHEN UND BEGREIFEN!\u201c<br>Tel.: 0451-300 5200<br><b><a href=\"mailto:nena.zabinski@th-luebeck.de\">nena.zabinski@th-luebeck.de<\/a><br><a href=\"http:\/\/www.juniorcampus-luebeck.de\" target=\"_blank\" rel=\"noopener\">www.juniorcampus-luebeck.de<\/a><\/b><\/p>\t\t\t\t\t\t\t\t<\/div>\n\t\t\t\t<\/div>\n\t\t\t\t<div class=\"elementor-element elementor-element-07e76a0 elementor-widget elementor-widget-image\" data-id=\"07e76a0\" data-element_type=\"widget\" data-widget_type=\"image.default\">\n\t\t\t\t<div class=\"elementor-widget-container\">\n\t\t\t\t\t\t\t\t\t\t\t\t\t\t\t<img decoding=\"async\" width=\"300\" height=\"154\" src=\"https:\/\/woche-der-ki.de\/wp-content\/uploads\/2022\/09\/logo-thl-300x154.jpg\" class=\"attachment-medium size-medium wp-image-2325\" alt=\"\" srcset=\"https:\/\/woche-der-ki.de\/wp-content\/uploads\/2022\/09\/logo-thl-300x154.jpg 300w, https:\/\/woche-der-ki.de\/wp-content\/uploads\/2022\/09\/logo-thl-1024x526.jpg 1024w, https:\/\/woche-der-ki.de\/wp-content\/uploads\/2022\/09\/logo-thl-768x395.jpg 768w, https:\/\/woche-der-ki.de\/wp-content\/uploads\/2022\/09\/logo-thl-1536x790.jpg 1536w, https:\/\/woche-der-ki.de\/wp-content\/uploads\/2022\/09\/logo-thl.jpg 1568w\" sizes=\"(max-width: 300px) 100vw, 300px\" \/>\t\t\t\t\t\t\t\t\t\t\t\t\t\t\t<\/div>\n\t\t\t\t<\/div>\n\t\t\t\t\t<\/div>\n\t\t<\/div>\n\t\t\t\t\t<\/div>\n\t\t<\/section>\n\t\t\t\t<\/div>\n\t\t","protected":false},"excerpt":{"rendered":"<p>Mittwoch, 02.11.2022, 09.00&nbsp;\u2013&nbsp;12.30&nbsp;Uhr K\u00fcnstliche Intelligenz selbstgemacht! FRAGEN, FORSCHEN UND BEGREIFEN! KI ist l\u00e4ngst in unserem Alltag angekommen: Eine Suche im Internet, die Spracheingabe beim Navi und auch Spamfilter sind ohne k\u00fcnstliche Intelligenz nicht denkbar. Hinter all diesen Anwendungen steckt maschinelles Lernen, oft mit k\u00fcnstlichen neuronalen Netzen: Computer werden mit vielen Daten \u201egef\u00fcttert\u201c, erlernen anhand dieser [&hellip;]<\/p>\n","protected":false},"author":2,"featured_media":0,"parent":0,"menu_order":0,"comment_status":"closed","ping_status":"closed","template":"","meta":{"footnotes":""},"class_list":["post-2307","page","type-page","status-publish","hentry"],"_links":{"self":[{"href":"https:\/\/woche-der-ki.de\/index.php\/wp-json\/wp\/v2\/pages\/2307","targetHints":{"allow":["GET"]}}],"collection":[{"href":"https:\/\/woche-der-ki.de\/index.php\/wp-json\/wp\/v2\/pages"}],"about":[{"href":"https:\/\/woche-der-ki.de\/index.php\/wp-json\/wp\/v2\/types\/page"}],"author":[{"embeddable":true,"href":"https:\/\/woche-der-ki.de\/index.php\/wp-json\/wp\/v2\/users\/2"}],"replies":[{"embeddable":true,"href":"https:\/\/woche-der-ki.de\/index.php\/wp-json\/wp\/v2\/comments?post=2307"}],"version-history":[{"count":19,"href":"https:\/\/woche-der-ki.de\/index.php\/wp-json\/wp\/v2\/pages\/2307\/revisions"}],"predecessor-version":[{"id":2413,"href":"https:\/\/woche-der-ki.de\/index.php\/wp-json\/wp\/v2\/pages\/2307\/revisions\/2413"}],"wp:attachment":[{"href":"https:\/\/woche-der-ki.de\/index.php\/wp-json\/wp\/v2\/media?parent=2307"}],"curies":[{"name":"wp","href":"https:\/\/api.w.org\/{rel}","templated":true}]}}