{"id":2338,"date":"2022-09-20T15:40:25","date_gmt":"2022-09-20T13:40:25","guid":{"rendered":"https:\/\/woche-der-ki.de\/?page_id=2338"},"modified":"2022-10-31T14:36:49","modified_gmt":"2022-10-31T13:36:49","slug":"gateway49","status":"publish","type":"page","link":"https:\/\/woche-der-ki.de\/index.php\/gateway49\/","title":{"rendered":"GATEWAY49: Start-ups mit KI-Anwendungen"},"content":{"rendered":"\t\t<div data-elementor-type=\"wp-page\" data-elementor-id=\"2338\" class=\"elementor elementor-2338\" data-elementor-post-type=\"page\">\n\t\t\t\t\t\t<section class=\"elementor-section elementor-top-section elementor-element elementor-element-68871bd1 elementor-section-full_width elementor-section-height-default elementor-section-height-default\" data-id=\"68871bd1\" data-element_type=\"section\">\n\t\t\t\t\t\t<div class=\"elementor-container elementor-column-gap-default\">\n\t\t\t\t\t<div class=\"elementor-column elementor-col-33 elementor-top-column elementor-element elementor-element-6d7e1407\" data-id=\"6d7e1407\" data-element_type=\"column\">\n\t\t\t<div class=\"elementor-widget-wrap\">\n\t\t\t\t\t\t\t<\/div>\n\t\t<\/div>\n\t\t\t\t<div class=\"elementor-column elementor-col-33 elementor-top-column elementor-element elementor-element-4f9f2080\" data-id=\"4f9f2080\" data-element_type=\"column\">\n\t\t\t<div class=\"elementor-widget-wrap elementor-element-populated\">\n\t\t\t\t\t\t<div class=\"elementor-element elementor-element-4160840c elementor-widget__width-initial elementor-widget elementor-widget-spacer\" data-id=\"4160840c\" data-element_type=\"widget\" data-widget_type=\"spacer.default\">\n\t\t\t\t<div class=\"elementor-widget-container\">\n\t\t\t\t\t\t\t<div class=\"elementor-spacer\">\n\t\t\t<div class=\"elementor-spacer-inner\"><\/div>\n\t\t<\/div>\n\t\t\t\t\t\t<\/div>\n\t\t\t\t<\/div>\n\t\t\t\t<div class=\"elementor-element elementor-element-9dfa099 elementor-view-default elementor-widget elementor-widget-icon\" data-id=\"9dfa099\" data-element_type=\"widget\" data-widget_type=\"icon.default\">\n\t\t\t\t<div class=\"elementor-widget-container\">\n\t\t\t\t\t\t\t<div class=\"elementor-icon-wrapper\">\n\t\t\t<div class=\"elementor-icon\">\n\t\t\t<i aria-hidden=\"true\" class=\"fas fa-circle\"><\/i>\t\t\t<\/div>\n\t\t<\/div>\n\t\t\t\t\t\t<\/div>\n\t\t\t\t<\/div>\n\t\t\t\t\t<\/div>\n\t\t<\/div>\n\t\t\t\t<div class=\"elementor-column elementor-col-33 elementor-top-column elementor-element elementor-element-211a9b71\" data-id=\"211a9b71\" data-element_type=\"column\">\n\t\t\t<div class=\"elementor-widget-wrap\">\n\t\t\t\t\t\t\t<\/div>\n\t\t<\/div>\n\t\t\t\t\t<\/div>\n\t\t<\/section>\n\t\t\t\t<section class=\"elementor-section elementor-top-section elementor-element elementor-element-482a0cc elementor-section-boxed elementor-section-height-default elementor-section-height-default\" data-id=\"482a0cc\" data-element_type=\"section\">\n\t\t\t\t\t\t<div class=\"elementor-container elementor-column-gap-default\">\n\t\t\t\t\t<div class=\"elementor-column elementor-col-100 elementor-top-column elementor-element elementor-element-8ba3176\" data-id=\"8ba3176\" data-element_type=\"column\">\n\t\t\t<div class=\"elementor-widget-wrap elementor-element-populated\">\n\t\t\t\t\t\t<div class=\"elementor-element elementor-element-8bec395 elementor-widget elementor-widget-heading\" data-id=\"8bec395\" data-element_type=\"widget\" data-settings=\"{&quot;_animation&quot;:&quot;none&quot;}\" data-widget_type=\"heading.default\">\n\t\t\t\t<div class=\"elementor-widget-container\">\n\t\t\t\t\t<h1 class=\"elementor-heading-title elementor-size-default\">Dienstag, 01.11.2022, 15.00-17.00Uhr<\/h1>\t\t\t\t<\/div>\n\t\t\t\t<\/div>\n\t\t\t\t<div class=\"elementor-element elementor-element-0824923 elementor-widget elementor-widget-heading\" data-id=\"0824923\" data-element_type=\"widget\" data-settings=\"{&quot;_animation&quot;:&quot;none&quot;}\" data-widget_type=\"heading.default\">\n\t\t\t\t<div class=\"elementor-widget-container\">\n\t\t\t\t\t<h2 class=\"elementor-heading-title elementor-size-default\">GATEWAY49: Start-ups mit KI-Anwendungen\n\n<\/h2>\t\t\t\t<\/div>\n\t\t\t\t<\/div>\n\t\t\t\t<div class=\"elementor-element elementor-element-4d2ed6c elementor-widget elementor-widget-text-editor\" data-id=\"4d2ed6c\" data-element_type=\"widget\" data-widget_type=\"text-editor.default\">\n\t\t\t\t<div class=\"elementor-widget-container\">\n\t\t\t\t\t\t\t\t\t<p>Der Begriff k\u00fcnstliche Intelligenz, kurz KI, ist h\u00e4ufig durch bestimmte Vorstellungen gepr\u00e4gt wie Schach-Computer oder autonome Roboter und ist gedanklich eher im Bereich der Fiktion oder der Forschung verankert, als im eigenen Alltag. An diesem Nachmittag k\u00f6nnen alle Interessierten in den R\u00e4umen des GATEWAY49 StartUp Accelerators mehr dar\u00fcber erfahren, auf welch unterschiedliche Weise KI schon heute ganz praktisch zum Einsatz kommt und an welchen Anwendungen f\u00fcr morgen bereits gearbeitet wird. StartUps aus der Region zeigen in kurzen Vortr\u00e4gen und Demonstrationen wie KI ihnen dabei hilft, ihre Innovationen umzusetzen.<\/p><p><strong>Agenda:<br \/><\/strong><\/p><ul style=\"font-weight: 400;\"><li>Vorstellung des GATEWAY49 Accelerator Programms und \u00dcberblick \u00fcber KI-Teams aus den vergangenen Batches<\/li><li>5-10 Minuten Vorstellungen der Teams, gezielt zu ihrer KI-Anwendungen, ggf. mit Demonstration. Mit dabei<br \/>&#8211; KONVOI (online)<br \/>&#8211; Sustomer<br \/>&#8211; EchoScout<\/li><li>Ausklang mit Getr\u00e4nken, Gespr\u00e4che mit Teams und Besuchern\u00a0\u00a0\u00a0 \u00a0<\/li><\/ul><p><b><\/b><strong>Veranstalter: <\/strong>TZL \/ Gateway49<\/p><p><strong>Art der Veranstaltung: <\/strong>Vortrag &amp; Diskussion (Hybrid = Pr\u00e4senz mit online-\u00dcbertragung)<br \/>\u00f6ffentliche Veranstaltung<\/p><p><strong>Zielgruppe:\u00a0<\/strong>KI-Experten \/ Anwender \/ Mittelstand<\/p><p><strong>Anmeldung: <\/strong><b>Ja<\/b>, an <a href=\"mailto:nils.eckardt@gateway49.com\" target=\"_blank\" rel=\"noopener\"><b>nils.eckardt@gateway49.com<\/b><\/a><b>, <\/b>begrenzte Anzahl an Pl\u00e4tzen<\/p><p><strong style=\"font-family: var( --e-global-typography-text-font-family ), Sans-serif; font-size: var( --e-global-typography-text-font-size );\">Ort: <\/strong>Hanse Innovation Campus L\u00fcbeck, GATEWAY49-Hub, Maria-Goeppert-Str. 9a<\/p><p><strong>Kontakt: <\/strong>Nils Eckardt, <a href=\"mailto:nils.eckardt@gateway49.com\" target=\"_blank\" rel=\"noopener\"><b>nils.eckardt@gateway49.com<\/b><\/a><strong><br \/><\/strong><\/p>\t\t\t\t\t\t\t\t<\/div>\n\t\t\t\t<\/div>\n\t\t\t\t<div class=\"elementor-element elementor-element-07e76a0 elementor-widget elementor-widget-image\" data-id=\"07e76a0\" data-element_type=\"widget\" data-widget_type=\"image.default\">\n\t\t\t\t<div class=\"elementor-widget-container\">\n\t\t\t\t\t\t\t\t\t\t\t\t\t\t\t<img decoding=\"async\" width=\"300\" height=\"71\" src=\"https:\/\/woche-der-ki.de\/wp-content\/uploads\/2022\/09\/tzl-gateway49-300x71.jpg\" class=\"attachment-medium size-medium wp-image-2341\" alt=\"\" srcset=\"https:\/\/woche-der-ki.de\/wp-content\/uploads\/2022\/09\/tzl-gateway49-300x71.jpg 300w, https:\/\/woche-der-ki.de\/wp-content\/uploads\/2022\/09\/tzl-gateway49.jpg 460w\" sizes=\"(max-width: 300px) 100vw, 300px\" \/>\t\t\t\t\t\t\t\t\t\t\t\t\t\t\t<\/div>\n\t\t\t\t<\/div>\n\t\t\t\t\t<\/div>\n\t\t<\/div>\n\t\t\t\t\t<\/div>\n\t\t<\/section>\n\t\t\t\t<\/div>\n\t\t","protected":false},"excerpt":{"rendered":"<p>Dienstag, 01.11.2022, 15.00-17.00Uhr GATEWAY49: Start-ups mit KI-Anwendungen Der Begriff k\u00fcnstliche Intelligenz, kurz KI, ist h\u00e4ufig durch bestimmte Vorstellungen gepr\u00e4gt wie Schach-Computer oder autonome Roboter und ist gedanklich eher im Bereich der Fiktion oder der Forschung verankert, als im eigenen Alltag. An diesem Nachmittag k\u00f6nnen alle Interessierten in den R\u00e4umen des GATEWAY49 StartUp Accelerators mehr dar\u00fcber [&hellip;]<\/p>\n","protected":false},"author":2,"featured_media":0,"parent":0,"menu_order":0,"comment_status":"closed","ping_status":"closed","template":"","meta":{"footnotes":""},"class_list":["post-2338","page","type-page","status-publish","hentry"],"_links":{"self":[{"href":"https:\/\/woche-der-ki.de\/index.php\/wp-json\/wp\/v2\/pages\/2338","targetHints":{"allow":["GET"]}}],"collection":[{"href":"https:\/\/woche-der-ki.de\/index.php\/wp-json\/wp\/v2\/pages"}],"about":[{"href":"https:\/\/woche-der-ki.de\/index.php\/wp-json\/wp\/v2\/types\/page"}],"author":[{"embeddable":true,"href":"https:\/\/woche-der-ki.de\/index.php\/wp-json\/wp\/v2\/users\/2"}],"replies":[{"embeddable":true,"href":"https:\/\/woche-der-ki.de\/index.php\/wp-json\/wp\/v2\/comments?post=2338"}],"version-history":[{"count":35,"href":"https:\/\/woche-der-ki.de\/index.php\/wp-json\/wp\/v2\/pages\/2338\/revisions"}],"predecessor-version":[{"id":4468,"href":"https:\/\/woche-der-ki.de\/index.php\/wp-json\/wp\/v2\/pages\/2338\/revisions\/4468"}],"wp:attachment":[{"href":"https:\/\/woche-der-ki.de\/index.php\/wp-json\/wp\/v2\/media?parent=2338"}],"curies":[{"name":"wp","href":"https:\/\/api.w.org\/{rel}","templated":true}]}}