{"id":2345,"date":"2022-09-20T15:56:05","date_gmt":"2022-09-20T13:56:05","guid":{"rendered":"https:\/\/woche-der-ki.de\/?page_id=2345"},"modified":"2022-11-01T17:04:30","modified_gmt":"2022-11-01T16:04:30","slug":"tzl-akademie-do-it-yourself-ki","status":"publish","type":"page","link":"https:\/\/woche-der-ki.de\/index.php\/tzl-akademie-do-it-yourself-ki\/","title":{"rendered":"\u201eDo it yourself &#8211; KI\u201c &#8211; AN OPEN INNOVATION WORKSHOP"},"content":{"rendered":"\t\t<div data-elementor-type=\"wp-page\" data-elementor-id=\"2345\" class=\"elementor elementor-2345\" data-elementor-post-type=\"page\">\n\t\t\t\t\t\t<section class=\"elementor-section elementor-top-section elementor-element elementor-element-68871bd1 elementor-section-full_width elementor-section-height-default elementor-section-height-default\" data-id=\"68871bd1\" data-element_type=\"section\">\n\t\t\t\t\t\t<div class=\"elementor-container elementor-column-gap-default\">\n\t\t\t\t\t<div class=\"elementor-column elementor-col-33 elementor-top-column elementor-element elementor-element-6d7e1407\" data-id=\"6d7e1407\" data-element_type=\"column\">\n\t\t\t<div class=\"elementor-widget-wrap\">\n\t\t\t\t\t\t\t<\/div>\n\t\t<\/div>\n\t\t\t\t<div class=\"elementor-column elementor-col-33 elementor-top-column elementor-element elementor-element-4f9f2080\" data-id=\"4f9f2080\" data-element_type=\"column\">\n\t\t\t<div class=\"elementor-widget-wrap elementor-element-populated\">\n\t\t\t\t\t\t<div class=\"elementor-element elementor-element-4160840c elementor-widget__width-initial elementor-widget elementor-widget-spacer\" data-id=\"4160840c\" data-element_type=\"widget\" data-widget_type=\"spacer.default\">\n\t\t\t\t<div class=\"elementor-widget-container\">\n\t\t\t\t\t\t\t<div class=\"elementor-spacer\">\n\t\t\t<div class=\"elementor-spacer-inner\"><\/div>\n\t\t<\/div>\n\t\t\t\t\t\t<\/div>\n\t\t\t\t<\/div>\n\t\t\t\t<div class=\"elementor-element elementor-element-9dfa099 elementor-view-default elementor-widget elementor-widget-icon\" data-id=\"9dfa099\" data-element_type=\"widget\" data-widget_type=\"icon.default\">\n\t\t\t\t<div class=\"elementor-widget-container\">\n\t\t\t\t\t\t\t<div class=\"elementor-icon-wrapper\">\n\t\t\t<div class=\"elementor-icon\">\n\t\t\t<i aria-hidden=\"true\" class=\"fas fa-circle\"><\/i>\t\t\t<\/div>\n\t\t<\/div>\n\t\t\t\t\t\t<\/div>\n\t\t\t\t<\/div>\n\t\t\t\t\t<\/div>\n\t\t<\/div>\n\t\t\t\t<div class=\"elementor-column elementor-col-33 elementor-top-column elementor-element elementor-element-211a9b71\" data-id=\"211a9b71\" data-element_type=\"column\">\n\t\t\t<div class=\"elementor-widget-wrap\">\n\t\t\t\t\t\t\t<\/div>\n\t\t<\/div>\n\t\t\t\t\t<\/div>\n\t\t<\/section>\n\t\t\t\t<section class=\"elementor-section elementor-top-section elementor-element elementor-element-482a0cc elementor-section-boxed elementor-section-height-default elementor-section-height-default\" data-id=\"482a0cc\" data-element_type=\"section\">\n\t\t\t\t\t\t<div class=\"elementor-container elementor-column-gap-default\">\n\t\t\t\t\t<div class=\"elementor-column elementor-col-100 elementor-top-column elementor-element elementor-element-8ba3176\" data-id=\"8ba3176\" data-element_type=\"column\">\n\t\t\t<div class=\"elementor-widget-wrap elementor-element-populated\">\n\t\t\t\t\t\t<div class=\"elementor-element elementor-element-8bec395 elementor-widget elementor-widget-heading\" data-id=\"8bec395\" data-element_type=\"widget\" data-settings=\"{&quot;_animation&quot;:&quot;none&quot;}\" data-widget_type=\"heading.default\">\n\t\t\t\t<div class=\"elementor-widget-container\">\n\t\t\t\t\t<h1 class=\"elementor-heading-title elementor-size-default\">Mittwoch, 02.11.2022, 14:00-15:30Uhr<\/h1>\t\t\t\t<\/div>\n\t\t\t\t<\/div>\n\t\t\t\t<div class=\"elementor-element elementor-element-0824923 elementor-widget elementor-widget-heading\" data-id=\"0824923\" data-element_type=\"widget\" data-settings=\"{&quot;_animation&quot;:&quot;none&quot;}\" data-widget_type=\"heading.default\">\n\t\t\t\t<div class=\"elementor-widget-container\">\n\t\t\t\t\t<h2 class=\"elementor-heading-title elementor-size-default\">\u201eDo it yourself - KI\u201c - AN OPEN INNOVATION WORKSHOP\n\n<\/h2>\t\t\t\t<\/div>\n\t\t\t\t<\/div>\n\t\t\t\t<div class=\"elementor-element elementor-element-4d2ed6c elementor-widget elementor-widget-text-editor\" data-id=\"4d2ed6c\" data-element_type=\"widget\" data-widget_type=\"text-editor.default\">\n\t\t\t\t<div class=\"elementor-widget-container\">\n\t\t\t\t\t\t\t\t\t<p>Oft h\u00f6rt man bei verschiedenen Anwendungen den Begriff \u201eKI-unterst\u00fctzt\u201c oder \u201eauf Basis von KI-Algorithmen\u201c ohne sich konkret etwas darunter vorstellen zu k\u00f6nnen. Das m\u00f6chten wir in diesem StartUp SH Open Innovation Workshop \u00e4ndern. Zur Teilnahme brauchst du nur einen Laptop (ohne besondere Hardware-Anforderungen, nur internetf\u00e4hig sollte er sein) und dein Smartphone. Im Workshop zeigen wir dir, wie du mit dem Handy Gesten aufnimmst, diese von einem Modell klassifizieren l\u00e4sst und abschlie\u00dfend eine automatische Erkennung startest und direkt testen kannst, wie gut das trainierte Modell funktioniert.<\/p><p><strong><br \/>Veranstalter: <\/strong>TZL<\/p><p><strong>Art der Veranstaltung: <\/strong>Workshop, \u00f6ffentliche Veranstaltung<\/p><p><strong>Zielgruppe: <\/strong>KI-Interessierte, Start-ups, Gr\u00fcndungsinteressierte<\/p><p><strong>Anmeldung: <\/strong><b>Ja<\/b>, an <a href=\"mailto:gabrecht@tzl.de\" target=\"_blank\" rel=\"noopener\"><b>gabrecht@tzl.de<\/b><\/a>, begrenzte Anzahl an Pl\u00e4tzen<\/p><p><strong style=\"font-family: var( --e-global-typography-text-font-family ), Sans-serif; font-size: var( --e-global-typography-text-font-size );\">Ort: <\/strong>Hanse Innovation Campus L\u00fcbeck, TZL CoWorking Space im MFC-1, Maria-Goeppert-Stra\u00dfe 1<\/p><p><strong>Kontakt: <\/strong>Marco Gabrecht, <a href=\"mailto:gabrecht@tzl.de\" target=\"_blank\" rel=\"noopener\"><b>gabrecht@tzl.de<\/b><\/a><strong><br \/><\/strong><\/p>\t\t\t\t\t\t\t\t<\/div>\n\t\t\t\t<\/div>\n\t\t\t\t<div class=\"elementor-element elementor-element-07e76a0 elementor-widget elementor-widget-image\" data-id=\"07e76a0\" data-element_type=\"widget\" data-widget_type=\"image.default\">\n\t\t\t\t<div class=\"elementor-widget-container\">\n\t\t\t\t\t\t\t\t\t\t\t\t\t\t\t<img decoding=\"async\" width=\"300\" height=\"109\" src=\"https:\/\/woche-der-ki.de\/wp-content\/uploads\/2022\/09\/ALL_TZL-Logo_blau-freigestellt-300x109.png\" class=\"attachment-medium size-medium wp-image-2340\" alt=\"\" srcset=\"https:\/\/woche-der-ki.de\/wp-content\/uploads\/2022\/09\/ALL_TZL-Logo_blau-freigestellt-300x109.png 300w, https:\/\/woche-der-ki.de\/wp-content\/uploads\/2022\/09\/ALL_TZL-Logo_blau-freigestellt-1024x372.png 1024w, https:\/\/woche-der-ki.de\/wp-content\/uploads\/2022\/09\/ALL_TZL-Logo_blau-freigestellt-768x279.png 768w, https:\/\/woche-der-ki.de\/wp-content\/uploads\/2022\/09\/ALL_TZL-Logo_blau-freigestellt.png 1254w\" sizes=\"(max-width: 300px) 100vw, 300px\" \/>\t\t\t\t\t\t\t\t\t\t\t\t\t\t\t<\/div>\n\t\t\t\t<\/div>\n\t\t\t\t\t<\/div>\n\t\t<\/div>\n\t\t\t\t\t<\/div>\n\t\t<\/section>\n\t\t\t\t<\/div>\n\t\t","protected":false},"excerpt":{"rendered":"<p>Mittwoch, 02.11.2022, 14:00-15:30Uhr \u201eDo it yourself &#8211; KI\u201c &#8211; AN OPEN INNOVATION WORKSHOP Oft h\u00f6rt man bei verschiedenen Anwendungen den Begriff \u201eKI-unterst\u00fctzt\u201c oder \u201eauf Basis von KI-Algorithmen\u201c ohne sich konkret etwas darunter vorstellen zu k\u00f6nnen. Das m\u00f6chten wir in diesem StartUp SH Open Innovation Workshop \u00e4ndern. Zur Teilnahme brauchst du nur einen Laptop (ohne besondere [&hellip;]<\/p>\n","protected":false},"author":2,"featured_media":0,"parent":0,"menu_order":0,"comment_status":"closed","ping_status":"closed","template":"","meta":{"footnotes":""},"class_list":["post-2345","page","type-page","status-publish","hentry"],"_links":{"self":[{"href":"https:\/\/woche-der-ki.de\/index.php\/wp-json\/wp\/v2\/pages\/2345","targetHints":{"allow":["GET"]}}],"collection":[{"href":"https:\/\/woche-der-ki.de\/index.php\/wp-json\/wp\/v2\/pages"}],"about":[{"href":"https:\/\/woche-der-ki.de\/index.php\/wp-json\/wp\/v2\/types\/page"}],"author":[{"embeddable":true,"href":"https:\/\/woche-der-ki.de\/index.php\/wp-json\/wp\/v2\/users\/2"}],"replies":[{"embeddable":true,"href":"https:\/\/woche-der-ki.de\/index.php\/wp-json\/wp\/v2\/comments?post=2345"}],"version-history":[{"count":20,"href":"https:\/\/woche-der-ki.de\/index.php\/wp-json\/wp\/v2\/pages\/2345\/revisions"}],"predecessor-version":[{"id":2837,"href":"https:\/\/woche-der-ki.de\/index.php\/wp-json\/wp\/v2\/pages\/2345\/revisions\/2837"}],"wp:attachment":[{"href":"https:\/\/woche-der-ki.de\/index.php\/wp-json\/wp\/v2\/media?parent=2345"}],"curies":[{"name":"wp","href":"https:\/\/api.w.org\/{rel}","templated":true}]}}