{"id":2420,"date":"2022-09-27T18:03:35","date_gmt":"2022-09-27T16:03:35","guid":{"rendered":"https:\/\/woche-der-ki.de\/?page_id=2420"},"modified":"2022-10-11T13:59:23","modified_gmt":"2022-10-11T11:59:23","slug":"podiumsdiskussion-ki-und-prazisionsmedizin","status":"publish","type":"page","link":"https:\/\/woche-der-ki.de\/index.php\/podiumsdiskussion-ki-und-prazisionsmedizin\/","title":{"rendered":"Podiumsdiskussion \u201eKI und Pr\u00e4zisionsmedizin: Chancen und Herausforderungen\u201c"},"content":{"rendered":"\t\t<div data-elementor-type=\"wp-page\" data-elementor-id=\"2420\" class=\"elementor elementor-2420\" data-elementor-post-type=\"page\">\n\t\t\t\t\t\t<section class=\"elementor-section elementor-top-section elementor-element elementor-element-68871bd1 elementor-section-full_width elementor-section-height-default elementor-section-height-default\" data-id=\"68871bd1\" data-element_type=\"section\">\n\t\t\t\t\t\t<div class=\"elementor-container elementor-column-gap-default\">\n\t\t\t\t\t<div class=\"elementor-column elementor-col-33 elementor-top-column elementor-element elementor-element-6d7e1407\" data-id=\"6d7e1407\" data-element_type=\"column\">\n\t\t\t<div class=\"elementor-widget-wrap\">\n\t\t\t\t\t\t\t<\/div>\n\t\t<\/div>\n\t\t\t\t<div class=\"elementor-column elementor-col-33 elementor-top-column elementor-element elementor-element-4f9f2080\" data-id=\"4f9f2080\" data-element_type=\"column\">\n\t\t\t<div class=\"elementor-widget-wrap elementor-element-populated\">\n\t\t\t\t\t\t<div class=\"elementor-element elementor-element-4160840c elementor-widget__width-initial elementor-widget elementor-widget-spacer\" data-id=\"4160840c\" data-element_type=\"widget\" data-widget_type=\"spacer.default\">\n\t\t\t\t<div class=\"elementor-widget-container\">\n\t\t\t\t\t\t\t<div class=\"elementor-spacer\">\n\t\t\t<div class=\"elementor-spacer-inner\"><\/div>\n\t\t<\/div>\n\t\t\t\t\t\t<\/div>\n\t\t\t\t<\/div>\n\t\t\t\t<div class=\"elementor-element elementor-element-9dfa099 elementor-view-default elementor-widget elementor-widget-icon\" data-id=\"9dfa099\" data-element_type=\"widget\" data-widget_type=\"icon.default\">\n\t\t\t\t<div class=\"elementor-widget-container\">\n\t\t\t\t\t\t\t<div class=\"elementor-icon-wrapper\">\n\t\t\t<div class=\"elementor-icon\">\n\t\t\t<i aria-hidden=\"true\" class=\"fas fa-circle\"><\/i>\t\t\t<\/div>\n\t\t<\/div>\n\t\t\t\t\t\t<\/div>\n\t\t\t\t<\/div>\n\t\t\t\t\t<\/div>\n\t\t<\/div>\n\t\t\t\t<div class=\"elementor-column elementor-col-33 elementor-top-column elementor-element elementor-element-211a9b71\" data-id=\"211a9b71\" data-element_type=\"column\">\n\t\t\t<div class=\"elementor-widget-wrap\">\n\t\t\t\t\t\t\t<\/div>\n\t\t<\/div>\n\t\t\t\t\t<\/div>\n\t\t<\/section>\n\t\t\t\t<section class=\"elementor-section elementor-top-section elementor-element elementor-element-482a0cc elementor-section-boxed elementor-section-height-default elementor-section-height-default\" data-id=\"482a0cc\" data-element_type=\"section\">\n\t\t\t\t\t\t<div class=\"elementor-container elementor-column-gap-default\">\n\t\t\t\t\t<div class=\"elementor-column elementor-col-100 elementor-top-column elementor-element elementor-element-8ba3176\" data-id=\"8ba3176\" data-element_type=\"column\">\n\t\t\t<div class=\"elementor-widget-wrap elementor-element-populated\">\n\t\t\t\t\t\t<div class=\"elementor-element elementor-element-8bec395 elementor-widget elementor-widget-heading\" data-id=\"8bec395\" data-element_type=\"widget\" data-settings=\"{&quot;_animation&quot;:&quot;none&quot;}\" data-widget_type=\"heading.default\">\n\t\t\t\t<div class=\"elementor-widget-container\">\n\t\t\t\t\t<h1 class=\"elementor-heading-title elementor-size-default\">Donnerstag, 03.11.2022, 14.00&nbsp;\u2013&nbsp;16.00&nbsp;Uhr<\/h1>\t\t\t\t<\/div>\n\t\t\t\t<\/div>\n\t\t\t\t<div class=\"elementor-element elementor-element-0824923 elementor-widget elementor-widget-heading\" data-id=\"0824923\" data-element_type=\"widget\" data-settings=\"{&quot;_animation&quot;:&quot;none&quot;}\" data-widget_type=\"heading.default\">\n\t\t\t\t<div class=\"elementor-widget-container\">\n\t\t\t\t\t<h2 class=\"elementor-heading-title elementor-size-default\">Podiumsdiskussion \u201eKI und Pr\u00e4zisionsmedizin: Chancen und Herausforderungen\u201c<\/h2>\t\t\t\t<\/div>\n\t\t\t\t<\/div>\n\t\t\t\t<div class=\"elementor-element elementor-element-4d2ed6c elementor-widget elementor-widget-text-editor\" data-id=\"4d2ed6c\" data-element_type=\"widget\" data-widget_type=\"text-editor.default\">\n\t\t\t\t<div class=\"elementor-widget-container\">\n\t\t\t\t\t\t\t\t\t<p>\u00d6ffentliche Veranstaltung mit <strong><a href=\"https:\/\/www.eventbrite.co.uk\/e\/ki-und-prazisionsmedizin-chancen-und-herausforderungen-tickets-432525053077\">Anmeldung<\/a><\/strong><\/p><p><strong>Veranstalter: <\/strong>DFKI (Prof. Dr. Ralf M\u00f6ller), Fraunhofer IMTE (Prof. Dr. Philipp Rostalski), Lifescience Nord (Regina Maria Abendroth), Staatskanzlei Kiel<\/p><p><strong>Art der Veranstaltung: <\/strong>Podiumsdiskussion<\/p><p><strong>Ort: <\/strong>Media Docks, Willy-Brandt-Allee 31, 23554 L\u00fcbeck, Einlass ab 13.30 Uhr<\/p><p><strong>Moderatoren:<\/strong>\u00a0Prof. Dr. Ralf M\u00f6ller (DFKI, Universit\u00e4t zu L\u00fcbeck) und Philipp Rostalski (IMTE, Universit\u00e4t zu L\u00fcbeck)<\/p><p><strong>Ziele:\u00a0<\/strong><\/p><ul><li>Weiterentwicklung des Dreigestirns \u201eDigitalisierung\/Data Science\u201c, \u201eK\u00fcnstliche Intelligenz\u201c und \u201eMedizintechnik\u201c in der Pr\u00e4zisionsmedizin<\/li><li>St\u00e4rkung und Ausbau neuer Gesch\u00e4ftsentwicklungen in der Pr\u00e4zisionsmedizin, Gestaltung neuer Gesch\u00e4ftsfelder in Schleswig-Holstein<\/li><li>Beteiligung des Gesundheitssystems, der Forschungszentren, KMUs &amp; Industrie sowie des UKSH und der Universit\u00e4t zu L\u00fcbeck<\/li><li>Kooperative Gestaltung der Zusammenarbeit in m\u00f6glichen Konsortien zur Beantragung von F\u00f6rdermitteln\u00a0 \u00a0<br \/>\u00a0 \u00a0<\/li><\/ul><p><strong>Podiumsteilnehmer<\/strong> mit Impulsvortr\u00e4gen (5 min pro Sprecher):<\/p><ul><li>Prof. Dr. Heinz Handels, DFKI<\/li><li>Prof. Dr. Torsten Buzug, IMTE\u00a0\u00a0\u00a0\u00a0<br \/>\u00a0 \u00a0<\/li><li>Frank Franz, Dr\u00e4gerwerk AG &amp; Co. KGaA<\/li><li>Dr. Ralf Lay, Basler AG<\/li><li>Delia Strunz, Johnson&amp;Johnson\u00a0<\/li><li>Alexander Unger, AstraZeneca<br \/>\u00a0 \u00a0 \u00a0 \u00a0<\/li><li>Prof. Dr. Hauke Busch, UKSH<\/li><li>Prof. Dr. Cyrus Khandanpour, UKSH<\/li><li>Prof. Dr. Gabriela Riemekasten, UKSH\u00a0<br \/>\u00a0 \u00a0<\/li><\/ul><p>In der Diskussion k\u00f6nnen alle Teilnehmer Fragen zu den Impulsvortr\u00e4gen stellen und Gedanken in die Diskussion zum Thema einbringen. Es wird Gelegenheit zur Vernetzung in der Kaffeepause gegeben.<\/p><p><a href=\"https:\/\/www.eventbrite.co.uk\/e\/ki-und-prazisionsmedizin-chancen-und-herausforderungen-tickets-432525053077\" target=\"_blank\" rel=\"noopener\"><b>ANMELDUNG<\/b><\/a><\/p>\t\t\t\t\t\t\t\t<\/div>\n\t\t\t\t<\/div>\n\t\t\t\t\t<\/div>\n\t\t<\/div>\n\t\t\t\t\t<\/div>\n\t\t<\/section>\n\t\t\t\t<\/div>\n\t\t","protected":false},"excerpt":{"rendered":"<p>Donnerstag, 03.11.2022, 14.00&nbsp;\u2013&nbsp;16.00&nbsp;Uhr Podiumsdiskussion \u201eKI und Pr\u00e4zisionsmedizin: Chancen und Herausforderungen\u201c \u00d6ffentliche Veranstaltung mit Anmeldung Veranstalter: DFKI (Prof. Dr. Ralf M\u00f6ller), Fraunhofer IMTE (Prof. Dr. Philipp Rostalski), Lifescience Nord (Regina Maria Abendroth), Staatskanzlei Kiel Art der Veranstaltung: Podiumsdiskussion Ort: Media Docks, Willy-Brandt-Allee 31, 23554 L\u00fcbeck, Einlass ab 13.30 Uhr Moderatoren:\u00a0Prof. Dr. Ralf M\u00f6ller (DFKI, Universit\u00e4t zu [&hellip;]<\/p>\n","protected":false},"author":2,"featured_media":0,"parent":0,"menu_order":0,"comment_status":"closed","ping_status":"closed","template":"","meta":{"footnotes":""},"class_list":["post-2420","page","type-page","status-publish","hentry"],"_links":{"self":[{"href":"https:\/\/woche-der-ki.de\/index.php\/wp-json\/wp\/v2\/pages\/2420","targetHints":{"allow":["GET"]}}],"collection":[{"href":"https:\/\/woche-der-ki.de\/index.php\/wp-json\/wp\/v2\/pages"}],"about":[{"href":"https:\/\/woche-der-ki.de\/index.php\/wp-json\/wp\/v2\/types\/page"}],"author":[{"embeddable":true,"href":"https:\/\/woche-der-ki.de\/index.php\/wp-json\/wp\/v2\/users\/2"}],"replies":[{"embeddable":true,"href":"https:\/\/woche-der-ki.de\/index.php\/wp-json\/wp\/v2\/comments?post=2420"}],"version-history":[{"count":28,"href":"https:\/\/woche-der-ki.de\/index.php\/wp-json\/wp\/v2\/pages\/2420\/revisions"}],"predecessor-version":[{"id":2657,"href":"https:\/\/woche-der-ki.de\/index.php\/wp-json\/wp\/v2\/pages\/2420\/revisions\/2657"}],"wp:attachment":[{"href":"https:\/\/woche-der-ki.de\/index.php\/wp-json\/wp\/v2\/media?parent=2420"}],"curies":[{"name":"wp","href":"https:\/\/api.w.org\/{rel}","templated":true}]}}