{"id":2430,"date":"2022-09-27T18:10:23","date_gmt":"2022-09-27T16:10:23","guid":{"rendered":"https:\/\/woche-der-ki.de\/?page_id=2430"},"modified":"2022-10-17T19:40:18","modified_gmt":"2022-10-17T17:40:18","slug":"kluge-kopfe-probabilistische-graphische-modelle-in-der-ki","status":"publish","type":"page","link":"https:\/\/woche-der-ki.de\/index.php\/kluge-kopfe-probabilistische-graphische-modelle-in-der-ki\/","title":{"rendered":"\u201eKluge K\u00f6pfe \u2013 Probabilistische Graphische Modelle in der KI\u201c"},"content":{"rendered":"\t\t<div data-elementor-type=\"wp-page\" data-elementor-id=\"2430\" class=\"elementor elementor-2430\" data-elementor-post-type=\"page\">\n\t\t\t\t\t\t<section class=\"elementor-section elementor-top-section elementor-element elementor-element-68871bd1 elementor-section-full_width elementor-section-height-default elementor-section-height-default\" data-id=\"68871bd1\" data-element_type=\"section\">\n\t\t\t\t\t\t<div class=\"elementor-container elementor-column-gap-default\">\n\t\t\t\t\t<div class=\"elementor-column elementor-col-33 elementor-top-column elementor-element elementor-element-6d7e1407\" data-id=\"6d7e1407\" data-element_type=\"column\">\n\t\t\t<div class=\"elementor-widget-wrap\">\n\t\t\t\t\t\t\t<\/div>\n\t\t<\/div>\n\t\t\t\t<div class=\"elementor-column elementor-col-33 elementor-top-column elementor-element elementor-element-4f9f2080\" data-id=\"4f9f2080\" data-element_type=\"column\">\n\t\t\t<div class=\"elementor-widget-wrap elementor-element-populated\">\n\t\t\t\t\t\t<div class=\"elementor-element elementor-element-4160840c elementor-widget__width-initial elementor-widget elementor-widget-spacer\" data-id=\"4160840c\" data-element_type=\"widget\" data-widget_type=\"spacer.default\">\n\t\t\t\t<div class=\"elementor-widget-container\">\n\t\t\t\t\t\t\t<div class=\"elementor-spacer\">\n\t\t\t<div class=\"elementor-spacer-inner\"><\/div>\n\t\t<\/div>\n\t\t\t\t\t\t<\/div>\n\t\t\t\t<\/div>\n\t\t\t\t<div class=\"elementor-element elementor-element-9dfa099 elementor-view-default elementor-widget elementor-widget-icon\" data-id=\"9dfa099\" data-element_type=\"widget\" data-widget_type=\"icon.default\">\n\t\t\t\t<div class=\"elementor-widget-container\">\n\t\t\t\t\t\t\t<div class=\"elementor-icon-wrapper\">\n\t\t\t<div class=\"elementor-icon\">\n\t\t\t<i aria-hidden=\"true\" class=\"fas fa-circle\"><\/i>\t\t\t<\/div>\n\t\t<\/div>\n\t\t\t\t\t\t<\/div>\n\t\t\t\t<\/div>\n\t\t\t\t\t<\/div>\n\t\t<\/div>\n\t\t\t\t<div class=\"elementor-column elementor-col-33 elementor-top-column elementor-element elementor-element-211a9b71\" data-id=\"211a9b71\" data-element_type=\"column\">\n\t\t\t<div class=\"elementor-widget-wrap\">\n\t\t\t\t\t\t\t<\/div>\n\t\t<\/div>\n\t\t\t\t\t<\/div>\n\t\t<\/section>\n\t\t\t\t<section class=\"elementor-section elementor-top-section elementor-element elementor-element-482a0cc elementor-section-boxed elementor-section-height-default elementor-section-height-default\" data-id=\"482a0cc\" data-element_type=\"section\">\n\t\t\t\t\t\t<div class=\"elementor-container elementor-column-gap-default\">\n\t\t\t\t\t<div class=\"elementor-column elementor-col-100 elementor-top-column elementor-element elementor-element-8ba3176\" data-id=\"8ba3176\" data-element_type=\"column\">\n\t\t\t<div class=\"elementor-widget-wrap elementor-element-populated\">\n\t\t\t\t\t\t<div class=\"elementor-element elementor-element-8bec395 elementor-widget elementor-widget-heading\" data-id=\"8bec395\" data-element_type=\"widget\" data-settings=\"{&quot;_animation&quot;:&quot;none&quot;}\" data-widget_type=\"heading.default\">\n\t\t\t\t<div class=\"elementor-widget-container\">\n\t\t\t\t\t<h1 class=\"elementor-heading-title elementor-size-default\">Donnerstag, 03.11.2022, 09.00&nbsp;\u2013&nbsp;11.30&nbsp;Uhr<\/h1>\t\t\t\t<\/div>\n\t\t\t\t<\/div>\n\t\t\t\t<div class=\"elementor-element elementor-element-0824923 elementor-widget elementor-widget-heading\" data-id=\"0824923\" data-element_type=\"widget\" data-settings=\"{&quot;_animation&quot;:&quot;none&quot;}\" data-widget_type=\"heading.default\">\n\t\t\t\t<div class=\"elementor-widget-container\">\n\t\t\t\t\t<h2 class=\"elementor-heading-title elementor-size-default\">\u201eKluge K\u00f6pfe \u2013 Probabilistische Graphische Modelle in der KI\u201c\n\n<\/h2>\t\t\t\t<\/div>\n\t\t\t\t<\/div>\n\t\t\t\t<div class=\"elementor-element elementor-element-4d2ed6c elementor-widget elementor-widget-text-editor\" data-id=\"4d2ed6c\" data-element_type=\"widget\" data-widget_type=\"text-editor.default\">\n\t\t\t\t<div class=\"elementor-widget-container\">\n\t\t\t\t\t\t\t\t\t<p><strong>Vortragende: <\/strong>Prof. Dr. Tanya Braun (Uni M\u00fcnster), Dr. Raphael Keusch (ETH Z\u00fcrich)<\/p><p><strong>Ort: <\/strong>Fraunhofer-Einrichtung f\u00fcr Individualisierte und Zellbasierte Medizintechnik IMTE, M\u00f6nkhofer Weg 239a, 23562 L\u00fcbeck<\/p><p><strong>Organisatoren<\/strong>: DFKI (Ralf M\u00f6ller), Fraunhofer IMTE (Philipp Rostalski)<\/p><p><strong>Vortr\u00e4ge:<\/strong><\/p><ul><li><b>The More the Merrier: The Power of Relations for Probabilistic Graphical Models\u00a0<br \/><\/b><p>Prof. Dr. Tanya Braun<\/p><p>Our day-to-day life is characterised by uncertainty that we as humans implicitly deal with. Probabilistic graphical models like Bayesian networks or Markov networks and factor graphs explicitly model these uncertain processes to allow for probabilistic inference. These models however do not have a notion of individuals and relations among them. And our world exists of things related to things like humans connected to humans through family, work, or friendship. Combining probabilistic models with a notion of relations opens up a whole new world of possibilities: on a technical level, it allows for tractable probabilistic inference. Beyond that, it provides exciting new inference problems like asking for the most probable source of an observation and enables to reach meta-goals such as privacy-preserving probabilistic inference. This talk covers how relations help solve known and new problems in probabilistic inference.\u00a0\u00a0<br \/>\u00a0 \u00a0\u00a0<\/p><\/li><li><p><b>Composite NUV Priors for Applications in Constrained Control<\/b><br \/>Dr. Raphael Keusch<\/p><p>Normals with unknown variance (NUV) can represent many useful priors including Lp norms and other sparsifying priors, and they blend well with linear-Gaussian models and Gaussian message passing algorithms. In this talk, we elaborate on discretizing NUV priors and recently proposed NUV representations of half-space constraints and box constraints. We discuss the usefulness of such NUV representations with several exemplary applications in model predictive control. In such applications, the computations boil down to iterations of Kalman-type forward-backward recursions, with a complexity (per iteration) that is linear in the planning horizon. In consequence, this approach can handle long planning horizons, which distinguishes it from the prior art. For nonconvex constraints, this approach has no claim to optimality, but it is empirically very effective.<\/p><\/li><\/ul>\t\t\t\t\t\t\t\t<\/div>\n\t\t\t\t<\/div>\n\t\t\t\t\t<\/div>\n\t\t<\/div>\n\t\t\t\t\t<\/div>\n\t\t<\/section>\n\t\t\t\t<\/div>\n\t\t","protected":false},"excerpt":{"rendered":"<p>Donnerstag, 03.11.2022, 09.00&nbsp;\u2013&nbsp;11.30&nbsp;Uhr \u201eKluge K\u00f6pfe \u2013 Probabilistische Graphische Modelle in der KI\u201c Vortragende: Prof. Dr. Tanya Braun (Uni M\u00fcnster), Dr. Raphael Keusch (ETH Z\u00fcrich) Ort: Fraunhofer-Einrichtung f\u00fcr Individualisierte und Zellbasierte Medizintechnik IMTE, M\u00f6nkhofer Weg 239a, 23562 L\u00fcbeck Organisatoren: DFKI (Ralf M\u00f6ller), Fraunhofer IMTE (Philipp Rostalski) Vortr\u00e4ge: The More the Merrier: The Power of Relations for [&hellip;]<\/p>\n","protected":false},"author":2,"featured_media":0,"parent":0,"menu_order":0,"comment_status":"closed","ping_status":"closed","template":"","meta":{"footnotes":""},"class_list":["post-2430","page","type-page","status-publish","hentry"],"_links":{"self":[{"href":"https:\/\/woche-der-ki.de\/index.php\/wp-json\/wp\/v2\/pages\/2430","targetHints":{"allow":["GET"]}}],"collection":[{"href":"https:\/\/woche-der-ki.de\/index.php\/wp-json\/wp\/v2\/pages"}],"about":[{"href":"https:\/\/woche-der-ki.de\/index.php\/wp-json\/wp\/v2\/types\/page"}],"author":[{"embeddable":true,"href":"https:\/\/woche-der-ki.de\/index.php\/wp-json\/wp\/v2\/users\/2"}],"replies":[{"embeddable":true,"href":"https:\/\/woche-der-ki.de\/index.php\/wp-json\/wp\/v2\/comments?post=2430"}],"version-history":[{"count":11,"href":"https:\/\/woche-der-ki.de\/index.php\/wp-json\/wp\/v2\/pages\/2430\/revisions"}],"predecessor-version":[{"id":3579,"href":"https:\/\/woche-der-ki.de\/index.php\/wp-json\/wp\/v2\/pages\/2430\/revisions\/3579"}],"wp:attachment":[{"href":"https:\/\/woche-der-ki.de\/index.php\/wp-json\/wp\/v2\/media?parent=2430"}],"curies":[{"name":"wp","href":"https:\/\/api.w.org\/{rel}","templated":true}]}}