{"id":2498,"date":"2022-09-30T15:57:55","date_gmt":"2022-09-30T13:57:55","guid":{"rendered":"https:\/\/woche-der-ki.de\/?page_id=2498"},"modified":"2022-09-30T16:09:56","modified_gmt":"2022-09-30T14:09:56","slug":"smart-city-datenschau","status":"publish","type":"page","link":"https:\/\/woche-der-ki.de\/index.php\/smart-city-datenschau\/","title":{"rendered":"Smart City Datenschau"},"content":{"rendered":"\t\t<div data-elementor-type=\"wp-page\" data-elementor-id=\"2498\" class=\"elementor elementor-2498\" data-elementor-post-type=\"page\">\n\t\t\t\t\t\t<section class=\"elementor-section elementor-top-section elementor-element elementor-element-68871bd1 elementor-section-full_width elementor-section-height-default elementor-section-height-default\" data-id=\"68871bd1\" data-element_type=\"section\">\n\t\t\t\t\t\t<div class=\"elementor-container elementor-column-gap-default\">\n\t\t\t\t\t<div class=\"elementor-column elementor-col-33 elementor-top-column elementor-element elementor-element-6d7e1407\" data-id=\"6d7e1407\" data-element_type=\"column\">\n\t\t\t<div class=\"elementor-widget-wrap\">\n\t\t\t\t\t\t\t<\/div>\n\t\t<\/div>\n\t\t\t\t<div class=\"elementor-column elementor-col-33 elementor-top-column elementor-element elementor-element-4f9f2080\" data-id=\"4f9f2080\" data-element_type=\"column\">\n\t\t\t<div class=\"elementor-widget-wrap elementor-element-populated\">\n\t\t\t\t\t\t<div class=\"elementor-element elementor-element-4160840c elementor-widget__width-initial elementor-widget elementor-widget-spacer\" data-id=\"4160840c\" data-element_type=\"widget\" data-widget_type=\"spacer.default\">\n\t\t\t\t<div class=\"elementor-widget-container\">\n\t\t\t\t\t\t\t<div class=\"elementor-spacer\">\n\t\t\t<div class=\"elementor-spacer-inner\"><\/div>\n\t\t<\/div>\n\t\t\t\t\t\t<\/div>\n\t\t\t\t<\/div>\n\t\t\t\t<div class=\"elementor-element elementor-element-9dfa099 elementor-view-default elementor-widget elementor-widget-icon\" data-id=\"9dfa099\" data-element_type=\"widget\" data-widget_type=\"icon.default\">\n\t\t\t\t<div class=\"elementor-widget-container\">\n\t\t\t\t\t\t\t<div class=\"elementor-icon-wrapper\">\n\t\t\t<div class=\"elementor-icon\">\n\t\t\t<i aria-hidden=\"true\" class=\"fas fa-circle\"><\/i>\t\t\t<\/div>\n\t\t<\/div>\n\t\t\t\t\t\t<\/div>\n\t\t\t\t<\/div>\n\t\t\t\t\t<\/div>\n\t\t<\/div>\n\t\t\t\t<div class=\"elementor-column elementor-col-33 elementor-top-column elementor-element elementor-element-211a9b71\" data-id=\"211a9b71\" data-element_type=\"column\">\n\t\t\t<div class=\"elementor-widget-wrap\">\n\t\t\t\t\t\t\t<\/div>\n\t\t<\/div>\n\t\t\t\t\t<\/div>\n\t\t<\/section>\n\t\t\t\t<section class=\"elementor-section elementor-top-section elementor-element elementor-element-482a0cc elementor-section-boxed elementor-section-height-default elementor-section-height-default\" data-id=\"482a0cc\" data-element_type=\"section\">\n\t\t\t\t\t\t<div class=\"elementor-container elementor-column-gap-default\">\n\t\t\t\t\t<div class=\"elementor-column elementor-col-100 elementor-top-column elementor-element elementor-element-8ba3176\" data-id=\"8ba3176\" data-element_type=\"column\">\n\t\t\t<div class=\"elementor-widget-wrap elementor-element-populated\">\n\t\t\t\t\t\t<div class=\"elementor-element elementor-element-8bec395 elementor-widget elementor-widget-heading\" data-id=\"8bec395\" data-element_type=\"widget\" data-settings=\"{&quot;_animation&quot;:&quot;none&quot;}\" data-widget_type=\"heading.default\">\n\t\t\t\t<div class=\"elementor-widget-container\">\n\t\t\t\t\t<h1 class=\"elementor-heading-title elementor-size-default\">Donnerstag, 03.11.2022, 10.00&nbsp;\u2013&nbsp;12.00&nbsp;Uhr<\/h1>\t\t\t\t<\/div>\n\t\t\t\t<\/div>\n\t\t\t\t<div class=\"elementor-element elementor-element-0824923 elementor-widget elementor-widget-heading\" data-id=\"0824923\" data-element_type=\"widget\" data-settings=\"{&quot;_animation&quot;:&quot;none&quot;}\" data-widget_type=\"heading.default\">\n\t\t\t\t<div class=\"elementor-widget-container\">\n\t\t\t\t\t<h2 class=\"elementor-heading-title elementor-size-default\">Smart City Datenschau<\/h2>\t\t\t\t<\/div>\n\t\t\t\t<\/div>\n\t\t\t\t<div class=\"elementor-element elementor-element-4d2ed6c elementor-widget elementor-widget-text-editor\" data-id=\"4d2ed6c\" data-element_type=\"widget\" data-widget_type=\"text-editor.default\">\n\t\t\t\t<div class=\"elementor-widget-container\">\n\t\t\t\t\t\t\t\t\t<p>\u00d6ffentliche Veranstaltung<\/p><p><strong>Veranstalter: <\/strong>EnergieCluster Digitales L\u00fcbeck e.V. &amp; KI-Transfer-Hub SH<\/p><p><strong>Art der Veranstaltung: <\/strong>Workshop<\/p><p><strong>Ort: <\/strong>Hanse Innovation Campus L\u00fcbeck, FabLab L\u00fcbeck, Maria-Goeppert-Stra\u00dfe 9a<\/p><p><strong>Anmeldung: <\/strong><b>Ja,<\/b> per Mail an <a href=\"mailto:Patrick.Liebmann@energiecluster-luebeck.de\"><b>Patrick.Liebmann@energiecluster-luebeck.de<\/b><\/a><\/p><p><strong>Max. Zahl der Teilnehmenden:<\/strong> 20 Teilnehmende<\/p>\t\t\t\t\t\t\t\t<\/div>\n\t\t\t\t<\/div>\n\t\t\t\t<div class=\"elementor-element elementor-element-262e6b0 mb0 elementor-widget elementor-widget-text-editor\" data-id=\"262e6b0\" data-element_type=\"widget\" data-widget_type=\"text-editor.default\">\n\t\t\t\t<div class=\"elementor-widget-container\">\n\t\t\t\t\t\t\t\t\t<p><b>Welche Herausforderungen kann ich mit K\u00fcnstlicher Intelligenz in meinem Bereich l\u00f6sen?<\/b><\/p><p>\u2013 Oder \u2013<\/p><p><b>Mit welchen Daten muss ich eine KI f\u00fcttern, damit sie etwas N\u00fctzliches f\u00fcr mich lernen kann?\u00a0<\/b><\/p><p>\u00a0\u00a0<\/p><p>Um diese Fragen zu beantworten, braucht es 3 Dinge:<br \/>\u00a0\u00a0<\/p><ol><li>Expert:innen f\u00fcr K\u00fcnstliche Intelligenz &gt;&gt; Bringen wir Dir mit!<\/li><li>Herausforderungen, die es zu l\u00f6sen gilt. &gt;&gt; Hat jeder. Wir sind gespannt auf Ihre.<\/li><li>Einen Haufen Daten &gt;&gt; Fallen \u00fcberall an. Bringen Sie doch ein paar mit!<\/li><\/ol><p>In diesem Workshop wollen wir Ihnen die M\u00f6glichkeit geben, Ihre Fragenstellungen, Herausforderungen und Daten den KI-Expert:innen des KI-Transfer-Hub SH vor Ort vorzustellen. Gemeinsam mit ihnen k\u00f6nnen Sie in der anschlie\u00dfenden match making session erarbeiten, wie k\u00fcnstliche Intelligenz Ihnen dabei helfen kann, smarte L\u00f6sungen f\u00fcr Ihren Bereich zu entwickeln.<\/p><p>Wir glauben, dass daraus spannende und konkrete Projekte entstehen k\u00f6nnen, die mit der weiteren Unterst\u00fctzung der Projektpartner des KI-Transfer-Hub SH einen echten Mehrwert f\u00fcr Sie und Ihren Bereich und damit auch f\u00fcr die Smart City L\u00fcbeck schaffen werden.<\/p><p>\u00a0 \u00a0<\/p>\t\t\t\t\t\t\t\t<\/div>\n\t\t\t\t<\/div>\n\t\t\t\t<div class=\"elementor-element elementor-element-6801fae elementor-widget elementor-widget-image\" data-id=\"6801fae\" data-element_type=\"widget\" data-widget_type=\"image.default\">\n\t\t\t\t<div class=\"elementor-widget-container\">\n\t\t\t\t\t\t\t\t\t\t\t\t\t\t\t<img fetchpriority=\"high\" decoding=\"async\" width=\"768\" height=\"401\" src=\"https:\/\/woche-der-ki.de\/wp-content\/uploads\/2022\/09\/Smart-City-Datenschau_2022_Blogpost_Bild-768x401.jpg\" class=\"attachment-medium_large size-medium_large wp-image-2499\" alt=\"Smart City Datenschau\" srcset=\"https:\/\/woche-der-ki.de\/wp-content\/uploads\/2022\/09\/Smart-City-Datenschau_2022_Blogpost_Bild-768x401.jpg 768w, https:\/\/woche-der-ki.de\/wp-content\/uploads\/2022\/09\/Smart-City-Datenschau_2022_Blogpost_Bild-300x156.jpg 300w, https:\/\/woche-der-ki.de\/wp-content\/uploads\/2022\/09\/Smart-City-Datenschau_2022_Blogpost_Bild-1024x534.jpg 1024w, https:\/\/woche-der-ki.de\/wp-content\/uploads\/2022\/09\/Smart-City-Datenschau_2022_Blogpost_Bild-1536x801.jpg 1536w, https:\/\/woche-der-ki.de\/wp-content\/uploads\/2022\/09\/Smart-City-Datenschau_2022_Blogpost_Bild.jpg 2000w\" sizes=\"(max-width: 768px) 100vw, 768px\" \/>\t\t\t\t\t\t\t\t\t\t\t\t\t\t\t<\/div>\n\t\t\t\t<\/div>\n\t\t\t\t\t<\/div>\n\t\t<\/div>\n\t\t\t\t\t<\/div>\n\t\t<\/section>\n\t\t\t\t<\/div>\n\t\t","protected":false},"excerpt":{"rendered":"<p>Donnerstag, 03.11.2022, 10.00&nbsp;\u2013&nbsp;12.00&nbsp;Uhr Smart City Datenschau \u00d6ffentliche Veranstaltung Veranstalter: EnergieCluster Digitales L\u00fcbeck e.V. &amp; KI-Transfer-Hub SH Art der Veranstaltung: Workshop Ort: Hanse Innovation Campus L\u00fcbeck, FabLab L\u00fcbeck, Maria-Goeppert-Stra\u00dfe 9a Anmeldung: Ja, per Mail an Patrick.Liebmann@energiecluster-luebeck.de Max. Zahl der Teilnehmenden: 20 Teilnehmende Welche Herausforderungen kann ich mit K\u00fcnstlicher Intelligenz in meinem Bereich l\u00f6sen? \u2013 Oder \u2013 [&hellip;]<\/p>\n","protected":false},"author":2,"featured_media":0,"parent":0,"menu_order":0,"comment_status":"closed","ping_status":"closed","template":"","meta":{"footnotes":""},"class_list":["post-2498","page","type-page","status-publish","hentry"],"_links":{"self":[{"href":"https:\/\/woche-der-ki.de\/index.php\/wp-json\/wp\/v2\/pages\/2498","targetHints":{"allow":["GET"]}}],"collection":[{"href":"https:\/\/woche-der-ki.de\/index.php\/wp-json\/wp\/v2\/pages"}],"about":[{"href":"https:\/\/woche-der-ki.de\/index.php\/wp-json\/wp\/v2\/types\/page"}],"author":[{"embeddable":true,"href":"https:\/\/woche-der-ki.de\/index.php\/wp-json\/wp\/v2\/users\/2"}],"replies":[{"embeddable":true,"href":"https:\/\/woche-der-ki.de\/index.php\/wp-json\/wp\/v2\/comments?post=2498"}],"version-history":[{"count":15,"href":"https:\/\/woche-der-ki.de\/index.php\/wp-json\/wp\/v2\/pages\/2498\/revisions"}],"predecessor-version":[{"id":2514,"href":"https:\/\/woche-der-ki.de\/index.php\/wp-json\/wp\/v2\/pages\/2498\/revisions\/2514"}],"wp:attachment":[{"href":"https:\/\/woche-der-ki.de\/index.php\/wp-json\/wp\/v2\/media?parent=2498"}],"curies":[{"name":"wp","href":"https:\/\/api.w.org\/{rel}","templated":true}]}}