{"id":2536,"date":"2022-10-07T09:59:30","date_gmt":"2022-10-07T07:59:30","guid":{"rendered":"https:\/\/woche-der-ki.de\/?page_id=2536"},"modified":"2022-10-25T11:06:12","modified_gmt":"2022-10-25T09:06:12","slug":"daten-die-schaetze-der-zukunft-sicher-verarbeitet","status":"publish","type":"page","link":"https:\/\/woche-der-ki.de\/index.php\/daten-die-schaetze-der-zukunft-sicher-verarbeitet\/","title":{"rendered":"Daten die Sch\u00e4tze der Zukunft &#8211; sicher verarbeitet"},"content":{"rendered":"\t\t<div data-elementor-type=\"wp-page\" data-elementor-id=\"2536\" class=\"elementor elementor-2536\" data-elementor-post-type=\"page\">\n\t\t\t\t\t\t<section class=\"elementor-section elementor-top-section elementor-element elementor-element-68871bd1 elementor-section-full_width elementor-section-height-default elementor-section-height-default\" data-id=\"68871bd1\" data-element_type=\"section\">\n\t\t\t\t\t\t<div class=\"elementor-container elementor-column-gap-default\">\n\t\t\t\t\t<div class=\"elementor-column elementor-col-33 elementor-top-column elementor-element elementor-element-6d7e1407\" data-id=\"6d7e1407\" data-element_type=\"column\">\n\t\t\t<div class=\"elementor-widget-wrap\">\n\t\t\t\t\t\t\t<\/div>\n\t\t<\/div>\n\t\t\t\t<div class=\"elementor-column elementor-col-33 elementor-top-column elementor-element elementor-element-4f9f2080\" data-id=\"4f9f2080\" data-element_type=\"column\">\n\t\t\t<div class=\"elementor-widget-wrap elementor-element-populated\">\n\t\t\t\t\t\t<div class=\"elementor-element elementor-element-4160840c elementor-widget__width-initial elementor-widget elementor-widget-spacer\" data-id=\"4160840c\" data-element_type=\"widget\" data-widget_type=\"spacer.default\">\n\t\t\t\t<div class=\"elementor-widget-container\">\n\t\t\t\t\t\t\t<div class=\"elementor-spacer\">\n\t\t\t<div class=\"elementor-spacer-inner\"><\/div>\n\t\t<\/div>\n\t\t\t\t\t\t<\/div>\n\t\t\t\t<\/div>\n\t\t\t\t<div class=\"elementor-element elementor-element-9dfa099 elementor-view-default elementor-widget elementor-widget-icon\" data-id=\"9dfa099\" data-element_type=\"widget\" data-widget_type=\"icon.default\">\n\t\t\t\t<div class=\"elementor-widget-container\">\n\t\t\t\t\t\t\t<div class=\"elementor-icon-wrapper\">\n\t\t\t<div class=\"elementor-icon\">\n\t\t\t<i aria-hidden=\"true\" class=\"fas fa-circle\"><\/i>\t\t\t<\/div>\n\t\t<\/div>\n\t\t\t\t\t\t<\/div>\n\t\t\t\t<\/div>\n\t\t\t\t\t<\/div>\n\t\t<\/div>\n\t\t\t\t<div class=\"elementor-column elementor-col-33 elementor-top-column elementor-element elementor-element-211a9b71\" data-id=\"211a9b71\" data-element_type=\"column\">\n\t\t\t<div class=\"elementor-widget-wrap\">\n\t\t\t\t\t\t\t<\/div>\n\t\t<\/div>\n\t\t\t\t\t<\/div>\n\t\t<\/section>\n\t\t\t\t<section class=\"elementor-section elementor-top-section elementor-element elementor-element-482a0cc elementor-section-boxed elementor-section-height-default elementor-section-height-default\" data-id=\"482a0cc\" data-element_type=\"section\">\n\t\t\t\t\t\t<div class=\"elementor-container elementor-column-gap-default\">\n\t\t\t\t\t<div class=\"elementor-column elementor-col-100 elementor-top-column elementor-element elementor-element-8ba3176\" data-id=\"8ba3176\" data-element_type=\"column\">\n\t\t\t<div class=\"elementor-widget-wrap elementor-element-populated\">\n\t\t\t\t\t\t<div class=\"elementor-element elementor-element-8bec395 elementor-widget elementor-widget-heading\" data-id=\"8bec395\" data-element_type=\"widget\" data-settings=\"{&quot;_animation&quot;:&quot;none&quot;}\" data-widget_type=\"heading.default\">\n\t\t\t\t<div class=\"elementor-widget-container\">\n\t\t\t\t\t<h1 class=\"elementor-heading-title elementor-size-default\">Freitag, 04.11.2022, 14.00&nbsp;\u2013&nbsp;16.00&nbsp;Uhr<\/h1>\t\t\t\t<\/div>\n\t\t\t\t<\/div>\n\t\t\t\t<div class=\"elementor-element elementor-element-0824923 elementor-widget elementor-widget-heading\" data-id=\"0824923\" data-element_type=\"widget\" data-settings=\"{&quot;_animation&quot;:&quot;none&quot;}\" data-widget_type=\"heading.default\">\n\t\t\t\t<div class=\"elementor-widget-container\">\n\t\t\t\t\t<h2 class=\"elementor-heading-title elementor-size-default\">Daten die Sch\u00e4tze der Zukunft - sicher verarbeitet\n\n<\/h2>\t\t\t\t<\/div>\n\t\t\t\t<\/div>\n\t\t\t\t<div class=\"elementor-element elementor-element-4d2ed6c elementor-widget elementor-widget-text-editor\" data-id=\"4d2ed6c\" data-element_type=\"widget\" data-widget_type=\"text-editor.default\">\n\t\t\t\t<div class=\"elementor-widget-container\">\n\t\t\t\t\t\t\t\t\t<p>\u00d6ffentliche Veranstaltung mit\u00a0<strong><a href=\"https:\/\/www.digitalzentrum-sh.de\/veranstaltung\/Workshop_cybersecurity_netwerksystemen\">ANMELDUNG<\/a><\/strong> \/Ort: Online-<span style=\"font-family: var( --e-global-typography-text-font-family ), Sans-serif; font-size: var( --e-global-typography-text-font-size ); font-weight: var( --e-global-typography-text-font-weight );\">Cybersecurity-Workshop (KI-TRA) \/ Sicherheit in verteilten Netzwerksystemen?<\/span><\/p><p><strong>Zielgruppe:<\/strong> KMU und Start-ups, max. 20 Teilnehmende<\/p><p><strong>Veranstalter<\/strong><b>: <\/b>UTK &#8211; Rene Urban (<a href=\"mailto:RUrban@unitransferklinik.de\" target=\"_blank\" rel=\"noopener\"><b>RUrban@unitransferklinik.de<\/b><\/a>), KI-Transferhub Schleswig-Holstein, Mittelstand-Digital Zentrum Schleswig-Holstein<\/p><p>Daten sind die neuen Sch\u00e4tze und f\u00fcr viele Unternehmen ergeben sich durch verteilte und vernetzte Systeme neue Herausforderungen. Aber warum brauchen wir IT-Sicherheit (Vertraulichkeit, Integrit\u00e4t, Verf\u00fcgbarkeit)? Was sind die Grundlegende Ma\u00dfnahmen (Berechtigungen zuteilen, Ausfallplanung, Tests etc.) und wie k\u00f6nnen wir IT-Infrastruktur im Unternehmen absichern?<br \/>Die systematische Umsetzung von Bedrohungs- und Risikoanalysen schauen wir uns an und sprechen auch \u00fcber Sichere Produktentwicklung.<\/p><p>Die Veranstaltung ist eine Kooperation des KI-Transferhub Schleswig-Holsteins, dem Mittelstand-Digital Zentrum Schleswig-Holstein und der UniTransferKlinik L\u00fcbeck. Die Anmeldung erfolgt \u00fcber das Mittelstand-Digital Zentrum Schleswig-Holstein.<\/p><p><strong><a href=\"https:\/\/www.digitalzentrum-sh.de\/veranstaltung\/Workshop_cybersecurity_netwerksystemen\">Anmeldung<\/a><\/strong><\/p>\t\t\t\t\t\t\t\t<\/div>\n\t\t\t\t<\/div>\n\t\t\t\t<div class=\"elementor-element elementor-element-61f392e elementor-widget elementor-widget-image\" data-id=\"61f392e\" data-element_type=\"widget\" data-widget_type=\"image.default\">\n\t\t\t\t<div class=\"elementor-widget-container\">\n\t\t\t\t\t\t\t\t\t\t\t\t\t\t\t<img fetchpriority=\"high\" decoding=\"async\" width=\"778\" height=\"85\" src=\"https:\/\/woche-der-ki.de\/wp-content\/uploads\/2022\/10\/UTK-KiTra-MDZ.png\" class=\"attachment-full size-full wp-image-2644\" alt=\"\" srcset=\"https:\/\/woche-der-ki.de\/wp-content\/uploads\/2022\/10\/UTK-KiTra-MDZ.png 778w, https:\/\/woche-der-ki.de\/wp-content\/uploads\/2022\/10\/UTK-KiTra-MDZ-300x33.png 300w, https:\/\/woche-der-ki.de\/wp-content\/uploads\/2022\/10\/UTK-KiTra-MDZ-768x84.png 768w\" sizes=\"(max-width: 778px) 100vw, 778px\" \/>\t\t\t\t\t\t\t\t\t\t\t\t\t\t\t<\/div>\n\t\t\t\t<\/div>\n\t\t\t\t\t<\/div>\n\t\t<\/div>\n\t\t\t\t\t<\/div>\n\t\t<\/section>\n\t\t\t\t<\/div>\n\t\t","protected":false},"excerpt":{"rendered":"<p>Freitag, 04.11.2022, 14.00&nbsp;\u2013&nbsp;16.00&nbsp;Uhr Daten die Sch\u00e4tze der Zukunft &#8211; sicher verarbeitet \u00d6ffentliche Veranstaltung mit\u00a0ANMELDUNG \/Ort: Online-Cybersecurity-Workshop (KI-TRA) \/ Sicherheit in verteilten Netzwerksystemen? Zielgruppe: KMU und Start-ups, max. 20 Teilnehmende Veranstalter: UTK &#8211; Rene Urban (RUrban@unitransferklinik.de), KI-Transferhub Schleswig-Holstein, Mittelstand-Digital Zentrum Schleswig-Holstein Daten sind die neuen Sch\u00e4tze und f\u00fcr viele Unternehmen ergeben sich durch verteilte und vernetzte [&hellip;]<\/p>\n","protected":false},"author":2,"featured_media":0,"parent":0,"menu_order":0,"comment_status":"closed","ping_status":"closed","template":"","meta":{"footnotes":""},"class_list":["post-2536","page","type-page","status-publish","hentry"],"_links":{"self":[{"href":"https:\/\/woche-der-ki.de\/index.php\/wp-json\/wp\/v2\/pages\/2536","targetHints":{"allow":["GET"]}}],"collection":[{"href":"https:\/\/woche-der-ki.de\/index.php\/wp-json\/wp\/v2\/pages"}],"about":[{"href":"https:\/\/woche-der-ki.de\/index.php\/wp-json\/wp\/v2\/types\/page"}],"author":[{"embeddable":true,"href":"https:\/\/woche-der-ki.de\/index.php\/wp-json\/wp\/v2\/users\/2"}],"replies":[{"embeddable":true,"href":"https:\/\/woche-der-ki.de\/index.php\/wp-json\/wp\/v2\/comments?post=2536"}],"version-history":[{"count":26,"href":"https:\/\/woche-der-ki.de\/index.php\/wp-json\/wp\/v2\/pages\/2536\/revisions"}],"predecessor-version":[{"id":2744,"href":"https:\/\/woche-der-ki.de\/index.php\/wp-json\/wp\/v2\/pages\/2536\/revisions\/2744"}],"wp:attachment":[{"href":"https:\/\/woche-der-ki.de\/index.php\/wp-json\/wp\/v2\/media?parent=2536"}],"curies":[{"name":"wp","href":"https:\/\/api.w.org\/{rel}","templated":true}]}}