{"id":2551,"date":"2022-10-07T10:21:03","date_gmt":"2022-10-07T08:21:03","guid":{"rendered":"https:\/\/woche-der-ki.de\/?page_id=2551"},"modified":"2022-10-25T11:02:16","modified_gmt":"2022-10-25T09:02:16","slug":"kuenstliche-intelligenz-eine-regulatorische-perspektive","status":"publish","type":"page","link":"https:\/\/woche-der-ki.de\/index.php\/kuenstliche-intelligenz-eine-regulatorische-perspektive\/","title":{"rendered":"K\u00fcnstliche Intelligenz: Eine regulatorische Perspektive"},"content":{"rendered":"\t\t<div data-elementor-type=\"wp-page\" data-elementor-id=\"2551\" class=\"elementor elementor-2551\" data-elementor-post-type=\"page\">\n\t\t\t\t\t\t<section class=\"elementor-section elementor-top-section elementor-element elementor-element-68871bd1 elementor-section-full_width elementor-section-height-default elementor-section-height-default\" data-id=\"68871bd1\" data-element_type=\"section\">\n\t\t\t\t\t\t<div class=\"elementor-container elementor-column-gap-default\">\n\t\t\t\t\t<div class=\"elementor-column elementor-col-33 elementor-top-column elementor-element elementor-element-6d7e1407\" data-id=\"6d7e1407\" data-element_type=\"column\">\n\t\t\t<div class=\"elementor-widget-wrap\">\n\t\t\t\t\t\t\t<\/div>\n\t\t<\/div>\n\t\t\t\t<div class=\"elementor-column elementor-col-33 elementor-top-column elementor-element elementor-element-4f9f2080\" data-id=\"4f9f2080\" data-element_type=\"column\">\n\t\t\t<div class=\"elementor-widget-wrap elementor-element-populated\">\n\t\t\t\t\t\t<div class=\"elementor-element elementor-element-4160840c elementor-widget__width-initial elementor-widget elementor-widget-spacer\" data-id=\"4160840c\" data-element_type=\"widget\" data-widget_type=\"spacer.default\">\n\t\t\t\t<div class=\"elementor-widget-container\">\n\t\t\t\t\t\t\t<div class=\"elementor-spacer\">\n\t\t\t<div class=\"elementor-spacer-inner\"><\/div>\n\t\t<\/div>\n\t\t\t\t\t\t<\/div>\n\t\t\t\t<\/div>\n\t\t\t\t<div class=\"elementor-element elementor-element-9dfa099 elementor-view-default elementor-widget elementor-widget-icon\" data-id=\"9dfa099\" data-element_type=\"widget\" data-widget_type=\"icon.default\">\n\t\t\t\t<div class=\"elementor-widget-container\">\n\t\t\t\t\t\t\t<div class=\"elementor-icon-wrapper\">\n\t\t\t<div class=\"elementor-icon\">\n\t\t\t<i aria-hidden=\"true\" class=\"fas fa-circle\"><\/i>\t\t\t<\/div>\n\t\t<\/div>\n\t\t\t\t\t\t<\/div>\n\t\t\t\t<\/div>\n\t\t\t\t\t<\/div>\n\t\t<\/div>\n\t\t\t\t<div class=\"elementor-column elementor-col-33 elementor-top-column elementor-element elementor-element-211a9b71\" data-id=\"211a9b71\" data-element_type=\"column\">\n\t\t\t<div class=\"elementor-widget-wrap\">\n\t\t\t\t\t\t\t<\/div>\n\t\t<\/div>\n\t\t\t\t\t<\/div>\n\t\t<\/section>\n\t\t\t\t<section class=\"elementor-section elementor-top-section elementor-element elementor-element-482a0cc elementor-section-boxed elementor-section-height-default elementor-section-height-default\" data-id=\"482a0cc\" data-element_type=\"section\">\n\t\t\t\t\t\t<div class=\"elementor-container elementor-column-gap-default\">\n\t\t\t\t\t<div class=\"elementor-column elementor-col-100 elementor-top-column elementor-element elementor-element-8ba3176\" data-id=\"8ba3176\" data-element_type=\"column\">\n\t\t\t<div class=\"elementor-widget-wrap elementor-element-populated\">\n\t\t\t\t\t\t<div class=\"elementor-element elementor-element-8bec395 elementor-widget elementor-widget-heading\" data-id=\"8bec395\" data-element_type=\"widget\" data-settings=\"{&quot;_animation&quot;:&quot;none&quot;}\" data-widget_type=\"heading.default\">\n\t\t\t\t<div class=\"elementor-widget-container\">\n\t\t\t\t\t<h1 class=\"elementor-heading-title elementor-size-default\">Donnerstag, 03.11.2022, 12.30&nbsp;\u2013&nbsp;14.00&nbsp;Uhr<\/h1>\t\t\t\t<\/div>\n\t\t\t\t<\/div>\n\t\t\t\t<div class=\"elementor-element elementor-element-0824923 elementor-widget elementor-widget-heading\" data-id=\"0824923\" data-element_type=\"widget\" data-settings=\"{&quot;_animation&quot;:&quot;none&quot;}\" data-widget_type=\"heading.default\">\n\t\t\t\t<div class=\"elementor-widget-container\">\n\t\t\t\t\t<h2 class=\"elementor-heading-title elementor-size-default\">K\u00fcnstliche Intelligenz: Eine regulatorische Perspektive\n\n<\/h2>\t\t\t\t<\/div>\n\t\t\t\t<\/div>\n\t\t\t\t<div class=\"elementor-element elementor-element-4d2ed6c elementor-widget elementor-widget-text-editor\" data-id=\"4d2ed6c\" data-element_type=\"widget\" data-widget_type=\"text-editor.default\">\n\t\t\t\t<div class=\"elementor-widget-container\">\n\t\t\t\t\t\t\t\t\t<p>\u00d6ffentliche Veranstaltung mit\u00a0<a href=\"https:\/\/www.digitalzentrum-sh.de\/veranstaltung\/Regulatorik_Workshop\" target=\"_blank\" rel=\"noopener\"><b>ANMELDUNG<\/b><\/a><a href=\"https:\/\/www.digitalzentrum-sh.de\/veranstaltung\/Regulatorik_Workshop\" target=\"_blank\" rel=\"noopener\">\u00a0<\/a>\/ Ort: Online-Workshop<\/p><p><strong style=\"font-family: var( --e-global-typography-text-font-family ), Sans-serif; font-size: var( --e-global-typography-text-font-size );\">Zielgruppe:<\/strong><span style=\"font-family: var( --e-global-typography-text-font-family ), Sans-serif; font-size: var( --e-global-typography-text-font-size ); font-weight: var( --e-global-typography-text-font-weight );\"> KMU und Start-ups, max. 20 Teilnehmende<\/span><\/p><p><strong>Veranstalter<\/strong><b>: <\/b>UTK &#8211; Ludwig Pechmann (<a href=\"mailto:lpechmann@unitransferklinik.de\" target=\"_blank\" rel=\"noopener\"><b>lpechmann@unitransferklinik.de<\/b><\/a><b><\/b>), KI-SIGS, Mittelstand-Digital Zentrum Schleswig-Holstein<\/p><p>Regulierungen haben M\u00fche, mit den sich schnell entwickelnden KI-gest\u00fctzten L\u00f6sungen im Gesundheitswesen Schritt zu halten. Die Charakteristiken und Anwendungsfelder von KI werfen ethische und technologische Herausforderungen auf, die \u00fcber den aktuellen regulatorischen Rahmen f\u00fcr medizinische Software hinausgehen.<br \/>K\u00fcnstliche Intelligenz: Eine regulatorische Perspektive befasst sich mit Fragen wie:<\/p><ul><li>Was sind die grundlegenden Regulatorischen Anforderungen?<\/li><li>Welche Eigenschaften machen KI so herausfordernd?<\/li><li>Was sind die Auswirkungen der EU-MDR?<\/li><li>Was k\u00f6nnen wir von der Zukunft erwarten?\u00a0\u00a0\u00a0\u00a0 \u00a0 \u00a0\u00a0 \u00a0<\/li><\/ul><p>Die Veranstaltung ist eine Kooperation des Projektes KI-SIGS, dem Mittelstand-Digital Zentrum Schleswig-Holstein und der UniTransferKlinik L\u00fcbeck. Die Anmeldung erfolgt \u00fcber das Mittelstand-Digital Zentrum Schleswig-Holstein.<\/p><p><a href=\"https:\/\/www.digitalzentrum-sh.de\/veranstaltung\/Regulatorik_Workshop\" target=\"_blank\" rel=\"noopener\"><b>ANMELDUNG<\/b><\/a><\/p>\t\t\t\t\t\t\t\t<\/div>\n\t\t\t\t<\/div>\n\t\t\t\t<div class=\"elementor-element elementor-element-b4cc4c3 elementor-widget elementor-widget-image\" data-id=\"b4cc4c3\" data-element_type=\"widget\" data-widget_type=\"image.default\">\n\t\t\t\t<div class=\"elementor-widget-container\">\n\t\t\t\t\t\t\t\t\t\t\t\t\t\t\t<img fetchpriority=\"high\" decoding=\"async\" width=\"700\" height=\"105\" src=\"https:\/\/woche-der-ki.de\/wp-content\/uploads\/2022\/10\/UTK-KISIGS-MDZ.jpg\" class=\"attachment-full size-full wp-image-2683\" alt=\"\" srcset=\"https:\/\/woche-der-ki.de\/wp-content\/uploads\/2022\/10\/UTK-KISIGS-MDZ.jpg 700w, https:\/\/woche-der-ki.de\/wp-content\/uploads\/2022\/10\/UTK-KISIGS-MDZ-300x45.jpg 300w\" sizes=\"(max-width: 700px) 100vw, 700px\" \/>\t\t\t\t\t\t\t\t\t\t\t\t\t\t\t<\/div>\n\t\t\t\t<\/div>\n\t\t\t\t\t<\/div>\n\t\t<\/div>\n\t\t\t\t\t<\/div>\n\t\t<\/section>\n\t\t\t\t<\/div>\n\t\t","protected":false},"excerpt":{"rendered":"<p>Donnerstag, 03.11.2022, 12.30&nbsp;\u2013&nbsp;14.00&nbsp;Uhr K\u00fcnstliche Intelligenz: Eine regulatorische Perspektive \u00d6ffentliche Veranstaltung mit\u00a0ANMELDUNG\u00a0\/ Ort: Online-Workshop Zielgruppe: KMU und Start-ups, max. 20 Teilnehmende Veranstalter: UTK &#8211; Ludwig Pechmann (lpechmann@unitransferklinik.de), KI-SIGS, Mittelstand-Digital Zentrum Schleswig-Holstein Regulierungen haben M\u00fche, mit den sich schnell entwickelnden KI-gest\u00fctzten L\u00f6sungen im Gesundheitswesen Schritt zu halten. Die Charakteristiken und Anwendungsfelder von KI werfen ethische und technologische [&hellip;]<\/p>\n","protected":false},"author":2,"featured_media":0,"parent":0,"menu_order":0,"comment_status":"closed","ping_status":"closed","template":"","meta":{"footnotes":""},"class_list":["post-2551","page","type-page","status-publish","hentry"],"_links":{"self":[{"href":"https:\/\/woche-der-ki.de\/index.php\/wp-json\/wp\/v2\/pages\/2551","targetHints":{"allow":["GET"]}}],"collection":[{"href":"https:\/\/woche-der-ki.de\/index.php\/wp-json\/wp\/v2\/pages"}],"about":[{"href":"https:\/\/woche-der-ki.de\/index.php\/wp-json\/wp\/v2\/types\/page"}],"author":[{"embeddable":true,"href":"https:\/\/woche-der-ki.de\/index.php\/wp-json\/wp\/v2\/users\/2"}],"replies":[{"embeddable":true,"href":"https:\/\/woche-der-ki.de\/index.php\/wp-json\/wp\/v2\/comments?post=2551"}],"version-history":[{"count":19,"href":"https:\/\/woche-der-ki.de\/index.php\/wp-json\/wp\/v2\/pages\/2551\/revisions"}],"predecessor-version":[{"id":2738,"href":"https:\/\/woche-der-ki.de\/index.php\/wp-json\/wp\/v2\/pages\/2551\/revisions\/2738"}],"wp:attachment":[{"href":"https:\/\/woche-der-ki.de\/index.php\/wp-json\/wp\/v2\/media?parent=2551"}],"curies":[{"name":"wp","href":"https:\/\/api.w.org\/{rel}","templated":true}]}}