{"id":2618,"date":"2022-10-11T11:59:06","date_gmt":"2022-10-11T09:59:06","guid":{"rendered":"https:\/\/woche-der-ki.de\/?page_id=2618"},"modified":"2022-10-11T12:59:49","modified_gmt":"2022-10-11T10:59:49","slug":"open-ai-breakfast","status":"publish","type":"page","link":"https:\/\/woche-der-ki.de\/index.php\/open-ai-breakfast\/","title":{"rendered":"Open-AI Breakfast"},"content":{"rendered":"\t\t<div data-elementor-type=\"wp-page\" data-elementor-id=\"2618\" class=\"elementor elementor-2618\" data-elementor-post-type=\"page\">\n\t\t\t\t\t\t<section class=\"elementor-section elementor-top-section elementor-element elementor-element-68871bd1 elementor-section-full_width elementor-section-height-default elementor-section-height-default\" data-id=\"68871bd1\" data-element_type=\"section\">\n\t\t\t\t\t\t<div class=\"elementor-container elementor-column-gap-default\">\n\t\t\t\t\t<div class=\"elementor-column elementor-col-33 elementor-top-column elementor-element elementor-element-6d7e1407\" data-id=\"6d7e1407\" data-element_type=\"column\">\n\t\t\t<div class=\"elementor-widget-wrap\">\n\t\t\t\t\t\t\t<\/div>\n\t\t<\/div>\n\t\t\t\t<div class=\"elementor-column elementor-col-33 elementor-top-column elementor-element elementor-element-4f9f2080\" data-id=\"4f9f2080\" data-element_type=\"column\">\n\t\t\t<div class=\"elementor-widget-wrap elementor-element-populated\">\n\t\t\t\t\t\t<div class=\"elementor-element elementor-element-4160840c elementor-widget__width-initial elementor-widget elementor-widget-spacer\" data-id=\"4160840c\" data-element_type=\"widget\" data-widget_type=\"spacer.default\">\n\t\t\t\t<div class=\"elementor-widget-container\">\n\t\t\t\t\t\t\t<div class=\"elementor-spacer\">\n\t\t\t<div class=\"elementor-spacer-inner\"><\/div>\n\t\t<\/div>\n\t\t\t\t\t\t<\/div>\n\t\t\t\t<\/div>\n\t\t\t\t<div class=\"elementor-element elementor-element-9dfa099 elementor-view-default elementor-widget elementor-widget-icon\" data-id=\"9dfa099\" data-element_type=\"widget\" data-widget_type=\"icon.default\">\n\t\t\t\t<div class=\"elementor-widget-container\">\n\t\t\t\t\t\t\t<div class=\"elementor-icon-wrapper\">\n\t\t\t<div class=\"elementor-icon\">\n\t\t\t<i aria-hidden=\"true\" class=\"fas fa-circle\"><\/i>\t\t\t<\/div>\n\t\t<\/div>\n\t\t\t\t\t\t<\/div>\n\t\t\t\t<\/div>\n\t\t\t\t\t<\/div>\n\t\t<\/div>\n\t\t\t\t<div class=\"elementor-column elementor-col-33 elementor-top-column elementor-element elementor-element-211a9b71\" data-id=\"211a9b71\" data-element_type=\"column\">\n\t\t\t<div class=\"elementor-widget-wrap\">\n\t\t\t\t\t\t\t<\/div>\n\t\t<\/div>\n\t\t\t\t\t<\/div>\n\t\t<\/section>\n\t\t\t\t<section class=\"elementor-section elementor-top-section elementor-element elementor-element-482a0cc elementor-section-boxed elementor-section-height-default elementor-section-height-default\" data-id=\"482a0cc\" data-element_type=\"section\">\n\t\t\t\t\t\t<div class=\"elementor-container elementor-column-gap-default\">\n\t\t\t\t\t<div class=\"elementor-column elementor-col-100 elementor-top-column elementor-element elementor-element-8ba3176\" data-id=\"8ba3176\" data-element_type=\"column\">\n\t\t\t<div class=\"elementor-widget-wrap elementor-element-populated\">\n\t\t\t\t\t\t<div class=\"elementor-element elementor-element-8bec395 elementor-widget elementor-widget-heading\" data-id=\"8bec395\" data-element_type=\"widget\" data-settings=\"{&quot;_animation&quot;:&quot;none&quot;}\" data-widget_type=\"heading.default\">\n\t\t\t\t<div class=\"elementor-widget-container\">\n\t\t\t\t\t<h1 class=\"elementor-heading-title elementor-size-default\">Mittwoch, 02.11.2022,  07.45 - 09.00&nbsp;Uhr<\/h1>\t\t\t\t<\/div>\n\t\t\t\t<\/div>\n\t\t\t\t<div class=\"elementor-element elementor-element-0824923 elementor-widget elementor-widget-heading\" data-id=\"0824923\" data-element_type=\"widget\" data-settings=\"{&quot;_animation&quot;:&quot;none&quot;}\" data-widget_type=\"heading.default\">\n\t\t\t\t<div class=\"elementor-widget-container\">\n\t\t\t\t\t<h2 class=\"elementor-heading-title elementor-size-default\">Open-AI Breakfast\n\n<\/h2>\t\t\t\t<\/div>\n\t\t\t\t<\/div>\n\t\t\t\t<div class=\"elementor-element elementor-element-4d2ed6c elementor-widget elementor-widget-text-editor\" data-id=\"4d2ed6c\" data-element_type=\"widget\" data-widget_type=\"text-editor.default\">\n\t\t\t\t<div class=\"elementor-widget-container\">\n\t\t\t\t\t\t\t\t\t<p>\u00d6ffentliche Veranstaltung mit\u00a0<a href=\"https:\/\/eveeno.com\/open-ai-breakfast\" target=\"_blank\" rel=\"noopener\"><b>ANMELDUNG<\/b><\/a>\/ Ort: Fablab L\u00fcbeck auf dem Hanse Innovation Campus L\u00fcbeck<\/p><p>Neben Kaffee, Tee und einem kleinen Fr\u00fchst\u00fcck habt ihr die Gelegenheit viele Macher*innen aus der Szene zu treffen und euch zu vernetzen. Gerne begr\u00fc\u00dfen wir Mediziner*innen, Wissenschaftler*innen, Unternehmer*innen, interessierte Studierende und informieren euch in lockerer Atmosph\u00e4re zum Thema K\u00fcnstliche Intelligenz.<\/p><p>Das erwartet euch vor Ort konkret:<\/p><p><b>Kick-off KI-Gr\u00fcnderlab und Anwendungen aus dem Bereich Edge AI<br \/><\/b><span style=\"font-family: var( --e-global-typography-text-font-family ), Sans-serif; font-size: var( --e-global-typography-text-font-size ); font-weight: var( --e-global-typography-text-font-weight );\">Das KI-Gr\u00fcnderlab ist ein Projekt des KI-Med \u00d6kosystem L\u00fcbeck und m\u00f6chte euch zu dem Projektauftakt gerne zu einem kleinen 2. Fr\u00fchst\u00fcck einladen. Gerne wollen wir dir nat\u00fcrlich auch einige Beispiele aus dem Bereich K\u00fcnstliche Intelligenz niedrigschwellig pr\u00e4sentieren. Dazu wird das CoSA Kommunikation \u2013 Systeme \u2013 Anwendungen der Technischen Hochschule L\u00fcbeck vor Ort Beispiele und Anwendungen aus dem Bereich Edge AI zeigen. Edge AI bedeutet, dass die Anwendung der K\u00fcnstlichen Intelligenz im jeweiligen Ger\u00e4t stattfindet und f\u00fcr mobile Einsatzzwecke genutzt werden kann. Lass dich \u00fcberraschen.<\/span><b><br \/><\/b><\/p><p><b>Networking<br \/><\/b><span style=\"font-family: var( --e-global-typography-text-font-family ), Sans-serif; font-size: var( --e-global-typography-text-font-size ); font-weight: var( --e-global-typography-text-font-weight );\">Du bist Netzwerker*in und m\u00f6chtest dich mit den Menschen aus dem KI-Umfeld in L\u00fcbeck verbinden, mehr dar\u00fcber erfahren, wie du dich dort einbringen kannst?<\/span><b><br \/><\/b><\/p><p>Bei dem Open-AI-Breakfast hast du au\u00dferdem die Gelegenheit zu erfahren, wer und was sich hinter den folgenden Instituten und Projekten verbirgt und welche Menschen sich in der t\u00e4glichen Praxis mit K\u00fcnstlicher Intelligenz besch\u00e4ftigen. Zugesagt haben bereits:<\/p><ul><li>Institut f\u00fcr Entrepreneurship und Business Development (Universit\u00e4t zu L\u00fcbeck)<\/li><li>CoSA Kommunikation \u2013 Systeme \u2013 Anwendungen der Technischen Hochschule L\u00fcbeck<\/li><li>Institut f\u00fcr Telematik (Universit\u00e4t zu L\u00fcbeck)<\/li><li>FabLab<\/li><li>Gr\u00fcnderCube<\/li><li>Hanse Innovation Campus GmbH<\/li><li>KI Med \u00d6kosystem L\u00fcbeck<\/li><li>KI Transfer Hub<br \/>\u00a0 \u00a0\u00a0<\/li><\/ul><p><strong>Zeit:<\/strong> Mittwoch 2. November 2022, 7:45-9:00 Uhr<\/p><p><strong>Ort:<\/strong> FabLab, Maria-Goeppert-Stra\u00dfe 9a, 23562 L\u00fcbeck &#8211; (MFC 8)<\/p><p><strong>Veranstaltende:<\/strong> KI-Gr\u00fcnderlab (Uni L\u00fcbeck) und CoSa Institut (TH L\u00fcbeck)<\/p><p>Der <b>Eintritt ist kostenfrei<\/b>.<\/p><p>Eine\u00a0<a href=\"https:\/\/eveeno.com\/open-ai-breakfast\" target=\"_blank\" rel=\"noopener\"><b>ANMELDUNG\u00a0<\/b><\/a>ist erforderlich.\u00a0<\/p><p>Wir freuen uns auf deine Teilnahme und den Austausch mit dir.<\/p>\t\t\t\t\t\t\t\t<\/div>\n\t\t\t\t<\/div>\n\t\t\t\t<div class=\"elementor-element elementor-element-dc62cc8 elementor-widget elementor-widget-image\" data-id=\"dc62cc8\" data-element_type=\"widget\" data-widget_type=\"image.default\">\n\t\t\t\t<div class=\"elementor-widget-container\">\n\t\t\t\t\t\t\t\t\t\t\t\t\t\t\t<img fetchpriority=\"high\" decoding=\"async\" width=\"480\" height=\"200\" src=\"https:\/\/woche-der-ki.de\/wp-content\/uploads\/2022\/10\/cosa-ki-med-gruenderlab-1.png\" class=\"attachment-full size-full wp-image-2621\" alt=\"\" srcset=\"https:\/\/woche-der-ki.de\/wp-content\/uploads\/2022\/10\/cosa-ki-med-gruenderlab-1.png 480w, https:\/\/woche-der-ki.de\/wp-content\/uploads\/2022\/10\/cosa-ki-med-gruenderlab-1-300x125.png 300w\" sizes=\"(max-width: 480px) 100vw, 480px\" \/>\t\t\t\t\t\t\t\t\t\t\t\t\t\t\t<\/div>\n\t\t\t\t<\/div>\n\t\t\t\t\t<\/div>\n\t\t<\/div>\n\t\t\t\t\t<\/div>\n\t\t<\/section>\n\t\t\t\t<section class=\"elementor-section elementor-top-section elementor-element elementor-element-82916b8 elementor-section-boxed elementor-section-height-default elementor-section-height-default\" data-id=\"82916b8\" data-element_type=\"section\">\n\t\t\t\t\t\t<div class=\"elementor-container elementor-column-gap-default\">\n\t\t\t\t\t<div class=\"elementor-column elementor-col-100 elementor-top-column elementor-element elementor-element-1031673\" data-id=\"1031673\" data-element_type=\"column\">\n\t\t\t<div class=\"elementor-widget-wrap elementor-element-populated\">\n\t\t\t\t\t\t<div class=\"elementor-element elementor-element-043320b elementor-widget elementor-widget-image\" data-id=\"043320b\" data-element_type=\"widget\" data-widget_type=\"image.default\">\n\t\t\t\t<div class=\"elementor-widget-container\">\n\t\t\t\t\t\t\t\t\t\t\t\t\t\t\t<img decoding=\"async\" width=\"768\" height=\"230\" src=\"https:\/\/woche-der-ki.de\/wp-content\/uploads\/2022\/10\/Open-AI-Breakfast-1000-\u00d7-300-px2-768x230.png\" class=\"attachment-medium_large size-medium_large wp-image-2632\" alt=\"\" srcset=\"https:\/\/woche-der-ki.de\/wp-content\/uploads\/2022\/10\/Open-AI-Breakfast-1000-\u00d7-300-px2-768x230.png 768w, https:\/\/woche-der-ki.de\/wp-content\/uploads\/2022\/10\/Open-AI-Breakfast-1000-\u00d7-300-px2-300x90.png 300w, https:\/\/woche-der-ki.de\/wp-content\/uploads\/2022\/10\/Open-AI-Breakfast-1000-\u00d7-300-px2.png 1000w\" sizes=\"(max-width: 768px) 100vw, 768px\" \/>\t\t\t\t\t\t\t\t\t\t\t\t\t\t\t<\/div>\n\t\t\t\t<\/div>\n\t\t\t\t\t<\/div>\n\t\t<\/div>\n\t\t\t\t\t<\/div>\n\t\t<\/section>\n\t\t\t\t<\/div>\n\t\t","protected":false},"excerpt":{"rendered":"<p>Mittwoch, 02.11.2022, 07.45 &#8211; 09.00&nbsp;Uhr Open-AI Breakfast \u00d6ffentliche Veranstaltung mit\u00a0ANMELDUNG\/ Ort: Fablab L\u00fcbeck auf dem Hanse Innovation Campus L\u00fcbeck Neben Kaffee, Tee und einem kleinen Fr\u00fchst\u00fcck habt ihr die Gelegenheit viele Macher*innen aus der Szene zu treffen und euch zu vernetzen. Gerne begr\u00fc\u00dfen wir Mediziner*innen, Wissenschaftler*innen, Unternehmer*innen, interessierte Studierende und informieren euch in lockerer Atmosph\u00e4re [&hellip;]<\/p>\n","protected":false},"author":2,"featured_media":0,"parent":0,"menu_order":0,"comment_status":"closed","ping_status":"closed","template":"","meta":{"footnotes":""},"class_list":["post-2618","page","type-page","status-publish","hentry"],"_links":{"self":[{"href":"https:\/\/woche-der-ki.de\/index.php\/wp-json\/wp\/v2\/pages\/2618","targetHints":{"allow":["GET"]}}],"collection":[{"href":"https:\/\/woche-der-ki.de\/index.php\/wp-json\/wp\/v2\/pages"}],"about":[{"href":"https:\/\/woche-der-ki.de\/index.php\/wp-json\/wp\/v2\/types\/page"}],"author":[{"embeddable":true,"href":"https:\/\/woche-der-ki.de\/index.php\/wp-json\/wp\/v2\/users\/2"}],"replies":[{"embeddable":true,"href":"https:\/\/woche-der-ki.de\/index.php\/wp-json\/wp\/v2\/comments?post=2618"}],"version-history":[{"count":10,"href":"https:\/\/woche-der-ki.de\/index.php\/wp-json\/wp\/v2\/pages\/2618\/revisions"}],"predecessor-version":[{"id":2635,"href":"https:\/\/woche-der-ki.de\/index.php\/wp-json\/wp\/v2\/pages\/2618\/revisions\/2635"}],"wp:attachment":[{"href":"https:\/\/woche-der-ki.de\/index.php\/wp-json\/wp\/v2\/media?parent=2618"}],"curies":[{"name":"wp","href":"https:\/\/api.w.org\/{rel}","templated":true}]}}