{"id":2658,"date":"2022-10-11T14:04:43","date_gmt":"2022-10-11T12:04:43","guid":{"rendered":"https:\/\/woche-der-ki.de\/?page_id=2658"},"modified":"2022-10-11T14:10:16","modified_gmt":"2022-10-11T12:10:16","slug":"roboter-in-der-amtsstube-einsatzszenarien-und-rahmenbedingungen","status":"publish","type":"page","link":"https:\/\/woche-der-ki.de\/index.php\/roboter-in-der-amtsstube-einsatzszenarien-und-rahmenbedingungen\/","title":{"rendered":"Roboter in der Amtsstube: Einsatzszenarien und Rahmenbedingungen"},"content":{"rendered":"\t\t<div data-elementor-type=\"wp-page\" data-elementor-id=\"2658\" class=\"elementor elementor-2658\" data-elementor-post-type=\"page\">\n\t\t\t\t\t\t<section class=\"elementor-section elementor-top-section elementor-element elementor-element-68871bd1 elementor-section-full_width elementor-section-height-default elementor-section-height-default\" data-id=\"68871bd1\" data-element_type=\"section\">\n\t\t\t\t\t\t<div class=\"elementor-container elementor-column-gap-default\">\n\t\t\t\t\t<div class=\"elementor-column elementor-col-33 elementor-top-column elementor-element elementor-element-6d7e1407\" data-id=\"6d7e1407\" data-element_type=\"column\">\n\t\t\t<div class=\"elementor-widget-wrap\">\n\t\t\t\t\t\t\t<\/div>\n\t\t<\/div>\n\t\t\t\t<div class=\"elementor-column elementor-col-33 elementor-top-column elementor-element elementor-element-4f9f2080\" data-id=\"4f9f2080\" data-element_type=\"column\">\n\t\t\t<div class=\"elementor-widget-wrap elementor-element-populated\">\n\t\t\t\t\t\t<div class=\"elementor-element elementor-element-4160840c elementor-widget__width-initial elementor-widget elementor-widget-spacer\" data-id=\"4160840c\" data-element_type=\"widget\" data-widget_type=\"spacer.default\">\n\t\t\t\t<div class=\"elementor-widget-container\">\n\t\t\t\t\t\t\t<div class=\"elementor-spacer\">\n\t\t\t<div class=\"elementor-spacer-inner\"><\/div>\n\t\t<\/div>\n\t\t\t\t\t\t<\/div>\n\t\t\t\t<\/div>\n\t\t\t\t<div class=\"elementor-element elementor-element-9dfa099 elementor-view-default elementor-widget elementor-widget-icon\" data-id=\"9dfa099\" data-element_type=\"widget\" data-widget_type=\"icon.default\">\n\t\t\t\t<div class=\"elementor-widget-container\">\n\t\t\t\t\t\t\t<div class=\"elementor-icon-wrapper\">\n\t\t\t<div class=\"elementor-icon\">\n\t\t\t<i aria-hidden=\"true\" class=\"fas fa-circle\"><\/i>\t\t\t<\/div>\n\t\t<\/div>\n\t\t\t\t\t\t<\/div>\n\t\t\t\t<\/div>\n\t\t\t\t\t<\/div>\n\t\t<\/div>\n\t\t\t\t<div class=\"elementor-column elementor-col-33 elementor-top-column elementor-element elementor-element-211a9b71\" data-id=\"211a9b71\" data-element_type=\"column\">\n\t\t\t<div class=\"elementor-widget-wrap\">\n\t\t\t\t\t\t\t<\/div>\n\t\t<\/div>\n\t\t\t\t\t<\/div>\n\t\t<\/section>\n\t\t\t\t<section class=\"elementor-section elementor-top-section elementor-element elementor-element-482a0cc elementor-section-boxed elementor-section-height-default elementor-section-height-default\" data-id=\"482a0cc\" data-element_type=\"section\">\n\t\t\t\t\t\t<div class=\"elementor-container elementor-column-gap-default\">\n\t\t\t\t\t<div class=\"elementor-column elementor-col-100 elementor-top-column elementor-element elementor-element-8ba3176\" data-id=\"8ba3176\" data-element_type=\"column\">\n\t\t\t<div class=\"elementor-widget-wrap elementor-element-populated\">\n\t\t\t\t\t\t<div class=\"elementor-element elementor-element-8bec395 elementor-widget elementor-widget-heading\" data-id=\"8bec395\" data-element_type=\"widget\" data-settings=\"{&quot;_animation&quot;:&quot;none&quot;}\" data-widget_type=\"heading.default\">\n\t\t\t\t<div class=\"elementor-widget-container\">\n\t\t\t\t\t<h1 class=\"elementor-heading-title elementor-size-default\">Donnerstag, 03.11.2022,  16.00 - 18.00&nbsp;Uhr<\/h1>\t\t\t\t<\/div>\n\t\t\t\t<\/div>\n\t\t\t\t<div class=\"elementor-element elementor-element-0824923 elementor-widget elementor-widget-heading\" data-id=\"0824923\" data-element_type=\"widget\" data-settings=\"{&quot;_animation&quot;:&quot;none&quot;}\" data-widget_type=\"heading.default\">\n\t\t\t\t<div class=\"elementor-widget-container\">\n\t\t\t\t\t<h2 class=\"elementor-heading-title elementor-size-default\">Roboter in der Amtsstube: Einsatzszenarien und Rahmenbedingungen\n\n<\/h2>\t\t\t\t<\/div>\n\t\t\t\t<\/div>\n\t\t\t\t<div class=\"elementor-element elementor-element-4d2ed6c elementor-widget elementor-widget-text-editor\" data-id=\"4d2ed6c\" data-element_type=\"widget\" data-widget_type=\"text-editor.default\">\n\t\t\t\t<div class=\"elementor-widget-container\">\n\t\t\t\t\t\t\t\t\t<p>\u00d6ffentlicher Workshop&nbsp;&nbsp;<\/p>\n<p><strong>Ort:<\/strong> Media Docks, Willy-Brandt-Allee 31, 23554 L\u00fcbeck<\/p>\n<p>Der Workshop wird geplant und moderiert von <b>Prof. Dr. Ralf M\u00f6ller (DFKI und Universit\u00e4t zu L\u00fcbeck) <\/b>und <b>Prof. Dr. Moreen Heine (Joint eGov and Open Data Innovation Lab und Universit\u00e4t zu L\u00fcbeck)<\/b>. \u00d6ffentliche Verwaltungen stehen vor der Herausforderung, ihre Leistungsf\u00e4higkeit trotz zunehmendem Personalmangel aufrechtzuerhalten. Ein L\u00f6sungsansatz liegt in der Automatisierung von Aufgaben oder Teilaufgaben. Eher wenig Beachtung findet dieser Ansatz im Kontext von Empfangs- und Beratungssituationen vor Ort. Der Einsatz von Service-Robotern ist selten Gegenstand von Innovationsprojekten im \u00f6ffentlichen Sektor.<\/p>\n<p>Dies greifen wir auf und geben im Workshop \u201eRoboter in der Amtsstube: Einsatzszenarien und Rahmenbedingungen\u201c zun\u00e4chst einen \u00dcberblick \u00fcber den aktuellen Stand der Forschung und Praxis. Anschlie\u00dfend treffen Sie den Roboter Pepper und erleben eine prototypische Umsetzung zu einem konkreten Beratungsthema. Auf dieser Grundlage diskutieren wir Nutzungsszenarien und Anforderungen.<\/p>\n<p>Wir w\u00fcrden uns sehr \u00fcber Ihre Teilnahme und eine kurze Antwort per Mail (<a href=\"mailto:moeller@ifis.uni-luebeck.de\"><b>moeller@ifis.uni-luebeck.de<\/b><\/a> und <a href=\"mailto:heine@imis.uni-luebeck.de\"><b>heine@imis.uni-luebeck.de<\/b><\/a>) freuen. Ziel des Workshops ist es, Wissenschaft und Praxis zusammenzubringen und einen Auftakt f\u00fcr den fachlichen Austausch zu schaffen. Die Ergebnisse flie\u00dfen in ein aktuelles Forschungsprojekt ein.<\/p>\t\t\t\t\t\t\t\t<\/div>\n\t\t\t\t<\/div>\n\t\t\t\t\t<\/div>\n\t\t<\/div>\n\t\t\t\t\t<\/div>\n\t\t<\/section>\n\t\t\t\t<\/div>\n\t\t","protected":false},"excerpt":{"rendered":"<p>Donnerstag, 03.11.2022, 16.00 &#8211; 18.00&nbsp;Uhr Roboter in der Amtsstube: Einsatzszenarien und Rahmenbedingungen \u00d6ffentlicher Workshop&nbsp;&nbsp; Ort: Media Docks, Willy-Brandt-Allee 31, 23554 L\u00fcbeck Der Workshop wird geplant und moderiert von Prof. Dr. Ralf M\u00f6ller (DFKI und Universit\u00e4t zu L\u00fcbeck) und Prof. Dr. Moreen Heine (Joint eGov and Open Data Innovation Lab und Universit\u00e4t zu L\u00fcbeck). \u00d6ffentliche Verwaltungen [&hellip;]<\/p>\n","protected":false},"author":2,"featured_media":0,"parent":0,"menu_order":0,"comment_status":"closed","ping_status":"closed","template":"","meta":{"footnotes":""},"class_list":["post-2658","page","type-page","status-publish","hentry"],"_links":{"self":[{"href":"https:\/\/woche-der-ki.de\/index.php\/wp-json\/wp\/v2\/pages\/2658","targetHints":{"allow":["GET"]}}],"collection":[{"href":"https:\/\/woche-der-ki.de\/index.php\/wp-json\/wp\/v2\/pages"}],"about":[{"href":"https:\/\/woche-der-ki.de\/index.php\/wp-json\/wp\/v2\/types\/page"}],"author":[{"embeddable":true,"href":"https:\/\/woche-der-ki.de\/index.php\/wp-json\/wp\/v2\/users\/2"}],"replies":[{"embeddable":true,"href":"https:\/\/woche-der-ki.de\/index.php\/wp-json\/wp\/v2\/comments?post=2658"}],"version-history":[{"count":4,"href":"https:\/\/woche-der-ki.de\/index.php\/wp-json\/wp\/v2\/pages\/2658\/revisions"}],"predecessor-version":[{"id":2662,"href":"https:\/\/woche-der-ki.de\/index.php\/wp-json\/wp\/v2\/pages\/2658\/revisions\/2662"}],"wp:attachment":[{"href":"https:\/\/woche-der-ki.de\/index.php\/wp-json\/wp\/v2\/media?parent=2658"}],"curies":[{"name":"wp","href":"https:\/\/api.w.org\/{rel}","templated":true}]}}