{"id":2703,"date":"2022-10-24T14:59:21","date_gmt":"2022-10-24T12:59:21","guid":{"rendered":"https:\/\/woche-der-ki.de\/?page_id=2703"},"modified":"2022-10-24T15:25:11","modified_gmt":"2022-10-24T13:25:11","slug":"campustag-der-ki-weibliche-role-models-in-der-ki","status":"publish","type":"page","link":"https:\/\/woche-der-ki.de\/index.php\/campustag-der-ki-weibliche-role-models-in-der-ki\/","title":{"rendered":"Campustag der KI \u2013 Weibliche Role Models in der KI"},"content":{"rendered":"\t\t<div data-elementor-type=\"wp-page\" data-elementor-id=\"2703\" class=\"elementor elementor-2703\" data-elementor-post-type=\"page\">\n\t\t\t\t\t\t<section class=\"elementor-section elementor-top-section elementor-element elementor-element-68871bd1 elementor-section-full_width elementor-section-height-default elementor-section-height-default\" data-id=\"68871bd1\" data-element_type=\"section\">\n\t\t\t\t\t\t<div class=\"elementor-container elementor-column-gap-default\">\n\t\t\t\t\t<div class=\"elementor-column elementor-col-33 elementor-top-column elementor-element elementor-element-6d7e1407\" data-id=\"6d7e1407\" data-element_type=\"column\">\n\t\t\t<div class=\"elementor-widget-wrap\">\n\t\t\t\t\t\t\t<\/div>\n\t\t<\/div>\n\t\t\t\t<div class=\"elementor-column elementor-col-33 elementor-top-column elementor-element elementor-element-4f9f2080\" data-id=\"4f9f2080\" data-element_type=\"column\">\n\t\t\t<div class=\"elementor-widget-wrap elementor-element-populated\">\n\t\t\t\t\t\t<div class=\"elementor-element elementor-element-4160840c elementor-widget__width-initial elementor-widget elementor-widget-spacer\" data-id=\"4160840c\" data-element_type=\"widget\" data-widget_type=\"spacer.default\">\n\t\t\t\t<div class=\"elementor-widget-container\">\n\t\t\t\t\t\t\t<div class=\"elementor-spacer\">\n\t\t\t<div class=\"elementor-spacer-inner\"><\/div>\n\t\t<\/div>\n\t\t\t\t\t\t<\/div>\n\t\t\t\t<\/div>\n\t\t\t\t<div class=\"elementor-element elementor-element-9dfa099 elementor-view-default elementor-widget elementor-widget-icon\" data-id=\"9dfa099\" data-element_type=\"widget\" data-widget_type=\"icon.default\">\n\t\t\t\t<div class=\"elementor-widget-container\">\n\t\t\t\t\t\t\t<div class=\"elementor-icon-wrapper\">\n\t\t\t<div class=\"elementor-icon\">\n\t\t\t<i aria-hidden=\"true\" class=\"fas fa-circle\"><\/i>\t\t\t<\/div>\n\t\t<\/div>\n\t\t\t\t\t\t<\/div>\n\t\t\t\t<\/div>\n\t\t\t\t\t<\/div>\n\t\t<\/div>\n\t\t\t\t<div class=\"elementor-column elementor-col-33 elementor-top-column elementor-element elementor-element-211a9b71\" data-id=\"211a9b71\" data-element_type=\"column\">\n\t\t\t<div class=\"elementor-widget-wrap\">\n\t\t\t\t\t\t\t<\/div>\n\t\t<\/div>\n\t\t\t\t\t<\/div>\n\t\t<\/section>\n\t\t\t\t<section class=\"elementor-section elementor-top-section elementor-element elementor-element-482a0cc elementor-section-boxed elementor-section-height-default elementor-section-height-default\" data-id=\"482a0cc\" data-element_type=\"section\">\n\t\t\t\t\t\t<div class=\"elementor-container elementor-column-gap-default\">\n\t\t\t\t\t<div class=\"elementor-column elementor-col-100 elementor-top-column elementor-element elementor-element-8ba3176\" data-id=\"8ba3176\" data-element_type=\"column\">\n\t\t\t<div class=\"elementor-widget-wrap elementor-element-populated\">\n\t\t\t\t\t\t<div class=\"elementor-element elementor-element-8bec395 elementor-widget elementor-widget-heading\" data-id=\"8bec395\" data-element_type=\"widget\" data-settings=\"{&quot;_animation&quot;:&quot;none&quot;}\" data-widget_type=\"heading.default\">\n\t\t\t\t<div class=\"elementor-widget-container\">\n\t\t\t\t\t<h1 class=\"elementor-heading-title elementor-size-default\">Freitag, 04.11.2022, 08.15-14.00Uhr<\/h1>\t\t\t\t<\/div>\n\t\t\t\t<\/div>\n\t\t\t\t<div class=\"elementor-element elementor-element-0824923 elementor-widget elementor-widget-heading\" data-id=\"0824923\" data-element_type=\"widget\" data-settings=\"{&quot;_animation&quot;:&quot;none&quot;}\" data-widget_type=\"heading.default\">\n\t\t\t\t<div class=\"elementor-widget-container\">\n\t\t\t\t\t<h2 class=\"elementor-heading-title elementor-size-default\">Campustag der KI \u2013 Weibliche Role Models in der KI\n\n<\/h2>\t\t\t\t<\/div>\n\t\t\t\t<\/div>\n\t\t\t\t<div class=\"elementor-element elementor-element-4d2ed6c elementor-widget elementor-widget-text-editor\" data-id=\"4d2ed6c\" data-element_type=\"widget\" data-widget_type=\"text-editor.default\">\n\t\t\t\t<div class=\"elementor-widget-container\">\n\t\t\t\t\t\t\t\t\t<p>Beim Campustag der KI besuchen Sch\u00fclerinnen verschiedene Akteurinnen des Hanse Innovation Campus L\u00fcbeck, die in dem Bereich KI arbeiten. Die Stationen der Instituts- und Laborbesuche sind:<\/p><p><b>Prof. Inke K\u00f6nig und Prof. Silke Szymczak (Institut f\u00fcr Medizinische Biometrie und Statistik, Universit\u00e4t zu L\u00fcbeck),<\/b><\/p><p><b>Prof. Moreen Heine und Anna Dhungel (Institut f\u00fcr Multimediale und Interaktive Systeme, Universit\u00e4t zu L\u00fcbeck)<\/b><\/p><p><b>und Lisa Hack (Labormanagerin, FabLab L\u00fcbeck).<\/b><\/p><p>Dabei wird nicht nur aufgezeigt, was am HIC L\u00fcbeck im Bereich der KI geforscht und gearbeitet wird, sondern ganz nebenbei f\u00fcr KI begeistert und mit Genderstereotypen aufger\u00e4umt.<\/p><p><strong><br \/>Veranstalter: <\/strong>Hanse Innovation Campus GmbH als Verbundpartner von WINnovation, Agentur f\u00fcr Arbeit L\u00fcbeck<\/p><p><strong>Art der Veranstaltung: <\/strong>Instituts- und Laborbesuch<\/p><p><strong>Zielgruppe: <\/strong>Sch\u00fclerinnen der 10. Klasse<\/p><p><strong>Anmeldung:<\/strong> Externe Anmeldung nicht m\u00f6glich<\/p><p><strong style=\"font-family: var( --e-global-typography-text-font-family ), Sans-serif; font-size: var( --e-global-typography-text-font-size );\">Ort: <\/strong>Hanse Innovation Campus L\u00fcbeck: Gr\u00fcnderCube, Institut f\u00fcr Medizinische Biometrie und Statistik (Universit\u00e4t zu L\u00fcbeck), Institut f\u00fcr Multimediale und Interaktive Systeme (Universit\u00e4t zu L\u00fcbeck), FabLab L\u00fcbeck<\/p><p><strong>Geschlossene Veranstaltung<\/strong><\/p><p><strong>Max. Zahl der Teilnehmenden:<\/strong> 15<\/p><p><strong>Kontakt: <\/strong>Dr. Jana Kiehn, <a href=\"mailto:kiehn@hic-luebeck.de\"><b>kiehn@hic-luebeck.de<\/b><\/a><strong><br \/><\/strong><\/p>\t\t\t\t\t\t\t\t<\/div>\n\t\t\t\t<\/div>\n\t\t\t\t<div class=\"elementor-element elementor-element-07e76a0 elementor-widget elementor-widget-image\" data-id=\"07e76a0\" data-element_type=\"widget\" data-widget_type=\"image.default\">\n\t\t\t\t<div class=\"elementor-widget-container\">\n\t\t\t\t\t\t\t\t\t\t\t\t\t\t\t<img fetchpriority=\"high\" decoding=\"async\" width=\"768\" height=\"294\" src=\"https:\/\/woche-der-ki.de\/wp-content\/uploads\/2022\/10\/logos-hic-aa-768x294.jpg\" class=\"attachment-medium_large size-medium_large wp-image-2714\" alt=\"\" srcset=\"https:\/\/woche-der-ki.de\/wp-content\/uploads\/2022\/10\/logos-hic-aa-768x294.jpg 768w, https:\/\/woche-der-ki.de\/wp-content\/uploads\/2022\/10\/logos-hic-aa-300x115.jpg 300w, https:\/\/woche-der-ki.de\/wp-content\/uploads\/2022\/10\/logos-hic-aa-1024x391.jpg 1024w, https:\/\/woche-der-ki.de\/wp-content\/uploads\/2022\/10\/logos-hic-aa.jpg 1486w\" sizes=\"(max-width: 768px) 100vw, 768px\" \/>\t\t\t\t\t\t\t\t\t\t\t\t\t\t\t<\/div>\n\t\t\t\t<\/div>\n\t\t\t\t\t<\/div>\n\t\t<\/div>\n\t\t\t\t\t<\/div>\n\t\t<\/section>\n\t\t\t\t<\/div>\n\t\t","protected":false},"excerpt":{"rendered":"<p>Freitag, 04.11.2022, 08.15-14.00Uhr Campustag der KI \u2013 Weibliche Role Models in der KI Beim Campustag der KI besuchen Sch\u00fclerinnen verschiedene Akteurinnen des Hanse Innovation Campus L\u00fcbeck, die in dem Bereich KI arbeiten. Die Stationen der Instituts- und Laborbesuche sind: Prof. Inke K\u00f6nig und Prof. Silke Szymczak (Institut f\u00fcr Medizinische Biometrie und Statistik, Universit\u00e4t zu L\u00fcbeck), [&hellip;]<\/p>\n","protected":false},"author":2,"featured_media":0,"parent":0,"menu_order":0,"comment_status":"closed","ping_status":"closed","template":"","meta":{"footnotes":""},"class_list":["post-2703","page","type-page","status-publish","hentry"],"_links":{"self":[{"href":"https:\/\/woche-der-ki.de\/index.php\/wp-json\/wp\/v2\/pages\/2703","targetHints":{"allow":["GET"]}}],"collection":[{"href":"https:\/\/woche-der-ki.de\/index.php\/wp-json\/wp\/v2\/pages"}],"about":[{"href":"https:\/\/woche-der-ki.de\/index.php\/wp-json\/wp\/v2\/types\/page"}],"author":[{"embeddable":true,"href":"https:\/\/woche-der-ki.de\/index.php\/wp-json\/wp\/v2\/users\/2"}],"replies":[{"embeddable":true,"href":"https:\/\/woche-der-ki.de\/index.php\/wp-json\/wp\/v2\/comments?post=2703"}],"version-history":[{"count":13,"href":"https:\/\/woche-der-ki.de\/index.php\/wp-json\/wp\/v2\/pages\/2703\/revisions"}],"predecessor-version":[{"id":2720,"href":"https:\/\/woche-der-ki.de\/index.php\/wp-json\/wp\/v2\/pages\/2703\/revisions\/2720"}],"wp:attachment":[{"href":"https:\/\/woche-der-ki.de\/index.php\/wp-json\/wp\/v2\/media?parent=2703"}],"curies":[{"name":"wp","href":"https:\/\/api.w.org\/{rel}","templated":true}]}}