{"id":2950,"date":"2023-09-25T13:09:08","date_gmt":"2023-09-25T11:09:08","guid":{"rendered":"https:\/\/woche-der-ki.de\/?page_id=2950"},"modified":"2023-11-07T11:36:57","modified_gmt":"2023-11-07T10:36:57","slug":"ausstellung-lubecker-ki-erlebnistage-2023","status":"publish","type":"page","link":"https:\/\/woche-der-ki.de\/index.php\/ausstellung-lubecker-ki-erlebnistage-2023\/","title":{"rendered":"Ausstellung L\u00fcbecker KI-Erlebnistage"},"content":{"rendered":"\t\t<div data-elementor-type=\"wp-page\" data-elementor-id=\"2950\" class=\"elementor elementor-2950\" data-elementor-post-type=\"page\">\n\t\t\t\t\t\t<section class=\"elementor-section elementor-top-section elementor-element elementor-element-68871bd1 elementor-section-full_width elementor-section-height-default elementor-section-height-default\" data-id=\"68871bd1\" data-element_type=\"section\">\n\t\t\t\t\t\t<div class=\"elementor-container elementor-column-gap-default\">\n\t\t\t\t\t<div class=\"elementor-column elementor-col-33 elementor-top-column elementor-element elementor-element-6d7e1407\" data-id=\"6d7e1407\" data-element_type=\"column\">\n\t\t\t<div class=\"elementor-widget-wrap\">\n\t\t\t\t\t\t\t<\/div>\n\t\t<\/div>\n\t\t\t\t<div class=\"elementor-column elementor-col-33 elementor-top-column elementor-element elementor-element-4f9f2080\" data-id=\"4f9f2080\" data-element_type=\"column\">\n\t\t\t<div class=\"elementor-widget-wrap elementor-element-populated\">\n\t\t\t\t\t\t<div class=\"elementor-element elementor-element-4160840c elementor-widget__width-initial elementor-widget elementor-widget-spacer\" data-id=\"4160840c\" data-element_type=\"widget\" data-widget_type=\"spacer.default\">\n\t\t\t\t<div class=\"elementor-widget-container\">\n\t\t\t\t\t\t\t<div class=\"elementor-spacer\">\n\t\t\t<div class=\"elementor-spacer-inner\"><\/div>\n\t\t<\/div>\n\t\t\t\t\t\t<\/div>\n\t\t\t\t<\/div>\n\t\t\t\t<div class=\"elementor-element elementor-element-9dfa099 elementor-view-default elementor-widget elementor-widget-icon\" data-id=\"9dfa099\" data-element_type=\"widget\" data-widget_type=\"icon.default\">\n\t\t\t\t<div class=\"elementor-widget-container\">\n\t\t\t\t\t\t\t<div class=\"elementor-icon-wrapper\">\n\t\t\t<div class=\"elementor-icon\">\n\t\t\t<i aria-hidden=\"true\" class=\"fas fa-circle\"><\/i>\t\t\t<\/div>\n\t\t<\/div>\n\t\t\t\t\t\t<\/div>\n\t\t\t\t<\/div>\n\t\t\t\t\t<\/div>\n\t\t<\/div>\n\t\t\t\t<div class=\"elementor-column elementor-col-33 elementor-top-column elementor-element elementor-element-211a9b71\" data-id=\"211a9b71\" data-element_type=\"column\">\n\t\t\t<div class=\"elementor-widget-wrap\">\n\t\t\t\t\t\t\t<\/div>\n\t\t<\/div>\n\t\t\t\t\t<\/div>\n\t\t<\/section>\n\t\t\t\t<section class=\"elementor-section elementor-top-section elementor-element elementor-element-482a0cc elementor-section-boxed elementor-section-height-default elementor-section-height-default\" data-id=\"482a0cc\" data-element_type=\"section\">\n\t\t\t\t\t\t<div class=\"elementor-container elementor-column-gap-default\">\n\t\t\t\t\t<div class=\"elementor-column elementor-col-100 elementor-top-column elementor-element elementor-element-8ba3176\" data-id=\"8ba3176\" data-element_type=\"column\">\n\t\t\t<div class=\"elementor-widget-wrap elementor-element-populated\">\n\t\t\t\t\t\t<div class=\"elementor-element elementor-element-8bec395 elementor-widget elementor-widget-heading\" data-id=\"8bec395\" data-element_type=\"widget\" data-settings=\"{&quot;_animation&quot;:&quot;none&quot;}\" data-widget_type=\"heading.default\">\n\t\t\t\t<div class=\"elementor-widget-container\">\n\t\t\t\t\t<h1 class=\"elementor-heading-title elementor-size-default\">Mittwoch, 08.11.2023,  11.00 - 17.00&nbsp;Uhr<\/h1>\t\t\t\t<\/div>\n\t\t\t\t<\/div>\n\t\t\t\t<div class=\"elementor-element elementor-element-0824923 elementor-widget elementor-widget-heading\" data-id=\"0824923\" data-element_type=\"widget\" data-settings=\"{&quot;_animation&quot;:&quot;none&quot;}\" data-widget_type=\"heading.default\">\n\t\t\t\t<div class=\"elementor-widget-container\">\n\t\t\t\t\t<h2 class=\"elementor-heading-title elementor-size-default\">Ausstellung L\u00fcbecker KI-Erlebnistag\n\n<\/h2>\t\t\t\t<\/div>\n\t\t\t\t<\/div>\n\t\t\t\t<div class=\"elementor-element elementor-element-4d2ed6c elementor-widget__width-initial elementor-widget elementor-widget-text-editor\" data-id=\"4d2ed6c\" data-element_type=\"widget\" data-widget_type=\"text-editor.default\">\n\t\t\t\t<div class=\"elementor-widget-container\">\n\t\t\t\t\t\t\t\t\t<p>\u00d6ffentliche Veranstaltung<\/p>\n<p><strong>Ort:<\/strong> ehemaliges Karstadt-Geb\u00e4ude (Haus B)<br><strong>Ausstellungsplan:<\/strong><a href=\"https:\/\/woche-der-ki.de\/wp-content\/uploads\/2023\/11\/Ausstellerplan_final.pdf\" target=\"_blank\" rel=\"noopener\"><b> Ausstellungs\u00fcbersicht<\/b><\/a> und weitere Informationen zu den einzelnen St\u00e4nden<\/p>\n<p>Von 11 bis 17 Uhr laden die Universit\u00e4t zu L\u00fcbeck und die Technische Hochschule L\u00fcbeck zur Ausstellung der Woche der KI im Karstadtgeb\u00e4ude ein. Universit\u00e4t, TH L\u00fcbeck, Fraunhofer und das Deutsche Forschungszentrum f\u00fcr K\u00fcnstliche Intelligenz pr\u00e4sentieren neueste Forschungsergebnisse, die nicht nur zum Staunen bringen, sondern auch zum Mitmachen einladen sollen \u2013 viele der Exponate sind zum Ausprobieren! Geeignet ist die Ausstellungen f\u00fcr Sch\u00fclerinnen und Sch\u00fcler ab der Mittelstufe.<\/p>\n<p>Wir w\u00fcrden uns sehr freuen, wenn m\u00f6glichst viele Sch\u00fclerinnen und Sch\u00fcler das Angebot wahrnehmen w\u00fcrden bzw. k\u00f6nnten und m\u00f6chten Sie herzlich bitten, die Information in den Schulen und Klassen zu verteilen. Bei Interesse k\u00f6nnen wir bei den Erlebnistagen auch einst\u00fcndige F\u00fchrungen f\u00fcr ganze Klassen organisieren \u2013 sprechen Sie uns gerne unter <a href=\"mailto:mona.irsfeld@student.uni-luebeck.de\"><b>mona.irsfeld@student.uni-luebeck.de<\/b><\/a> an!<\/p>\n<p>Wenn Sie dar\u00fcber hinaus Fragen zur Ausstellung haben, melden Sie sich gerne bei uns unter <a href=\"mailto:paape@hic-luebeck.de\"><b>paape@hic-luebeck.de<\/b><\/a> oder<b> <a href=\"mailto:janssen@hic-luebeck.de\">janssen@hic-luebeck.de<\/a><br>&nbsp;<\/b><\/p>\n<p><a href=\"https:\/\/woche-der-ki.de\/wp-content\/uploads\/2023\/11\/Ausstellerplan_final.pdf\" target=\"_blank\" rel=\"noopener\"><b>Ausstellungsplan als PDF<\/b><\/a><b> <\/b>zum Download (410 KB)<\/p>\t\t\t\t\t\t\t\t<\/div>\n\t\t\t\t<\/div>\n\t\t\t\t\t<\/div>\n\t\t<\/div>\n\t\t\t\t\t<\/div>\n\t\t<\/section>\n\t\t\t\t<\/div>\n\t\t","protected":false},"excerpt":{"rendered":"<p>Mittwoch, 08.11.2023, 11.00 &#8211; 17.00&nbsp;Uhr Ausstellung L\u00fcbecker KI-Erlebnistag \u00d6ffentliche Veranstaltung Ort: ehemaliges Karstadt-Geb\u00e4ude (Haus B)Ausstellungsplan: Ausstellungs\u00fcbersicht und weitere Informationen zu den einzelnen St\u00e4nden Von 11 bis 17 Uhr laden die Universit\u00e4t zu L\u00fcbeck und die Technische Hochschule L\u00fcbeck zur Ausstellung der Woche der KI im Karstadtgeb\u00e4ude ein. Universit\u00e4t, TH L\u00fcbeck, Fraunhofer und das Deutsche Forschungszentrum [&hellip;]<\/p>\n","protected":false},"author":2,"featured_media":0,"parent":0,"menu_order":0,"comment_status":"closed","ping_status":"closed","template":"","meta":{"footnotes":""},"class_list":["post-2950","page","type-page","status-publish","hentry"],"_links":{"self":[{"href":"https:\/\/woche-der-ki.de\/index.php\/wp-json\/wp\/v2\/pages\/2950","targetHints":{"allow":["GET"]}}],"collection":[{"href":"https:\/\/woche-der-ki.de\/index.php\/wp-json\/wp\/v2\/pages"}],"about":[{"href":"https:\/\/woche-der-ki.de\/index.php\/wp-json\/wp\/v2\/types\/page"}],"author":[{"embeddable":true,"href":"https:\/\/woche-der-ki.de\/index.php\/wp-json\/wp\/v2\/users\/2"}],"replies":[{"embeddable":true,"href":"https:\/\/woche-der-ki.de\/index.php\/wp-json\/wp\/v2\/comments?post=2950"}],"version-history":[{"count":16,"href":"https:\/\/woche-der-ki.de\/index.php\/wp-json\/wp\/v2\/pages\/2950\/revisions"}],"predecessor-version":[{"id":3260,"href":"https:\/\/woche-der-ki.de\/index.php\/wp-json\/wp\/v2\/pages\/2950\/revisions\/3260"}],"wp:attachment":[{"href":"https:\/\/woche-der-ki.de\/index.php\/wp-json\/wp\/v2\/media?parent=2950"}],"curies":[{"name":"wp","href":"https:\/\/api.w.org\/{rel}","templated":true}]}}