{"id":3026,"date":"2023-10-13T15:44:53","date_gmt":"2023-10-13T13:44:53","guid":{"rendered":"https:\/\/woche-der-ki.de\/?page_id=3026"},"modified":"2023-10-17T10:58:09","modified_gmt":"2023-10-17T08:58:09","slug":"antrittsvorlesung-prof-dr-diedrich-wolter","status":"publish","type":"page","link":"https:\/\/woche-der-ki.de\/index.php\/antrittsvorlesung-prof-dr-diedrich-wolter\/","title":{"rendered":"Antrittsvorlesung Prof. Dr. Diedrich Wolter"},"content":{"rendered":"\t\t<div data-elementor-type=\"wp-page\" data-elementor-id=\"3026\" class=\"elementor elementor-3026\" data-elementor-post-type=\"page\">\n\t\t\t\t\t\t<section class=\"elementor-section elementor-top-section elementor-element elementor-element-68871bd1 elementor-section-full_width elementor-section-height-default elementor-section-height-default\" data-id=\"68871bd1\" data-element_type=\"section\">\n\t\t\t\t\t\t<div class=\"elementor-container elementor-column-gap-default\">\n\t\t\t\t\t<div class=\"elementor-column elementor-col-33 elementor-top-column elementor-element elementor-element-6d7e1407\" data-id=\"6d7e1407\" data-element_type=\"column\">\n\t\t\t<div class=\"elementor-widget-wrap\">\n\t\t\t\t\t\t\t<\/div>\n\t\t<\/div>\n\t\t\t\t<div class=\"elementor-column elementor-col-33 elementor-top-column elementor-element elementor-element-4f9f2080\" data-id=\"4f9f2080\" data-element_type=\"column\">\n\t\t\t<div class=\"elementor-widget-wrap elementor-element-populated\">\n\t\t\t\t\t\t<div class=\"elementor-element elementor-element-4160840c elementor-widget__width-initial elementor-widget elementor-widget-spacer\" data-id=\"4160840c\" data-element_type=\"widget\" data-widget_type=\"spacer.default\">\n\t\t\t\t<div class=\"elementor-widget-container\">\n\t\t\t\t\t\t\t<div class=\"elementor-spacer\">\n\t\t\t<div class=\"elementor-spacer-inner\"><\/div>\n\t\t<\/div>\n\t\t\t\t\t\t<\/div>\n\t\t\t\t<\/div>\n\t\t\t\t<div class=\"elementor-element elementor-element-9dfa099 elementor-view-default elementor-widget elementor-widget-icon\" data-id=\"9dfa099\" data-element_type=\"widget\" data-widget_type=\"icon.default\">\n\t\t\t\t<div class=\"elementor-widget-container\">\n\t\t\t\t\t\t\t<div class=\"elementor-icon-wrapper\">\n\t\t\t<div class=\"elementor-icon\">\n\t\t\t<i aria-hidden=\"true\" class=\"fas fa-circle\"><\/i>\t\t\t<\/div>\n\t\t<\/div>\n\t\t\t\t\t\t<\/div>\n\t\t\t\t<\/div>\n\t\t\t\t\t<\/div>\n\t\t<\/div>\n\t\t\t\t<div class=\"elementor-column elementor-col-33 elementor-top-column elementor-element elementor-element-211a9b71\" data-id=\"211a9b71\" data-element_type=\"column\">\n\t\t\t<div class=\"elementor-widget-wrap\">\n\t\t\t\t\t\t\t<\/div>\n\t\t<\/div>\n\t\t\t\t\t<\/div>\n\t\t<\/section>\n\t\t\t\t<section class=\"elementor-section elementor-top-section elementor-element elementor-element-482a0cc elementor-section-boxed elementor-section-height-default elementor-section-height-default\" data-id=\"482a0cc\" data-element_type=\"section\">\n\t\t\t\t\t\t<div class=\"elementor-container elementor-column-gap-default\">\n\t\t\t\t\t<div class=\"elementor-column elementor-col-100 elementor-top-column elementor-element elementor-element-8ba3176\" data-id=\"8ba3176\" data-element_type=\"column\">\n\t\t\t<div class=\"elementor-widget-wrap elementor-element-populated\">\n\t\t\t\t\t\t<div class=\"elementor-element elementor-element-8bec395 elementor-widget elementor-widget-heading\" data-id=\"8bec395\" data-element_type=\"widget\" data-settings=\"{&quot;_animation&quot;:&quot;none&quot;}\" data-widget_type=\"heading.default\">\n\t\t\t\t<div class=\"elementor-widget-container\">\n\t\t\t\t\t<h1 class=\"elementor-heading-title elementor-size-default\">Dienstag, 07.11.2023,  ab 17.00 ct&nbsp;Uhr<\/h1>\t\t\t\t<\/div>\n\t\t\t\t<\/div>\n\t\t\t\t<div class=\"elementor-element elementor-element-0824923 elementor-widget elementor-widget-heading\" data-id=\"0824923\" data-element_type=\"widget\" data-settings=\"{&quot;_animation&quot;:&quot;none&quot;}\" data-widget_type=\"heading.default\">\n\t\t\t\t<div class=\"elementor-widget-container\">\n\t\t\t\t\t<h2 class=\"elementor-heading-title elementor-size-default\">Hybride K\u00fcnstliche Intelligenz oder die Suche nach einer Verbindung k\u00fcnstlicher Gehirnh\u00e4lften<\/h2>\t\t\t\t<\/div>\n\t\t\t\t<\/div>\n\t\t\t\t<div class=\"elementor-element elementor-element-4d2ed6c elementor-widget elementor-widget-text-editor\" data-id=\"4d2ed6c\" data-element_type=\"widget\" data-widget_type=\"text-editor.default\">\n\t\t\t\t<div class=\"elementor-widget-container\">\n\t\t\t\t\t\t\t\t\t<p><strong>Antrittsvorlesung<\/strong> Prof. Dr. Diedrich Wolter, Professor f\u00fcr Hybride KI<\/p><p><strong>Ort:<\/strong> Hanse Innovation Campus L\u00fcbeck, Audimax AM3<\/p><p style=\"margin: 0cm;\"><span style=\"color: #212121;\">In der K\u00fcnstlichen Intelligenz (KI) gibt es zwei konkurrierende Ans\u00e4tze. Im Bereich der Wissensrepr\u00e4sentation werden Modellierungen und ihre algorithmischen Eigenschaften untersucht, um F\u00e4higkeiten menschlichen intelligenten Handelns nachbilden zu k\u00f6nnen. Dies geschah zun\u00e4chst manuell und f\u00fchrte zu sogenannten Expertensystemen, die n\u00fctzlich f\u00fcr spezielle Aufgaben sind. Auch abstraktes Schlussfolgern wird so erm\u00f6glicht. Im Bereich des maschinellen Lernens werden Techniken erforscht, um in Daten Muster zu erkennen und diese zu reproduzieren, mit dem Ziel, aus Abbildern intelligenten menschlichen Verhaltens derartige F\u00e4higkeiten zu synthetisieren. Dank gro\u00dfer Datenmengen und leistungsstarker Computer k\u00f6nnen ebenfalls n\u00fctzliche Modelle f\u00fcr spezielle Aufgaben erstellt werden. Jenseits des durch Daten belegten Verhaltens produzieren diese Modelle teils eklatante Fehler, die durch die Ans\u00e4tze der Wissensrepr\u00e4sentation eigentlich vermeidbar erscheinen. Dazu m\u00fcssten die beiden komplement\u00e4ren Ans\u00e4tze der Wissensrepr\u00e4sentation und des maschinellen Lernens miteinander verbunden werden; das ist Ziel der hybriden KI. Bleibt die Frage: Wie kann diese Verbindung gelingen?<\/span><\/p>\t\t\t\t\t\t\t\t<\/div>\n\t\t\t\t<\/div>\n\t\t\t\t\t<\/div>\n\t\t<\/div>\n\t\t\t\t\t<\/div>\n\t\t<\/section>\n\t\t\t\t<\/div>\n\t\t","protected":false},"excerpt":{"rendered":"<p>Dienstag, 07.11.2023, ab 17.00 ct&nbsp;Uhr Hybride K\u00fcnstliche Intelligenz oder die Suche nach einer Verbindung k\u00fcnstlicher Gehirnh\u00e4lften Antrittsvorlesung Prof. Dr. Diedrich Wolter, Professor f\u00fcr Hybride KI Ort: Hanse Innovation Campus L\u00fcbeck, Audimax AM3 In der K\u00fcnstlichen Intelligenz (KI) gibt es zwei konkurrierende Ans\u00e4tze. Im Bereich der Wissensrepr\u00e4sentation werden Modellierungen und ihre algorithmischen Eigenschaften untersucht, um F\u00e4higkeiten [&hellip;]<\/p>\n","protected":false},"author":2,"featured_media":0,"parent":0,"menu_order":0,"comment_status":"closed","ping_status":"closed","template":"","meta":{"footnotes":""},"class_list":["post-3026","page","type-page","status-publish","hentry"],"_links":{"self":[{"href":"https:\/\/woche-der-ki.de\/index.php\/wp-json\/wp\/v2\/pages\/3026","targetHints":{"allow":["GET"]}}],"collection":[{"href":"https:\/\/woche-der-ki.de\/index.php\/wp-json\/wp\/v2\/pages"}],"about":[{"href":"https:\/\/woche-der-ki.de\/index.php\/wp-json\/wp\/v2\/types\/page"}],"author":[{"embeddable":true,"href":"https:\/\/woche-der-ki.de\/index.php\/wp-json\/wp\/v2\/users\/2"}],"replies":[{"embeddable":true,"href":"https:\/\/woche-der-ki.de\/index.php\/wp-json\/wp\/v2\/comments?post=3026"}],"version-history":[{"count":7,"href":"https:\/\/woche-der-ki.de\/index.php\/wp-json\/wp\/v2\/pages\/3026\/revisions"}],"predecessor-version":[{"id":3052,"href":"https:\/\/woche-der-ki.de\/index.php\/wp-json\/wp\/v2\/pages\/3026\/revisions\/3052"}],"wp:attachment":[{"href":"https:\/\/woche-der-ki.de\/index.php\/wp-json\/wp\/v2\/media?parent=3026"}],"curies":[{"name":"wp","href":"https:\/\/api.w.org\/{rel}","templated":true}]}}