{"id":3087,"date":"2023-10-17T17:25:04","date_gmt":"2023-10-17T15:25:04","guid":{"rendered":"https:\/\/woche-der-ki.de\/?page_id=3087"},"modified":"2023-10-17T17:33:25","modified_gmt":"2023-10-17T15:33:25","slug":"den-wandel-durch-digitalisierung-und-kunstliche-intelligenz-nutzen-und-dabei-das-wohlbefinden-der-beschaftigten-berucksichtigen","status":"publish","type":"page","link":"https:\/\/woche-der-ki.de\/index.php\/den-wandel-durch-digitalisierung-und-kunstliche-intelligenz-nutzen-und-dabei-das-wohlbefinden-der-beschaftigten-berucksichtigen\/","title":{"rendered":"Den Wandel durch Digitalisierung und k\u00fcnstliche Intelligenz nutzen und dabei das Wohlbefinden der Besch\u00e4ftigten ber\u00fccksichtigen"},"content":{"rendered":"\t\t<div data-elementor-type=\"wp-page\" data-elementor-id=\"3087\" class=\"elementor elementor-3087\" data-elementor-post-type=\"page\">\n\t\t\t\t\t\t<section class=\"elementor-section elementor-top-section elementor-element elementor-element-68871bd1 elementor-section-full_width elementor-section-height-default elementor-section-height-default\" data-id=\"68871bd1\" data-element_type=\"section\" data-e-type=\"section\">\n\t\t\t\t\t\t<div class=\"elementor-container elementor-column-gap-default\">\n\t\t\t\t\t<div class=\"elementor-column elementor-col-33 elementor-top-column elementor-element elementor-element-6d7e1407\" data-id=\"6d7e1407\" data-element_type=\"column\" data-e-type=\"column\">\n\t\t\t<div class=\"elementor-widget-wrap\">\n\t\t\t\t\t\t\t<\/div>\n\t\t<\/div>\n\t\t\t\t<div class=\"elementor-column elementor-col-33 elementor-top-column elementor-element elementor-element-4f9f2080\" data-id=\"4f9f2080\" data-element_type=\"column\" data-e-type=\"column\">\n\t\t\t<div class=\"elementor-widget-wrap elementor-element-populated\">\n\t\t\t\t\t\t<div class=\"elementor-element elementor-element-4160840c elementor-widget__width-initial elementor-widget elementor-widget-spacer\" data-id=\"4160840c\" data-element_type=\"widget\" data-e-type=\"widget\" data-widget_type=\"spacer.default\">\n\t\t\t\t<div class=\"elementor-widget-container\">\n\t\t\t\t\t\t\t<div class=\"elementor-spacer\">\n\t\t\t<div class=\"elementor-spacer-inner\"><\/div>\n\t\t<\/div>\n\t\t\t\t\t\t<\/div>\n\t\t\t\t<\/div>\n\t\t\t\t<div class=\"elementor-element elementor-element-9dfa099 elementor-view-default elementor-widget elementor-widget-icon\" data-id=\"9dfa099\" data-element_type=\"widget\" data-e-type=\"widget\" data-widget_type=\"icon.default\">\n\t\t\t\t<div class=\"elementor-widget-container\">\n\t\t\t\t\t\t\t<div class=\"elementor-icon-wrapper\">\n\t\t\t<div class=\"elementor-icon\">\n\t\t\t<i aria-hidden=\"true\" class=\"fas fa-circle\"><\/i>\t\t\t<\/div>\n\t\t<\/div>\n\t\t\t\t\t\t<\/div>\n\t\t\t\t<\/div>\n\t\t\t\t\t<\/div>\n\t\t<\/div>\n\t\t\t\t<div class=\"elementor-column elementor-col-33 elementor-top-column elementor-element elementor-element-211a9b71\" data-id=\"211a9b71\" data-element_type=\"column\" data-e-type=\"column\">\n\t\t\t<div class=\"elementor-widget-wrap\">\n\t\t\t\t\t\t\t<\/div>\n\t\t<\/div>\n\t\t\t\t\t<\/div>\n\t\t<\/section>\n\t\t\t\t<section class=\"elementor-section elementor-top-section elementor-element elementor-element-482a0cc elementor-section-boxed elementor-section-height-default elementor-section-height-default\" data-id=\"482a0cc\" data-element_type=\"section\" data-e-type=\"section\">\n\t\t\t\t\t\t<div class=\"elementor-container elementor-column-gap-default\">\n\t\t\t\t\t<div class=\"elementor-column elementor-col-100 elementor-top-column elementor-element elementor-element-8ba3176\" data-id=\"8ba3176\" data-element_type=\"column\" data-e-type=\"column\">\n\t\t\t<div class=\"elementor-widget-wrap elementor-element-populated\">\n\t\t\t\t\t\t<div class=\"elementor-element elementor-element-8bec395 elementor-widget elementor-widget-heading\" data-id=\"8bec395\" data-element_type=\"widget\" data-e-type=\"widget\" data-settings=\"{&quot;_animation&quot;:&quot;none&quot;}\" data-widget_type=\"heading.default\">\n\t\t\t\t<div class=\"elementor-widget-container\">\n\t\t\t\t\t<h1 class=\"elementor-heading-title elementor-size-default\">Dienstag, 07.11.2023,  14.30-17.00 &nbsp;Uhr<\/h1>\t\t\t\t<\/div>\n\t\t\t\t<\/div>\n\t\t\t\t<div class=\"elementor-element elementor-element-0824923 elementor-widget elementor-widget-heading\" data-id=\"0824923\" data-element_type=\"widget\" data-e-type=\"widget\" data-settings=\"{&quot;_animation&quot;:&quot;none&quot;}\" data-widget_type=\"heading.default\">\n\t\t\t\t<div class=\"elementor-widget-container\">\n\t\t\t\t\t<h2 class=\"elementor-heading-title elementor-size-default\">Den Wandel durch Digitalisierung und k\u00fcnstliche Intelligenz nutzen und dabei das Wohlbefinden der Besch\u00e4ftigten ber\u00fccksichtigen<\/h2>\t\t\t\t<\/div>\n\t\t\t\t<\/div>\n\t\t\t\t<div class=\"elementor-element elementor-element-4d2ed6c elementor-widget elementor-widget-text-editor\" data-id=\"4d2ed6c\" data-element_type=\"widget\" data-e-type=\"widget\" data-widget_type=\"text-editor.default\">\n\t\t\t\t<div class=\"elementor-widget-container\">\n\t\t\t\t\t\t\t\t\t<p>Workshop mit <a href=\"https:\/\/kuenstliche-intelligenz.sh\/de\/terminanmeldung?termin=497\" target=\"_blank\" rel=\"noopener\"><b>Anmeldung<\/b><\/a>, \u00f6ffentliche Veranstaltung<\/p><p>Digitalisierung und K\u00fcnstliche Intelligenz (KI) haben gro\u00dfe Auswirkungen auf die Wirtschaft. Sie k\u00f6nnen zu Effizienzsteigerungen, verbesserter Datenanalyse, Kosteneinsparungen und mehr Innovation f\u00fchren. Um auf diesen Wandel vorbereitet zu sein und ihn aktiv mitgestalten zu k\u00f6nnen, ist es aber auch wichtig, die Auswirkungen auf die Mitarbeitenden zu ber\u00fccksichtigen und Strategien zu entwickeln, wie diese den Wandel positiv mitgestalten k\u00f6nnen.<\/p><p>Die Betriebliche Gesundheitsmanagerin Julia Zoch und die KI-Projektmanager der TH L\u00fcbeck Gilbert Drzyzga und Thorleif Harder sowie Leonid Kock und Linus Prinz vom KI-Transfer-Hub werden im Rahmen des Workshops den Teilnehmenden die Herausforderungen f\u00fcr Unternehmen und m\u00f6gliche L\u00f6sungsans\u00e4tze diskutieren.<\/p><p>Dieser Workshop richtet sich speziell an Mitarbeitende von kleinen und mittleren Unternehmen (KMU).<\/p><p><strong>Ort:<\/strong> Hanse Innovation Campus L\u00fcbeck, MFC VII, Maria-G\u00f6ppert-Stra\u00dfe 9<br \/><strong>\u00d6ffentliche Veranstaltung:<\/strong> ja<br \/><strong>Anmeldung:<\/strong> Maximal 30 Teilnehmende mit <a href=\"https:\/\/kuenstliche-intelligenz.sh\/de\/ki-events-detail\/den-wandel-durch-digitalisierung-und-kuenstliche-intelligenz-nutzen-und-dabei-das-wohlbefinden-der-beschaeftigten-beruecksichtigen-497\" target=\"_blank\" rel=\"noopener\"><b>Anmeldung<\/b><\/a><br \/><strong>Veranstalter:<\/strong> Technische Hochschule L\u00fcbeck, KI-Transfer-Hub SH, Mittelstand-Digital Zentrum Schleswig-Holstein<\/p><p><br \/><a href=\"https:\/\/kuenstliche-intelligenz.sh\/de\/ki-events\" target=\"_blank\" rel=\"noopener\"><b>Weitere Informationen<\/b><\/a><\/p>\t\t\t\t\t\t\t\t<\/div>\n\t\t\t\t<\/div>\n\t\t\t\t\t<\/div>\n\t\t<\/div>\n\t\t\t\t\t<\/div>\n\t\t<\/section>\n\t\t\t\t<\/div>\n\t\t","protected":false},"excerpt":{"rendered":"<p>Dienstag, 07.11.2023, 14.30-17.00 &nbsp;Uhr Den Wandel durch Digitalisierung und k\u00fcnstliche Intelligenz nutzen und dabei das Wohlbefinden der Besch\u00e4ftigten ber\u00fccksichtigen Workshop mit Anmeldung, \u00f6ffentliche Veranstaltung Digitalisierung und K\u00fcnstliche Intelligenz (KI) haben gro\u00dfe Auswirkungen auf die Wirtschaft. Sie k\u00f6nnen zu Effizienzsteigerungen, verbesserter Datenanalyse, Kosteneinsparungen und mehr Innovation f\u00fchren. Um auf diesen Wandel vorbereitet zu sein und ihn [&hellip;]<\/p>\n","protected":false},"author":2,"featured_media":0,"parent":0,"menu_order":0,"comment_status":"closed","ping_status":"closed","template":"","meta":{"footnotes":""},"class_list":["post-3087","page","type-page","status-publish","hentry"],"_links":{"self":[{"href":"https:\/\/woche-der-ki.de\/index.php\/wp-json\/wp\/v2\/pages\/3087","targetHints":{"allow":["GET"]}}],"collection":[{"href":"https:\/\/woche-der-ki.de\/index.php\/wp-json\/wp\/v2\/pages"}],"about":[{"href":"https:\/\/woche-der-ki.de\/index.php\/wp-json\/wp\/v2\/types\/page"}],"author":[{"embeddable":true,"href":"https:\/\/woche-der-ki.de\/index.php\/wp-json\/wp\/v2\/users\/2"}],"replies":[{"embeddable":true,"href":"https:\/\/woche-der-ki.de\/index.php\/wp-json\/wp\/v2\/comments?post=3087"}],"version-history":[{"count":4,"href":"https:\/\/woche-der-ki.de\/index.php\/wp-json\/wp\/v2\/pages\/3087\/revisions"}],"predecessor-version":[{"id":3091,"href":"https:\/\/woche-der-ki.de\/index.php\/wp-json\/wp\/v2\/pages\/3087\/revisions\/3091"}],"wp:attachment":[{"href":"https:\/\/woche-der-ki.de\/index.php\/wp-json\/wp\/v2\/media?parent=3087"}],"curies":[{"name":"wp","href":"https:\/\/api.w.org\/{rel}","templated":true}]}}