{"id":3111,"date":"2023-10-23T14:06:09","date_gmt":"2023-10-23T12:06:09","guid":{"rendered":"https:\/\/woche-der-ki.de\/?page_id=3111"},"modified":"2023-10-23T14:17:56","modified_gmt":"2023-10-23T12:17:56","slug":"data-sharing-in-clinical-research-what-we-know-what-we-dont-know-and-what-we-can-do","status":"publish","type":"page","link":"https:\/\/woche-der-ki.de\/index.php\/data-sharing-in-clinical-research-what-we-know-what-we-dont-know-and-what-we-can-do\/","title":{"rendered":"Data sharing in clinical research &#8211; what we know, what we don&#8217;t know, and what we can do"},"content":{"rendered":"\t\t<div data-elementor-type=\"wp-page\" data-elementor-id=\"3111\" class=\"elementor elementor-3111\" data-elementor-post-type=\"page\">\n\t\t\t\t\t\t<section class=\"elementor-section elementor-top-section elementor-element elementor-element-68871bd1 elementor-section-full_width elementor-section-height-default elementor-section-height-default\" data-id=\"68871bd1\" data-element_type=\"section\">\n\t\t\t\t\t\t<div class=\"elementor-container elementor-column-gap-default\">\n\t\t\t\t\t<div class=\"elementor-column elementor-col-33 elementor-top-column elementor-element elementor-element-6d7e1407\" data-id=\"6d7e1407\" data-element_type=\"column\">\n\t\t\t<div class=\"elementor-widget-wrap\">\n\t\t\t\t\t\t\t<\/div>\n\t\t<\/div>\n\t\t\t\t<div class=\"elementor-column elementor-col-33 elementor-top-column elementor-element elementor-element-4f9f2080\" data-id=\"4f9f2080\" data-element_type=\"column\">\n\t\t\t<div class=\"elementor-widget-wrap elementor-element-populated\">\n\t\t\t\t\t\t<div class=\"elementor-element elementor-element-4160840c elementor-widget__width-initial elementor-widget elementor-widget-spacer\" data-id=\"4160840c\" data-element_type=\"widget\" data-widget_type=\"spacer.default\">\n\t\t\t\t<div class=\"elementor-widget-container\">\n\t\t\t\t\t\t\t<div class=\"elementor-spacer\">\n\t\t\t<div class=\"elementor-spacer-inner\"><\/div>\n\t\t<\/div>\n\t\t\t\t\t\t<\/div>\n\t\t\t\t<\/div>\n\t\t\t\t<div class=\"elementor-element elementor-element-9dfa099 elementor-view-default elementor-widget elementor-widget-icon\" data-id=\"9dfa099\" data-element_type=\"widget\" data-widget_type=\"icon.default\">\n\t\t\t\t<div class=\"elementor-widget-container\">\n\t\t\t\t\t\t\t<div class=\"elementor-icon-wrapper\">\n\t\t\t<div class=\"elementor-icon\">\n\t\t\t<i aria-hidden=\"true\" class=\"fas fa-circle\"><\/i>\t\t\t<\/div>\n\t\t<\/div>\n\t\t\t\t\t\t<\/div>\n\t\t\t\t<\/div>\n\t\t\t\t\t<\/div>\n\t\t<\/div>\n\t\t\t\t<div class=\"elementor-column elementor-col-33 elementor-top-column elementor-element elementor-element-211a9b71\" data-id=\"211a9b71\" data-element_type=\"column\">\n\t\t\t<div class=\"elementor-widget-wrap\">\n\t\t\t\t\t\t\t<\/div>\n\t\t<\/div>\n\t\t\t\t\t<\/div>\n\t\t<\/section>\n\t\t\t\t<section class=\"elementor-section elementor-top-section elementor-element elementor-element-482a0cc elementor-section-boxed elementor-section-height-default elementor-section-height-default\" data-id=\"482a0cc\" data-element_type=\"section\">\n\t\t\t\t\t\t<div class=\"elementor-container elementor-column-gap-default\">\n\t\t\t\t\t<div class=\"elementor-column elementor-col-100 elementor-top-column elementor-element elementor-element-8ba3176\" data-id=\"8ba3176\" data-element_type=\"column\">\n\t\t\t<div class=\"elementor-widget-wrap elementor-element-populated\">\n\t\t\t\t\t\t<div class=\"elementor-element elementor-element-8bec395 elementor-widget elementor-widget-heading\" data-id=\"8bec395\" data-element_type=\"widget\" data-settings=\"{&quot;_animation&quot;:&quot;none&quot;}\" data-widget_type=\"heading.default\">\n\t\t\t\t<div class=\"elementor-widget-container\">\n\t\t\t\t\t<h1 class=\"elementor-heading-title elementor-size-default\">Mittwoch, 08.11.2023,  ab 14.00 Uhr<\/h1>\t\t\t\t<\/div>\n\t\t\t\t<\/div>\n\t\t\t\t<div class=\"elementor-element elementor-element-0824923 elementor-widget elementor-widget-heading\" data-id=\"0824923\" data-element_type=\"widget\" data-settings=\"{&quot;_animation&quot;:&quot;none&quot;}\" data-widget_type=\"heading.default\">\n\t\t\t\t<div class=\"elementor-widget-container\">\n\t\t\t\t\t<h2 class=\"elementor-heading-title elementor-size-default\">Data sharing in clinical research - what we know, what we don't know, and what we can do<\/h2>\t\t\t\t<\/div>\n\t\t\t\t<\/div>\n\t\t\t\t<div class=\"elementor-element elementor-element-4d2ed6c elementor-widget elementor-widget-text-editor\" data-id=\"4d2ed6c\" data-element_type=\"widget\" data-widget_type=\"text-editor.default\">\n\t\t\t\t<div class=\"elementor-widget-container\">\n\t\t\t\t\t\t\t\t\t<p>\u00d6ffentlicher, kostenfreier Online-Vortrag mit <strong><a href=\"mailto:open.science@uni-luebeck.de\" target=\"_blank\" rel=\"noopener\">ANMELDUNG<\/a><br><\/strong>Dr. Christina Habermehl, Berlin Institute of Health der Charit\u00e9<strong><br><\/strong><\/p>\n<p>Die Ver\u00f6ffentlichung von Forschungsdaten bietet eine Vielzahl von Vorteilen f\u00fcr Forscher:innen sowie die Gesellschaft als Ganzes und wird zunehmend von Drittmittelgebern und Forschungseinrichtungen gefordert. Allerdings bestehen nach wie vor erhebliche Hindernisse und Unsicherheiten, insbesondere wenn es sich um Studien handelt, die personenbezogene und sensible Daten erheben. Daher freuen wir uns sehr, dass Dr. Christina Habermehl vom Berlin Institute of Health in der Charit\u00e9 am zu einem Vortrag mit dem Titel \u201e<strong>Data sharing in clinical research &#8211; what we know, what we don&#8217;t know, and what we can do\u201c <\/strong>zu uns kommen wird. Darin wird sie die wichtigsten rechtlichen Erw\u00e4gungen f\u00fcr das Teilen von Daten er\u00f6rtern, ungel\u00f6ste Probleme aufzeigen und praktische Empfehlungen zur Verbesserung der Zug\u00e4nglichkeit Ihrer Daten geben.<\/p>\n<p><strong>&nbsp;<\/strong><span style=\"font-family: var( --e-global-typography-text-font-family ), Sans-serif; font-size: var( --e-global-typography-text-font-size ); font-weight: var( --e-global-typography-text-font-weight );\">Der Vortrag wird auf Englisch gehalten und findet \u00fcber WebEx statt.<\/span><\/p>\n<p><strong>Ort: <\/strong>Online \u00fcber Webex<br><strong>Sprache: <\/strong>Englisch<strong><br>\u00d6ffentliche Veranstaltung: <\/strong>ja<strong><br>Anmeldung: <\/strong>per E-Mail an <a href=\"mailto:open.science@uni-luebeck.de\"><b>open.science@uni-luebeck.de<\/b><\/a><strong><br><\/strong><strong style=\"font-family: var( --e-global-typography-text-font-family ), Sans-serif; font-size: var( --e-global-typography-text-font-size );\">Veranstalter<\/strong><b style=\"font-family: var( --e-global-typography-text-font-family ), Sans-serif; font-size: var( --e-global-typography-text-font-size );\">: <\/b><span style=\"font-family: var( --e-global-typography-text-font-family ), Sans-serif; font-size: var( --e-global-typography-text-font-size ); font-weight: var( --e-global-typography-text-font-weight );\">Open Science Initiative L\u00fcbeck<\/span><strong><br><\/strong><\/p>\n<p><br><\/p>\t\t\t\t\t\t\t\t<\/div>\n\t\t\t\t<\/div>\n\t\t\t\t\t<\/div>\n\t\t<\/div>\n\t\t\t\t\t<\/div>\n\t\t<\/section>\n\t\t\t\t<\/div>\n\t\t","protected":false},"excerpt":{"rendered":"<p>Mittwoch, 08.11.2023, ab 14.00 Uhr Data sharing in clinical research &#8211; what we know, what we don&#8217;t know, and what we can do \u00d6ffentlicher, kostenfreier Online-Vortrag mit ANMELDUNGDr. Christina Habermehl, Berlin Institute of Health der Charit\u00e9 Die Ver\u00f6ffentlichung von Forschungsdaten bietet eine Vielzahl von Vorteilen f\u00fcr Forscher:innen sowie die Gesellschaft als Ganzes und wird zunehmend [&hellip;]<\/p>\n","protected":false},"author":2,"featured_media":0,"parent":0,"menu_order":0,"comment_status":"closed","ping_status":"closed","template":"","meta":{"footnotes":""},"class_list":["post-3111","page","type-page","status-publish","hentry"],"_links":{"self":[{"href":"https:\/\/woche-der-ki.de\/index.php\/wp-json\/wp\/v2\/pages\/3111","targetHints":{"allow":["GET"]}}],"collection":[{"href":"https:\/\/woche-der-ki.de\/index.php\/wp-json\/wp\/v2\/pages"}],"about":[{"href":"https:\/\/woche-der-ki.de\/index.php\/wp-json\/wp\/v2\/types\/page"}],"author":[{"embeddable":true,"href":"https:\/\/woche-der-ki.de\/index.php\/wp-json\/wp\/v2\/users\/2"}],"replies":[{"embeddable":true,"href":"https:\/\/woche-der-ki.de\/index.php\/wp-json\/wp\/v2\/comments?post=3111"}],"version-history":[{"count":4,"href":"https:\/\/woche-der-ki.de\/index.php\/wp-json\/wp\/v2\/pages\/3111\/revisions"}],"predecessor-version":[{"id":3115,"href":"https:\/\/woche-der-ki.de\/index.php\/wp-json\/wp\/v2\/pages\/3111\/revisions\/3115"}],"wp:attachment":[{"href":"https:\/\/woche-der-ki.de\/index.php\/wp-json\/wp\/v2\/media?parent=3111"}],"curies":[{"name":"wp","href":"https:\/\/api.w.org\/{rel}","templated":true}]}}