{"id":3119,"date":"2023-10-26T12:27:29","date_gmt":"2023-10-26T10:27:29","guid":{"rendered":"https:\/\/woche-der-ki.de\/?page_id=3119"},"modified":"2023-10-27T12:45:19","modified_gmt":"2023-10-27T10:45:19","slug":"chatgpt-und-co","status":"publish","type":"page","link":"https:\/\/woche-der-ki.de\/index.php\/chatgpt-und-co\/","title":{"rendered":"ChatGPT und Co."},"content":{"rendered":"\t\t<div data-elementor-type=\"wp-page\" data-elementor-id=\"3119\" class=\"elementor elementor-3119\" data-elementor-post-type=\"page\">\n\t\t\t\t\t\t<section class=\"elementor-section elementor-top-section elementor-element elementor-element-68871bd1 elementor-section-full_width elementor-section-height-default elementor-section-height-default\" data-id=\"68871bd1\" data-element_type=\"section\">\n\t\t\t\t\t\t<div class=\"elementor-container elementor-column-gap-default\">\n\t\t\t\t\t<div class=\"elementor-column elementor-col-33 elementor-top-column elementor-element elementor-element-6d7e1407\" data-id=\"6d7e1407\" data-element_type=\"column\">\n\t\t\t<div class=\"elementor-widget-wrap\">\n\t\t\t\t\t\t\t<\/div>\n\t\t<\/div>\n\t\t\t\t<div class=\"elementor-column elementor-col-33 elementor-top-column elementor-element elementor-element-4f9f2080\" data-id=\"4f9f2080\" data-element_type=\"column\">\n\t\t\t<div class=\"elementor-widget-wrap elementor-element-populated\">\n\t\t\t\t\t\t<div class=\"elementor-element elementor-element-4160840c elementor-widget__width-initial elementor-widget elementor-widget-spacer\" data-id=\"4160840c\" data-element_type=\"widget\" data-widget_type=\"spacer.default\">\n\t\t\t\t<div class=\"elementor-widget-container\">\n\t\t\t\t\t\t\t<div class=\"elementor-spacer\">\n\t\t\t<div class=\"elementor-spacer-inner\"><\/div>\n\t\t<\/div>\n\t\t\t\t\t\t<\/div>\n\t\t\t\t<\/div>\n\t\t\t\t<div class=\"elementor-element elementor-element-9dfa099 elementor-view-default elementor-widget elementor-widget-icon\" data-id=\"9dfa099\" data-element_type=\"widget\" data-widget_type=\"icon.default\">\n\t\t\t\t<div class=\"elementor-widget-container\">\n\t\t\t\t\t\t\t<div class=\"elementor-icon-wrapper\">\n\t\t\t<div class=\"elementor-icon\">\n\t\t\t<i aria-hidden=\"true\" class=\"fas fa-circle\"><\/i>\t\t\t<\/div>\n\t\t<\/div>\n\t\t\t\t\t\t<\/div>\n\t\t\t\t<\/div>\n\t\t\t\t\t<\/div>\n\t\t<\/div>\n\t\t\t\t<div class=\"elementor-column elementor-col-33 elementor-top-column elementor-element elementor-element-211a9b71\" data-id=\"211a9b71\" data-element_type=\"column\">\n\t\t\t<div class=\"elementor-widget-wrap\">\n\t\t\t\t\t\t\t<\/div>\n\t\t<\/div>\n\t\t\t\t\t<\/div>\n\t\t<\/section>\n\t\t\t\t<section class=\"elementor-section elementor-top-section elementor-element elementor-element-482a0cc elementor-section-boxed elementor-section-height-default elementor-section-height-default\" data-id=\"482a0cc\" data-element_type=\"section\">\n\t\t\t\t\t\t<div class=\"elementor-container elementor-column-gap-default\">\n\t\t\t\t\t<div class=\"elementor-column elementor-col-100 elementor-top-column elementor-element elementor-element-8ba3176\" data-id=\"8ba3176\" data-element_type=\"column\">\n\t\t\t<div class=\"elementor-widget-wrap elementor-element-populated\">\n\t\t\t\t\t\t<div class=\"elementor-element elementor-element-8bec395 elementor-widget elementor-widget-heading\" data-id=\"8bec395\" data-element_type=\"widget\" data-settings=\"{&quot;_animation&quot;:&quot;none&quot;}\" data-widget_type=\"heading.default\">\n\t\t\t\t<div class=\"elementor-widget-container\">\n\t\t\t\t\t<h1 class=\"elementor-heading-title elementor-size-default\">Montag, 06.11.2023,  10.00-12.00 Uhr<\/h1>\t\t\t\t<\/div>\n\t\t\t\t<\/div>\n\t\t\t\t<div class=\"elementor-element elementor-element-0824923 elementor-widget elementor-widget-heading\" data-id=\"0824923\" data-element_type=\"widget\" data-settings=\"{&quot;_animation&quot;:&quot;none&quot;}\" data-widget_type=\"heading.default\">\n\t\t\t\t<div class=\"elementor-widget-container\">\n\t\t\t\t\t<h2 class=\"elementor-heading-title elementor-size-default\">ChatGPT und Co. - Hybridveranstaltung\n<\/h2>\t\t\t\t<\/div>\n\t\t\t\t<\/div>\n\t\t\t\t<div class=\"elementor-element elementor-element-4d2ed6c elementor-widget elementor-widget-text-editor\" data-id=\"4d2ed6c\" data-element_type=\"widget\" data-widget_type=\"text-editor.default\">\n\t\t\t\t<div class=\"elementor-widget-container\">\n\t\t\t\t\t\t\t\t\t<p>\u00d6ffentlicher Workshop mit <a href=\"https:\/\/eveeno.com\/webseminare-fuer-ausbildende\" target=\"_blank\" rel=\"noopener\"><b>Anmeldung<\/b><\/a><\/p>\n<p>Entdecken Sie die Welt der KI-basierten Textgenerierung und Chatbots!<\/p>\n<p>Am 6. November laden wir Sie herzlich zu unserem Seminar ein, bei dem Sie in die faszinierende Welt der K\u00fcnstlichen Intelligenz eintauchen k\u00f6nnen. Unsere Experten, Herr Lars Hahn von der LVQ Beratung und Weiterbildung GmbH aus M\u00fchlheim und Herr Kristian N\u00f8hr Jensen von der K\u00f8benhavns Professionsh\u00f8jskole, werden Ihnen praxisnah die Grundlagen der Digitalisierung, ChatGPT und KI anhand konkreter Beispiele n\u00e4herbringen.<\/p>\n<p>Erfahren Sie, wie Unternehmen bereits heute von diesen Technologien profitieren und wie Sie sie in Ihrem Arbeitsalltag nutzen k\u00f6nnen. Unsere Referenten werden Ihnen auch konkrete Anwendungsbeispiele pr\u00e4sentieren, um Ihnen einen Einblick in die Praxis zu geben. Besonders spannend wird sein, wie KI und Chatbots die Zukunft der Ausbildung beeinflussen werden. Herr Kristian N\u00f8hr Jensen wird dar\u00fcber berichten und Ihnen aufzeigen, welche Rolle sie in der Bildung spielen werden. Reservieren Sie sich noch heute Ihren Platz f\u00fcr dieses Seminar, um Ihr Verst\u00e4ndnis f\u00fcr KI und Chatbots zu vertiefen und herauszufinden, wie Sie sie effektiv in Ihrem beruflichen Umfeld einsetzen k\u00f6nnen.<\/p>\n<p>Tauchen Sie ein in die Welt der KI und Chatbots und seien Sie dabei, wenn wir die T\u00fcren zur Zukunft \u00f6ffnen! Wir freuen uns auf Ihre Teilnahme.<\/p>\n<p>-&gt; Hinweis: Dieser Text wurde wurde von ChatGPT verfasst!<\/p>\n<p>Nach den Vortr\u00e4gen gibt es die Gelegenheit bei einem Mittagessen zu Netzwerken und den Dozenten Fragen zu stellen.<\/p>\n<p>Die Veranstaltung findet in Zusammenarbeit mit der Euresberatung der Agentur f\u00fcr Arbeit L\u00fcbeck statt.<\/p>\n<p><strong>Themen der Veranstaltung<br><\/strong>Grundlagen von ChatGPT und Co.: Wir beginnen mit einer Einf\u00fchrung in die Welt der Chatbots und KI-Textgenerierung. Was sind Chatbots? Wie funktionieren sie?<br>Anwendung: Wir beleuchten konkrete Anwendungsbeispiele<br>Implementierungsstrategien: Welche Schritte sind erforderlich, um Chatbots erfolgreich in Ihr Unternehmen zu integrieren? Wir teilen bew\u00e4hrte Praktiken und Strategien.<br>Fragerunde und Diskussion: Unsere Experten stehen Ihnen f\u00fcr Fragen zur Verf\u00fcgung. Nutzen Sie diese Gelegenheit, um Ihr Verst\u00e4ndnis zu vertiefen.<\/p>\n<p><strong>Warum sollten Sie teilnehmen?<br><\/strong>Wettbewerbsvorteil: Bleiben Sie wettbewerbsf\u00e4hig, indem Sie innovative Technologien wie Chatbots in Ihr Unternehmen integrieren.<br>Kundenbindung: Erfahren Sie, wie Chatbots die Kundenzufriedenheit und -bindung steigern k\u00f6nnen.<br>Networking: Treffen Sie Gleichgesinnte und Experten, um Erfahrungen auszutauschen und Kontakte zu kn\u00fcpfen.<\/p>\n<p><strong>Zielgruppe:<br><\/strong>Unternehmer und F\u00fchrungskr\u00e4fte<br>Marketing- und Vertriebsleiter<br>Kundendienstleiter<br>IT-Verantwortliche<\/p>\n<p><strong>Ort:<\/strong> Saal der Handwerkskammer L\u00fcbeck oder online<\/p>\n<p><strong>Veranstalter:<\/strong> Handwerkskammer L\u00fcbeck in Zusammenarbeit mit der Euresberatung der Agentur f\u00fcr Arbeit L\u00fcbeck<\/p>\n<p><strong>Anmeldung:<\/strong> ja, <a href=\"https:\/\/eveeno.com\/webseminare-fuer-ausbildende\" target=\"_blank\" rel=\"noopener\"><b>Anmeldung erforderlich&nbsp;<\/b><\/a><\/p>\t\t\t\t\t\t\t\t<\/div>\n\t\t\t\t<\/div>\n\t\t\t\t\t<\/div>\n\t\t<\/div>\n\t\t\t\t\t<\/div>\n\t\t<\/section>\n\t\t\t\t<\/div>\n\t\t","protected":false},"excerpt":{"rendered":"<p>Montag, 06.11.2023, 10.00-12.00 Uhr ChatGPT und Co. &#8211; Hybridveranstaltung \u00d6ffentlicher Workshop mit Anmeldung Entdecken Sie die Welt der KI-basierten Textgenerierung und Chatbots! Am 6. November laden wir Sie herzlich zu unserem Seminar ein, bei dem Sie in die faszinierende Welt der K\u00fcnstlichen Intelligenz eintauchen k\u00f6nnen. Unsere Experten, Herr Lars Hahn von der LVQ Beratung und [&hellip;]<\/p>\n","protected":false},"author":2,"featured_media":0,"parent":0,"menu_order":0,"comment_status":"closed","ping_status":"closed","template":"","meta":{"footnotes":""},"class_list":["post-3119","page","type-page","status-publish","hentry"],"_links":{"self":[{"href":"https:\/\/woche-der-ki.de\/index.php\/wp-json\/wp\/v2\/pages\/3119","targetHints":{"allow":["GET"]}}],"collection":[{"href":"https:\/\/woche-der-ki.de\/index.php\/wp-json\/wp\/v2\/pages"}],"about":[{"href":"https:\/\/woche-der-ki.de\/index.php\/wp-json\/wp\/v2\/types\/page"}],"author":[{"embeddable":true,"href":"https:\/\/woche-der-ki.de\/index.php\/wp-json\/wp\/v2\/users\/2"}],"replies":[{"embeddable":true,"href":"https:\/\/woche-der-ki.de\/index.php\/wp-json\/wp\/v2\/comments?post=3119"}],"version-history":[{"count":7,"href":"https:\/\/woche-der-ki.de\/index.php\/wp-json\/wp\/v2\/pages\/3119\/revisions"}],"predecessor-version":[{"id":3132,"href":"https:\/\/woche-der-ki.de\/index.php\/wp-json\/wp\/v2\/pages\/3119\/revisions\/3132"}],"wp:attachment":[{"href":"https:\/\/woche-der-ki.de\/index.php\/wp-json\/wp\/v2\/media?parent=3119"}],"curies":[{"name":"wp","href":"https:\/\/api.w.org\/{rel}","templated":true}]}}