{"id":3147,"date":"2023-11-01T16:25:27","date_gmt":"2023-11-01T15:25:27","guid":{"rendered":"https:\/\/woche-der-ki.de\/?page_id=3147"},"modified":"2023-11-02T10:34:57","modified_gmt":"2023-11-02T09:34:57","slug":"abend-rund-um-die-ki","status":"publish","type":"page","link":"https:\/\/woche-der-ki.de\/index.php\/abend-rund-um-die-ki\/","title":{"rendered":"Abend rund um die KI"},"content":{"rendered":"\t\t<div data-elementor-type=\"wp-page\" data-elementor-id=\"3147\" class=\"elementor elementor-3147\" data-elementor-post-type=\"page\">\n\t\t\t\t\t\t<section class=\"elementor-section elementor-top-section elementor-element elementor-element-68871bd1 elementor-section-full_width elementor-section-height-default elementor-section-height-default\" data-id=\"68871bd1\" data-element_type=\"section\">\n\t\t\t\t\t\t<div class=\"elementor-container elementor-column-gap-default\">\n\t\t\t\t\t<div class=\"elementor-column elementor-col-33 elementor-top-column elementor-element elementor-element-6d7e1407\" data-id=\"6d7e1407\" data-element_type=\"column\">\n\t\t\t<div class=\"elementor-widget-wrap\">\n\t\t\t\t\t\t\t<\/div>\n\t\t<\/div>\n\t\t\t\t<div class=\"elementor-column elementor-col-33 elementor-top-column elementor-element elementor-element-4f9f2080\" data-id=\"4f9f2080\" data-element_type=\"column\">\n\t\t\t<div class=\"elementor-widget-wrap elementor-element-populated\">\n\t\t\t\t\t\t<div class=\"elementor-element elementor-element-4160840c elementor-widget__width-initial elementor-widget elementor-widget-spacer\" data-id=\"4160840c\" data-element_type=\"widget\" data-widget_type=\"spacer.default\">\n\t\t\t\t<div class=\"elementor-widget-container\">\n\t\t\t\t\t\t\t<div class=\"elementor-spacer\">\n\t\t\t<div class=\"elementor-spacer-inner\"><\/div>\n\t\t<\/div>\n\t\t\t\t\t\t<\/div>\n\t\t\t\t<\/div>\n\t\t\t\t<div class=\"elementor-element elementor-element-9dfa099 elementor-view-default elementor-widget elementor-widget-icon\" data-id=\"9dfa099\" data-element_type=\"widget\" data-widget_type=\"icon.default\">\n\t\t\t\t<div class=\"elementor-widget-container\">\n\t\t\t\t\t\t\t<div class=\"elementor-icon-wrapper\">\n\t\t\t<div class=\"elementor-icon\">\n\t\t\t<i aria-hidden=\"true\" class=\"fas fa-circle\"><\/i>\t\t\t<\/div>\n\t\t<\/div>\n\t\t\t\t\t\t<\/div>\n\t\t\t\t<\/div>\n\t\t\t\t\t<\/div>\n\t\t<\/div>\n\t\t\t\t<div class=\"elementor-column elementor-col-33 elementor-top-column elementor-element elementor-element-211a9b71\" data-id=\"211a9b71\" data-element_type=\"column\">\n\t\t\t<div class=\"elementor-widget-wrap\">\n\t\t\t\t\t\t\t<\/div>\n\t\t<\/div>\n\t\t\t\t\t<\/div>\n\t\t<\/section>\n\t\t\t\t<section class=\"elementor-section elementor-top-section elementor-element elementor-element-482a0cc elementor-section-boxed elementor-section-height-default elementor-section-height-default\" data-id=\"482a0cc\" data-element_type=\"section\">\n\t\t\t\t\t\t<div class=\"elementor-container elementor-column-gap-default\">\n\t\t\t\t\t<div class=\"elementor-column elementor-col-100 elementor-top-column elementor-element elementor-element-8ba3176\" data-id=\"8ba3176\" data-element_type=\"column\">\n\t\t\t<div class=\"elementor-widget-wrap elementor-element-populated\">\n\t\t\t\t\t\t<div class=\"elementor-element elementor-element-8bec395 elementor-widget elementor-widget-heading\" data-id=\"8bec395\" data-element_type=\"widget\" data-settings=\"{&quot;_animation&quot;:&quot;none&quot;}\" data-widget_type=\"heading.default\">\n\t\t\t\t<div class=\"elementor-widget-container\">\n\t\t\t\t\t<h1 class=\"elementor-heading-title elementor-size-default\">Mittwoch, 08.11.2023,  ab 17.00&nbsp;Uhr<\/h1>\t\t\t\t<\/div>\n\t\t\t\t<\/div>\n\t\t\t\t<div class=\"elementor-element elementor-element-0824923 elementor-widget elementor-widget-heading\" data-id=\"0824923\" data-element_type=\"widget\" data-settings=\"{&quot;_animation&quot;:&quot;none&quot;}\" data-widget_type=\"heading.default\">\n\t\t\t\t<div class=\"elementor-widget-container\">\n\t\t\t\t\t<h2 class=\"elementor-heading-title elementor-size-default\">Abend rund um die KI\n\n<\/h2>\t\t\t\t<\/div>\n\t\t\t\t<\/div>\n\t\t\t\t<div class=\"elementor-element elementor-element-4d2ed6c elementor-widget elementor-widget-text-editor\" data-id=\"4d2ed6c\" data-element_type=\"widget\" data-widget_type=\"text-editor.default\">\n\t\t\t\t<div class=\"elementor-widget-container\">\n\t\t\t\t\t\t\t\t\t<p><strong>Ort:\u00a0<\/strong>ehemaliges Karstadt-Geb\u00e4ude (Haus B), K\u00f6nigsstra\u00dfe 54-56, L\u00fcbeck\u00a0<\/p><p><strong><span style=\"font-family: var( --e-global-typography-text-font-family ), Sans-serif; font-size: var( --e-global-typography-text-font-size );\">B<\/span><\/strong><span style=\"font-family: var( --e-global-typography-text-font-family ), Sans-serif; font-size: var( --e-global-typography-text-font-size );\"><strong>egr\u00fc\u00dfung\u00a0\u00a0<br \/><\/strong><\/span><b><span style=\"font-family: var( --e-global-typography-text-font-family ), Sans-serif; font-size: var( --e-global-typography-text-font-size );\">Pr<\/span><span style=\"font-family: var( --e-global-typography-text-font-family ), Sans-serif; font-size: var( --e-global-typography-text-font-size );\">of. Dr. Stefan Fischer,\u00a0<\/span><\/b><span style=\"font-family: var( --e-global-typography-text-font-family ), Sans-serif; font-size: var( --e-global-typography-text-font-size ); font-weight: var( --e-global-typography-text-font-weight );\">Vizepr\u00e4sident Transfer und Digitalisierung der Universit\u00e4t zu L\u00fcbeck<\/span><\/p><p><strong>Preisverleihung<\/strong><br \/>\u00bb<b>Junge-KI-Preis \u2013 der Norddeutsche Zukunftspreis\u00a0f\u00fcr K\u00fcnstliche Intelligenz\u00ab<\/b><br \/>gestiftet von \u201eJunge \u2013 Die B\u00e4ckerei\u201c<b><br \/>Prof. Dr. med. J\u00f6rg Barkhausen,\u00a0<\/b>Sprecher des Zentrums f\u00fcr KI L\u00fcbeck (ZKIL)<b><br \/>Prof. Dr. Thomas Martinetz,\u00a0<\/b>Sprecher des Zentrums f\u00fcr KI L\u00fcbeck (ZKIL)<\/p><p><strong>Laudatio<\/strong><br \/><b>Welf Wustlich,\u00a0<\/b>CTO, Planet AI GmbH<\/p><p><strong>Gru\u00dfwort<\/strong><br \/><b>Dirk Schr\u00f6dter<\/b>, Minister und Chef der Staatskanzlei<\/p><p><strong>Vortrag<\/strong><br \/>\u00bbGenerative Modelle formal unterst\u00fctzt\u00ab<b><br \/>Prof. Dr. Ralf M\u00f6ller<\/b>,\u00a0Deutsches Forschungszentrum f\u00fcr K\u00fcnstliche Intelligenz (DFKI)<b><br \/>Prof. Dr. Philipp Rostalski<\/b>,\u00a0Fraunhofer IMTE<\/p><p>Bei einem Imbiss im Anschluss besteht Gelegenheit zum pers\u00f6nlichen Austausch.<\/p><p>Wir freuen uns auf Ihre Teilnahme und einen interessanten sowie vielf\u00e4ltigen Abend. Eine Anmeldung ist nicht notwendig.<\/p><p><a href=\"https:\/\/woche-der-ki.de\/wp-content\/uploads\/2023\/11\/Programm_Abend-der-KI-am-08-11-2023.pdf\" target=\"_blank\" rel=\"noopener\"><b>Programm<\/b><\/a> (PDF, 1265 KB)<\/p>\t\t\t\t\t\t\t\t<\/div>\n\t\t\t\t<\/div>\n\t\t\t\t\t<\/div>\n\t\t<\/div>\n\t\t\t\t\t<\/div>\n\t\t<\/section>\n\t\t\t\t<\/div>\n\t\t","protected":false},"excerpt":{"rendered":"<p>Mittwoch, 08.11.2023, ab 17.00&nbsp;Uhr Abend rund um die KI Ort:\u00a0ehemaliges Karstadt-Geb\u00e4ude (Haus B), K\u00f6nigsstra\u00dfe 54-56, L\u00fcbeck\u00a0 Begr\u00fc\u00dfung\u00a0\u00a0Prof. Dr. Stefan Fischer,\u00a0Vizepr\u00e4sident Transfer und Digitalisierung der Universit\u00e4t zu L\u00fcbeck Preisverleihung\u00bbJunge-KI-Preis \u2013 der Norddeutsche Zukunftspreis\u00a0f\u00fcr K\u00fcnstliche Intelligenz\u00abgestiftet von \u201eJunge \u2013 Die B\u00e4ckerei\u201cProf. Dr. med. J\u00f6rg Barkhausen,\u00a0Sprecher des Zentrums f\u00fcr KI L\u00fcbeck (ZKIL)Prof. Dr. Thomas Martinetz,\u00a0Sprecher des Zentrums f\u00fcr [&hellip;]<\/p>\n","protected":false},"author":2,"featured_media":0,"parent":0,"menu_order":0,"comment_status":"closed","ping_status":"closed","template":"","meta":{"footnotes":""},"class_list":["post-3147","page","type-page","status-publish","hentry"],"_links":{"self":[{"href":"https:\/\/woche-der-ki.de\/index.php\/wp-json\/wp\/v2\/pages\/3147","targetHints":{"allow":["GET"]}}],"collection":[{"href":"https:\/\/woche-der-ki.de\/index.php\/wp-json\/wp\/v2\/pages"}],"about":[{"href":"https:\/\/woche-der-ki.de\/index.php\/wp-json\/wp\/v2\/types\/page"}],"author":[{"embeddable":true,"href":"https:\/\/woche-der-ki.de\/index.php\/wp-json\/wp\/v2\/users\/2"}],"replies":[{"embeddable":true,"href":"https:\/\/woche-der-ki.de\/index.php\/wp-json\/wp\/v2\/comments?post=3147"}],"version-history":[{"count":10,"href":"https:\/\/woche-der-ki.de\/index.php\/wp-json\/wp\/v2\/pages\/3147\/revisions"}],"predecessor-version":[{"id":3169,"href":"https:\/\/woche-der-ki.de\/index.php\/wp-json\/wp\/v2\/pages\/3147\/revisions\/3169"}],"wp:attachment":[{"href":"https:\/\/woche-der-ki.de\/index.php\/wp-json\/wp\/v2\/media?parent=3147"}],"curies":[{"name":"wp","href":"https:\/\/api.w.org\/{rel}","templated":true}]}}