{"id":3184,"date":"2023-11-02T14:02:55","date_gmt":"2023-11-02T13:02:55","guid":{"rendered":"https:\/\/woche-der-ki.de\/?page_id=3184"},"modified":"2023-11-02T14:15:50","modified_gmt":"2023-11-02T13:15:50","slug":"ki-workshop-erstelle-deinen-eigenen-ki-prototypen","status":"publish","type":"page","link":"https:\/\/woche-der-ki.de\/index.php\/ki-workshop-erstelle-deinen-eigenen-ki-prototypen\/","title":{"rendered":"KI-Workshop:\u00a0Erstelle deinen eigenen KI Prototypen und lerne so, wie KI funktionieren kann."},"content":{"rendered":"\t\t<div data-elementor-type=\"wp-page\" data-elementor-id=\"3184\" class=\"elementor elementor-3184\" data-elementor-post-type=\"page\">\n\t\t\t\t\t\t<section class=\"elementor-section elementor-top-section elementor-element elementor-element-68871bd1 elementor-section-full_width elementor-section-height-default elementor-section-height-default\" data-id=\"68871bd1\" data-element_type=\"section\">\n\t\t\t\t\t\t<div class=\"elementor-container elementor-column-gap-default\">\n\t\t\t\t\t<div class=\"elementor-column elementor-col-33 elementor-top-column elementor-element elementor-element-6d7e1407\" data-id=\"6d7e1407\" data-element_type=\"column\">\n\t\t\t<div class=\"elementor-widget-wrap\">\n\t\t\t\t\t\t\t<\/div>\n\t\t<\/div>\n\t\t\t\t<div class=\"elementor-column elementor-col-33 elementor-top-column elementor-element elementor-element-4f9f2080\" data-id=\"4f9f2080\" data-element_type=\"column\">\n\t\t\t<div class=\"elementor-widget-wrap elementor-element-populated\">\n\t\t\t\t\t\t<div class=\"elementor-element elementor-element-4160840c elementor-widget__width-initial elementor-widget elementor-widget-spacer\" data-id=\"4160840c\" data-element_type=\"widget\" data-widget_type=\"spacer.default\">\n\t\t\t\t<div class=\"elementor-widget-container\">\n\t\t\t\t\t\t\t<div class=\"elementor-spacer\">\n\t\t\t<div class=\"elementor-spacer-inner\"><\/div>\n\t\t<\/div>\n\t\t\t\t\t\t<\/div>\n\t\t\t\t<\/div>\n\t\t\t\t<div class=\"elementor-element elementor-element-9dfa099 elementor-view-default elementor-widget elementor-widget-icon\" data-id=\"9dfa099\" data-element_type=\"widget\" data-widget_type=\"icon.default\">\n\t\t\t\t<div class=\"elementor-widget-container\">\n\t\t\t\t\t\t\t<div class=\"elementor-icon-wrapper\">\n\t\t\t<div class=\"elementor-icon\">\n\t\t\t<i aria-hidden=\"true\" class=\"fas fa-circle\"><\/i>\t\t\t<\/div>\n\t\t<\/div>\n\t\t\t\t\t\t<\/div>\n\t\t\t\t<\/div>\n\t\t\t\t\t<\/div>\n\t\t<\/div>\n\t\t\t\t<div class=\"elementor-column elementor-col-33 elementor-top-column elementor-element elementor-element-211a9b71\" data-id=\"211a9b71\" data-element_type=\"column\">\n\t\t\t<div class=\"elementor-widget-wrap\">\n\t\t\t\t\t\t\t<\/div>\n\t\t<\/div>\n\t\t\t\t\t<\/div>\n\t\t<\/section>\n\t\t\t\t<section class=\"elementor-section elementor-top-section elementor-element elementor-element-482a0cc elementor-section-boxed elementor-section-height-default elementor-section-height-default\" data-id=\"482a0cc\" data-element_type=\"section\">\n\t\t\t\t\t\t<div class=\"elementor-container elementor-column-gap-default\">\n\t\t\t\t\t<div class=\"elementor-column elementor-col-100 elementor-top-column elementor-element elementor-element-8ba3176\" data-id=\"8ba3176\" data-element_type=\"column\">\n\t\t\t<div class=\"elementor-widget-wrap elementor-element-populated\">\n\t\t\t\t\t\t<div class=\"elementor-element elementor-element-8bec395 elementor-widget elementor-widget-heading\" data-id=\"8bec395\" data-element_type=\"widget\" data-settings=\"{&quot;_animation&quot;:&quot;none&quot;}\" data-widget_type=\"heading.default\">\n\t\t\t\t<div class=\"elementor-widget-container\">\n\t\t\t\t\t<h1 class=\"elementor-heading-title elementor-size-default\">Mittwoch, 08.11.2023,  14.00-17.00&nbsp;Uhr<\/h1>\t\t\t\t<\/div>\n\t\t\t\t<\/div>\n\t\t\t\t<div class=\"elementor-element elementor-element-0824923 elementor-widget elementor-widget-heading\" data-id=\"0824923\" data-element_type=\"widget\" data-settings=\"{&quot;_animation&quot;:&quot;none&quot;}\" data-widget_type=\"heading.default\">\n\t\t\t\t<div class=\"elementor-widget-container\">\n\t\t\t\t\t<h2 class=\"elementor-heading-title elementor-size-default\">KI-Workshop: Erstelle deinen eigenen KI Prototypen und lerne so, wie KI funktionieren kann.\n\n<\/h2>\t\t\t\t<\/div>\n\t\t\t\t<\/div>\n\t\t\t\t<div class=\"elementor-element elementor-element-4d2ed6c elementor-widget elementor-widget-text-editor\" data-id=\"4d2ed6c\" data-element_type=\"widget\" data-widget_type=\"text-editor.default\">\n\t\t\t\t<div class=\"elementor-widget-container\">\n\t\t\t\t\t\t\t\t\t<p>\u00f6ffentliche Veranstaltung mit <a href=\"mailto:gabrecht@tzl.de\" target=\"_blank\" rel=\"noopener\"><b>Anmeldung<\/b><\/a><\/p>\n<p><strong>Ort:&nbsp;<\/strong>ehemaliges Karstadt-Geb\u00e4ude (Haus B), K\u00f6nigsstra\u00dfe 54-56, L\u00fcbeck&nbsp;<\/p>\n<p>Tauchen Sie ein in die Welt der K\u00fcnstlichen Intelligenz mit unserem 3-st\u00fcndigen Workshop &#8222;KI4Everyone&#8220;. Dieser interaktive Workshop ist ideal f\u00fcr Anf\u00e4nger und alle, die mehr \u00fcber die Grundlagen und Anwendungen der KI erfahren m\u00f6chten. Kein Vorwissen erforderlich!<\/p>\n<p><b>Workshop-Highlights<\/b><\/p>\n<ul>\n<li>Einf\u00fchrung in neuronale Netzwerke und Machine Learning<br>&nbsp;<\/li>\n<li>Hands-on Erfahrung: Erstellen eines Edge Impulse-Kontos f\u00fcr eigene KI-Projekte<br>&nbsp;<\/li>\n<li>Datensammlung und -analyse mit dem eigenen Handy<br>&nbsp;<\/li>\n<li>Themen wie Anomalieerkennung und Bilderkennung<br>&nbsp;<\/li>\n<li>Live-Demos und praktische \u00dcbungen&nbsp; &nbsp;&nbsp;<br>&nbsp; &nbsp;&nbsp;<br><\/li>\n<\/ul>\n<p><b>Workshop-Ablauf<\/b><\/p>\n<ol>\n<li><span style=\"background-color: transparent; font-family: var( --e-global-typography-text-font-family ), Sans-serif; font-weight: var( --e-global-typography-text-font-weight );\">KI-Einstieg und Demo<\/span><\/li>\n<li><span style=\"background-color: transparent; font-family: var( --e-global-typography-text-font-family ), Sans-serif; font-weight: var( --e-global-typography-text-font-weight );\">Grundlagen der KI (neuronale Netze, Machine Learning)<\/span><\/li>\n<li><span style=\"background-color: transparent; font-family: var( --e-global-typography-text-font-family ), Sans-serif; font-weight: var( --e-global-typography-text-font-weight );\">Edge Impulse-Projektstart<\/span><\/li>\n<li><span style=\"background-color: transparent; font-family: var( --e-global-typography-text-font-family ), Sans-serif; font-weight: var( --e-global-typography-text-font-weight );\">Handy als Sensorknoten einsetzen<\/span><\/li>\n<li><span style=\"background-color: transparent; font-family: var( --e-global-typography-text-font-family ), Sans-serif; font-weight: var( --e-global-typography-text-font-weight );\">Erstellen und Trainieren von Impulsen<\/span><\/li>\n<li><span style=\"background-color: transparent; font-family: var( --e-global-typography-text-font-family ), Sans-serif; font-weight: var( --e-global-typography-text-font-weight );\">Analyse und Live-Tests<\/span><\/li>\n<li><span style=\"background-color: transparent; font-family: var( --e-global-typography-text-font-family ), Sans-serif; font-weight: var( --e-global-typography-text-font-weight );\">Einf\u00fchrung in weiterf\u00fchrende Themen (Bilderkennung, Python)<\/span><\/li>\n<\/ol>\n<p><b>Anforderungen an Teilnehmer<\/b><\/p>\n<ul>\n<li>Laptop (Entwicklung \u00fcber WLAN)<br>&nbsp;<\/li>\n<li><span style=\"background-color: transparent; font-family: var( --e-global-typography-text-font-family ), Sans-serif; font-weight: var( --e-global-typography-text-font-weight );\">Handy (als Sensorknoten)<br>&nbsp;<\/span><\/li>\n<li><span style=\"background-color: transparent; font-family: var( --e-global-typography-text-font-family ), Sans-serif; font-weight: var( --e-global-typography-text-font-weight );\">Interesse an praktischer KI-Arbeit<br>&nbsp;&nbsp;<br>&nbsp; &nbsp;&nbsp;<\/span><\/li>\n<\/ul>\n<p><strong>Anmeldung:<\/strong> Erforderlich unter <a href=\"mailto:gabrecht@tzl.de\"><b>gabrecht@tzl.de<\/b><\/a> (begrenzte Pl\u00e4tze)<br><strong>Teilnehmerzahl:<\/strong> Maximal 15<br><strong>Veranstalter:<\/strong> TZL Akademie im Rahmen von StartUp SH<br><strong>Art der Veranstaltung:<\/strong> \u00d6ffentlicher Workshop<br><strong>Zielgruppe:<\/strong> KI Neulinge und Interessierte ab 16 Jahren<br><strong>Kontakt:<\/strong> <br>Marco Gabrecht <br>Tel.: +49 451 3909 970 <br>E-Mail: <a href=\"mailto:gabrecht@tzl.de\"><b>gabrecht@tzl.de<\/b><\/a> <br>TZL Campus (MFC I), Maria-Goeppert-Stra\u00dfe 1, 23562 L\u00fcbeck<\/p>\n<p><\/p>\t\t\t\t\t\t\t\t<\/div>\n\t\t\t\t<\/div>\n\t\t\t\t\t<\/div>\n\t\t<\/div>\n\t\t\t\t\t<\/div>\n\t\t<\/section>\n\t\t\t\t<\/div>\n\t\t","protected":false},"excerpt":{"rendered":"<p>Mittwoch, 08.11.2023, 14.00-17.00&nbsp;Uhr KI-Workshop: Erstelle deinen eigenen KI Prototypen und lerne so, wie KI funktionieren kann. \u00f6ffentliche Veranstaltung mit Anmeldung Ort:&nbsp;ehemaliges Karstadt-Geb\u00e4ude (Haus B), K\u00f6nigsstra\u00dfe 54-56, L\u00fcbeck&nbsp; Tauchen Sie ein in die Welt der K\u00fcnstlichen Intelligenz mit unserem 3-st\u00fcndigen Workshop &#8222;KI4Everyone&#8220;. Dieser interaktive Workshop ist ideal f\u00fcr Anf\u00e4nger und alle, die mehr \u00fcber die Grundlagen [&hellip;]<\/p>\n","protected":false},"author":2,"featured_media":0,"parent":0,"menu_order":0,"comment_status":"closed","ping_status":"closed","template":"","meta":{"footnotes":""},"class_list":["post-3184","page","type-page","status-publish","hentry"],"_links":{"self":[{"href":"https:\/\/woche-der-ki.de\/index.php\/wp-json\/wp\/v2\/pages\/3184","targetHints":{"allow":["GET"]}}],"collection":[{"href":"https:\/\/woche-der-ki.de\/index.php\/wp-json\/wp\/v2\/pages"}],"about":[{"href":"https:\/\/woche-der-ki.de\/index.php\/wp-json\/wp\/v2\/types\/page"}],"author":[{"embeddable":true,"href":"https:\/\/woche-der-ki.de\/index.php\/wp-json\/wp\/v2\/users\/2"}],"replies":[{"embeddable":true,"href":"https:\/\/woche-der-ki.de\/index.php\/wp-json\/wp\/v2\/comments?post=3184"}],"version-history":[{"count":7,"href":"https:\/\/woche-der-ki.de\/index.php\/wp-json\/wp\/v2\/pages\/3184\/revisions"}],"predecessor-version":[{"id":3195,"href":"https:\/\/woche-der-ki.de\/index.php\/wp-json\/wp\/v2\/pages\/3184\/revisions\/3195"}],"wp:attachment":[{"href":"https:\/\/woche-der-ki.de\/index.php\/wp-json\/wp\/v2\/media?parent=3184"}],"curies":[{"name":"wp","href":"https:\/\/api.w.org\/{rel}","templated":true}]}}