{"id":3231,"date":"2023-11-03T17:44:58","date_gmt":"2023-11-03T16:44:58","guid":{"rendered":"https:\/\/woche-der-ki.de\/?page_id=3231"},"modified":"2023-11-03T17:52:06","modified_gmt":"2023-11-03T16:52:06","slug":"chatgpt-im-arbeitsalltag-einsetzen","status":"publish","type":"page","link":"https:\/\/woche-der-ki.de\/index.php\/chatgpt-im-arbeitsalltag-einsetzen\/","title":{"rendered":"ChatGPT im Arbeitsalltag einsetzen"},"content":{"rendered":"\t\t<div data-elementor-type=\"wp-page\" data-elementor-id=\"3231\" class=\"elementor elementor-3231\" data-elementor-post-type=\"page\">\n\t\t\t\t\t\t<section class=\"elementor-section elementor-top-section elementor-element elementor-element-68871bd1 elementor-section-full_width elementor-section-height-default elementor-section-height-default\" data-id=\"68871bd1\" data-element_type=\"section\">\n\t\t\t\t\t\t<div class=\"elementor-container elementor-column-gap-default\">\n\t\t\t\t\t<div class=\"elementor-column elementor-col-33 elementor-top-column elementor-element elementor-element-6d7e1407\" data-id=\"6d7e1407\" data-element_type=\"column\">\n\t\t\t<div class=\"elementor-widget-wrap\">\n\t\t\t\t\t\t\t<\/div>\n\t\t<\/div>\n\t\t\t\t<div class=\"elementor-column elementor-col-33 elementor-top-column elementor-element elementor-element-4f9f2080\" data-id=\"4f9f2080\" data-element_type=\"column\">\n\t\t\t<div class=\"elementor-widget-wrap elementor-element-populated\">\n\t\t\t\t\t\t<div class=\"elementor-element elementor-element-4160840c elementor-widget__width-initial elementor-widget elementor-widget-spacer\" data-id=\"4160840c\" data-element_type=\"widget\" data-widget_type=\"spacer.default\">\n\t\t\t\t<div class=\"elementor-widget-container\">\n\t\t\t\t\t\t\t<div class=\"elementor-spacer\">\n\t\t\t<div class=\"elementor-spacer-inner\"><\/div>\n\t\t<\/div>\n\t\t\t\t\t\t<\/div>\n\t\t\t\t<\/div>\n\t\t\t\t<div class=\"elementor-element elementor-element-9dfa099 elementor-view-default elementor-widget elementor-widget-icon\" data-id=\"9dfa099\" data-element_type=\"widget\" data-widget_type=\"icon.default\">\n\t\t\t\t<div class=\"elementor-widget-container\">\n\t\t\t\t\t\t\t<div class=\"elementor-icon-wrapper\">\n\t\t\t<div class=\"elementor-icon\">\n\t\t\t<i aria-hidden=\"true\" class=\"fas fa-circle\"><\/i>\t\t\t<\/div>\n\t\t<\/div>\n\t\t\t\t\t\t<\/div>\n\t\t\t\t<\/div>\n\t\t\t\t\t<\/div>\n\t\t<\/div>\n\t\t\t\t<div class=\"elementor-column elementor-col-33 elementor-top-column elementor-element elementor-element-211a9b71\" data-id=\"211a9b71\" data-element_type=\"column\">\n\t\t\t<div class=\"elementor-widget-wrap\">\n\t\t\t\t\t\t\t<\/div>\n\t\t<\/div>\n\t\t\t\t\t<\/div>\n\t\t<\/section>\n\t\t\t\t<section class=\"elementor-section elementor-top-section elementor-element elementor-element-482a0cc elementor-section-boxed elementor-section-height-default elementor-section-height-default\" data-id=\"482a0cc\" data-element_type=\"section\">\n\t\t\t\t\t\t<div class=\"elementor-container elementor-column-gap-default\">\n\t\t\t\t\t<div class=\"elementor-column elementor-col-100 elementor-top-column elementor-element elementor-element-8ba3176\" data-id=\"8ba3176\" data-element_type=\"column\">\n\t\t\t<div class=\"elementor-widget-wrap elementor-element-populated\">\n\t\t\t\t\t\t<div class=\"elementor-element elementor-element-8bec395 elementor-widget elementor-widget-heading\" data-id=\"8bec395\" data-element_type=\"widget\" data-settings=\"{&quot;_animation&quot;:&quot;none&quot;}\" data-widget_type=\"heading.default\">\n\t\t\t\t<div class=\"elementor-widget-container\">\n\t\t\t\t\t<h1 class=\"elementor-heading-title elementor-size-default\">Dienstag, 07.11.2023,  14.00-16.00 Uhr<\/h1>\t\t\t\t<\/div>\n\t\t\t\t<\/div>\n\t\t\t\t<div class=\"elementor-element elementor-element-0824923 elementor-widget elementor-widget-heading\" data-id=\"0824923\" data-element_type=\"widget\" data-settings=\"{&quot;_animation&quot;:&quot;none&quot;}\" data-widget_type=\"heading.default\">\n\t\t\t\t<div class=\"elementor-widget-container\">\n\t\t\t\t\t<h2 class=\"elementor-heading-title elementor-size-default\">ChatGPT im Arbeitsalltag einsetzen\n\n<\/h2>\t\t\t\t<\/div>\n\t\t\t\t<\/div>\n\t\t\t\t<div class=\"elementor-element elementor-element-4d2ed6c elementor-widget elementor-widget-text-editor\" data-id=\"4d2ed6c\" data-element_type=\"widget\" data-widget_type=\"text-editor.default\">\n\t\t\t\t<div class=\"elementor-widget-container\">\n\t\t\t\t\t\t\t\t\t<p>kostensloses Online-Event mit <a href=\"https:\/\/www.digitalzentrum-sh.de\/veranstaltung\/chatgpt-im-arbeitsalltag-einsetzen-3\" target=\"_blank\" rel=\"noopener\"><b>Anmeldung<\/b><\/a><\/p><p>Aufgepasst! Katapultieren Sie sich in den Arbeitsalltag der Zukunft: KI-Tools wie ChatGPT und Bildgeneratoren ver\u00e4ndern unsere Arbeitsabl\u00e4ufe. Wir zeigen Ihnen, wie Sie die Anwendungen konkret in Ihrem Arbeitsalltag nutzen k\u00f6nnen. ChatGPT unterst\u00fctzt Sie bei der Erstellung von Texten wie zum Beispiel E-Mails, Reports, oder Marketing. Es kann aber auch bei kreativen Prozessen wie Ideenfindung und Coding helfen. Mit Hilfe von Bildgeneratoren k\u00f6nnen dann auch gleich noch die passenden Grafiken erstellt werden.<\/p><p>In unserem interaktiven Workshop erhalten Sie einen Einblick, wie Sie die neuen Tools effektiv in ihren Arbeitsalltag nutzen. Wir bieten einen Einblick in den Umgang mit KI-Anwendungen und zeigen Ihnen, wo die Tools unterst\u00fctzen, aber auch, worauf Sie bei der Verwendung achten sollten. Wir begleiten Sie beim ersten Ausprobieren und geben Tipps wie sie zu besseren Ergebnisse kommen. Am Ende des Workshops haben Sie einen \u00dcberblick \u00fcber die KI Tools und das Wissen, wie Sie schnell mit den Tools zu guten Ergebnissen kommen.<\/p><p>Anmeldung: <a href=\"https:\/\/www.digitalzentrum-sh.de\/veranstaltung\/chatgpt-im-arbeitsalltag-einsetzen-3\" target=\"_blank\" rel=\"noopener\"><b>Anmeldung notwendig<\/b><\/a><br \/>Veranstalter: Mittelstand-Digital Zentrum Schleswig Holstein<\/p>\t\t\t\t\t\t\t\t<\/div>\n\t\t\t\t<\/div>\n\t\t\t\t\t<\/div>\n\t\t<\/div>\n\t\t\t\t\t<\/div>\n\t\t<\/section>\n\t\t\t\t<\/div>\n\t\t","protected":false},"excerpt":{"rendered":"<p>Dienstag, 07.11.2023, 14.00-16.00 Uhr ChatGPT im Arbeitsalltag einsetzen kostensloses Online-Event mit Anmeldung Aufgepasst! Katapultieren Sie sich in den Arbeitsalltag der Zukunft: KI-Tools wie ChatGPT und Bildgeneratoren ver\u00e4ndern unsere Arbeitsabl\u00e4ufe. Wir zeigen Ihnen, wie Sie die Anwendungen konkret in Ihrem Arbeitsalltag nutzen k\u00f6nnen. ChatGPT unterst\u00fctzt Sie bei der Erstellung von Texten wie zum Beispiel E-Mails, Reports, [&hellip;]<\/p>\n","protected":false},"author":2,"featured_media":0,"parent":0,"menu_order":0,"comment_status":"closed","ping_status":"closed","template":"","meta":{"footnotes":""},"class_list":["post-3231","page","type-page","status-publish","hentry"],"_links":{"self":[{"href":"https:\/\/woche-der-ki.de\/index.php\/wp-json\/wp\/v2\/pages\/3231","targetHints":{"allow":["GET"]}}],"collection":[{"href":"https:\/\/woche-der-ki.de\/index.php\/wp-json\/wp\/v2\/pages"}],"about":[{"href":"https:\/\/woche-der-ki.de\/index.php\/wp-json\/wp\/v2\/types\/page"}],"author":[{"embeddable":true,"href":"https:\/\/woche-der-ki.de\/index.php\/wp-json\/wp\/v2\/users\/2"}],"replies":[{"embeddable":true,"href":"https:\/\/woche-der-ki.de\/index.php\/wp-json\/wp\/v2\/comments?post=3231"}],"version-history":[{"count":7,"href":"https:\/\/woche-der-ki.de\/index.php\/wp-json\/wp\/v2\/pages\/3231\/revisions"}],"predecessor-version":[{"id":3238,"href":"https:\/\/woche-der-ki.de\/index.php\/wp-json\/wp\/v2\/pages\/3231\/revisions\/3238"}],"wp:attachment":[{"href":"https:\/\/woche-der-ki.de\/index.php\/wp-json\/wp\/v2\/media?parent=3231"}],"curies":[{"name":"wp","href":"https:\/\/api.w.org\/{rel}","templated":true}]}}