{"id":3378,"date":"2024-07-02T13:55:21","date_gmt":"2024-07-02T11:55:21","guid":{"rendered":"https:\/\/woche-der-ki.de\/?page_id=3378"},"modified":"2024-11-11T10:52:48","modified_gmt":"2024-11-11T09:52:48","slug":"hanseatic-hackathon-a-race-of-innovation","status":"publish","type":"page","link":"https:\/\/woche-der-ki.de\/index.php\/hanseatic-hackathon-a-race-of-innovation\/","title":{"rendered":"Hanseatic Hackathon- a race of innovation"},"content":{"rendered":"\t\t<div data-elementor-type=\"wp-page\" data-elementor-id=\"3378\" class=\"elementor elementor-3378\" data-elementor-post-type=\"page\">\n\t\t\t\t\t\t<section class=\"elementor-section elementor-top-section elementor-element elementor-element-68871bd1 elementor-section-full_width elementor-section-height-default elementor-section-height-default\" data-id=\"68871bd1\" data-element_type=\"section\">\n\t\t\t\t\t\t<div class=\"elementor-container elementor-column-gap-default\">\n\t\t\t\t\t<div class=\"elementor-column elementor-col-33 elementor-top-column elementor-element elementor-element-6d7e1407\" data-id=\"6d7e1407\" data-element_type=\"column\">\n\t\t\t<div class=\"elementor-widget-wrap\">\n\t\t\t\t\t\t\t<\/div>\n\t\t<\/div>\n\t\t\t\t<div class=\"elementor-column elementor-col-33 elementor-top-column elementor-element elementor-element-4f9f2080\" data-id=\"4f9f2080\" data-element_type=\"column\">\n\t\t\t<div class=\"elementor-widget-wrap elementor-element-populated\">\n\t\t\t\t\t\t<div class=\"elementor-element elementor-element-4160840c elementor-widget__width-initial elementor-widget elementor-widget-spacer\" data-id=\"4160840c\" data-element_type=\"widget\" data-widget_type=\"spacer.default\">\n\t\t\t\t<div class=\"elementor-widget-container\">\n\t\t\t\t\t\t\t<div class=\"elementor-spacer\">\n\t\t\t<div class=\"elementor-spacer-inner\"><\/div>\n\t\t<\/div>\n\t\t\t\t\t\t<\/div>\n\t\t\t\t<\/div>\n\t\t\t\t<div class=\"elementor-element elementor-element-9dfa099 elementor-view-default elementor-widget elementor-widget-icon\" data-id=\"9dfa099\" data-element_type=\"widget\" data-widget_type=\"icon.default\">\n\t\t\t\t<div class=\"elementor-widget-container\">\n\t\t\t\t\t\t\t<div class=\"elementor-icon-wrapper\">\n\t\t\t<div class=\"elementor-icon\">\n\t\t\t<i aria-hidden=\"true\" class=\"fas fa-circle\"><\/i>\t\t\t<\/div>\n\t\t<\/div>\n\t\t\t\t\t\t<\/div>\n\t\t\t\t<\/div>\n\t\t\t\t\t<\/div>\n\t\t<\/div>\n\t\t\t\t<div class=\"elementor-column elementor-col-33 elementor-top-column elementor-element elementor-element-211a9b71\" data-id=\"211a9b71\" data-element_type=\"column\">\n\t\t\t<div class=\"elementor-widget-wrap\">\n\t\t\t\t\t\t\t<\/div>\n\t\t<\/div>\n\t\t\t\t\t<\/div>\n\t\t<\/section>\n\t\t\t\t<section class=\"elementor-section elementor-top-section elementor-element elementor-element-482a0cc elementor-section-boxed elementor-section-height-default elementor-section-height-default\" data-id=\"482a0cc\" data-element_type=\"section\">\n\t\t\t\t\t\t<div class=\"elementor-container elementor-column-gap-default\">\n\t\t\t\t\t<div class=\"elementor-column elementor-col-100 elementor-top-column elementor-element elementor-element-8ba3176\" data-id=\"8ba3176\" data-element_type=\"column\">\n\t\t\t<div class=\"elementor-widget-wrap elementor-element-populated\">\n\t\t\t\t\t\t<div class=\"elementor-element elementor-element-8bec395 elementor-widget elementor-widget-heading\" data-id=\"8bec395\" data-element_type=\"widget\" data-settings=\"{&quot;_animation&quot;:&quot;none&quot;}\" data-widget_type=\"heading.default\">\n\t\t\t\t<div class=\"elementor-widget-container\">\n\t\t\t\t\t<h1 class=\"elementor-heading-title elementor-size-default\">Freitag, 15.11.2024 12.00 Uhr bis Samstag, 16.11.2024 19.00 Uhr<\/h1>\t\t\t\t<\/div>\n\t\t\t\t<\/div>\n\t\t\t\t<div class=\"elementor-element elementor-element-0824923 elementor-widget elementor-widget-heading\" data-id=\"0824923\" data-element_type=\"widget\" data-settings=\"{&quot;_animation&quot;:&quot;none&quot;}\" data-widget_type=\"heading.default\">\n\t\t\t\t<div class=\"elementor-widget-container\">\n\t\t\t\t\t<h2 class=\"elementor-heading-title elementor-size-default\">Hanseatic Hackathon- a race of innovations\n\n<\/h2>\t\t\t\t<\/div>\n\t\t\t\t<\/div>\n\t\t\t\t<div class=\"elementor-element elementor-element-4d2ed6c elementor-widget elementor-widget-text-editor\" data-id=\"4d2ed6c\" data-element_type=\"widget\" data-widget_type=\"text-editor.default\">\n\t\t\t\t<div class=\"elementor-widget-container\">\n\t\t\t\t\t\t\t\t\t<p>\u00d6ffentliche Veranstaltung, inklusive Kinderbetreuung<\/p>\n<p>Beim Hanseatic Hackathon 2024 &#8218;A Race of Innovations&#8216; arbeitest du zwei Tage lang in <strong>interdisziplin\u00e4ren Teams<\/strong> an <strong>praktischen L\u00f6sungsans\u00e4tzen<\/strong> f\u00fcr die Hansebelt Region. Gemeinsam mit Unternehmensvertreter*innen, Studierenden und Wissenschaftler*innen entwickelst du <strong>reale Cases<\/strong><br>und pr\u00e4sentierst im Finale deine Ideen. Wir suchen Teilnehmer*innen aus<br>verschiedensten Fachrichtungen \u2013 Programmierkenntnisse sind willkommen,<br>aber nicht erforderlich. Nutze generative&nbsp;<strong>KI<\/strong>, um<br>innovative und praktische L\u00f6sungsans\u00e4tze f\u00fcr reale Herausforderungen in<br>lokalen Wirtschaftsunternehmen zu entwickeln. Mach mit und kombiniere<br>modernste Technologie mit kreativen Ans\u00e4tzen!&nbsp;<\/p>\n<p><strong>Ort:<\/strong> Bauforum, Technische Hochschule L\u00fcbeck, M\u00f6nkhofer Weg 239, 23562 L\u00fcbeck<\/p>\n<p><strong>Veranstalter:<\/strong>&nbsp; Gr\u00fcnderCube und Hanse Innovation Campus L\u00fcbeck<\/p>\n<p><strong>Zielgruppen:&nbsp;<\/strong>Unternehmen, Wissenschaftliche Mitarbeiter*innen,&nbsp;Studierende, Interessierte<\/p>\n<p><strong>Anmeldung n\u00f6tig<\/strong>:&nbsp;<\/p>\n<ul>\n<li><a href=\"https:\/\/hanse-innovation-campus.de\/de\/eventdetail?event=109\"><b>als Gast oder G\u00e4stin bei der Er\u00f6ffnung am 15.11.2024 um 12:00 Uhr<\/b><\/a><\/li>\n<li><b><a href=\"https:\/\/hanse-innovation-campus.de\/de\/eventdetail?event=110\">als Gast oder G\u00e4stin bei den Pitches und der Preisverleihung am 16.11.2024 ab 16:00 Uhr<\/a>&nbsp;&nbsp;<br>&nbsp; &nbsp;&nbsp;<\/b><\/li>\n<\/ul>\n<p><strong>Weitere Informationen<\/strong>: <a href=\"https:\/\/hanseatic-hackathon.com\"><b>https:\/\/hanseatic-hackathon.com<\/b><\/a><\/p>\t\t\t\t\t\t\t\t<\/div>\n\t\t\t\t<\/div>\n\t\t\t\t\t<\/div>\n\t\t<\/div>\n\t\t\t\t\t<\/div>\n\t\t<\/section>\n\t\t\t\t<\/div>\n\t\t","protected":false},"excerpt":{"rendered":"<p>Freitag, 15.11.2024 12.00 Uhr bis Samstag, 16.11.2024 19.00 Uhr Hanseatic Hackathon- a race of innovations \u00d6ffentliche Veranstaltung, inklusive Kinderbetreuung Beim Hanseatic Hackathon 2024 &#8218;A Race of Innovations&#8216; arbeitest du zwei Tage lang in interdisziplin\u00e4ren Teams an praktischen L\u00f6sungsans\u00e4tzen f\u00fcr die Hansebelt Region. Gemeinsam mit Unternehmensvertreter*innen, Studierenden und Wissenschaftler*innen entwickelst du reale Casesund pr\u00e4sentierst im Finale [&hellip;]<\/p>\n","protected":false},"author":2,"featured_media":0,"parent":0,"menu_order":0,"comment_status":"closed","ping_status":"closed","template":"","meta":{"footnotes":""},"class_list":["post-3378","page","type-page","status-publish","hentry"],"_links":{"self":[{"href":"https:\/\/woche-der-ki.de\/index.php\/wp-json\/wp\/v2\/pages\/3378","targetHints":{"allow":["GET"]}}],"collection":[{"href":"https:\/\/woche-der-ki.de\/index.php\/wp-json\/wp\/v2\/pages"}],"about":[{"href":"https:\/\/woche-der-ki.de\/index.php\/wp-json\/wp\/v2\/types\/page"}],"author":[{"embeddable":true,"href":"https:\/\/woche-der-ki.de\/index.php\/wp-json\/wp\/v2\/users\/2"}],"replies":[{"embeddable":true,"href":"https:\/\/woche-der-ki.de\/index.php\/wp-json\/wp\/v2\/comments?post=3378"}],"version-history":[{"count":25,"href":"https:\/\/woche-der-ki.de\/index.php\/wp-json\/wp\/v2\/pages\/3378\/revisions"}],"predecessor-version":[{"id":3831,"href":"https:\/\/woche-der-ki.de\/index.php\/wp-json\/wp\/v2\/pages\/3378\/revisions\/3831"}],"wp:attachment":[{"href":"https:\/\/woche-der-ki.de\/index.php\/wp-json\/wp\/v2\/media?parent=3378"}],"curies":[{"name":"wp","href":"https:\/\/api.w.org\/{rel}","templated":true}]}}