{"id":3405,"date":"2024-07-11T09:40:07","date_gmt":"2024-07-11T07:40:07","guid":{"rendered":"https:\/\/woche-der-ki.de\/?page_id=3405"},"modified":"2025-10-16T15:48:13","modified_gmt":"2025-10-16T13:48:13","slug":"nightofai2024","status":"publish","type":"page","link":"https:\/\/woche-der-ki.de\/index.php\/nightofai2024\/","title":{"rendered":"Night of AI"},"content":{"rendered":"\t\t<div data-elementor-type=\"wp-page\" data-elementor-id=\"3405\" class=\"elementor elementor-3405\" data-elementor-post-type=\"page\">\n\t\t\t\t\t\t<section class=\"elementor-section elementor-top-section elementor-element elementor-element-68871bd1 elementor-section-full_width elementor-section-height-default elementor-section-height-default\" data-id=\"68871bd1\" data-element_type=\"section\">\n\t\t\t\t\t\t<div class=\"elementor-container elementor-column-gap-default\">\n\t\t\t\t\t<div class=\"elementor-column elementor-col-33 elementor-top-column elementor-element elementor-element-6d7e1407\" data-id=\"6d7e1407\" data-element_type=\"column\">\n\t\t\t<div class=\"elementor-widget-wrap\">\n\t\t\t\t\t\t\t<\/div>\n\t\t<\/div>\n\t\t\t\t<div class=\"elementor-column elementor-col-33 elementor-top-column elementor-element elementor-element-4f9f2080\" data-id=\"4f9f2080\" data-element_type=\"column\">\n\t\t\t<div class=\"elementor-widget-wrap elementor-element-populated\">\n\t\t\t\t\t\t<div class=\"elementor-element elementor-element-4160840c elementor-widget__width-initial elementor-widget elementor-widget-spacer\" data-id=\"4160840c\" data-element_type=\"widget\" data-widget_type=\"spacer.default\">\n\t\t\t\t<div class=\"elementor-widget-container\">\n\t\t\t\t\t\t\t<div class=\"elementor-spacer\">\n\t\t\t<div class=\"elementor-spacer-inner\"><\/div>\n\t\t<\/div>\n\t\t\t\t\t\t<\/div>\n\t\t\t\t<\/div>\n\t\t\t\t<div class=\"elementor-element elementor-element-9dfa099 elementor-view-default elementor-widget elementor-widget-icon\" data-id=\"9dfa099\" data-element_type=\"widget\" data-widget_type=\"icon.default\">\n\t\t\t\t<div class=\"elementor-widget-container\">\n\t\t\t\t\t\t\t<div class=\"elementor-icon-wrapper\">\n\t\t\t<div class=\"elementor-icon\">\n\t\t\t<i aria-hidden=\"true\" class=\"fas fa-circle\"><\/i>\t\t\t<\/div>\n\t\t<\/div>\n\t\t\t\t\t\t<\/div>\n\t\t\t\t<\/div>\n\t\t\t\t\t<\/div>\n\t\t<\/div>\n\t\t\t\t<div class=\"elementor-column elementor-col-33 elementor-top-column elementor-element elementor-element-211a9b71\" data-id=\"211a9b71\" data-element_type=\"column\">\n\t\t\t<div class=\"elementor-widget-wrap\">\n\t\t\t\t\t\t\t<\/div>\n\t\t<\/div>\n\t\t\t\t\t<\/div>\n\t\t<\/section>\n\t\t\t\t<section class=\"elementor-section elementor-top-section elementor-element elementor-element-482a0cc elementor-section-boxed elementor-section-height-default elementor-section-height-default\" data-id=\"482a0cc\" data-element_type=\"section\">\n\t\t\t\t\t\t<div class=\"elementor-container elementor-column-gap-default\">\n\t\t\t\t\t<div class=\"elementor-column elementor-col-100 elementor-top-column elementor-element elementor-element-8ba3176\" data-id=\"8ba3176\" data-element_type=\"column\">\n\t\t\t<div class=\"elementor-widget-wrap elementor-element-populated\">\n\t\t\t\t\t\t<div class=\"elementor-element elementor-element-8bec395 elementor-widget elementor-widget-heading\" data-id=\"8bec395\" data-element_type=\"widget\" data-settings=\"{&quot;_animation&quot;:&quot;none&quot;}\" data-widget_type=\"heading.default\">\n\t\t\t\t<div class=\"elementor-widget-container\">\n\t\t\t\t\t<h1 class=\"elementor-heading-title elementor-size-default\">Donnerstag, 14.11.2024<\/h1>\t\t\t\t<\/div>\n\t\t\t\t<\/div>\n\t\t\t\t<div class=\"elementor-element elementor-element-0824923 elementor-widget elementor-widget-heading\" data-id=\"0824923\" data-element_type=\"widget\" data-settings=\"{&quot;_animation&quot;:&quot;none&quot;}\" data-widget_type=\"heading.default\">\n\t\t\t\t<div class=\"elementor-widget-container\">\n\t\t\t\t\t<h2 class=\"elementor-heading-title elementor-size-default\">Night of AI\n\n<\/h2>\t\t\t\t<\/div>\n\t\t\t\t<\/div>\n\t\t\t\t<div class=\"elementor-element elementor-element-e1d5387 elementor-widget elementor-widget-image\" data-id=\"e1d5387\" data-element_type=\"widget\" data-widget_type=\"image.default\">\n\t\t\t\t<div class=\"elementor-widget-container\">\n\t\t\t\t\t\t\t\t\t\t\t\t\t\t\t<img fetchpriority=\"high\" decoding=\"async\" width=\"800\" height=\"456\" src=\"https:\/\/woche-der-ki.de\/wp-content\/uploads\/2024\/07\/NoAI24-1024x584.jpg\" class=\"attachment-large size-large wp-image-3417\" alt=\"\" srcset=\"https:\/\/woche-der-ki.de\/wp-content\/uploads\/2024\/07\/NoAI24-1024x584.jpg 1024w, https:\/\/woche-der-ki.de\/wp-content\/uploads\/2024\/07\/NoAI24-300x171.jpg 300w, https:\/\/woche-der-ki.de\/wp-content\/uploads\/2024\/07\/NoAI24-768x438.jpg 768w, https:\/\/woche-der-ki.de\/wp-content\/uploads\/2024\/07\/NoAI24-1536x875.jpg 1536w, https:\/\/woche-der-ki.de\/wp-content\/uploads\/2024\/07\/NoAI24-2048x1167.jpg 2048w\" sizes=\"(max-width: 800px) 100vw, 800px\" \/>\t\t\t\t\t\t\t\t\t\t\t\t\t\t\t<\/div>\n\t\t\t\t<\/div>\n\t\t\t\t<div class=\"elementor-element elementor-element-4d2ed6c elementor-widget elementor-widget-text-editor\" data-id=\"4d2ed6c\" data-element_type=\"widget\" data-widget_type=\"text-editor.default\">\n\t\t\t\t<div class=\"elementor-widget-container\">\n\t\t\t\t\t\t\t\t\t<p>&#8222;<b>Companies meet Campus&#8220;<\/b>: In der Night of AI werden KI-Anwendungen aus der Praxis von Unternehmen und Hochschulvertretern vorgestellt. Ziel ist der Kontakt zwischen Unternehmen und Hochschulen, die Vernetzung und der Wissensaustausch. Unternehmen und Hochschulen stellen in 5-Minuten Pitches Ihre KI-Projekte vor. Danach findet in Network Sessions in lockerem Umfeld der Austausch statt.<\/p><p>Das vollst\u00e4ndige Programm folgt!<\/p><p>Alle KI-Interessierten und KI Experten sind willkommen!<\/p><p><strong><a href=\"https:\/\/woche-der-ki.de\/wp-content\/uploads\/2024\/07\/flyer_2024_final.pdf\" target=\"_blank\" rel=\"noopener\">Programm<\/a><br \/>Veranstalter:<\/strong> Technische Hochschule L\u00fcbeck, IHK zu L\u00fcbeck<br \/><strong>Art der Veranstaltung:<\/strong> Austausch- und Vernetzungsveranstaltung<br \/><strong>Zielgruppe:<\/strong> Allgemein KI-Interessierte, Studierende, Wissenschaftliche Mitarbeiter, Professoren, Unternehmensvertreter<br \/><strong>\u00d6ffentliche Veranstaltung:<\/strong> ja<br \/><strong>Anmeldung<\/strong>: F\u00fcr Zuschauer und Zuh\u00f6rer nicht n\u00f6tig, nur f\u00fcr Vortragende der 5-Minuten pitches bis <b>22.10.2024<\/b> \u00fcber <a href=\"http:\/\/th-luebeck.de\/nightofai\"><b>th-luebeck.de\/nightofai<\/b><\/a><br \/>Sprache: Deutsch oder Englisch (entscheiden die Vortragenden)<br \/><strong>Eintritt:<\/strong> frei<br \/><strong>Catering:<\/strong> kostenlos<br \/><strong>Ort:<\/strong> Hanse Innovation Campus L\u00fcbeck, Bauforum TH L\u00fcbeck<br \/><strong>Kontakt: <\/strong><a href=\"mailto:nightofai@th-luebeck.de\" target=\"_blank\" rel=\"noopener\"><b>nightofai@th-luebeck.de<\/b><\/a><\/p><p><a href=\"https:\/\/woche-der-ki.de\/wp-content\/uploads\/2024\/11\/flyer_with_parking_final.pdf\">Fl<b>yer als Pdf<\/b><\/a> zum Download (3.600 KB)<\/p>\t\t\t\t\t\t\t\t<\/div>\n\t\t\t\t<\/div>\n\t\t\t\t<div class=\"elementor-element elementor-element-07e76a0 elementor-widget elementor-widget-image\" data-id=\"07e76a0\" data-element_type=\"widget\" data-widget_type=\"image.default\">\n\t\t\t\t<div class=\"elementor-widget-container\">\n\t\t\t\t\t\t\t\t\t\t\t\t\t\t\t<img decoding=\"async\" width=\"293\" height=\"354\" src=\"https:\/\/woche-der-ki.de\/wp-content\/uploads\/2023\/09\/nai-2023-info.jpg\" class=\"attachment-medium_large size-medium_large wp-image-2920\" alt=\"\" srcset=\"https:\/\/woche-der-ki.de\/wp-content\/uploads\/2023\/09\/nai-2023-info.jpg 293w, https:\/\/woche-der-ki.de\/wp-content\/uploads\/2023\/09\/nai-2023-info-248x300.jpg 248w\" sizes=\"(max-width: 293px) 100vw, 293px\" \/>\t\t\t\t\t\t\t\t\t\t\t\t\t\t\t<\/div>\n\t\t\t\t<\/div>\n\t\t\t\t\t<\/div>\n\t\t<\/div>\n\t\t\t\t\t<\/div>\n\t\t<\/section>\n\t\t\t\t<\/div>\n\t\t","protected":false},"excerpt":{"rendered":"<p>Donnerstag, 14.11.2024 Night of AI &#8222;Companies meet Campus&#8220;: In der Night of AI werden KI-Anwendungen aus der Praxis von Unternehmen und Hochschulvertretern vorgestellt. Ziel ist der Kontakt zwischen Unternehmen und Hochschulen, die Vernetzung und der Wissensaustausch. Unternehmen und Hochschulen stellen in 5-Minuten Pitches Ihre KI-Projekte vor. Danach findet in Network Sessions in lockerem Umfeld der [&hellip;]<\/p>\n","protected":false},"author":2,"featured_media":0,"parent":0,"menu_order":0,"comment_status":"closed","ping_status":"closed","template":"","meta":{"footnotes":""},"class_list":["post-3405","page","type-page","status-publish","hentry"],"_links":{"self":[{"href":"https:\/\/woche-der-ki.de\/index.php\/wp-json\/wp\/v2\/pages\/3405","targetHints":{"allow":["GET"]}}],"collection":[{"href":"https:\/\/woche-der-ki.de\/index.php\/wp-json\/wp\/v2\/pages"}],"about":[{"href":"https:\/\/woche-der-ki.de\/index.php\/wp-json\/wp\/v2\/types\/page"}],"author":[{"embeddable":true,"href":"https:\/\/woche-der-ki.de\/index.php\/wp-json\/wp\/v2\/users\/2"}],"replies":[{"embeddable":true,"href":"https:\/\/woche-der-ki.de\/index.php\/wp-json\/wp\/v2\/comments?post=3405"}],"version-history":[{"count":10,"href":"https:\/\/woche-der-ki.de\/index.php\/wp-json\/wp\/v2\/pages\/3405\/revisions"}],"predecessor-version":[{"id":4206,"href":"https:\/\/woche-der-ki.de\/index.php\/wp-json\/wp\/v2\/pages\/3405\/revisions\/4206"}],"wp:attachment":[{"href":"https:\/\/woche-der-ki.de\/index.php\/wp-json\/wp\/v2\/media?parent=3405"}],"curies":[{"name":"wp","href":"https:\/\/api.w.org\/{rel}","templated":true}]}}