{"id":3424,"date":"2024-08-02T13:56:35","date_gmt":"2024-08-02T11:56:35","guid":{"rendered":"https:\/\/woche-der-ki.de\/?page_id=3424"},"modified":"2024-11-05T22:29:00","modified_gmt":"2024-11-05T21:29:00","slug":"prototyping-the-future-from-concept-to-creation-using-modern-technologies","status":"publish","type":"page","link":"https:\/\/woche-der-ki.de\/index.php\/prototyping-the-future-from-concept-to-creation-using-modern-technologies\/","title":{"rendered":"Prototyping &amp; KI: Von der Idee zur Umsetzung mithilfe moderner Technologien"},"content":{"rendered":"\t\t<div data-elementor-type=\"wp-page\" data-elementor-id=\"3424\" class=\"elementor elementor-3424\" data-elementor-post-type=\"page\">\n\t\t\t\t\t\t<section class=\"elementor-section elementor-top-section elementor-element elementor-element-68871bd1 elementor-section-full_width elementor-section-height-default elementor-section-height-default\" data-id=\"68871bd1\" data-element_type=\"section\" data-e-type=\"section\">\n\t\t\t\t\t\t<div class=\"elementor-container elementor-column-gap-default\">\n\t\t\t\t\t<div class=\"elementor-column elementor-col-33 elementor-top-column elementor-element elementor-element-6d7e1407\" data-id=\"6d7e1407\" data-element_type=\"column\" data-e-type=\"column\">\n\t\t\t<div class=\"elementor-widget-wrap\">\n\t\t\t\t\t\t\t<\/div>\n\t\t<\/div>\n\t\t\t\t<div class=\"elementor-column elementor-col-33 elementor-top-column elementor-element elementor-element-4f9f2080\" data-id=\"4f9f2080\" data-element_type=\"column\" data-e-type=\"column\">\n\t\t\t<div class=\"elementor-widget-wrap elementor-element-populated\">\n\t\t\t\t\t\t<div class=\"elementor-element elementor-element-4160840c elementor-widget__width-initial elementor-widget elementor-widget-spacer\" data-id=\"4160840c\" data-element_type=\"widget\" data-e-type=\"widget\" data-widget_type=\"spacer.default\">\n\t\t\t\t<div class=\"elementor-widget-container\">\n\t\t\t\t\t\t\t<div class=\"elementor-spacer\">\n\t\t\t<div class=\"elementor-spacer-inner\"><\/div>\n\t\t<\/div>\n\t\t\t\t\t\t<\/div>\n\t\t\t\t<\/div>\n\t\t\t\t<div class=\"elementor-element elementor-element-9dfa099 elementor-view-default elementor-widget elementor-widget-icon\" data-id=\"9dfa099\" data-element_type=\"widget\" data-e-type=\"widget\" data-widget_type=\"icon.default\">\n\t\t\t\t<div class=\"elementor-widget-container\">\n\t\t\t\t\t\t\t<div class=\"elementor-icon-wrapper\">\n\t\t\t<div class=\"elementor-icon\">\n\t\t\t<i aria-hidden=\"true\" class=\"fas fa-circle\"><\/i>\t\t\t<\/div>\n\t\t<\/div>\n\t\t\t\t\t\t<\/div>\n\t\t\t\t<\/div>\n\t\t\t\t\t<\/div>\n\t\t<\/div>\n\t\t\t\t<div class=\"elementor-column elementor-col-33 elementor-top-column elementor-element elementor-element-211a9b71\" data-id=\"211a9b71\" data-element_type=\"column\" data-e-type=\"column\">\n\t\t\t<div class=\"elementor-widget-wrap\">\n\t\t\t\t\t\t\t<\/div>\n\t\t<\/div>\n\t\t\t\t\t<\/div>\n\t\t<\/section>\n\t\t\t\t<section class=\"elementor-section elementor-top-section elementor-element elementor-element-482a0cc elementor-section-boxed elementor-section-height-default elementor-section-height-default\" data-id=\"482a0cc\" data-element_type=\"section\" data-e-type=\"section\">\n\t\t\t\t\t\t<div class=\"elementor-container elementor-column-gap-default\">\n\t\t\t\t\t<div class=\"elementor-column elementor-col-100 elementor-top-column elementor-element elementor-element-8ba3176\" data-id=\"8ba3176\" data-element_type=\"column\" data-e-type=\"column\">\n\t\t\t<div class=\"elementor-widget-wrap elementor-element-populated\">\n\t\t\t\t\t\t<div class=\"elementor-element elementor-element-8bec395 elementor-widget elementor-widget-heading\" data-id=\"8bec395\" data-element_type=\"widget\" data-e-type=\"widget\" data-settings=\"{&quot;_animation&quot;:&quot;none&quot;}\" data-widget_type=\"heading.default\">\n\t\t\t\t<div class=\"elementor-widget-container\">\n\t\t\t\t\t<h1 class=\"elementor-heading-title elementor-size-default\">Dienstag,  12.11.2024 11.45-18.00&nbsp;Uhr<\/h1>\t\t\t\t<\/div>\n\t\t\t\t<\/div>\n\t\t\t\t<div class=\"elementor-element elementor-element-0824923 elementor-widget elementor-widget-heading\" data-id=\"0824923\" data-element_type=\"widget\" data-e-type=\"widget\" data-settings=\"{&quot;_animation&quot;:&quot;none&quot;}\" data-widget_type=\"heading.default\">\n\t\t\t\t<div class=\"elementor-widget-container\">\n\t\t\t\t\t<h2 class=\"elementor-heading-title elementor-size-default\">Prototyping &amp; KI: Von der Idee zur Umsetzung mithilfe moderner Technologien\n\n<\/h2>\t\t\t\t<\/div>\n\t\t\t\t<\/div>\n\t\t\t\t<div class=\"elementor-element elementor-element-4d2ed6c elementor-widget elementor-widget-text-editor\" data-id=\"4d2ed6c\" data-element_type=\"widget\" data-e-type=\"widget\" data-widget_type=\"text-editor.default\">\n\t\t\t\t<div class=\"elementor-widget-container\">\n\t\t\t\t\t\t\t\t\t<p>\u00f6ffentlicher Workshop und Messe<\/p><p>Kommt vorbei und erfahrt, wie ihr durch innovative Technologien und k\u00fcnstliche Intelligenz eure eigenen Projekte realisieren k\u00f6nnt. In drei praktischen Workshops lasst ihr eure Freihand-Skizze von einem Laser realisieren, erstellt und trainiert eure eigene KI-Anwendung zur Bewegungs-Erkennung und \u00fcbt an konkreten Fragestellungen die Projektarbeit mit ChatGPT. Lernt zudem Angebote und Initiativen aus der deutsch-d\u00e4nischen Grenzregion kennen, die euch dar\u00fcber Werkzeuge an die Hand geben, um die Zukunft kreativ, innovativ und nachhaltig zu gestalten.<\/p><p>\u00a0<\/p><p>Die Veranstaltung ist Teil des deutsch-d\u00e4nischen INTERREG-Projekts Fehmarnbelt Learning Region (interreg-de-dk.eu), die Veranstaltung findet in deutscher und d\u00e4nischer Sprache statt, mit Simultan\u00fcbersetzung.<\/p><p><em>\u00a0<\/em><\/p><ul><li><strong>Veranstalter:<\/strong> Technikzentrum L\u00fcbeck, mit Partnern des deutsch-d\u00e4nischen INTERREG Projekts <em>Fehmarn Belt Learning Region<\/em><\/li><li><strong>Zielgruppe<\/strong>: Sch\u00fcler, Auszubildende, Studierende, Lehrkr\u00e4fte, au\u00dferschulische Bildungseinrichtungen, Kommunen<\/li><li><strong>Ort<\/strong>: Technikzentrum L\u00fcbeck, MFC 1, Foyer und Konferenzraum, Maria-Goeppert-Stra\u00dfe 1, 23562 L\u00fcbeck<\/li><li><strong>Anmeldung n\u00f6tig?<\/strong> Ja, unter folgendem Link: <a href=\"https:\/\/forms.office.com\/e\/t9mmjQBNxY\">https:\/\/forms.office.com\/e\/t9mmjQBNxY<\/a><\/li><li><strong>Max. Zahl der Teilnehmenden<\/strong>: 50<\/li><\/ul>\t\t\t\t\t\t\t\t<\/div>\n\t\t\t\t<\/div>\n\t\t\t\t\t<\/div>\n\t\t<\/div>\n\t\t\t\t\t<\/div>\n\t\t<\/section>\n\t\t\t\t<\/div>\n\t\t","protected":false},"excerpt":{"rendered":"<p>Dienstag, 12.11.2024 11.45-18.00&nbsp;Uhr Prototyping &#038; KI: Von der Idee zur Umsetzung mithilfe moderner Technologien \u00f6ffentlicher Workshop und Messe Kommt vorbei und erfahrt, wie ihr durch innovative Technologien und k\u00fcnstliche Intelligenz eure eigenen Projekte realisieren k\u00f6nnt. In drei praktischen Workshops lasst ihr eure Freihand-Skizze von einem Laser realisieren, erstellt und trainiert eure eigene KI-Anwendung zur Bewegungs-Erkennung [&hellip;]<\/p>\n","protected":false},"author":2,"featured_media":0,"parent":0,"menu_order":0,"comment_status":"closed","ping_status":"closed","template":"","meta":{"footnotes":""},"class_list":["post-3424","page","type-page","status-publish","hentry"],"_links":{"self":[{"href":"https:\/\/woche-der-ki.de\/index.php\/wp-json\/wp\/v2\/pages\/3424","targetHints":{"allow":["GET"]}}],"collection":[{"href":"https:\/\/woche-der-ki.de\/index.php\/wp-json\/wp\/v2\/pages"}],"about":[{"href":"https:\/\/woche-der-ki.de\/index.php\/wp-json\/wp\/v2\/types\/page"}],"author":[{"embeddable":true,"href":"https:\/\/woche-der-ki.de\/index.php\/wp-json\/wp\/v2\/users\/2"}],"replies":[{"embeddable":true,"href":"https:\/\/woche-der-ki.de\/index.php\/wp-json\/wp\/v2\/comments?post=3424"}],"version-history":[{"count":11,"href":"https:\/\/woche-der-ki.de\/index.php\/wp-json\/wp\/v2\/pages\/3424\/revisions"}],"predecessor-version":[{"id":3730,"href":"https:\/\/woche-der-ki.de\/index.php\/wp-json\/wp\/v2\/pages\/3424\/revisions\/3730"}],"wp:attachment":[{"href":"https:\/\/woche-der-ki.de\/index.php\/wp-json\/wp\/v2\/media?parent=3424"}],"curies":[{"name":"wp","href":"https:\/\/api.w.org\/{rel}","templated":true}]}}