{"id":3521,"date":"2024-08-30T15:04:46","date_gmt":"2024-08-30T13:04:46","guid":{"rendered":"https:\/\/woche-der-ki.de\/?page_id=3521"},"modified":"2024-11-07T16:34:43","modified_gmt":"2024-11-07T15:34:43","slug":"ki-potenziale-im-eigenen-unternehmen-erkennen-2024","status":"publish","type":"page","link":"https:\/\/woche-der-ki.de\/index.php\/ki-potenziale-im-eigenen-unternehmen-erkennen-2024\/","title":{"rendered":"KI-Potenziale im eigenen Unternehmen erkennen"},"content":{"rendered":"\t\t<div data-elementor-type=\"wp-page\" data-elementor-id=\"3521\" class=\"elementor elementor-3521\" data-elementor-post-type=\"page\">\n\t\t\t\t\t\t<section class=\"elementor-section elementor-top-section elementor-element elementor-element-68871bd1 elementor-section-full_width elementor-section-height-default elementor-section-height-default\" data-id=\"68871bd1\" data-element_type=\"section\">\n\t\t\t\t\t\t<div class=\"elementor-container elementor-column-gap-default\">\n\t\t\t\t\t<div class=\"elementor-column elementor-col-33 elementor-top-column elementor-element elementor-element-6d7e1407\" data-id=\"6d7e1407\" data-element_type=\"column\">\n\t\t\t<div class=\"elementor-widget-wrap\">\n\t\t\t\t\t\t\t<\/div>\n\t\t<\/div>\n\t\t\t\t<div class=\"elementor-column elementor-col-33 elementor-top-column elementor-element elementor-element-4f9f2080\" data-id=\"4f9f2080\" data-element_type=\"column\">\n\t\t\t<div class=\"elementor-widget-wrap elementor-element-populated\">\n\t\t\t\t\t\t<div class=\"elementor-element elementor-element-4160840c elementor-widget__width-initial elementor-widget elementor-widget-spacer\" data-id=\"4160840c\" data-element_type=\"widget\" data-widget_type=\"spacer.default\">\n\t\t\t\t<div class=\"elementor-widget-container\">\n\t\t\t\t\t\t\t<div class=\"elementor-spacer\">\n\t\t\t<div class=\"elementor-spacer-inner\"><\/div>\n\t\t<\/div>\n\t\t\t\t\t\t<\/div>\n\t\t\t\t<\/div>\n\t\t\t\t<div class=\"elementor-element elementor-element-9dfa099 elementor-view-default elementor-widget elementor-widget-icon\" data-id=\"9dfa099\" data-element_type=\"widget\" data-widget_type=\"icon.default\">\n\t\t\t\t<div class=\"elementor-widget-container\">\n\t\t\t\t\t\t\t<div class=\"elementor-icon-wrapper\">\n\t\t\t<div class=\"elementor-icon\">\n\t\t\t<i aria-hidden=\"true\" class=\"fas fa-circle\"><\/i>\t\t\t<\/div>\n\t\t<\/div>\n\t\t\t\t\t\t<\/div>\n\t\t\t\t<\/div>\n\t\t\t\t\t<\/div>\n\t\t<\/div>\n\t\t\t\t<div class=\"elementor-column elementor-col-33 elementor-top-column elementor-element elementor-element-211a9b71\" data-id=\"211a9b71\" data-element_type=\"column\">\n\t\t\t<div class=\"elementor-widget-wrap\">\n\t\t\t\t\t\t\t<\/div>\n\t\t<\/div>\n\t\t\t\t\t<\/div>\n\t\t<\/section>\n\t\t\t\t<section class=\"elementor-section elementor-top-section elementor-element elementor-element-482a0cc elementor-section-boxed elementor-section-height-default elementor-section-height-default\" data-id=\"482a0cc\" data-element_type=\"section\">\n\t\t\t\t\t\t<div class=\"elementor-container elementor-column-gap-default\">\n\t\t\t\t\t<div class=\"elementor-column elementor-col-100 elementor-top-column elementor-element elementor-element-8ba3176\" data-id=\"8ba3176\" data-element_type=\"column\">\n\t\t\t<div class=\"elementor-widget-wrap elementor-element-populated\">\n\t\t\t\t\t\t<div class=\"elementor-element elementor-element-8bec395 elementor-widget elementor-widget-heading\" data-id=\"8bec395\" data-element_type=\"widget\" data-settings=\"{&quot;_animation&quot;:&quot;none&quot;}\" data-widget_type=\"heading.default\">\n\t\t\t\t<div class=\"elementor-widget-container\">\n\t\t\t\t\t<h1 class=\"elementor-heading-title elementor-size-default\">Dienstag, 12.11.2024,  14.00 - 17.00&nbsp;Uhr<\/h1>\t\t\t\t<\/div>\n\t\t\t\t<\/div>\n\t\t\t\t<div class=\"elementor-element elementor-element-0824923 elementor-widget elementor-widget-heading\" data-id=\"0824923\" data-element_type=\"widget\" data-settings=\"{&quot;_animation&quot;:&quot;none&quot;}\" data-widget_type=\"heading.default\">\n\t\t\t\t<div class=\"elementor-widget-container\">\n\t\t\t\t\t<h2 class=\"elementor-heading-title elementor-size-default\">KI-Potenziale im eigenen Unternehmen erkennen\n\n<\/h2>\t\t\t\t<\/div>\n\t\t\t\t<\/div>\n\t\t\t\t<div class=\"elementor-element elementor-element-4d2ed6c elementor-widget elementor-widget-text-editor\" data-id=\"4d2ed6c\" data-element_type=\"widget\" data-widget_type=\"text-editor.default\">\n\t\t\t\t<div class=\"elementor-widget-container\">\n\t\t\t\t\t\t\t\t\t<p>Workshop, \u00f6ffentliche Veranstaltung mit <a href=\"https:\/\/kuenstliche-intelligenz.sh\/de\/terminanmeldung?termin=710\"><b>Anmeldung<\/b><\/a><\/p><p>In diesem Workshop lernen Sie, die Potenziale f\u00fcr Anwendungen mit K\u00fcnstlicher Intelligenz (KI) im eigenen Unternehmen zu identifizieren. Die KI-Projektmanager der TH L\u00fcbeck Gilbert Drzyzga und Thorleif Harder sowie Nils Lockmann, von KI.SH, zeigen dies im Institut f\u00fcr interaktive Systeme (ISy) anhand von verschiedenen Anwendungsf\u00e4llen im Themenfeld von KI f\u00fcr KMU. Anlehnend an die Prozesse in den Unternehmen ist das Ziel, gemeinsam die Potenziale im Bereich von KI zu finden. Die Erkenntnisse werden w\u00e4hrend des 180-min\u00fctigen Workshops besprochen und in Kontext zu den jeweils anfallenden Daten gesetzt.<\/p><p><strong>PROGRAMM<\/strong><\/p><p>Einstieg:<\/p><ul><li>Begr\u00fc\u00dfung durch die TH L\u00fcbeck<\/li><li>Kurzvorstellung KI.SH<\/li><li>Kurzvorstellung der Weiterbildungskurse f\u00fcr KMU\u00a0\u00a0\u00a0 \u00a0<\/li><\/ul><p>Workshop:<\/p><ul><li>Aufbau von gemeinsamem Wissen<\/li><li>Vorstellung von KI-Anwendungsf\u00e4llen inklusive Beispiele f\u00fcr Prozesse in Unternehmen<\/li><li>Reflexionsaufgabe: Gemeinsames Sammeln von Prozessen in den Unternehmen<\/li><li>Bezug zu Daten herstellen: Welche Prozesse gibt es, KI einzusetzen und wo macht es Sinn, die vorhandenen Daten mit KI zu analysieren?<\/li><li>M\u00f6gliche Daten definieren, die zur Umsetzung von KI ben\u00f6tigt werden<\/li><li>Zusammenfassen von Ergebnissen und gemeinsamer Austausch<\/li><\/ul><p>\u00a0\u00a0<\/p><p><strong>Ort:<\/strong> <span lang=\"DE\">MFC VII, Raum: 0.31, Maria-Goeppert-Stra\u00dfe 9, 23562 L\u00fcbeck<\/span>\u00a0<strong><br \/><\/strong><\/p><p><strong>Veranstalter:<\/strong> KI-Transfer-Hub SH und Technische Hochschule L\u00fcbeck (KI-Anwendungszentrum)<\/p><p><strong>Zielgruppe:<\/strong> Dieser Workshop richtet sich speziell an Mitarbeitende von kleinen und mittleren Unternehmen (KMU).<\/p><p><strong>Anmeldung:<\/strong> <b><a href=\"https:\/\/kuenstliche-intelligenz.sh\/de\/terminanmeldung?termin=710\">Anmeldung erforderlich<\/a><\/b><\/p>\t\t\t\t\t\t\t\t<\/div>\n\t\t\t\t<\/div>\n\t\t\t\t\t<\/div>\n\t\t<\/div>\n\t\t\t\t\t<\/div>\n\t\t<\/section>\n\t\t\t\t<\/div>\n\t\t","protected":false},"excerpt":{"rendered":"<p>Dienstag, 12.11.2024, 14.00 &#8211; 17.00&nbsp;Uhr KI-Potenziale im eigenen Unternehmen erkennen Workshop, \u00f6ffentliche Veranstaltung mit Anmeldung In diesem Workshop lernen Sie, die Potenziale f\u00fcr Anwendungen mit K\u00fcnstlicher Intelligenz (KI) im eigenen Unternehmen zu identifizieren. Die KI-Projektmanager der TH L\u00fcbeck Gilbert Drzyzga und Thorleif Harder sowie Nils Lockmann, von KI.SH, zeigen dies im Institut f\u00fcr interaktive Systeme [&hellip;]<\/p>\n","protected":false},"author":2,"featured_media":0,"parent":0,"menu_order":0,"comment_status":"closed","ping_status":"closed","template":"","meta":{"footnotes":""},"class_list":["post-3521","page","type-page","status-publish","hentry"],"_links":{"self":[{"href":"https:\/\/woche-der-ki.de\/index.php\/wp-json\/wp\/v2\/pages\/3521","targetHints":{"allow":["GET"]}}],"collection":[{"href":"https:\/\/woche-der-ki.de\/index.php\/wp-json\/wp\/v2\/pages"}],"about":[{"href":"https:\/\/woche-der-ki.de\/index.php\/wp-json\/wp\/v2\/types\/page"}],"author":[{"embeddable":true,"href":"https:\/\/woche-der-ki.de\/index.php\/wp-json\/wp\/v2\/users\/2"}],"replies":[{"embeddable":true,"href":"https:\/\/woche-der-ki.de\/index.php\/wp-json\/wp\/v2\/comments?post=3521"}],"version-history":[{"count":28,"href":"https:\/\/woche-der-ki.de\/index.php\/wp-json\/wp\/v2\/pages\/3521\/revisions"}],"predecessor-version":[{"id":3784,"href":"https:\/\/woche-der-ki.de\/index.php\/wp-json\/wp\/v2\/pages\/3521\/revisions\/3784"}],"wp:attachment":[{"href":"https:\/\/woche-der-ki.de\/index.php\/wp-json\/wp\/v2\/media?parent=3521"}],"curies":[{"name":"wp","href":"https:\/\/api.w.org\/{rel}","templated":true}]}}