{"id":3526,"date":"2024-08-30T15:25:27","date_gmt":"2024-08-30T13:25:27","guid":{"rendered":"https:\/\/woche-der-ki.de\/?page_id=3526"},"modified":"2024-11-11T09:42:07","modified_gmt":"2024-11-11T08:42:07","slug":"anwendungsorientierte-umsetzung-von-ki-basierten-software-projekten","status":"publish","type":"page","link":"https:\/\/woche-der-ki.de\/index.php\/anwendungsorientierte-umsetzung-von-ki-basierten-software-projekten\/","title":{"rendered":"Anwendungsorientierte Umsetzung von KI-basierten Software-Projekten"},"content":{"rendered":"\t\t<div data-elementor-type=\"wp-page\" data-elementor-id=\"3526\" class=\"elementor elementor-3526\" data-elementor-post-type=\"page\">\n\t\t\t\t\t\t<section class=\"elementor-section elementor-top-section elementor-element elementor-element-68871bd1 elementor-section-full_width elementor-section-height-default elementor-section-height-default\" data-id=\"68871bd1\" data-element_type=\"section\">\n\t\t\t\t\t\t<div class=\"elementor-container elementor-column-gap-default\">\n\t\t\t\t\t<div class=\"elementor-column elementor-col-33 elementor-top-column elementor-element elementor-element-6d7e1407\" data-id=\"6d7e1407\" data-element_type=\"column\">\n\t\t\t<div class=\"elementor-widget-wrap\">\n\t\t\t\t\t\t\t<\/div>\n\t\t<\/div>\n\t\t\t\t<div class=\"elementor-column elementor-col-33 elementor-top-column elementor-element elementor-element-4f9f2080\" data-id=\"4f9f2080\" data-element_type=\"column\">\n\t\t\t<div class=\"elementor-widget-wrap elementor-element-populated\">\n\t\t\t\t\t\t<div class=\"elementor-element elementor-element-4160840c elementor-widget__width-initial elementor-widget elementor-widget-spacer\" data-id=\"4160840c\" data-element_type=\"widget\" data-widget_type=\"spacer.default\">\n\t\t\t\t<div class=\"elementor-widget-container\">\n\t\t\t\t\t\t\t<div class=\"elementor-spacer\">\n\t\t\t<div class=\"elementor-spacer-inner\"><\/div>\n\t\t<\/div>\n\t\t\t\t\t\t<\/div>\n\t\t\t\t<\/div>\n\t\t\t\t<div class=\"elementor-element elementor-element-9dfa099 elementor-view-default elementor-widget elementor-widget-icon\" data-id=\"9dfa099\" data-element_type=\"widget\" data-widget_type=\"icon.default\">\n\t\t\t\t<div class=\"elementor-widget-container\">\n\t\t\t\t\t\t\t<div class=\"elementor-icon-wrapper\">\n\t\t\t<div class=\"elementor-icon\">\n\t\t\t<i aria-hidden=\"true\" class=\"fas fa-circle\"><\/i>\t\t\t<\/div>\n\t\t<\/div>\n\t\t\t\t\t\t<\/div>\n\t\t\t\t<\/div>\n\t\t\t\t\t<\/div>\n\t\t<\/div>\n\t\t\t\t<div class=\"elementor-column elementor-col-33 elementor-top-column elementor-element elementor-element-211a9b71\" data-id=\"211a9b71\" data-element_type=\"column\">\n\t\t\t<div class=\"elementor-widget-wrap\">\n\t\t\t\t\t\t\t<\/div>\n\t\t<\/div>\n\t\t\t\t\t<\/div>\n\t\t<\/section>\n\t\t\t\t<section class=\"elementor-section elementor-top-section elementor-element elementor-element-482a0cc elementor-section-boxed elementor-section-height-default elementor-section-height-default\" data-id=\"482a0cc\" data-element_type=\"section\">\n\t\t\t\t\t\t<div class=\"elementor-container elementor-column-gap-default\">\n\t\t\t\t\t<div class=\"elementor-column elementor-col-100 elementor-top-column elementor-element elementor-element-8ba3176\" data-id=\"8ba3176\" data-element_type=\"column\">\n\t\t\t<div class=\"elementor-widget-wrap elementor-element-populated\">\n\t\t\t\t\t\t<div class=\"elementor-element elementor-element-8bec395 elementor-widget elementor-widget-heading\" data-id=\"8bec395\" data-element_type=\"widget\" data-settings=\"{&quot;_animation&quot;:&quot;none&quot;}\" data-widget_type=\"heading.default\">\n\t\t\t\t<div class=\"elementor-widget-container\">\n\t\t\t\t\t<h1 class=\"elementor-heading-title elementor-size-default\">Donnerstag, 14.11.2024,  14.00 - 17.00&nbsp;Uhr<\/h1>\t\t\t\t<\/div>\n\t\t\t\t<\/div>\n\t\t\t\t<div class=\"elementor-element elementor-element-0824923 elementor-widget elementor-widget-heading\" data-id=\"0824923\" data-element_type=\"widget\" data-settings=\"{&quot;_animation&quot;:&quot;none&quot;}\" data-widget_type=\"heading.default\">\n\t\t\t\t<div class=\"elementor-widget-container\">\n\t\t\t\t\t<h2 class=\"elementor-heading-title elementor-size-default\">Anwendungsorientierte Umsetzung von KI-basierten Software-Projekten\n\n<\/h2>\t\t\t\t<\/div>\n\t\t\t\t<\/div>\n\t\t\t\t<div class=\"elementor-element elementor-element-4d2ed6c elementor-widget elementor-widget-text-editor\" data-id=\"4d2ed6c\" data-element_type=\"widget\" data-widget_type=\"text-editor.default\">\n\t\t\t\t<div class=\"elementor-widget-container\">\n\t\t\t\t\t\t\t\t\t<p>Workshop, \u00f6ffentliche Veranstaltung mit <a href=\"https:\/\/kuenstliche-intelligenz.sh\/de\/terminanmeldung?termin=729\"><b>Anmeldung<\/b><\/a><\/p><p>Im Rahmen dieses anwendungsorientierten Workshops wird den Teilnehmenden ein Grundverst\u00e4ndnis f\u00fcr den Einsatz von Software &amp; Tools mit K\u00fcnstlicher Intelligenz (KI) vermittelt. Die KI-Projektmanager der TH L\u00fcbeck, Gilbert Drzyzga und\u00a0Thorleif\u00a0Harder, sowie Eike Zimmermann von KI.SH demonstrieren dies am Institut f\u00fcr Interaktive Systeme (ISy) anhand eines Anwendungsfalls im Themenfeld KI f\u00fcr KMU. Dabei wird insbesondere auf das\u00a0Prompting\u00a0mit KI-basierten Systemen eingegangen. Im theoretischen Teil werden einf\u00fchrend grundlegende Informationen im Umgang mit KI-basierter Software vermittelt. Ein weiterer Schwerpunkt liegt auf dem ressourcenschonenden Einsatz von KI\u00a0in KMU. Programmiererfahrung ist nicht erforderlich.<\/p><p><strong>PROGRAMM<\/strong><\/p><p>Einstieg:<\/p><ul><li>Begr\u00fc\u00dfung durch die TH L\u00fcbeck<\/li><li>Kurzvorstellung KI.SH sowie Weiterbildungskurse und Machbarkeitsstudien f\u00fcr KMU\u00a0 \u00a0<\/li><\/ul><p>Workshop:<\/p><ul><li>Vorstellung von Software &amp; Tools f\u00fcr KI-Projekte inklusive Einblicke in das Prompting<\/li><li>Prompting mit KI-basierten Systemen<\/li><li>Zusammenfassen der Ergebnisse und gemeinsamer Austausch<\/li><\/ul><p><strong>\u00a0<\/strong><\/p><p><strong>Ort:<\/strong> MFC VII, Raum: 0.31, Maria-Goeppert-Stra\u00dfe 9, 23562 L\u00fcbeck<\/p><p><strong>Veranstalter:<\/strong> KI-Transfer-Hub SH und Technische Hochschule L\u00fcbeck (KI-Anwendungszentrum)<\/p><p><strong>Zielgruppe:<\/strong> Dieser Workshop richtet sich speziell an Mitarbeitende von kleinen und mittleren Unternehmen (KMU).<\/p><p><strong>Mitzubringen<\/strong>: Eigenes Notebook erforderlich<\/p><p><strong>Anmeldung:<\/strong> <b><a href=\"https:\/\/kuenstliche-intelligenz.sh\/de\/terminanmeldung?termin=729\">Anmeldung erforderlich<\/a>\u00a0<\/b><\/p>\t\t\t\t\t\t\t\t<\/div>\n\t\t\t\t<\/div>\n\t\t\t\t\t<\/div>\n\t\t<\/div>\n\t\t\t\t\t<\/div>\n\t\t<\/section>\n\t\t\t\t<\/div>\n\t\t","protected":false},"excerpt":{"rendered":"<p>Donnerstag, 14.11.2024, 14.00 &#8211; 17.00&nbsp;Uhr Anwendungsorientierte Umsetzung von KI-basierten Software-Projekten Workshop, \u00f6ffentliche Veranstaltung mit Anmeldung Im Rahmen dieses anwendungsorientierten Workshops wird den Teilnehmenden ein Grundverst\u00e4ndnis f\u00fcr den Einsatz von Software &amp; Tools mit K\u00fcnstlicher Intelligenz (KI) vermittelt. Die KI-Projektmanager der TH L\u00fcbeck, Gilbert Drzyzga und\u00a0Thorleif\u00a0Harder, sowie Eike Zimmermann von KI.SH demonstrieren dies am Institut f\u00fcr [&hellip;]<\/p>\n","protected":false},"author":2,"featured_media":0,"parent":0,"menu_order":0,"comment_status":"closed","ping_status":"closed","template":"","meta":{"footnotes":""},"class_list":["post-3526","page","type-page","status-publish","hentry"],"_links":{"self":[{"href":"https:\/\/woche-der-ki.de\/index.php\/wp-json\/wp\/v2\/pages\/3526","targetHints":{"allow":["GET"]}}],"collection":[{"href":"https:\/\/woche-der-ki.de\/index.php\/wp-json\/wp\/v2\/pages"}],"about":[{"href":"https:\/\/woche-der-ki.de\/index.php\/wp-json\/wp\/v2\/types\/page"}],"author":[{"embeddable":true,"href":"https:\/\/woche-der-ki.de\/index.php\/wp-json\/wp\/v2\/users\/2"}],"replies":[{"embeddable":true,"href":"https:\/\/woche-der-ki.de\/index.php\/wp-json\/wp\/v2\/comments?post=3526"}],"version-history":[{"count":16,"href":"https:\/\/woche-der-ki.de\/index.php\/wp-json\/wp\/v2\/pages\/3526\/revisions"}],"predecessor-version":[{"id":3815,"href":"https:\/\/woche-der-ki.de\/index.php\/wp-json\/wp\/v2\/pages\/3526\/revisions\/3815"}],"wp:attachment":[{"href":"https:\/\/woche-der-ki.de\/index.php\/wp-json\/wp\/v2\/media?parent=3526"}],"curies":[{"name":"wp","href":"https:\/\/api.w.org\/{rel}","templated":true}]}}