{"id":3562,"date":"2024-09-23T13:06:20","date_gmt":"2024-09-23T11:06:20","guid":{"rendered":"https:\/\/woche-der-ki.de\/?page_id=3562"},"modified":"2024-11-07T16:29:03","modified_gmt":"2024-11-07T15:29:03","slug":"daten-erschliessen-ki-entdecken","status":"publish","type":"page","link":"https:\/\/woche-der-ki.de\/index.php\/daten-erschliessen-ki-entdecken\/","title":{"rendered":"Daten erschliessen &#8211; KI entdecken"},"content":{"rendered":"\t\t<div data-elementor-type=\"wp-page\" data-elementor-id=\"3562\" class=\"elementor elementor-3562\" data-elementor-post-type=\"page\">\n\t\t\t\t\t\t<section class=\"elementor-section elementor-top-section elementor-element elementor-element-68871bd1 elementor-section-full_width elementor-section-height-default elementor-section-height-default\" data-id=\"68871bd1\" data-element_type=\"section\">\n\t\t\t\t\t\t<div class=\"elementor-container elementor-column-gap-default\">\n\t\t\t\t\t<div class=\"elementor-column elementor-col-33 elementor-top-column elementor-element elementor-element-6d7e1407\" data-id=\"6d7e1407\" data-element_type=\"column\">\n\t\t\t<div class=\"elementor-widget-wrap\">\n\t\t\t\t\t\t\t<\/div>\n\t\t<\/div>\n\t\t\t\t<div class=\"elementor-column elementor-col-33 elementor-top-column elementor-element elementor-element-4f9f2080\" data-id=\"4f9f2080\" data-element_type=\"column\">\n\t\t\t<div class=\"elementor-widget-wrap elementor-element-populated\">\n\t\t\t\t\t\t<div class=\"elementor-element elementor-element-4160840c elementor-widget__width-initial elementor-widget elementor-widget-spacer\" data-id=\"4160840c\" data-element_type=\"widget\" data-widget_type=\"spacer.default\">\n\t\t\t\t<div class=\"elementor-widget-container\">\n\t\t\t\t\t\t\t<div class=\"elementor-spacer\">\n\t\t\t<div class=\"elementor-spacer-inner\"><\/div>\n\t\t<\/div>\n\t\t\t\t\t\t<\/div>\n\t\t\t\t<\/div>\n\t\t\t\t<div class=\"elementor-element elementor-element-9dfa099 elementor-view-default elementor-widget elementor-widget-icon\" data-id=\"9dfa099\" data-element_type=\"widget\" data-widget_type=\"icon.default\">\n\t\t\t\t<div class=\"elementor-widget-container\">\n\t\t\t\t\t\t\t<div class=\"elementor-icon-wrapper\">\n\t\t\t<div class=\"elementor-icon\">\n\t\t\t<i aria-hidden=\"true\" class=\"fas fa-circle\"><\/i>\t\t\t<\/div>\n\t\t<\/div>\n\t\t\t\t\t\t<\/div>\n\t\t\t\t<\/div>\n\t\t\t\t\t<\/div>\n\t\t<\/div>\n\t\t\t\t<div class=\"elementor-column elementor-col-33 elementor-top-column elementor-element elementor-element-211a9b71\" data-id=\"211a9b71\" data-element_type=\"column\">\n\t\t\t<div class=\"elementor-widget-wrap\">\n\t\t\t\t\t\t\t<\/div>\n\t\t<\/div>\n\t\t\t\t\t<\/div>\n\t\t<\/section>\n\t\t\t\t<section class=\"elementor-section elementor-top-section elementor-element elementor-element-482a0cc elementor-section-boxed elementor-section-height-default elementor-section-height-default\" data-id=\"482a0cc\" data-element_type=\"section\">\n\t\t\t\t\t\t<div class=\"elementor-container elementor-column-gap-default\">\n\t\t\t\t\t<div class=\"elementor-column elementor-col-100 elementor-top-column elementor-element elementor-element-8ba3176\" data-id=\"8ba3176\" data-element_type=\"column\">\n\t\t\t<div class=\"elementor-widget-wrap elementor-element-populated\">\n\t\t\t\t\t\t<div class=\"elementor-element elementor-element-8bec395 elementor-widget elementor-widget-heading\" data-id=\"8bec395\" data-element_type=\"widget\" data-settings=\"{&quot;_animation&quot;:&quot;none&quot;}\" data-widget_type=\"heading.default\">\n\t\t\t\t<div class=\"elementor-widget-container\">\n\t\t\t\t\t<h1 class=\"elementor-heading-title elementor-size-default\">Dienstag, 12.11.2024,  09.30 - 16.30&nbsp;Uhr<\/h1>\t\t\t\t<\/div>\n\t\t\t\t<\/div>\n\t\t\t\t<div class=\"elementor-element elementor-element-0824923 elementor-widget elementor-widget-heading\" data-id=\"0824923\" data-element_type=\"widget\" data-settings=\"{&quot;_animation&quot;:&quot;none&quot;}\" data-widget_type=\"heading.default\">\n\t\t\t\t<div class=\"elementor-widget-container\">\n\t\t\t\t\t<h2 class=\"elementor-heading-title elementor-size-default\">Daten erschliessen - KI entdecken\n\n<\/h2>\t\t\t\t<\/div>\n\t\t\t\t<\/div>\n\t\t\t\t<div class=\"elementor-element elementor-element-4d2ed6c elementor-widget elementor-widget-text-editor\" data-id=\"4d2ed6c\" data-element_type=\"widget\" data-widget_type=\"text-editor.default\">\n\t\t\t\t<div class=\"elementor-widget-container\">\n\t\t\t\t\t\t\t\t\t<p>kostenfreie, \u00f6ffentliche Veranstaltung mit <a href=\"https:\/\/www.edih-sh.de\/event\/daten-erschliessen-ki-entdecken-November.html\"><b>Anmeldung<\/b><\/a><\/p><p>Technologie durchdringt unser Leben. Wir finden innerhalb von Sekunden relevante Informationen \u2013 auch ausformuliert zu verst\u00e4ndlichen Texten. \u00dcbersetzungsprogramme liefern Texte, in denen Muttersprachler keine Fehler finden. Unser Smartphone zeigt uns auf Fingertipp s\u00e4mtliche Fotos eines bestimmten Familienmitglieds. Wie k\u00f6nnen diese Errungenschaften auch in unserem Arbeitsumfeld eingesetzt werden?<\/p><p>In der KI-Schulung \u201eDaten erschlie\u00dfen \u2013 KI entdecken\u201c geben wir einen \u00dcberblick \u00fcber das Themenfeld K\u00fcnstliche Intelligenz. Gerade im \u00f6ffentlichen Sektor stehen gro\u00dfe Datenmengen zur Verf\u00fcgung. Wie k\u00f6nnen wir sie erschlie\u00dfen? Die Schulung besteht aus zwei Teilen. Zun\u00e4chst befassen wir uns mit Grundlagen und Anwendungsfeldern. Anschlie\u00dfend geht es um konkrete L\u00f6sungen, Werkzeuge, Voraussetzungen und Herausforderungen. Dabei setzen wir auf Impulsvortr\u00e4ge aus Perspektive von Wissenschaft und Praxis sowie Phasen f\u00fcr Fragen und Diskussionen.<\/p><p><a href=\"https:\/\/www.edih-sh.de\/event\/daten-erschliessen-ki-entdecken-November.html\"><b>Weitere Informationen<\/b><\/a><\/p><p><strong>Ort: <\/strong>Joint Innovation Lab, Maria-Goeppert-Stra\u00dfe 17, L\u00fcbeck<\/p><p><strong>Veranstalter:<\/strong> Joint Innovation Lab der Universit\u00e4t zu L\u00fcbeck<\/p><p><strong>Zielgruppe:<\/strong> Mitarbeitende der \u00d6ffentlichen Verwaltung.<\/p><p><strong>Anmeldung:<\/strong> <a href=\"https:\/\/www.edih-sh.de\/event\/daten-erschliessen-ki-entdecken-November.html\"><b>Anmeldung erforderlich<\/b><\/a><\/p>\t\t\t\t\t\t\t\t<\/div>\n\t\t\t\t<\/div>\n\t\t\t\t\t<\/div>\n\t\t<\/div>\n\t\t\t\t\t<\/div>\n\t\t<\/section>\n\t\t\t\t<\/div>\n\t\t","protected":false},"excerpt":{"rendered":"<p>Dienstag, 12.11.2024, 09.30 &#8211; 16.30&nbsp;Uhr Daten erschliessen &#8211; KI entdecken kostenfreie, \u00f6ffentliche Veranstaltung mit Anmeldung Technologie durchdringt unser Leben. Wir finden innerhalb von Sekunden relevante Informationen \u2013 auch ausformuliert zu verst\u00e4ndlichen Texten. \u00dcbersetzungsprogramme liefern Texte, in denen Muttersprachler keine Fehler finden. Unser Smartphone zeigt uns auf Fingertipp s\u00e4mtliche Fotos eines bestimmten Familienmitglieds. Wie k\u00f6nnen diese [&hellip;]<\/p>\n","protected":false},"author":2,"featured_media":0,"parent":0,"menu_order":0,"comment_status":"closed","ping_status":"closed","template":"","meta":{"footnotes":""},"class_list":["post-3562","page","type-page","status-publish","hentry"],"_links":{"self":[{"href":"https:\/\/woche-der-ki.de\/index.php\/wp-json\/wp\/v2\/pages\/3562","targetHints":{"allow":["GET"]}}],"collection":[{"href":"https:\/\/woche-der-ki.de\/index.php\/wp-json\/wp\/v2\/pages"}],"about":[{"href":"https:\/\/woche-der-ki.de\/index.php\/wp-json\/wp\/v2\/types\/page"}],"author":[{"embeddable":true,"href":"https:\/\/woche-der-ki.de\/index.php\/wp-json\/wp\/v2\/users\/2"}],"replies":[{"embeddable":true,"href":"https:\/\/woche-der-ki.de\/index.php\/wp-json\/wp\/v2\/comments?post=3562"}],"version-history":[{"count":7,"href":"https:\/\/woche-der-ki.de\/index.php\/wp-json\/wp\/v2\/pages\/3562\/revisions"}],"predecessor-version":[{"id":3775,"href":"https:\/\/woche-der-ki.de\/index.php\/wp-json\/wp\/v2\/pages\/3562\/revisions\/3775"}],"wp:attachment":[{"href":"https:\/\/woche-der-ki.de\/index.php\/wp-json\/wp\/v2\/media?parent=3562"}],"curies":[{"name":"wp","href":"https:\/\/api.w.org\/{rel}","templated":true}]}}