{"id":3624,"date":"2024-10-15T12:15:08","date_gmt":"2024-10-15T10:15:08","guid":{"rendered":"https:\/\/woche-der-ki.de\/?page_id=3624"},"modified":"2024-11-05T22:27:41","modified_gmt":"2024-11-05T21:27:41","slug":"ihr-weg-zur-einfuehrung-von-ki-loesungen-im-mittelstand","status":"publish","type":"page","link":"https:\/\/woche-der-ki.de\/index.php\/ihr-weg-zur-einfuehrung-von-ki-loesungen-im-mittelstand\/","title":{"rendered":"Ihr Weg zur Einf\u00fchrung von KI-L\u00f6sungen im Mittelstand"},"content":{"rendered":"\t\t<div data-elementor-type=\"wp-page\" data-elementor-id=\"3624\" class=\"elementor elementor-3624\" data-elementor-post-type=\"page\">\n\t\t\t\t\t\t<section class=\"elementor-section elementor-top-section elementor-element elementor-element-68871bd1 elementor-section-full_width elementor-section-height-default elementor-section-height-default\" data-id=\"68871bd1\" data-element_type=\"section\">\n\t\t\t\t\t\t<div class=\"elementor-container elementor-column-gap-default\">\n\t\t\t\t\t<div class=\"elementor-column elementor-col-33 elementor-top-column elementor-element elementor-element-6d7e1407\" data-id=\"6d7e1407\" data-element_type=\"column\">\n\t\t\t<div class=\"elementor-widget-wrap\">\n\t\t\t\t\t\t\t<\/div>\n\t\t<\/div>\n\t\t\t\t<div class=\"elementor-column elementor-col-33 elementor-top-column elementor-element elementor-element-4f9f2080\" data-id=\"4f9f2080\" data-element_type=\"column\">\n\t\t\t<div class=\"elementor-widget-wrap elementor-element-populated\">\n\t\t\t\t\t\t<div class=\"elementor-element elementor-element-4160840c elementor-widget__width-initial elementor-widget elementor-widget-spacer\" data-id=\"4160840c\" data-element_type=\"widget\" data-widget_type=\"spacer.default\">\n\t\t\t\t<div class=\"elementor-widget-container\">\n\t\t\t\t\t\t\t<div class=\"elementor-spacer\">\n\t\t\t<div class=\"elementor-spacer-inner\"><\/div>\n\t\t<\/div>\n\t\t\t\t\t\t<\/div>\n\t\t\t\t<\/div>\n\t\t\t\t<div class=\"elementor-element elementor-element-9dfa099 elementor-view-default elementor-widget elementor-widget-icon\" data-id=\"9dfa099\" data-element_type=\"widget\" data-widget_type=\"icon.default\">\n\t\t\t\t<div class=\"elementor-widget-container\">\n\t\t\t\t\t\t\t<div class=\"elementor-icon-wrapper\">\n\t\t\t<div class=\"elementor-icon\">\n\t\t\t<i aria-hidden=\"true\" class=\"fas fa-circle\"><\/i>\t\t\t<\/div>\n\t\t<\/div>\n\t\t\t\t\t\t<\/div>\n\t\t\t\t<\/div>\n\t\t\t\t\t<\/div>\n\t\t<\/div>\n\t\t\t\t<div class=\"elementor-column elementor-col-33 elementor-top-column elementor-element elementor-element-211a9b71\" data-id=\"211a9b71\" data-element_type=\"column\">\n\t\t\t<div class=\"elementor-widget-wrap\">\n\t\t\t\t\t\t\t<\/div>\n\t\t<\/div>\n\t\t\t\t\t<\/div>\n\t\t<\/section>\n\t\t\t\t<section class=\"elementor-section elementor-top-section elementor-element elementor-element-482a0cc elementor-section-boxed elementor-section-height-default elementor-section-height-default\" data-id=\"482a0cc\" data-element_type=\"section\">\n\t\t\t\t\t\t<div class=\"elementor-container elementor-column-gap-default\">\n\t\t\t\t\t<div class=\"elementor-column elementor-col-100 elementor-top-column elementor-element elementor-element-8ba3176\" data-id=\"8ba3176\" data-element_type=\"column\">\n\t\t\t<div class=\"elementor-widget-wrap elementor-element-populated\">\n\t\t\t\t\t\t<div class=\"elementor-element elementor-element-8bec395 elementor-widget elementor-widget-heading\" data-id=\"8bec395\" data-element_type=\"widget\" data-settings=\"{&quot;_animation&quot;:&quot;none&quot;}\" data-widget_type=\"heading.default\">\n\t\t\t\t<div class=\"elementor-widget-container\">\n\t\t\t\t\t<h1 class=\"elementor-heading-title elementor-size-default\">Montag, 11.11.2024,  13:00-15:30 Uhr<\/h1>\t\t\t\t<\/div>\n\t\t\t\t<\/div>\n\t\t\t\t<div class=\"elementor-element elementor-element-0824923 elementor-widget elementor-widget-heading\" data-id=\"0824923\" data-element_type=\"widget\" data-settings=\"{&quot;_animation&quot;:&quot;none&quot;}\" data-widget_type=\"heading.default\">\n\t\t\t\t<div class=\"elementor-widget-container\">\n\t\t\t\t\t<h2 class=\"elementor-heading-title elementor-size-default\">Ihr Weg zur Einf\u00fchrung von KI-L\u00f6sungen im Mittelstand<\/h2>\t\t\t\t<\/div>\n\t\t\t\t<\/div>\n\t\t\t\t<div class=\"elementor-element elementor-element-4d2ed6c elementor-widget elementor-widget-text-editor\" data-id=\"4d2ed6c\" data-element_type=\"widget\" data-widget_type=\"text-editor.default\">\n\t\t\t\t<div class=\"elementor-widget-container\">\n\t\t\t\t\t\t\t\t\t<p>\u00d6ffentlicher Workshop mit anschlie\u00dfendem Austausch beim Get-together mit Anmeldung<\/p>\n<p><strong>Ort:\u00a0<\/strong>Media Docks L\u00fcbeck, Willy-Brandt-Allee 31, 23554 L\u00fcbeck<\/p>\n<p><strong>Zielgruppe<\/strong>: Gesch\u00e4ftsf\u00fchrer*innen, IT-Entscheider*innen, IT-Berater*innen<\/p>\n<p><strong>Anmeldung n\u00f6tig<\/strong>: Ja, bitte senden Sie Ihre Anmeldung unter Angabe Ihres Namens sowie Ihres Unternehmens an Frau Stephanie Sch\u00f6llermann, <a href=\"mailto:stephanie.schoellermann@wb-net.de\">s<b>tephanie.schoellermann@wb-net.de<\/b><\/a>. F\u00fcr R\u00fcckfragen erreichen Sie uns unter 0451 399880.\u00a0<\/p>\n<p><strong style=\"font-family: var( --e-global-typography-text-font-family ), Sans-serif; font-size: var( --e-global-typography-text-font-size );\">Veranstalter<\/strong><span style=\"font-weight: var( --e-global-typography-text-font-weight ); font-family: var( --e-global-typography-text-font-family ), Sans-serif; font-size: var( --e-global-typography-text-font-size );\">: Fujitsu Technology Solutions GmbH gemeinsam mit der W&amp;B GmbH (IT-Systemhaus aus L\u00fcbeck, www.wb-systemhaus.de, Steinmetzstra\u00dfe 7, 23556 L\u00fcbeck)<\/span><\/p>\n<p><span style=\"font-family: var( --e-global-typography-text-font-family ), Sans-serif; font-size: var( --e-global-typography-text-font-size );\"><span style=\"font-weight: var( --e-global-typography-text-font-weight );\">\u00a0<\/span><\/span><\/p>\n<p>\u00a0<\/p>\n<p>Produkte wie ChatGPT, MS Copilot und Co. erobern den Markt und zwingen Sie als Entscheider, ITler oder Fachkraft zum Handeln. Eine KI-Anwendung ist durch die heute am Markt bestehenden Cloudangebote schnell eingef\u00fchrt. Bis dato wurde sich meist nur wenig \u00fcber die Themen Use Cases im Unternehmen, Mitarbeitenden Awareness bezogen auf KI, Datenschutzkonformit\u00e4t und Kostentransparenz Gedanken gemacht. Das wollen wir \u00e4ndern!<\/p>\n<p>Wir erarbeiten mit Ihnen gemeinsam in einem Workshop, wie Sie Use Cases finden inkl. eines ersten Brainstormings zu Ihren Herausforderungen, ob KI eine L\u00f6sung f\u00fcr den Mittelstand ist und wieso Sie sich bei Fujitsu und W&amp;B gut aufgehoben f\u00fchlen k\u00f6nnen.<\/p>\n<p>Als regionales Systemhaus aus L\u00fcbeck legt W&amp;B stets besonderen Wert auf die Gew\u00e4hrleistung der Datenverf\u00fcgbarkeit und der Datensicherheit, damit Sie als Anwender die Performance erhalten, die Sie im Arbeitsalltag ben\u00f6tigen.<\/p>\n<p>Bevor Sie in eine solche L\u00f6sung investieren, haben Sie zudem \u00fcber Fujitsu die M\u00f6glichkeit Ihren Proof of Concept (PoC) in einem deutschen Rechenzentrum zu testen, um sich davon zu \u00fcberzeugen, dass die ausgearbeitete L\u00f6sung die Effizienz Ihrer Mitarbeitenden im Arbeitsalltag erh\u00f6ht und m\u00f6glicherweise sogar das Innovationspotential Ihres Unternehmens steigert.<\/p>\n<p>Wir freuen uns auf den gemeinsamen Workshop mit Ihnen und den anschlie\u00dfenden Austausch bei Fingerfood und einem Get-together!<\/p>\n<p>\u00a0<\/p>\n<p><b>Referent<\/b>:<br \/>Henning Sch\u00f6ppenthau \u2013 Regional Sales Manager (Vertriebscenter Nord) \u2013 Fujitsu Technology Solutions GmbH<\/p>\n<p>Henning Sch\u00f6ppenthau ist 32 Jahre alt und seit 2019 im IT Vertrieb t\u00e4tig. Er besch\u00e4ftigt sich bereits seit seiner Ausbildung zum Informatikkaufmann 2011 im Rechenzentrum der TU Hamburg-Harburg mit verschiedensten Themen in der IT und hat dies w\u00e4hrend des Studiums der VWL mit Fachrichtung Informatik an der CAU Kiel und seiner Zeit im Vertriebsinnendienst beim gr\u00f6\u00dften Systemhaus Deutschlands (Bechtle AG) weiter gefestigt. Seit 2022 ist er regionaler Ansprechpartner f\u00fcr alle Reseller und Mittelstandskunden im Gro\u00dfraum Schleswig-Holstein und hat einen besonderen Fokus auf IT-Infrastrukturprojekte. In seiner Rolle ber\u00e4t er sowohl Kunden als auch Reseller bei der Einf\u00fchrung von IT-L\u00f6sungen und der digitalen Transformation im Mittelstand. Heute finden Sie ihn ganzt\u00e4gig (bis auf den Workshopslot) am Stand des L\u00fcbecker Systemhauses W&amp;B, die seit langer Zeit ein erfolgreicher Partner der FUJITSU sind.<\/p>\t\t\t\t\t\t\t\t<\/div>\n\t\t\t\t<\/div>\n\t\t\t\t\t<\/div>\n\t\t<\/div>\n\t\t\t\t\t<\/div>\n\t\t<\/section>\n\t\t\t\t<\/div>\n\t\t","protected":false},"excerpt":{"rendered":"<p>Montag, 11.11.2024, 13:00-15:30 Uhr Ihr Weg zur Einf\u00fchrung von KI-L\u00f6sungen im Mittelstand \u00d6ffentlicher Workshop mit anschlie\u00dfendem Austausch beim Get-together mit Anmeldung Ort:\u00a0Media Docks L\u00fcbeck, Willy-Brandt-Allee 31, 23554 L\u00fcbeck Zielgruppe: Gesch\u00e4ftsf\u00fchrer*innen, IT-Entscheider*innen, IT-Berater*innen Anmeldung n\u00f6tig: Ja, bitte senden Sie Ihre Anmeldung unter Angabe Ihres Namens sowie Ihres Unternehmens an Frau Stephanie Sch\u00f6llermann, stephanie.schoellermann@wb-net.de. F\u00fcr R\u00fcckfragen erreichen [&hellip;]<\/p>\n","protected":false},"author":2,"featured_media":0,"parent":0,"menu_order":0,"comment_status":"closed","ping_status":"closed","template":"","meta":{"footnotes":""},"class_list":["post-3624","page","type-page","status-publish","hentry"],"_links":{"self":[{"href":"https:\/\/woche-der-ki.de\/index.php\/wp-json\/wp\/v2\/pages\/3624","targetHints":{"allow":["GET"]}}],"collection":[{"href":"https:\/\/woche-der-ki.de\/index.php\/wp-json\/wp\/v2\/pages"}],"about":[{"href":"https:\/\/woche-der-ki.de\/index.php\/wp-json\/wp\/v2\/types\/page"}],"author":[{"embeddable":true,"href":"https:\/\/woche-der-ki.de\/index.php\/wp-json\/wp\/v2\/users\/2"}],"replies":[{"embeddable":true,"href":"https:\/\/woche-der-ki.de\/index.php\/wp-json\/wp\/v2\/comments?post=3624"}],"version-history":[{"count":10,"href":"https:\/\/woche-der-ki.de\/index.php\/wp-json\/wp\/v2\/pages\/3624\/revisions"}],"predecessor-version":[{"id":3724,"href":"https:\/\/woche-der-ki.de\/index.php\/wp-json\/wp\/v2\/pages\/3624\/revisions\/3724"}],"wp:attachment":[{"href":"https:\/\/woche-der-ki.de\/index.php\/wp-json\/wp\/v2\/media?parent=3624"}],"curies":[{"name":"wp","href":"https:\/\/api.w.org\/{rel}","templated":true}]}}