{"id":3653,"date":"2024-10-22T13:05:47","date_gmt":"2024-10-22T11:05:47","guid":{"rendered":"https:\/\/woche-der-ki.de\/?page_id=3653"},"modified":"2024-10-22T13:12:57","modified_gmt":"2024-10-22T11:12:57","slug":"open-ai-lab","status":"publish","type":"page","link":"https:\/\/woche-der-ki.de\/index.php\/open-ai-lab\/","title":{"rendered":"Open AI-Lab"},"content":{"rendered":"\t\t<div data-elementor-type=\"wp-page\" data-elementor-id=\"3653\" class=\"elementor elementor-3653\" data-elementor-post-type=\"page\">\n\t\t\t\t\t\t<section class=\"elementor-section elementor-top-section elementor-element elementor-element-68871bd1 elementor-section-full_width elementor-section-height-default elementor-section-height-default\" data-id=\"68871bd1\" data-element_type=\"section\">\n\t\t\t\t\t\t<div class=\"elementor-container elementor-column-gap-default\">\n\t\t\t\t\t<div class=\"elementor-column elementor-col-33 elementor-top-column elementor-element elementor-element-6d7e1407\" data-id=\"6d7e1407\" data-element_type=\"column\">\n\t\t\t<div class=\"elementor-widget-wrap\">\n\t\t\t\t\t\t\t<\/div>\n\t\t<\/div>\n\t\t\t\t<div class=\"elementor-column elementor-col-33 elementor-top-column elementor-element elementor-element-4f9f2080\" data-id=\"4f9f2080\" data-element_type=\"column\">\n\t\t\t<div class=\"elementor-widget-wrap elementor-element-populated\">\n\t\t\t\t\t\t<div class=\"elementor-element elementor-element-4160840c elementor-widget__width-initial elementor-widget elementor-widget-spacer\" data-id=\"4160840c\" data-element_type=\"widget\" data-widget_type=\"spacer.default\">\n\t\t\t\t<div class=\"elementor-widget-container\">\n\t\t\t\t\t\t\t<div class=\"elementor-spacer\">\n\t\t\t<div class=\"elementor-spacer-inner\"><\/div>\n\t\t<\/div>\n\t\t\t\t\t\t<\/div>\n\t\t\t\t<\/div>\n\t\t\t\t<div class=\"elementor-element elementor-element-9dfa099 elementor-view-default elementor-widget elementor-widget-icon\" data-id=\"9dfa099\" data-element_type=\"widget\" data-widget_type=\"icon.default\">\n\t\t\t\t<div class=\"elementor-widget-container\">\n\t\t\t\t\t\t\t<div class=\"elementor-icon-wrapper\">\n\t\t\t<div class=\"elementor-icon\">\n\t\t\t<i aria-hidden=\"true\" class=\"fas fa-circle\"><\/i>\t\t\t<\/div>\n\t\t<\/div>\n\t\t\t\t\t\t<\/div>\n\t\t\t\t<\/div>\n\t\t\t\t\t<\/div>\n\t\t<\/div>\n\t\t\t\t<div class=\"elementor-column elementor-col-33 elementor-top-column elementor-element elementor-element-211a9b71\" data-id=\"211a9b71\" data-element_type=\"column\">\n\t\t\t<div class=\"elementor-widget-wrap\">\n\t\t\t\t\t\t\t<\/div>\n\t\t<\/div>\n\t\t\t\t\t<\/div>\n\t\t<\/section>\n\t\t\t\t<section class=\"elementor-section elementor-top-section elementor-element elementor-element-482a0cc elementor-section-boxed elementor-section-height-default elementor-section-height-default\" data-id=\"482a0cc\" data-element_type=\"section\">\n\t\t\t\t\t\t<div class=\"elementor-container elementor-column-gap-default\">\n\t\t\t\t\t<div class=\"elementor-column elementor-col-100 elementor-top-column elementor-element elementor-element-8ba3176\" data-id=\"8ba3176\" data-element_type=\"column\">\n\t\t\t<div class=\"elementor-widget-wrap elementor-element-populated\">\n\t\t\t\t\t\t<div class=\"elementor-element elementor-element-8bec395 elementor-widget elementor-widget-heading\" data-id=\"8bec395\" data-element_type=\"widget\" data-settings=\"{&quot;_animation&quot;:&quot;none&quot;}\" data-widget_type=\"heading.default\">\n\t\t\t\t<div class=\"elementor-widget-container\">\n\t\t\t\t\t<h1 class=\"elementor-heading-title elementor-size-default\">Donnerstag, 14.11.2024,  14.00 - 15.00&nbsp;Uhr<\/h1>\t\t\t\t<\/div>\n\t\t\t\t<\/div>\n\t\t\t\t<div class=\"elementor-element elementor-element-0824923 elementor-widget elementor-widget-heading\" data-id=\"0824923\" data-element_type=\"widget\" data-settings=\"{&quot;_animation&quot;:&quot;none&quot;}\" data-widget_type=\"heading.default\">\n\t\t\t\t<div class=\"elementor-widget-container\">\n\t\t\t\t\t<h2 class=\"elementor-heading-title elementor-size-default\">Open AI-Lab\n<\/h2>\t\t\t\t<\/div>\n\t\t\t\t<\/div>\n\t\t\t\t<div class=\"elementor-element elementor-element-4d2ed6c elementor-widget elementor-widget-text-editor\" data-id=\"4d2ed6c\" data-element_type=\"widget\" data-widget_type=\"text-editor.default\">\n\t\t\t\t<div class=\"elementor-widget-container\">\n\t\t\t\t\t\t\t\t\t<p>\u00f6ffentliche Veranstaltung mit <a href=\"https:\/\/www.digitalzentrum-sh.de\/veranstaltung\/open-ai-lab-7\"><b>Anmeldung<\/b><\/a><\/p><p>K\u00fcnstliche Intelligenz ist ein faszinierendes und vielseitiges Thema, das zahlreiche Anwendungsbereiche bietet. Wir m\u00f6chten Sie herzlich zu unserem Open AI-Lab einladen, bei dem Sie die Welt der k\u00fcnstlichen Intelligenz hautnah erleben und selbst ausprobieren k\u00f6nnen. Seien Sie dabei und entdecken Sie die M\u00f6glichkeiten, die KI bietet!<\/p><p>An verschiedenen Stationen werden unterschiedliche Techniken und Anwendungsbereiche der KI gezeigt. Sie bekommen direkt Einblicke in die M\u00f6glichkeiten der Interoperabilit\u00e4t, Digitalisierung und k\u00fcnstlichen Intelligenz.<\/p><p>Dar\u00fcber hinaus m\u00f6chten wir in einem offenen Austausch gemeinsam mit Ihnen \u00dcberlegungen anstellen, wie Sie und Ihr Unternehmen von der Digitalisierung profitieren k\u00f6nnen. Dabei ist es ganz egal, ob Sie bereits ein konkretes Problem haben oder ob Sie sich einfach nur von den M\u00f6glichkeiten inspirieren lassen m\u00f6chten.<\/p><p>Besuchen Sie uns im AI-Lab in L\u00fcbeck.<\/p><p><strong>Ort: <\/strong>AI-Lab der Universit\u00e4t zu L\u00fcbeck, Keller des MFC I, Maria-G\u00f6ppert-Stra\u00dfe 1, L\u00fcbeck\u00a0<strong><br \/><\/strong><\/p><p><strong>Veranstalter:<\/strong> Mittelstand-Digital Zentrum Schleswig-Holstein<\/p><p><strong>Zielgruppe:<\/strong> Unsere AI-Lab Tour richtet sich an Unternehmen, Forschungsinstitutionen und KI-Enthusiasten, die mehr \u00fcber die Potenziale der Digitalisierung und k\u00fcnstlichen Intelligenz erfahren m\u00f6chten.<\/p><p><strong>Anmeldung:<\/strong> <a href=\"https:\/\/www.digitalzentrum-sh.de\/veranstaltung\/open-ai-lab-7\"><b>Ja, kostenlose Teilnahme mit Anmeldung<\/b><\/a><\/p>\t\t\t\t\t\t\t\t<\/div>\n\t\t\t\t<\/div>\n\t\t\t\t\t<\/div>\n\t\t<\/div>\n\t\t\t\t\t<\/div>\n\t\t<\/section>\n\t\t\t\t<\/div>\n\t\t","protected":false},"excerpt":{"rendered":"<p>Donnerstag, 14.11.2024, 14.00 &#8211; 15.00&nbsp;Uhr Open AI-Lab \u00f6ffentliche Veranstaltung mit Anmeldung K\u00fcnstliche Intelligenz ist ein faszinierendes und vielseitiges Thema, das zahlreiche Anwendungsbereiche bietet. Wir m\u00f6chten Sie herzlich zu unserem Open AI-Lab einladen, bei dem Sie die Welt der k\u00fcnstlichen Intelligenz hautnah erleben und selbst ausprobieren k\u00f6nnen. Seien Sie dabei und entdecken Sie die M\u00f6glichkeiten, die [&hellip;]<\/p>\n","protected":false},"author":2,"featured_media":0,"parent":0,"menu_order":0,"comment_status":"closed","ping_status":"closed","template":"","meta":{"footnotes":""},"class_list":["post-3653","page","type-page","status-publish","hentry"],"_links":{"self":[{"href":"https:\/\/woche-der-ki.de\/index.php\/wp-json\/wp\/v2\/pages\/3653","targetHints":{"allow":["GET"]}}],"collection":[{"href":"https:\/\/woche-der-ki.de\/index.php\/wp-json\/wp\/v2\/pages"}],"about":[{"href":"https:\/\/woche-der-ki.de\/index.php\/wp-json\/wp\/v2\/types\/page"}],"author":[{"embeddable":true,"href":"https:\/\/woche-der-ki.de\/index.php\/wp-json\/wp\/v2\/users\/2"}],"replies":[{"embeddable":true,"href":"https:\/\/woche-der-ki.de\/index.php\/wp-json\/wp\/v2\/comments?post=3653"}],"version-history":[{"count":4,"href":"https:\/\/woche-der-ki.de\/index.php\/wp-json\/wp\/v2\/pages\/3653\/revisions"}],"predecessor-version":[{"id":3657,"href":"https:\/\/woche-der-ki.de\/index.php\/wp-json\/wp\/v2\/pages\/3653\/revisions\/3657"}],"wp:attachment":[{"href":"https:\/\/woche-der-ki.de\/index.php\/wp-json\/wp\/v2\/media?parent=3653"}],"curies":[{"name":"wp","href":"https:\/\/api.w.org\/{rel}","templated":true}]}}