{"id":368,"date":"2021-09-28T21:19:11","date_gmt":"2021-09-28T19:19:11","guid":{"rendered":"https:\/\/woche-der-ki.de\/?page_id=368"},"modified":"2025-04-30T18:15:31","modified_gmt":"2025-04-30T16:15:31","slug":"impressum","status":"publish","type":"page","link":"https:\/\/woche-der-ki.de\/index.php\/impressum\/","title":{"rendered":"Impressum"},"content":{"rendered":"\t\t<div data-elementor-type=\"wp-page\" data-elementor-id=\"368\" class=\"elementor elementor-368\" data-elementor-post-type=\"page\">\n\t\t\t\t\t\t<section class=\"elementor-section elementor-top-section elementor-element elementor-element-348c54f9 elementor-section-full_width elementor-section-height-default elementor-section-height-default\" data-id=\"348c54f9\" data-element_type=\"section\">\n\t\t\t\t\t\t<div class=\"elementor-container elementor-column-gap-default\">\n\t\t\t\t\t<div class=\"elementor-column elementor-col-100 elementor-top-column elementor-element elementor-element-1f6e3938\" data-id=\"1f6e3938\" data-element_type=\"column\">\n\t\t\t<div class=\"elementor-widget-wrap elementor-element-populated\">\n\t\t\t\t\t\t<div class=\"elementor-element elementor-element-730e7bb elementor-widget elementor-widget-heading\" data-id=\"730e7bb\" data-element_type=\"widget\" data-widget_type=\"heading.default\">\n\t\t\t\t<div class=\"elementor-widget-container\">\n\t\t\t\t\t<h1 class=\"elementor-heading-title elementor-size-default\">Impressum<\/h1>\t\t\t\t<\/div>\n\t\t\t\t<\/div>\n\t\t\t\t<div class=\"elementor-element elementor-element-7c047c2e elementor-widget elementor-widget-text-editor\" data-id=\"7c047c2e\" data-element_type=\"widget\" data-widget_type=\"text-editor.default\">\n\t\t\t\t<div class=\"elementor-widget-container\">\n\t\t\t\t\t\t\t\t\t<p><strong>Webseitenbetreiber<\/strong><br>Hanse Innovation Campus GmbH<br>c\/o Universit\u00e4t zu L\u00fcbeck<br>Ratzeburger Allee 160<br>23562 L\u00fcbeck<\/p>\n<p>Gesch\u00e4ftsf\u00fchrung:<br>Julia Sarre &amp; Claudia Linde<\/p>\n<p>Telefon: +49 (0)1525-83 564 66&nbsp; &nbsp;&amp;&nbsp; +49 (0)1525-83 564 71<br>E-Mail:&nbsp;&nbsp; sarre@hic-luebeck.de&nbsp; &amp;&nbsp; linde@hic-luebeck.de<\/p>\n<p>Registergericht: Amtsgericht L\u00fcbeck<br>Registernummer: HRB 12172 HL<\/p>\n<p>Umsatzsteuer-Identifikationsnummer<br>gem. \u00a7 27a UStG: DE283369348<\/p>\t\t\t\t\t\t\t\t<\/div>\n\t\t\t\t<\/div>\n\t\t\t\t\t<\/div>\n\t\t<\/div>\n\t\t\t\t\t<\/div>\n\t\t<\/section>\n\t\t\t\t<\/div>\n\t\t","protected":false},"excerpt":{"rendered":"<p>Impressum WebseitenbetreiberHanse Innovation Campus GmbHc\/o Universit\u00e4t zu L\u00fcbeckRatzeburger Allee 16023562 L\u00fcbeck Gesch\u00e4ftsf\u00fchrung:Julia Sarre &amp; Claudia Linde Telefon: +49 (0)1525-83 564 66&nbsp; &nbsp;&amp;&nbsp; +49 (0)1525-83 564 71E-Mail:&nbsp;&nbsp; sarre@hic-luebeck.de&nbsp; &amp;&nbsp; linde@hic-luebeck.de Registergericht: Amtsgericht L\u00fcbeckRegisternummer: HRB 12172 HL Umsatzsteuer-Identifikationsnummergem. \u00a7 27a UStG: DE283369348<\/p>\n","protected":false},"author":1,"featured_media":0,"parent":0,"menu_order":0,"comment_status":"closed","ping_status":"closed","template":"elementor_header_footer","meta":{"footnotes":""},"class_list":["post-368","page","type-page","status-publish","hentry"],"_links":{"self":[{"href":"https:\/\/woche-der-ki.de\/index.php\/wp-json\/wp\/v2\/pages\/368","targetHints":{"allow":["GET"]}}],"collection":[{"href":"https:\/\/woche-der-ki.de\/index.php\/wp-json\/wp\/v2\/pages"}],"about":[{"href":"https:\/\/woche-der-ki.de\/index.php\/wp-json\/wp\/v2\/types\/page"}],"author":[{"embeddable":true,"href":"https:\/\/woche-der-ki.de\/index.php\/wp-json\/wp\/v2\/users\/1"}],"replies":[{"embeddable":true,"href":"https:\/\/woche-der-ki.de\/index.php\/wp-json\/wp\/v2\/comments?post=368"}],"version-history":[{"count":17,"href":"https:\/\/woche-der-ki.de\/index.php\/wp-json\/wp\/v2\/pages\/368\/revisions"}],"predecessor-version":[{"id":3895,"href":"https:\/\/woche-der-ki.de\/index.php\/wp-json\/wp\/v2\/pages\/368\/revisions\/3895"}],"wp:attachment":[{"href":"https:\/\/woche-der-ki.de\/index.php\/wp-json\/wp\/v2\/media?parent=368"}],"curies":[{"name":"wp","href":"https:\/\/api.w.org\/{rel}","templated":true}]}}