{"id":3711,"date":"2024-11-05T22:16:26","date_gmt":"2024-11-05T21:16:26","guid":{"rendered":"https:\/\/woche-der-ki.de\/?page_id=3711"},"modified":"2024-11-05T22:22:33","modified_gmt":"2024-11-05T21:22:33","slug":"ein-abend-rund-um-die-ki","status":"publish","type":"page","link":"https:\/\/woche-der-ki.de\/index.php\/ein-abend-rund-um-die-ki\/","title":{"rendered":"Ein Abend rund um die KI"},"content":{"rendered":"\t\t<div data-elementor-type=\"wp-page\" data-elementor-id=\"3711\" class=\"elementor elementor-3711\" data-elementor-post-type=\"page\">\n\t\t\t\t\t\t<section class=\"elementor-section elementor-top-section elementor-element elementor-element-68871bd1 elementor-section-full_width elementor-section-height-default elementor-section-height-default\" data-id=\"68871bd1\" data-element_type=\"section\">\n\t\t\t\t\t\t<div class=\"elementor-container elementor-column-gap-default\">\n\t\t\t\t\t<div class=\"elementor-column elementor-col-33 elementor-top-column elementor-element elementor-element-6d7e1407\" data-id=\"6d7e1407\" data-element_type=\"column\">\n\t\t\t<div class=\"elementor-widget-wrap\">\n\t\t\t\t\t\t\t<\/div>\n\t\t<\/div>\n\t\t\t\t<div class=\"elementor-column elementor-col-33 elementor-top-column elementor-element elementor-element-4f9f2080\" data-id=\"4f9f2080\" data-element_type=\"column\">\n\t\t\t<div class=\"elementor-widget-wrap elementor-element-populated\">\n\t\t\t\t\t\t<div class=\"elementor-element elementor-element-4160840c elementor-widget__width-initial elementor-widget elementor-widget-spacer\" data-id=\"4160840c\" data-element_type=\"widget\" data-widget_type=\"spacer.default\">\n\t\t\t\t<div class=\"elementor-widget-container\">\n\t\t\t\t\t\t\t<div class=\"elementor-spacer\">\n\t\t\t<div class=\"elementor-spacer-inner\"><\/div>\n\t\t<\/div>\n\t\t\t\t\t\t<\/div>\n\t\t\t\t<\/div>\n\t\t\t\t<div class=\"elementor-element elementor-element-9dfa099 elementor-view-default elementor-widget elementor-widget-icon\" data-id=\"9dfa099\" data-element_type=\"widget\" data-widget_type=\"icon.default\">\n\t\t\t\t<div class=\"elementor-widget-container\">\n\t\t\t\t\t\t\t<div class=\"elementor-icon-wrapper\">\n\t\t\t<div class=\"elementor-icon\">\n\t\t\t<i aria-hidden=\"true\" class=\"fas fa-circle\"><\/i>\t\t\t<\/div>\n\t\t<\/div>\n\t\t\t\t\t\t<\/div>\n\t\t\t\t<\/div>\n\t\t\t\t\t<\/div>\n\t\t<\/div>\n\t\t\t\t<div class=\"elementor-column elementor-col-33 elementor-top-column elementor-element elementor-element-211a9b71\" data-id=\"211a9b71\" data-element_type=\"column\">\n\t\t\t<div class=\"elementor-widget-wrap\">\n\t\t\t\t\t\t\t<\/div>\n\t\t<\/div>\n\t\t\t\t\t<\/div>\n\t\t<\/section>\n\t\t\t\t<section class=\"elementor-section elementor-top-section elementor-element elementor-element-482a0cc elementor-section-boxed elementor-section-height-default elementor-section-height-default\" data-id=\"482a0cc\" data-element_type=\"section\">\n\t\t\t\t\t\t<div class=\"elementor-container elementor-column-gap-default\">\n\t\t\t\t\t<div class=\"elementor-column elementor-col-100 elementor-top-column elementor-element elementor-element-8ba3176\" data-id=\"8ba3176\" data-element_type=\"column\">\n\t\t\t<div class=\"elementor-widget-wrap elementor-element-populated\">\n\t\t\t\t\t\t<div class=\"elementor-element elementor-element-8bec395 elementor-widget elementor-widget-heading\" data-id=\"8bec395\" data-element_type=\"widget\" data-settings=\"{&quot;_animation&quot;:&quot;none&quot;}\" data-widget_type=\"heading.default\">\n\t\t\t\t<div class=\"elementor-widget-container\">\n\t\t\t\t\t<h1 class=\"elementor-heading-title elementor-size-default\">Mittwoch, 13.11.2024,  ab 17.00&nbsp;Uhr<\/h1>\t\t\t\t<\/div>\n\t\t\t\t<\/div>\n\t\t\t\t<div class=\"elementor-element elementor-element-0824923 elementor-widget elementor-widget-heading\" data-id=\"0824923\" data-element_type=\"widget\" data-settings=\"{&quot;_animation&quot;:&quot;none&quot;}\" data-widget_type=\"heading.default\">\n\t\t\t\t<div class=\"elementor-widget-container\">\n\t\t\t\t\t<h2 class=\"elementor-heading-title elementor-size-default\">Ein Abend rund um die KI\n\n<\/h2>\t\t\t\t<\/div>\n\t\t\t\t<\/div>\n\t\t\t\t<div class=\"elementor-element elementor-element-4d2ed6c elementor-widget elementor-widget-text-editor\" data-id=\"4d2ed6c\" data-element_type=\"widget\" data-widget_type=\"text-editor.default\">\n\t\t\t\t<div class=\"elementor-widget-container\">\n\t\t\t\t\t\t\t\t\t<p>Ab 17 Uhr l\u00e4dt das Zentrum f\u00fcr K\u00fcnstliche Intelligenz L\u00fcbeck (ZKIL) zu einem Abend rund um K\u00fcnstliche Intelligenz im \u00dcbergangshaus ein. H\u00f6hepunkt des Abends ist die Verleihung des Norddeutschen Zukunftspreises f\u00fcr K\u00fcnstliche Intelligenz, der bereits zum vierten Mal von Junge \u2013 Die B\u00e4ckerei gestiftet wird. Der Preis w\u00fcrdigt au\u00dfergew\u00f6hnliche Leistungen im Forschungsfeld KI und wird an herausragende WissenschaftlerInnen sowie Preistr\u00e4gerInnen aus Wirtschaft und Gesellschaft im norddeutschen Raum verliehen.<\/p>\n<p>Neben Gru\u00dfworten der Pr\u00e4sidentin der Universit\u00e4t zu L\u00fcbeck und des Ministers Dirk Schr\u00f6dter gew\u00e4hren zwei Gr\u00fcnder Einblicke in ihre innovativen KI-Startups.<\/p>\n<p>Der Abend klingt bei einem Imbiss und Getr\u00e4nken mit pers\u00f6nlichen Gespr\u00e4chen und Networking aus.<\/p>\n<p><strong>ORT: <\/strong>\u00dcbergangshaus, K\u00f6nigstra\u00dfe 54-56, 23552 L\u00fcbeck<\/p>\n<p><\/p>\n<p><strong>BEGR\u00dc\u00dfUNG<\/strong><\/p>\n<p><b>Prof. Dr. Gabriele Gillessen-Kaesbach<\/b>, Pr\u00e4sidentin der Universit\u00e4t zu L\u00fcbeck<\/p>\n<p><strong>PREISVERLEIHUNG<\/strong><\/p>\n<p>\u00bbJunge-KI-Preis \u2013 der Norddeutsche Zukunftspreis f\u00fcr K\u00fcnstliche Intelligenz\u00ab<br>gestiftet von \u201eJunge \u2013 Die B\u00e4ckerei\u201c<\/p>\n<p><\/p>\n<p><b>Prof. Dr. med. Roman Kl\u00f6ckner<\/b>, Sprecher des Zentrums f\u00fcr KI L\u00fcbeck (ZKIL)<br><b style=\"font-family: var( --e-global-typography-text-font-family ), Sans-serif; font-size: var( --e-global-typography-text-font-size );\">Prof. Dr. Mattias Heinrich<\/b><span style=\"font-family: var( --e-global-typography-text-font-family ), Sans-serif; font-size: var( --e-global-typography-text-font-size ); font-weight: var( --e-global-typography-text-font-weight );\">, Sprecher des Zentrums f\u00fcr KI L\u00fcbeck (ZKIL)<\/span><\/p>\n<p><\/p>\n<p><strong>LAUDATIO \/ DANKESREDE<\/strong><\/p>\n<p><\/p>\n<p><strong>GRU\u00dfWORT<\/strong><\/p>\n<p><b>Dirk Schr\u00f6dter<\/b>, Minister und Chef der Staatskanzlei<\/p>\n<p><\/p>\n<p><strong>IMPULSVORTR\u00c4GE<\/strong><\/p>\n<p><b>Benjamin Kern<\/b>, CTO &amp; Co-Founder Lumeox GmbH<br><b style=\"font-family: var( --e-global-typography-text-font-family ), Sans-serif; font-size: var( --e-global-typography-text-font-size );\">Dr. Tobias Lang<\/b><span style=\"font-family: var( --e-global-typography-text-font-family ), Sans-serif; font-size: var( --e-global-typography-text-font-size ); font-weight: var( --e-global-typography-text-font-weight );\">, CTO &amp; Co-Founder Mindpeak GmbH<\/span><\/p><p><span style=\"font-family: var( --e-global-typography-text-font-family ), Sans-serif; font-size: var( --e-global-typography-text-font-size ); font-weight: var( --e-global-typography-text-font-weight );\">&nbsp;<\/span><\/p>\n<p><\/p>\n<p>Wir freuen uns auf Ihre Teilnahme und einen interessanten sowie vielf\u00e4ltigen Abend.<\/p>\n<p>Eine Anmeldung ist nicht notwendig.<\/p>\t\t\t\t\t\t\t\t<\/div>\n\t\t\t\t<\/div>\n\t\t\t\t\t<\/div>\n\t\t<\/div>\n\t\t\t\t\t<\/div>\n\t\t<\/section>\n\t\t\t\t<\/div>\n\t\t","protected":false},"excerpt":{"rendered":"<p>Mittwoch, 13.11.2024, ab 17.00&nbsp;Uhr Ein Abend rund um die KI Ab 17 Uhr l\u00e4dt das Zentrum f\u00fcr K\u00fcnstliche Intelligenz L\u00fcbeck (ZKIL) zu einem Abend rund um K\u00fcnstliche Intelligenz im \u00dcbergangshaus ein. H\u00f6hepunkt des Abends ist die Verleihung des Norddeutschen Zukunftspreises f\u00fcr K\u00fcnstliche Intelligenz, der bereits zum vierten Mal von Junge \u2013 Die B\u00e4ckerei gestiftet wird. [&hellip;]<\/p>\n","protected":false},"author":2,"featured_media":0,"parent":0,"menu_order":0,"comment_status":"closed","ping_status":"closed","template":"","meta":{"footnotes":""},"class_list":["post-3711","page","type-page","status-publish","hentry"],"_links":{"self":[{"href":"https:\/\/woche-der-ki.de\/index.php\/wp-json\/wp\/v2\/pages\/3711","targetHints":{"allow":["GET"]}}],"collection":[{"href":"https:\/\/woche-der-ki.de\/index.php\/wp-json\/wp\/v2\/pages"}],"about":[{"href":"https:\/\/woche-der-ki.de\/index.php\/wp-json\/wp\/v2\/types\/page"}],"author":[{"embeddable":true,"href":"https:\/\/woche-der-ki.de\/index.php\/wp-json\/wp\/v2\/users\/2"}],"replies":[{"embeddable":true,"href":"https:\/\/woche-der-ki.de\/index.php\/wp-json\/wp\/v2\/comments?post=3711"}],"version-history":[{"count":4,"href":"https:\/\/woche-der-ki.de\/index.php\/wp-json\/wp\/v2\/pages\/3711\/revisions"}],"predecessor-version":[{"id":3715,"href":"https:\/\/woche-der-ki.de\/index.php\/wp-json\/wp\/v2\/pages\/3711\/revisions\/3715"}],"wp:attachment":[{"href":"https:\/\/woche-der-ki.de\/index.php\/wp-json\/wp\/v2\/media?parent=3711"}],"curies":[{"name":"wp","href":"https:\/\/api.w.org\/{rel}","templated":true}]}}