{"id":3750,"date":"2024-11-06T15:12:15","date_gmt":"2024-11-06T14:12:15","guid":{"rendered":"https:\/\/woche-der-ki.de\/?page_id=3750"},"modified":"2024-11-07T16:32:41","modified_gmt":"2024-11-07T15:32:41","slug":"fortschritte-in-der-medizinischen-bildanalyse-durch-open-data-fuer-vergleichschallenges","status":"publish","type":"page","link":"https:\/\/woche-der-ki.de\/index.php\/fortschritte-in-der-medizinischen-bildanalyse-durch-open-data-fuer-vergleichschallenges\/","title":{"rendered":"Fortschritte in der medizinischen Bildanalyse durch Open Data f\u00fcr Vergleichschallenges"},"content":{"rendered":"\t\t<div data-elementor-type=\"wp-page\" data-elementor-id=\"3750\" class=\"elementor elementor-3750\" data-elementor-post-type=\"page\">\n\t\t\t\t\t\t<section class=\"elementor-section elementor-top-section elementor-element elementor-element-68871bd1 elementor-section-full_width elementor-section-height-default elementor-section-height-default\" data-id=\"68871bd1\" data-element_type=\"section\">\n\t\t\t\t\t\t<div class=\"elementor-container elementor-column-gap-default\">\n\t\t\t\t\t<div class=\"elementor-column elementor-col-33 elementor-top-column elementor-element elementor-element-6d7e1407\" data-id=\"6d7e1407\" data-element_type=\"column\">\n\t\t\t<div class=\"elementor-widget-wrap\">\n\t\t\t\t\t\t\t<\/div>\n\t\t<\/div>\n\t\t\t\t<div class=\"elementor-column elementor-col-33 elementor-top-column elementor-element elementor-element-4f9f2080\" data-id=\"4f9f2080\" data-element_type=\"column\">\n\t\t\t<div class=\"elementor-widget-wrap elementor-element-populated\">\n\t\t\t\t\t\t<div class=\"elementor-element elementor-element-4160840c elementor-widget__width-initial elementor-widget elementor-widget-spacer\" data-id=\"4160840c\" data-element_type=\"widget\" data-widget_type=\"spacer.default\">\n\t\t\t\t<div class=\"elementor-widget-container\">\n\t\t\t\t\t\t\t<div class=\"elementor-spacer\">\n\t\t\t<div class=\"elementor-spacer-inner\"><\/div>\n\t\t<\/div>\n\t\t\t\t\t\t<\/div>\n\t\t\t\t<\/div>\n\t\t\t\t<div class=\"elementor-element elementor-element-9dfa099 elementor-view-default elementor-widget elementor-widget-icon\" data-id=\"9dfa099\" data-element_type=\"widget\" data-widget_type=\"icon.default\">\n\t\t\t\t<div class=\"elementor-widget-container\">\n\t\t\t\t\t\t\t<div class=\"elementor-icon-wrapper\">\n\t\t\t<div class=\"elementor-icon\">\n\t\t\t<i aria-hidden=\"true\" class=\"fas fa-circle\"><\/i>\t\t\t<\/div>\n\t\t<\/div>\n\t\t\t\t\t\t<\/div>\n\t\t\t\t<\/div>\n\t\t\t\t\t<\/div>\n\t\t<\/div>\n\t\t\t\t<div class=\"elementor-column elementor-col-33 elementor-top-column elementor-element elementor-element-211a9b71\" data-id=\"211a9b71\" data-element_type=\"column\">\n\t\t\t<div class=\"elementor-widget-wrap\">\n\t\t\t\t\t\t\t<\/div>\n\t\t<\/div>\n\t\t\t\t\t<\/div>\n\t\t<\/section>\n\t\t\t\t<section class=\"elementor-section elementor-top-section elementor-element elementor-element-482a0cc elementor-section-boxed elementor-section-height-default elementor-section-height-default\" data-id=\"482a0cc\" data-element_type=\"section\">\n\t\t\t\t\t\t<div class=\"elementor-container elementor-column-gap-default\">\n\t\t\t\t\t<div class=\"elementor-column elementor-col-100 elementor-top-column elementor-element elementor-element-8ba3176\" data-id=\"8ba3176\" data-element_type=\"column\">\n\t\t\t<div class=\"elementor-widget-wrap elementor-element-populated\">\n\t\t\t\t\t\t<div class=\"elementor-element elementor-element-8bec395 elementor-widget elementor-widget-heading\" data-id=\"8bec395\" data-element_type=\"widget\" data-settings=\"{&quot;_animation&quot;:&quot;none&quot;}\" data-widget_type=\"heading.default\">\n\t\t\t\t<div class=\"elementor-widget-container\">\n\t\t\t\t\t<h1 class=\"elementor-heading-title elementor-size-default\">Dienstag, 12.11.2024,  11 - 12.00&nbsp;Uhr<\/h1>\t\t\t\t<\/div>\n\t\t\t\t<\/div>\n\t\t\t\t<div class=\"elementor-element elementor-element-0824923 elementor-widget elementor-widget-heading\" data-id=\"0824923\" data-element_type=\"widget\" data-settings=\"{&quot;_animation&quot;:&quot;none&quot;}\" data-widget_type=\"heading.default\">\n\t\t\t\t<div class=\"elementor-widget-container\">\n\t\t\t\t\t<h2 class=\"elementor-heading-title elementor-size-default\">Fortschritte in der medizinischen Bildanalyse durch Open Data f\u00fcr Vergleichschallenges\n\n<\/h2>\t\t\t\t<\/div>\n\t\t\t\t<\/div>\n\t\t\t\t<div class=\"elementor-element elementor-element-4d2ed6c elementor-widget elementor-widget-text-editor\" data-id=\"4d2ed6c\" data-element_type=\"widget\" data-widget_type=\"text-editor.default\">\n\t\t\t\t<div class=\"elementor-widget-container\">\n\t\t\t\t\t\t\t\t\t<p>\u00f6ffentlicher Vortrag mit Anmeldung<\/p>\n<p>Die Qualit\u00e4t von KI-basierten Anwendungen h\u00e4ngt stark davon ab, ob hochwertige annotierte Daten vorliegen. In der Medizin gab es bisher weniger standardisierte \u00f6ffentliche Datens\u00e4tzen als z. B. f\u00fcr nat\u00fcrliche Fotos zur Objekterkennung \u2013 dies f\u00fchrte oft zu Algorithmen von geringer Robustheit und Genauigkeit. Die Bereitstellung von offenen Daten, Annotationen und Evaluationskriterien im Rahmen internationaler Vergleichschallenges erm\u00f6glicht einerseits Fortschritte f\u00fcr Methoden von klinisch relevanten Bildanalyse-Algorithmen. Anderseits kann dadurch aktiv auf die Erweiterung der Forschungsschwerpunkte der wissenschaftlichen Community eingewirkt werden und L\u00fccken in der Versorgung k\u00f6nnen geschlossen werden. Mattias Heinrich, der letztj\u00e4hrige Gewinner des Open Science-Preises der Universit\u00e4t zu L\u00fcbeck, wird in seinem Vortrag anhand seiner Erfahrungen mit den Learn2Reg und OncoReg Challenges einen Einblick in die Herausforderungen und Chancen von Open Data in der Medizin geben und Perspektiven f\u00fcr alternative Strategien aufzeigen, wenn Datenschutz und Privatsph\u00e4re das direkte Teilen von Daten unm\u00f6glich machen.<\/p>\n<p><strong>Veranstalter:<\/strong> Open Science Initiative Luebeck, Universit\u00e4t zu L\u00fcbeck<\/p>\n<p><span style=\"font-weight: 800; text-transform: uppercase; color: #000000;\">Ort &amp; Anmeldung:<\/span>&nbsp;online \u00fcber Webex, Link wird nach Anmeldung an open.science(at)uni-luebeck.de zugesandt<\/p>\t\t\t\t\t\t\t\t<\/div>\n\t\t\t\t<\/div>\n\t\t\t\t\t<\/div>\n\t\t<\/div>\n\t\t\t\t\t<\/div>\n\t\t<\/section>\n\t\t\t\t<\/div>\n\t\t","protected":false},"excerpt":{"rendered":"<p>Dienstag, 12.11.2024, 11 &#8211; 12.00&nbsp;Uhr Fortschritte in der medizinischen Bildanalyse durch Open Data f\u00fcr Vergleichschallenges \u00f6ffentlicher Vortrag mit Anmeldung Die Qualit\u00e4t von KI-basierten Anwendungen h\u00e4ngt stark davon ab, ob hochwertige annotierte Daten vorliegen. In der Medizin gab es bisher weniger standardisierte \u00f6ffentliche Datens\u00e4tzen als z. B. f\u00fcr nat\u00fcrliche Fotos zur Objekterkennung \u2013 dies f\u00fchrte oft [&hellip;]<\/p>\n","protected":false},"author":2,"featured_media":0,"parent":0,"menu_order":0,"comment_status":"closed","ping_status":"closed","template":"","meta":{"footnotes":""},"class_list":["post-3750","page","type-page","status-publish","hentry"],"_links":{"self":[{"href":"https:\/\/woche-der-ki.de\/index.php\/wp-json\/wp\/v2\/pages\/3750","targetHints":{"allow":["GET"]}}],"collection":[{"href":"https:\/\/woche-der-ki.de\/index.php\/wp-json\/wp\/v2\/pages"}],"about":[{"href":"https:\/\/woche-der-ki.de\/index.php\/wp-json\/wp\/v2\/types\/page"}],"author":[{"embeddable":true,"href":"https:\/\/woche-der-ki.de\/index.php\/wp-json\/wp\/v2\/users\/2"}],"replies":[{"embeddable":true,"href":"https:\/\/woche-der-ki.de\/index.php\/wp-json\/wp\/v2\/comments?post=3750"}],"version-history":[{"count":7,"href":"https:\/\/woche-der-ki.de\/index.php\/wp-json\/wp\/v2\/pages\/3750\/revisions"}],"predecessor-version":[{"id":3781,"href":"https:\/\/woche-der-ki.de\/index.php\/wp-json\/wp\/v2\/pages\/3750\/revisions\/3781"}],"wp:attachment":[{"href":"https:\/\/woche-der-ki.de\/index.php\/wp-json\/wp\/v2\/media?parent=3750"}],"curies":[{"name":"wp","href":"https:\/\/api.w.org\/{rel}","templated":true}]}}