{"id":3858,"date":"2025-03-10T14:12:55","date_gmt":"2025-03-10T13:12:55","guid":{"rendered":"https:\/\/woche-der-ki.de\/?page_id=3858"},"modified":"2025-11-12T08:56:00","modified_gmt":"2025-11-12T07:56:00","slug":"nightofai","status":"publish","type":"page","link":"https:\/\/woche-der-ki.de\/index.php\/nightofai\/","title":{"rendered":"Night of AI"},"content":{"rendered":"\t\t<div data-elementor-type=\"wp-page\" data-elementor-id=\"3858\" class=\"elementor elementor-3858\" data-elementor-post-type=\"page\">\n\t\t\t\t\t\t<section class=\"elementor-section elementor-top-section elementor-element elementor-element-68871bd1 elementor-section-full_width elementor-section-height-default elementor-section-height-default\" data-id=\"68871bd1\" data-element_type=\"section\">\n\t\t\t\t\t\t<div class=\"elementor-container elementor-column-gap-default\">\n\t\t\t\t\t<div class=\"elementor-column elementor-col-33 elementor-top-column elementor-element elementor-element-6d7e1407\" data-id=\"6d7e1407\" data-element_type=\"column\">\n\t\t\t<div class=\"elementor-widget-wrap\">\n\t\t\t\t\t\t\t<\/div>\n\t\t<\/div>\n\t\t\t\t<div class=\"elementor-column elementor-col-33 elementor-top-column elementor-element elementor-element-4f9f2080\" data-id=\"4f9f2080\" data-element_type=\"column\">\n\t\t\t<div class=\"elementor-widget-wrap elementor-element-populated\">\n\t\t\t\t\t\t<div class=\"elementor-element elementor-element-4160840c elementor-widget__width-initial elementor-widget elementor-widget-spacer\" data-id=\"4160840c\" data-element_type=\"widget\" data-widget_type=\"spacer.default\">\n\t\t\t\t<div class=\"elementor-widget-container\">\n\t\t\t\t\t\t\t<div class=\"elementor-spacer\">\n\t\t\t<div class=\"elementor-spacer-inner\"><\/div>\n\t\t<\/div>\n\t\t\t\t\t\t<\/div>\n\t\t\t\t<\/div>\n\t\t\t\t<div class=\"elementor-element elementor-element-9dfa099 elementor-view-default elementor-widget elementor-widget-icon\" data-id=\"9dfa099\" data-element_type=\"widget\" data-widget_type=\"icon.default\">\n\t\t\t\t<div class=\"elementor-widget-container\">\n\t\t\t\t\t\t\t<div class=\"elementor-icon-wrapper\">\n\t\t\t<div class=\"elementor-icon\">\n\t\t\t<i aria-hidden=\"true\" class=\"fas fa-circle\"><\/i>\t\t\t<\/div>\n\t\t<\/div>\n\t\t\t\t\t\t<\/div>\n\t\t\t\t<\/div>\n\t\t\t\t\t<\/div>\n\t\t<\/div>\n\t\t\t\t<div class=\"elementor-column elementor-col-33 elementor-top-column elementor-element elementor-element-211a9b71\" data-id=\"211a9b71\" data-element_type=\"column\">\n\t\t\t<div class=\"elementor-widget-wrap\">\n\t\t\t\t\t\t\t<\/div>\n\t\t<\/div>\n\t\t\t\t\t<\/div>\n\t\t<\/section>\n\t\t\t\t<section class=\"elementor-section elementor-top-section elementor-element elementor-element-482a0cc elementor-section-boxed elementor-section-height-default elementor-section-height-default\" data-id=\"482a0cc\" data-element_type=\"section\">\n\t\t\t\t\t\t<div class=\"elementor-container elementor-column-gap-default\">\n\t\t\t\t\t<div class=\"elementor-column elementor-col-100 elementor-top-column elementor-element elementor-element-8ba3176\" data-id=\"8ba3176\" data-element_type=\"column\">\n\t\t\t<div class=\"elementor-widget-wrap elementor-element-populated\">\n\t\t\t\t\t\t<div class=\"elementor-element elementor-element-8bec395 elementor-widget elementor-widget-heading\" data-id=\"8bec395\" data-element_type=\"widget\" data-settings=\"{&quot;_animation&quot;:&quot;none&quot;}\" data-widget_type=\"heading.default\">\n\t\t\t\t<div class=\"elementor-widget-container\">\n\t\t\t\t\t<h1 class=\"elementor-heading-title elementor-size-default\">Donnerstag, 13.11.2025 ab 17:00 Uhr<\/h1>\t\t\t\t<\/div>\n\t\t\t\t<\/div>\n\t\t\t\t<div class=\"elementor-element elementor-element-0824923 elementor-widget elementor-widget-heading\" data-id=\"0824923\" data-element_type=\"widget\" data-settings=\"{&quot;_animation&quot;:&quot;none&quot;}\" data-widget_type=\"heading.default\">\n\t\t\t\t<div class=\"elementor-widget-container\">\n\t\t\t\t\t<h2 class=\"elementor-heading-title elementor-size-default\">Night of AI 2025\n\n<\/h2>\t\t\t\t<\/div>\n\t\t\t\t<\/div>\n\t\t\t\t<div class=\"elementor-element elementor-element-4d2ed6c elementor-widget elementor-widget-text-editor\" data-id=\"4d2ed6c\" data-element_type=\"widget\" data-widget_type=\"text-editor.default\">\n\t\t\t\t<div class=\"elementor-widget-container\">\n\t\t\t\t\t\t\t\t\t<p>&#8222;<b>Companies meet Campus&#8220;<\/b>: In der Night of AI werden KI-Anwendungen aus der Praxis von Unternehmen und Hochschulvertretern vorgestellt. Ziel ist der Kontakt zwischen Unternehmen und Hochschulen, die Vernetzung und der Wissensaustausch. Unternehmen und Hochschulen stellen in 5-Minuten Pitches Ihre KI-Projekte vor. Danach findet in Network Sessions in lockerem Umfeld der Austausch statt.<\/p><p>Alle KI-Interessierten und KI Experten sind willkommen!<\/p><p><strong><a href=\"https:\/\/www.th-luebeck.de\/nightofai\/\" target=\"_blank\" rel=\"noopener\">Programm<\/a><br \/>Veranstalter:<\/strong>\u00a0<span style=\"font-family: Lato, sans-serif, serif, EmojiFont;\">Technische Hochschule L\u00fcbeck, IHK, KI Anwendungszentren<\/span><br \/><strong>Art der Veranstaltung:<\/strong> Informations- und Netzwerksveranstaltung<br \/><strong>Zielgruppe:<\/strong> Unternehmer, Studenten und Dozenten aller Hochschulen, KI-Interessierte <br \/><strong>\u00d6ffentliche Veranstaltung:<\/strong> ja<br \/><strong>Anmeldung<\/strong>: <a href=\"https:\/\/www.th-luebeck.de\/nightofai\/\" target=\"_blank\" rel=\"noopener\"><b>nur f\u00fcr Vortragende der 5-Minuten -Pitches<\/b><\/a>, f\u00fcr Zuh\u00f6rer nicht n\u00f6tig<br \/>Sprache: Deutsch oder Englisch (entscheiden die Vortragenden)<br \/><strong>Eintritt:<\/strong> frei<br \/><strong>Catering:<\/strong> kostenlos<br \/><strong>Ort:<\/strong> Hanse Innovation Campus L\u00fcbeck, Bauforum TH L\u00fcbeck<br \/><strong>Kontakt: <\/strong><a href=\"mailto:nightofai@th-luebeck.de\" target=\"_blank\" rel=\"noopener\"><b>nightofai@th-luebeck.de<\/b><\/a><\/p><p><a href=\"https:\/\/woche-der-ki.de\/wp-content\/uploads\/2025\/09\/flyer_2025_de.pdf\" target=\"_blank\" rel=\"noopener\"><b>Flyer zum Download als PDF<\/b><\/a><\/p><p><a href=\"https:\/\/woche-der-ki.de\/wp-content\/uploads\/2025\/09\/flyer_2025_en.pdf\" target=\"_blank\" rel=\"noopener\"><b>FLyer in englischer Sprache zum Download als PDF<\/b><\/a><\/p>\t\t\t\t\t\t\t\t<\/div>\n\t\t\t\t<\/div>\n\t\t\t\t<div class=\"elementor-element elementor-element-262e6b0 mb0 elementor-widget elementor-widget-text-editor\" data-id=\"262e6b0\" data-element_type=\"widget\" data-widget_type=\"text-editor.default\">\n\t\t\t\t<div class=\"elementor-widget-container\">\n\t\t\t\t\t\t\t\t\t<p>Im Rahmen der Woche der KI finden zahlreiche Veranstaltungen verschiedener Organisator*innen statt. Diese werden eigenverantwortlich von den jeweiligen Veranstaltenden organisiert und durchgef\u00fchrt. Die Mitveranstalter der Woche der KI \u00fcbernehmen keine Verantwortung f\u00fcr Inhalte, Abl\u00e4ufe oder Ergebnisse dieser Angebote.<\/p>\t\t\t\t\t\t\t\t<\/div>\n\t\t\t\t<\/div>\n\t\t\t\t\t<\/div>\n\t\t<\/div>\n\t\t\t\t\t<\/div>\n\t\t<\/section>\n\t\t\t\t<\/div>\n\t\t","protected":false},"excerpt":{"rendered":"<p>Donnerstag, 13.11.2025 ab 17:00 Uhr Night of AI 2025 &#8222;Companies meet Campus&#8220;: In der Night of AI werden KI-Anwendungen aus der Praxis von Unternehmen und Hochschulvertretern vorgestellt. Ziel ist der Kontakt zwischen Unternehmen und Hochschulen, die Vernetzung und der Wissensaustausch. Unternehmen und Hochschulen stellen in 5-Minuten Pitches Ihre KI-Projekte vor. Danach findet in Network Sessions [&hellip;]<\/p>\n","protected":false},"author":2,"featured_media":0,"parent":0,"menu_order":0,"comment_status":"closed","ping_status":"closed","template":"","meta":{"footnotes":""},"class_list":["post-3858","page","type-page","status-publish","hentry"],"_links":{"self":[{"href":"https:\/\/woche-der-ki.de\/index.php\/wp-json\/wp\/v2\/pages\/3858","targetHints":{"allow":["GET"]}}],"collection":[{"href":"https:\/\/woche-der-ki.de\/index.php\/wp-json\/wp\/v2\/pages"}],"about":[{"href":"https:\/\/woche-der-ki.de\/index.php\/wp-json\/wp\/v2\/types\/page"}],"author":[{"embeddable":true,"href":"https:\/\/woche-der-ki.de\/index.php\/wp-json\/wp\/v2\/users\/2"}],"replies":[{"embeddable":true,"href":"https:\/\/woche-der-ki.de\/index.php\/wp-json\/wp\/v2\/comments?post=3858"}],"version-history":[{"count":18,"href":"https:\/\/woche-der-ki.de\/index.php\/wp-json\/wp\/v2\/pages\/3858\/revisions"}],"predecessor-version":[{"id":4502,"href":"https:\/\/woche-der-ki.de\/index.php\/wp-json\/wp\/v2\/pages\/3858\/revisions\/4502"}],"wp:attachment":[{"href":"https:\/\/woche-der-ki.de\/index.php\/wp-json\/wp\/v2\/media?parent=3858"}],"curies":[{"name":"wp","href":"https:\/\/api.w.org\/{rel}","templated":true}]}}