{"id":3905,"date":"2025-05-16T22:52:22","date_gmt":"2025-05-16T20:52:22","guid":{"rendered":"https:\/\/woche-der-ki.de\/?page_id=3905"},"modified":"2025-11-06T11:13:44","modified_gmt":"2025-11-06T10:13:44","slug":"tag-der-lehre-2025","status":"publish","type":"page","link":"https:\/\/woche-der-ki.de\/index.php\/tag-der-lehre-2025\/","title":{"rendered":"Tag der Lehre 2025"},"content":{"rendered":"\t\t<div data-elementor-type=\"wp-page\" data-elementor-id=\"3905\" class=\"elementor elementor-3905\" data-elementor-post-type=\"page\">\n\t\t\t\t\t\t<section class=\"elementor-section elementor-top-section elementor-element elementor-element-68871bd1 elementor-section-full_width elementor-section-height-default elementor-section-height-default\" data-id=\"68871bd1\" data-element_type=\"section\">\n\t\t\t\t\t\t<div class=\"elementor-container elementor-column-gap-default\">\n\t\t\t\t\t<div class=\"elementor-column elementor-col-33 elementor-top-column elementor-element elementor-element-6d7e1407\" data-id=\"6d7e1407\" data-element_type=\"column\">\n\t\t\t<div class=\"elementor-widget-wrap\">\n\t\t\t\t\t\t\t<\/div>\n\t\t<\/div>\n\t\t\t\t<div class=\"elementor-column elementor-col-33 elementor-top-column elementor-element elementor-element-4f9f2080\" data-id=\"4f9f2080\" data-element_type=\"column\">\n\t\t\t<div class=\"elementor-widget-wrap elementor-element-populated\">\n\t\t\t\t\t\t<div class=\"elementor-element elementor-element-4160840c elementor-widget__width-initial elementor-widget elementor-widget-spacer\" data-id=\"4160840c\" data-element_type=\"widget\" data-widget_type=\"spacer.default\">\n\t\t\t\t<div class=\"elementor-widget-container\">\n\t\t\t\t\t\t\t<div class=\"elementor-spacer\">\n\t\t\t<div class=\"elementor-spacer-inner\"><\/div>\n\t\t<\/div>\n\t\t\t\t\t\t<\/div>\n\t\t\t\t<\/div>\n\t\t\t\t<div class=\"elementor-element elementor-element-9dfa099 elementor-view-default elementor-widget elementor-widget-icon\" data-id=\"9dfa099\" data-element_type=\"widget\" data-widget_type=\"icon.default\">\n\t\t\t\t<div class=\"elementor-widget-container\">\n\t\t\t\t\t\t\t<div class=\"elementor-icon-wrapper\">\n\t\t\t<div class=\"elementor-icon\">\n\t\t\t<i aria-hidden=\"true\" class=\"fas fa-circle\"><\/i>\t\t\t<\/div>\n\t\t<\/div>\n\t\t\t\t\t\t<\/div>\n\t\t\t\t<\/div>\n\t\t\t\t\t<\/div>\n\t\t<\/div>\n\t\t\t\t<div class=\"elementor-column elementor-col-33 elementor-top-column elementor-element elementor-element-211a9b71\" data-id=\"211a9b71\" data-element_type=\"column\">\n\t\t\t<div class=\"elementor-widget-wrap\">\n\t\t\t\t\t\t\t<\/div>\n\t\t<\/div>\n\t\t\t\t\t<\/div>\n\t\t<\/section>\n\t\t\t\t<section class=\"elementor-section elementor-top-section elementor-element elementor-element-482a0cc elementor-section-boxed elementor-section-height-default elementor-section-height-default\" data-id=\"482a0cc\" data-element_type=\"section\">\n\t\t\t\t\t\t<div class=\"elementor-container elementor-column-gap-default\">\n\t\t\t\t\t<div class=\"elementor-column elementor-col-100 elementor-top-column elementor-element elementor-element-8ba3176\" data-id=\"8ba3176\" data-element_type=\"column\">\n\t\t\t<div class=\"elementor-widget-wrap elementor-element-populated\">\n\t\t\t\t\t\t<div class=\"elementor-element elementor-element-8bec395 elementor-widget elementor-widget-heading\" data-id=\"8bec395\" data-element_type=\"widget\" data-settings=\"{&quot;_animation&quot;:&quot;none&quot;}\" data-widget_type=\"heading.default\">\n\t\t\t\t<div class=\"elementor-widget-container\">\n\t\t\t\t\t<h1 class=\"elementor-heading-title elementor-size-default\">Freitag, 14.11.2025,  09:00-16:00&nbsp;Uhr<\/h1>\t\t\t\t<\/div>\n\t\t\t\t<\/div>\n\t\t\t\t<div class=\"elementor-element elementor-element-0824923 elementor-widget elementor-widget-heading\" data-id=\"0824923\" data-element_type=\"widget\" data-settings=\"{&quot;_animation&quot;:&quot;none&quot;}\" data-widget_type=\"heading.default\">\n\t\t\t\t<div class=\"elementor-widget-container\">\n\t\t\t\t\t<h2 class=\"elementor-heading-title elementor-size-default\">Tag der Lehre 2025\n\n<\/h2>\t\t\t\t<\/div>\n\t\t\t\t<\/div>\n\t\t\t\t<div class=\"elementor-element elementor-element-4d2ed6c elementor-widget elementor-widget-text-editor\" data-id=\"4d2ed6c\" data-element_type=\"widget\" data-widget_type=\"text-editor.default\">\n\t\t\t\t<div class=\"elementor-widget-container\">\n\t\t\t\t\t\t\t\t\t<p>\u00f6ffentliche Veranstaltung\u00a0 mit <a href=\"https:\/\/www.uni-luebeck.de\/tag-der-lehre-2025.html\" target=\"_blank\" rel=\"noopener\"><b>Anmeldung<\/b><\/a><\/p><p>Der Tag der Lehre bietet ein abwechslungsreiches Tagesprogramm. Zum Auftakt spricht Dr. Muriel Helbig, Vizepr\u00e4sidentin des DAAD und Pr\u00e4sidentin der TH L\u00fcbeck, \u00fcber Internationalisierung &#8211; im Anschluss diskutiert sie mit Prof. Dr. Helge Braun, Pr\u00e4sident der Universit\u00e4t zu L\u00fcbeck. Es folgen Kurzvortr\u00e4ge, Workshops, Diskussionsrunden sowie Infost\u00e4nde rund um das Thema Lehren und Lernen und nachmittags eine feierliche\u00a0 Preisverleihung von Lehrpreisen mit geselligem Ausklang.<\/p><p><strong>Ort:<\/strong> in den R\u00e4umen der Technischen Hochschule (Geb\u00e4ude 1 und 2)<\/p><p><strong>Zielgruppe:<\/strong> Studierende, Lehrende und Mitarbeitende von THL und Uni, offen f\u00fcr Interessierte aus anderen Hochschulen in SH<\/p><p><strong>Anmeldung n\u00f6tig:<\/strong> Es wird um <a href=\"https:\/\/www.uni-luebeck.de\/tag-der-lehre-2025.html\" target=\"_blank\" rel=\"noopener\"><b>Anmeldung<\/b><\/a> gebeten.<\/p><p><strong>Veranstalter:<\/strong> Technische Hochschule L\u00fcbeck (Prof. Dr. Jochen Abke) und Universit\u00e4t zu L\u00fcbeck (Prof. Dr. Till Tantau)<\/p><p><strong>Weitere Informationen:<\/strong> <a href=\"https:\/\/www.uni-luebeck.de\/tag-der-lehre-2025\" target=\"_blank\" rel=\"noopener\"><b>https:\/\/www.uni-luebeck.de\/tag-der-lehre-2025<\/b><\/a><\/p>\t\t\t\t\t\t\t\t<\/div>\n\t\t\t\t<\/div>\n\t\t\t\t<div class=\"elementor-element elementor-element-0ce6f13 elementor-widget elementor-widget-image\" data-id=\"0ce6f13\" data-element_type=\"widget\" data-widget_type=\"image.default\">\n\t\t\t\t<div class=\"elementor-widget-container\">\n\t\t\t\t\t\t\t\t\t\t\t\t\t\t\t<img fetchpriority=\"high\" decoding=\"async\" width=\"500\" height=\"150\" src=\"https:\/\/woche-der-ki.de\/wp-content\/uploads\/2021\/11\/logos-th-uzl.jpg\" class=\"attachment-full size-full wp-image-2077\" alt=\"\" srcset=\"https:\/\/woche-der-ki.de\/wp-content\/uploads\/2021\/11\/logos-th-uzl.jpg 500w, https:\/\/woche-der-ki.de\/wp-content\/uploads\/2021\/11\/logos-th-uzl-300x90.jpg 300w\" sizes=\"(max-width: 500px) 100vw, 500px\" \/>\t\t\t\t\t\t\t\t\t\t\t\t\t\t\t<\/div>\n\t\t\t\t<\/div>\n\t\t\t\t<div class=\"elementor-element elementor-element-c712e3a liste-programm elementor-widget elementor-widget-text-editor\" data-id=\"c712e3a\" data-element_type=\"widget\" data-widget_type=\"text-editor.default\">\n\t\t\t\t<div class=\"elementor-widget-container\">\n\t\t\t\t\t\t\t\t\t<p>Im Rahmen der Woche der KI finden zahlreiche Veranstaltungen verschiedener Organisator*innen statt. Diese werden eigenverantwortlich von den jeweiligen Veranstaltenden organisiert und durchgef\u00fchrt. Die Mitveranstalter der Woche der KI \u00fcbernehmen keine Verantwortung f\u00fcr Inhalte, Abl\u00e4ufe oder Ergebnisse dieser Angebote.<\/p>\t\t\t\t\t\t\t\t<\/div>\n\t\t\t\t<\/div>\n\t\t\t\t\t<\/div>\n\t\t<\/div>\n\t\t\t\t\t<\/div>\n\t\t<\/section>\n\t\t\t\t<\/div>\n\t\t","protected":false},"excerpt":{"rendered":"<p>Freitag, 14.11.2025, 09:00-16:00&nbsp;Uhr Tag der Lehre 2025 \u00f6ffentliche Veranstaltung\u00a0 mit Anmeldung Der Tag der Lehre bietet ein abwechslungsreiches Tagesprogramm. Zum Auftakt spricht Dr. Muriel Helbig, Vizepr\u00e4sidentin des DAAD und Pr\u00e4sidentin der TH L\u00fcbeck, \u00fcber Internationalisierung &#8211; im Anschluss diskutiert sie mit Prof. Dr. Helge Braun, Pr\u00e4sident der Universit\u00e4t zu L\u00fcbeck. Es folgen Kurzvortr\u00e4ge, Workshops, Diskussionsrunden [&hellip;]<\/p>\n","protected":false},"author":2,"featured_media":0,"parent":0,"menu_order":0,"comment_status":"closed","ping_status":"closed","template":"","meta":{"footnotes":""},"class_list":["post-3905","page","type-page","status-publish","hentry"],"_links":{"self":[{"href":"https:\/\/woche-der-ki.de\/index.php\/wp-json\/wp\/v2\/pages\/3905","targetHints":{"allow":["GET"]}}],"collection":[{"href":"https:\/\/woche-der-ki.de\/index.php\/wp-json\/wp\/v2\/pages"}],"about":[{"href":"https:\/\/woche-der-ki.de\/index.php\/wp-json\/wp\/v2\/types\/page"}],"author":[{"embeddable":true,"href":"https:\/\/woche-der-ki.de\/index.php\/wp-json\/wp\/v2\/users\/2"}],"replies":[{"embeddable":true,"href":"https:\/\/woche-der-ki.de\/index.php\/wp-json\/wp\/v2\/comments?post=3905"}],"version-history":[{"count":13,"href":"https:\/\/woche-der-ki.de\/index.php\/wp-json\/wp\/v2\/pages\/3905\/revisions"}],"predecessor-version":[{"id":4433,"href":"https:\/\/woche-der-ki.de\/index.php\/wp-json\/wp\/v2\/pages\/3905\/revisions\/4433"}],"wp:attachment":[{"href":"https:\/\/woche-der-ki.de\/index.php\/wp-json\/wp\/v2\/media?parent=3905"}],"curies":[{"name":"wp","href":"https:\/\/api.w.org\/{rel}","templated":true}]}}