{"id":4006,"date":"2025-07-29T21:41:15","date_gmt":"2025-07-29T19:41:15","guid":{"rendered":"https:\/\/woche-der-ki.de\/?page_id=4006"},"modified":"2025-11-06T11:14:16","modified_gmt":"2025-11-06T10:14:16","slug":"hanseatic-hackathon-2025-fr","status":"publish","type":"page","link":"https:\/\/woche-der-ki.de\/index.php\/hanseatic-hackathon-2025-fr\/","title":{"rendered":"Hanseatic Hackathon 2025"},"content":{"rendered":"\t\t<div data-elementor-type=\"wp-page\" data-elementor-id=\"4006\" class=\"elementor elementor-4006\" data-elementor-post-type=\"page\">\n\t\t\t\t\t\t<section class=\"elementor-section elementor-top-section elementor-element elementor-element-68871bd1 elementor-section-full_width elementor-section-height-default elementor-section-height-default\" data-id=\"68871bd1\" data-element_type=\"section\">\n\t\t\t\t\t\t<div class=\"elementor-container elementor-column-gap-default\">\n\t\t\t\t\t<div class=\"elementor-column elementor-col-33 elementor-top-column elementor-element elementor-element-6d7e1407\" data-id=\"6d7e1407\" data-element_type=\"column\">\n\t\t\t<div class=\"elementor-widget-wrap\">\n\t\t\t\t\t\t\t<\/div>\n\t\t<\/div>\n\t\t\t\t<div class=\"elementor-column elementor-col-33 elementor-top-column elementor-element elementor-element-4f9f2080\" data-id=\"4f9f2080\" data-element_type=\"column\">\n\t\t\t<div class=\"elementor-widget-wrap elementor-element-populated\">\n\t\t\t\t\t\t<div class=\"elementor-element elementor-element-4160840c elementor-widget__width-initial elementor-widget elementor-widget-spacer\" data-id=\"4160840c\" data-element_type=\"widget\" data-widget_type=\"spacer.default\">\n\t\t\t\t<div class=\"elementor-widget-container\">\n\t\t\t\t\t\t\t<div class=\"elementor-spacer\">\n\t\t\t<div class=\"elementor-spacer-inner\"><\/div>\n\t\t<\/div>\n\t\t\t\t\t\t<\/div>\n\t\t\t\t<\/div>\n\t\t\t\t<div class=\"elementor-element elementor-element-9dfa099 elementor-view-default elementor-widget elementor-widget-icon\" data-id=\"9dfa099\" data-element_type=\"widget\" data-widget_type=\"icon.default\">\n\t\t\t\t<div class=\"elementor-widget-container\">\n\t\t\t\t\t\t\t<div class=\"elementor-icon-wrapper\">\n\t\t\t<div class=\"elementor-icon\">\n\t\t\t<i aria-hidden=\"true\" class=\"fas fa-circle\"><\/i>\t\t\t<\/div>\n\t\t<\/div>\n\t\t\t\t\t\t<\/div>\n\t\t\t\t<\/div>\n\t\t\t\t\t<\/div>\n\t\t<\/div>\n\t\t\t\t<div class=\"elementor-column elementor-col-33 elementor-top-column elementor-element elementor-element-211a9b71\" data-id=\"211a9b71\" data-element_type=\"column\">\n\t\t\t<div class=\"elementor-widget-wrap\">\n\t\t\t\t\t\t\t<\/div>\n\t\t<\/div>\n\t\t\t\t\t<\/div>\n\t\t<\/section>\n\t\t\t\t<section class=\"elementor-section elementor-top-section elementor-element elementor-element-482a0cc elementor-section-boxed elementor-section-height-default elementor-section-height-default\" data-id=\"482a0cc\" data-element_type=\"section\">\n\t\t\t\t\t\t<div class=\"elementor-container elementor-column-gap-default\">\n\t\t\t\t\t<div class=\"elementor-column elementor-col-100 elementor-top-column elementor-element elementor-element-8ba3176\" data-id=\"8ba3176\" data-element_type=\"column\">\n\t\t\t<div class=\"elementor-widget-wrap elementor-element-populated\">\n\t\t\t\t\t\t<div class=\"elementor-element elementor-element-8bec395 elementor-widget elementor-widget-heading\" data-id=\"8bec395\" data-element_type=\"widget\" data-settings=\"{&quot;_animation&quot;:&quot;none&quot;}\" data-widget_type=\"heading.default\">\n\t\t\t\t<div class=\"elementor-widget-container\">\n\t\t\t\t\t<h1 class=\"elementor-heading-title elementor-size-default\">Freitag, 14.11.2025 ab 10:00 Uhr<\/h1>\t\t\t\t<\/div>\n\t\t\t\t<\/div>\n\t\t\t\t<div class=\"elementor-element elementor-element-0824923 elementor-widget elementor-widget-heading\" data-id=\"0824923\" data-element_type=\"widget\" data-settings=\"{&quot;_animation&quot;:&quot;none&quot;}\" data-widget_type=\"heading.default\">\n\t\t\t\t<div class=\"elementor-widget-container\">\n\t\t\t\t\t<h2 class=\"elementor-heading-title elementor-size-default\">Start des Hanseatic Hackathon 2025 \u2013 und du kannst Teil davon sein!\n<\/h2>\t\t\t\t<\/div>\n\t\t\t\t<\/div>\n\t\t\t\t<div class=\"elementor-element elementor-element-4d2ed6c elementor-widget elementor-widget-text-editor\" data-id=\"4d2ed6c\" data-element_type=\"widget\" data-widget_type=\"text-editor.default\">\n\t\t\t\t<div class=\"elementor-widget-container\">\n\t\t\t\t\t\t\t\t\t<p>\u00d6ffentliche Veranstaltung, inklusive Kinderbetreuung<\/p><p>Erlebe den offiziellen Start des <a href=\"https:\/\/hanse-innovation-campus.de\/de\/hackathon\/hanseatic-hackathon-2025\" target=\"_blank\" rel=\"noopener\"><b>Hanseatic Hackathon 2025<\/b><\/a> live. Triff Teams, h\u00f6r dir die Cases an, lass dich vom Innovationsspirit anstecken oder vernetze dich mit Unternehmen, Hochschulen und kreativen K\u00f6pfen aus der Region.<\/p><p><strong>Das erwartet dich am ersten Tag!<\/strong><br \/>10:00 Uhr \u2013 Einlass<br \/>10:30 Uhr \u2013 Offizielle Er\u00f6ffnung mit Begr\u00fc\u00dfung, Casevorstellung + Teameinteilung<br \/>11:15 Uhr \u2013 Lunch\u00a0<\/p><p><strong><a href=\"http:\/\/www.hanse-innovation-campus.de\/hanseatic-hackathon\/opening-anmeldung\" target=\"_blank\" rel=\"noopener\">Jetzt anmelden und live dabei sein<\/a><br \/>\u00a0<\/strong><\/p><p>Eintritt frei \u2013 wir freuen uns auf dich!<\/p><p>Du m\u00f6chtest beim Hanseatic Hackathon mitmachen? Alle Infos zum Hanseatic Hackathon 2025 und zur Anmeldung findest du hier:\u00a0<a style=\"background-color: #ffffff; color: #00db90;\" href=\"https:\/\/hanseatic-hackathon.de\/\" target=\"_blank\" rel=\"noopener\"><span style=\"font-weight: bold;\">https:\/\/hanseatic-hackathon.de<\/span><\/a><\/p><p><strong>Ort:<\/strong> Bauforum, Technische Hochschule L\u00fcbeck, M\u00f6nkhofer Weg 239, 23562 L\u00fcbeck<\/p><p><strong>Veranstalter:<\/strong>\u00a0 Gr\u00fcnderCube und Hanse Innovation Campus L\u00fcbeck<\/p><p><strong>Zielgruppen:\u00a0<\/strong>Unternehmen, Wissenschaftliche Mitarbeiter*innen,\u00a0Studierende, Interessierte<\/p><p><strong>Anmeldung n\u00f6tig<\/strong>:\u00a0<b>\u00a0<a href=\"http:\/\/www.hanse-innovation-campus.de\/hanseatic-hackathon\/opening-anmeldung\" target=\"_blank\" rel=\"noopener\">Ja<\/a><\/b><\/p><p><strong>Weitere Informationen<\/strong>: <a href=\"https:\/\/hanseatic-hackathon.de\" target=\"_blank\" rel=\"noopener\"><b>https:\/\/hanseatic-hackathon.de<\/b><\/a><\/p>\t\t\t\t\t\t\t\t<\/div>\n\t\t\t\t<\/div>\n\t\t\t\t<div class=\"elementor-element elementor-element-36d0007 mb0 elementor-widget elementor-widget-text-editor\" data-id=\"36d0007\" data-element_type=\"widget\" data-widget_type=\"text-editor.default\">\n\t\t\t\t<div class=\"elementor-widget-container\">\n\t\t\t\t\t\t\t\t\t<p>Im Rahmen der Woche der KI finden zahlreiche Veranstaltungen verschiedener Organisator*innen statt. Diese werden eigenverantwortlich von den jeweiligen Veranstaltenden organisiert und durchgef\u00fchrt. Die Mitveranstalter der Woche der KI \u00fcbernehmen keine Verantwortung f\u00fcr Inhalte, Abl\u00e4ufe oder Ergebnisse dieser Angebote.<\/p>\t\t\t\t\t\t\t\t<\/div>\n\t\t\t\t<\/div>\n\t\t\t\t\t<\/div>\n\t\t<\/div>\n\t\t\t\t\t<\/div>\n\t\t<\/section>\n\t\t\t\t<\/div>\n\t\t","protected":false},"excerpt":{"rendered":"<p>Freitag, 14.11.2025 ab 10:00 Uhr Start des Hanseatic Hackathon 2025 \u2013 und du kannst Teil davon sein! \u00d6ffentliche Veranstaltung, inklusive Kinderbetreuung Erlebe den offiziellen Start des Hanseatic Hackathon 2025 live. Triff Teams, h\u00f6r dir die Cases an, lass dich vom Innovationsspirit anstecken oder vernetze dich mit Unternehmen, Hochschulen und kreativen K\u00f6pfen aus der Region. Das [&hellip;]<\/p>\n","protected":false},"author":2,"featured_media":0,"parent":0,"menu_order":0,"comment_status":"closed","ping_status":"closed","template":"","meta":{"footnotes":""},"class_list":["post-4006","page","type-page","status-publish","hentry"],"_links":{"self":[{"href":"https:\/\/woche-der-ki.de\/index.php\/wp-json\/wp\/v2\/pages\/4006","targetHints":{"allow":["GET"]}}],"collection":[{"href":"https:\/\/woche-der-ki.de\/index.php\/wp-json\/wp\/v2\/pages"}],"about":[{"href":"https:\/\/woche-der-ki.de\/index.php\/wp-json\/wp\/v2\/types\/page"}],"author":[{"embeddable":true,"href":"https:\/\/woche-der-ki.de\/index.php\/wp-json\/wp\/v2\/users\/2"}],"replies":[{"embeddable":true,"href":"https:\/\/woche-der-ki.de\/index.php\/wp-json\/wp\/v2\/comments?post=4006"}],"version-history":[{"count":13,"href":"https:\/\/woche-der-ki.de\/index.php\/wp-json\/wp\/v2\/pages\/4006\/revisions"}],"predecessor-version":[{"id":4436,"href":"https:\/\/woche-der-ki.de\/index.php\/wp-json\/wp\/v2\/pages\/4006\/revisions\/4436"}],"wp:attachment":[{"href":"https:\/\/woche-der-ki.de\/index.php\/wp-json\/wp\/v2\/media?parent=4006"}],"curies":[{"name":"wp","href":"https:\/\/api.w.org\/{rel}","templated":true}]}}