{"id":4011,"date":"2025-07-29T21:43:37","date_gmt":"2025-07-29T19:43:37","guid":{"rendered":"https:\/\/woche-der-ki.de\/?page_id=4011"},"modified":"2025-11-06T11:15:08","modified_gmt":"2025-11-06T10:15:08","slug":"hanseatic-hackathon-2025-sa","status":"publish","type":"page","link":"https:\/\/woche-der-ki.de\/index.php\/hanseatic-hackathon-2025-sa\/","title":{"rendered":"Hanseatic Hackathon 2025"},"content":{"rendered":"\t\t<div data-elementor-type=\"wp-page\" data-elementor-id=\"4011\" class=\"elementor elementor-4011\" data-elementor-post-type=\"page\">\n\t\t\t\t\t\t<section class=\"elementor-section elementor-top-section elementor-element elementor-element-68871bd1 elementor-section-full_width elementor-section-height-default elementor-section-height-default\" data-id=\"68871bd1\" data-element_type=\"section\">\n\t\t\t\t\t\t<div class=\"elementor-container elementor-column-gap-default\">\n\t\t\t\t\t<div class=\"elementor-column elementor-col-33 elementor-top-column elementor-element elementor-element-6d7e1407\" data-id=\"6d7e1407\" data-element_type=\"column\">\n\t\t\t<div class=\"elementor-widget-wrap\">\n\t\t\t\t\t\t\t<\/div>\n\t\t<\/div>\n\t\t\t\t<div class=\"elementor-column elementor-col-33 elementor-top-column elementor-element elementor-element-4f9f2080\" data-id=\"4f9f2080\" data-element_type=\"column\">\n\t\t\t<div class=\"elementor-widget-wrap elementor-element-populated\">\n\t\t\t\t\t\t<div class=\"elementor-element elementor-element-4160840c elementor-widget__width-initial elementor-widget elementor-widget-spacer\" data-id=\"4160840c\" data-element_type=\"widget\" data-widget_type=\"spacer.default\">\n\t\t\t\t<div class=\"elementor-widget-container\">\n\t\t\t\t\t\t\t<div class=\"elementor-spacer\">\n\t\t\t<div class=\"elementor-spacer-inner\"><\/div>\n\t\t<\/div>\n\t\t\t\t\t\t<\/div>\n\t\t\t\t<\/div>\n\t\t\t\t<div class=\"elementor-element elementor-element-9dfa099 elementor-view-default elementor-widget elementor-widget-icon\" data-id=\"9dfa099\" data-element_type=\"widget\" data-widget_type=\"icon.default\">\n\t\t\t\t<div class=\"elementor-widget-container\">\n\t\t\t\t\t\t\t<div class=\"elementor-icon-wrapper\">\n\t\t\t<div class=\"elementor-icon\">\n\t\t\t<i aria-hidden=\"true\" class=\"fas fa-circle\"><\/i>\t\t\t<\/div>\n\t\t<\/div>\n\t\t\t\t\t\t<\/div>\n\t\t\t\t<\/div>\n\t\t\t\t\t<\/div>\n\t\t<\/div>\n\t\t\t\t<div class=\"elementor-column elementor-col-33 elementor-top-column elementor-element elementor-element-211a9b71\" data-id=\"211a9b71\" data-element_type=\"column\">\n\t\t\t<div class=\"elementor-widget-wrap\">\n\t\t\t\t\t\t\t<\/div>\n\t\t<\/div>\n\t\t\t\t\t<\/div>\n\t\t<\/section>\n\t\t\t\t<section class=\"elementor-section elementor-top-section elementor-element elementor-element-482a0cc elementor-section-boxed elementor-section-height-default elementor-section-height-default\" data-id=\"482a0cc\" data-element_type=\"section\">\n\t\t\t\t\t\t<div class=\"elementor-container elementor-column-gap-default\">\n\t\t\t\t\t<div class=\"elementor-column elementor-col-100 elementor-top-column elementor-element elementor-element-8ba3176\" data-id=\"8ba3176\" data-element_type=\"column\">\n\t\t\t<div class=\"elementor-widget-wrap elementor-element-populated\">\n\t\t\t\t\t\t<div class=\"elementor-element elementor-element-8bec395 elementor-widget elementor-widget-heading\" data-id=\"8bec395\" data-element_type=\"widget\" data-settings=\"{&quot;_animation&quot;:&quot;none&quot;}\" data-widget_type=\"heading.default\">\n\t\t\t\t<div class=\"elementor-widget-container\">\n\t\t\t\t\t<h1 class=\"elementor-heading-title elementor-size-default\">Samstag, 15.11.2025 bis 20:00 Uhr<\/h1>\t\t\t\t<\/div>\n\t\t\t\t<\/div>\n\t\t\t\t<div class=\"elementor-element elementor-element-0824923 elementor-widget elementor-widget-heading\" data-id=\"0824923\" data-element_type=\"widget\" data-settings=\"{&quot;_animation&quot;:&quot;none&quot;}\" data-widget_type=\"heading.default\">\n\t\t\t\t<div class=\"elementor-widget-container\">\n\t\t\t\t\t<h2 class=\"elementor-heading-title elementor-size-default\">Hanseatic Hackathon 2025 \u2013 Pitches + Preisverleihung\n<br><\/h2>\t\t\t\t<\/div>\n\t\t\t\t<\/div>\n\t\t\t\t<div class=\"elementor-element elementor-element-4d2ed6c elementor-widget elementor-widget-text-editor\" data-id=\"4d2ed6c\" data-element_type=\"widget\" data-widget_type=\"text-editor.default\">\n\t\t\t\t<div class=\"elementor-widget-container\">\n\t\t\t\t\t\t\t\t\t<p>\u00d6ffentliche Veranstaltung, inklusive Kinderbetreuung<\/p><p>Erlebe live, wie aus Herausforderungen KI-Ideen mit Wirkung werden<\/p><p>Beim Finale des <a href=\"http:\/\/www.hanseatic-hackathon.de\" target=\"_blank\" rel=\"noopener\"><b>Hanseatic Hackathon 2025<\/b><\/a> erlebst du hautnah, wie aus Unternehmenschallenges innerhalb von 48 Stunden mit KI echte L\u00f6sungsans\u00e4tze entstehen. Die Teams pr\u00e4sentieren ihre Ergebnisse vor Jury und Publikum. Sei dabei und stimme mit ab, wer den Publikumspreis gewinnt!<\/p><p>Komm vorbei, lass dich inspirieren und vernetze dich mit Unternehmen, Entwickler*innen, Fachkr\u00e4ften und Studierenden.<\/p><p><b>Timetable<\/b><br \/>15:30 Uhr \u2013 Einlass zum Abschlussevent<br \/>16:00 Uhr \u2013 Abschlussevent mit Pitches &amp; Preisverleihung<br \/>18:15 Uhr \u2013 Abendessen<br \/>20:00 Uhr \u2013 Ende<\/p><p><strong><a href=\"http:\/\/www.hanse-innovation-campus.de\/hanseatic-hackathon\/opening-anmeldung\" target=\"_blank\" rel=\"noopener\">Jetzt anmelden und live dabei sein<\/a><br \/>\u00a0<\/strong><\/p><p>Eintritt frei \u2013 wir freuen uns auf dich!<\/p><p>Du m\u00f6chtest beim Hanseatic Hackathon mitmachen? Alle Infos zum Hanseatic Hackathon 2025 und zur Anmeldung findest du hier:\u00a0<a style=\"background-color: #ffffff; color: #00db90;\" href=\"https:\/\/hanseatic-hackathon.de\/\" target=\"_blank\" rel=\"noopener\"><span style=\"font-weight: bold;\">https:\/\/hanseatic-hackathon.de<\/span><\/a><\/p><p><strong>Ort:<\/strong> Bauforum, Technische Hochschule L\u00fcbeck, M\u00f6nkhofer Weg 239, 23562 L\u00fcbeck<\/p><p><strong>Veranstalter:<\/strong>\u00a0 Gr\u00fcnderCube und Hanse Innovation Campus L\u00fcbeck<\/p><p><strong>Zielgruppen:\u00a0<\/strong>Unternehmen, Wissenschaftliche Mitarbeiter*innen,\u00a0Studierende, Interessierte<\/p><p><strong>Anmeldung n\u00f6tig<\/strong>:\u00a0<b>\u00a0<a href=\"http:\/\/www.hanse-innovation-campus.de\/hanseatic-hackathon\/opening-anmeldung\" target=\"_blank\" rel=\"noopener\">Ja<\/a><\/b><\/p><p><strong>Weitere Informationen<\/strong>: <a href=\"https:\/\/hanseatic-hackathon.de\" target=\"_blank\" rel=\"noopener\"><b>https:\/\/hanseatic-hackathon.de<\/b><\/a><\/p>\t\t\t\t\t\t\t\t<\/div>\n\t\t\t\t<\/div>\n\t\t\t\t<div class=\"elementor-element elementor-element-d09fc80 mb0 elementor-widget elementor-widget-text-editor\" data-id=\"d09fc80\" data-element_type=\"widget\" data-widget_type=\"text-editor.default\">\n\t\t\t\t<div class=\"elementor-widget-container\">\n\t\t\t\t\t\t\t\t\t<p>Im Rahmen der Woche der KI finden zahlreiche Veranstaltungen verschiedener Organisator*innen statt. Diese werden eigenverantwortlich von den jeweiligen Veranstaltenden organisiert und durchgef\u00fchrt. Die Mitveranstalter der Woche der KI \u00fcbernehmen keine Verantwortung f\u00fcr Inhalte, Abl\u00e4ufe oder Ergebnisse dieser Angebote.<\/p>\t\t\t\t\t\t\t\t<\/div>\n\t\t\t\t<\/div>\n\t\t\t\t\t<\/div>\n\t\t<\/div>\n\t\t\t\t\t<\/div>\n\t\t<\/section>\n\t\t\t\t<\/div>\n\t\t","protected":false},"excerpt":{"rendered":"<p>Samstag, 15.11.2025 bis 20:00 Uhr Hanseatic Hackathon 2025 \u2013 Pitches + Preisverleihung \u00d6ffentliche Veranstaltung, inklusive Kinderbetreuung Erlebe live, wie aus Herausforderungen KI-Ideen mit Wirkung werden Beim Finale des Hanseatic Hackathon 2025 erlebst du hautnah, wie aus Unternehmenschallenges innerhalb von 48 Stunden mit KI echte L\u00f6sungsans\u00e4tze entstehen. Die Teams pr\u00e4sentieren ihre Ergebnisse vor Jury und Publikum. [&hellip;]<\/p>\n","protected":false},"author":2,"featured_media":0,"parent":0,"menu_order":0,"comment_status":"closed","ping_status":"closed","template":"","meta":{"footnotes":""},"class_list":["post-4011","page","type-page","status-publish","hentry"],"_links":{"self":[{"href":"https:\/\/woche-der-ki.de\/index.php\/wp-json\/wp\/v2\/pages\/4011","targetHints":{"allow":["GET"]}}],"collection":[{"href":"https:\/\/woche-der-ki.de\/index.php\/wp-json\/wp\/v2\/pages"}],"about":[{"href":"https:\/\/woche-der-ki.de\/index.php\/wp-json\/wp\/v2\/types\/page"}],"author":[{"embeddable":true,"href":"https:\/\/woche-der-ki.de\/index.php\/wp-json\/wp\/v2\/users\/2"}],"replies":[{"embeddable":true,"href":"https:\/\/woche-der-ki.de\/index.php\/wp-json\/wp\/v2\/comments?post=4011"}],"version-history":[{"count":13,"href":"https:\/\/woche-der-ki.de\/index.php\/wp-json\/wp\/v2\/pages\/4011\/revisions"}],"predecessor-version":[{"id":4442,"href":"https:\/\/woche-der-ki.de\/index.php\/wp-json\/wp\/v2\/pages\/4011\/revisions\/4442"}],"wp:attachment":[{"href":"https:\/\/woche-der-ki.de\/index.php\/wp-json\/wp\/v2\/media?parent=4011"}],"curies":[{"name":"wp","href":"https:\/\/api.w.org\/{rel}","templated":true}]}}