{"id":4058,"date":"2025-09-24T11:44:39","date_gmt":"2025-09-24T09:44:39","guid":{"rendered":"https:\/\/woche-der-ki.de\/?page_id=4058"},"modified":"2025-11-06T11:08:05","modified_gmt":"2025-11-06T10:08:05","slug":"artilacs-symposium-in-luebeck","status":"publish","type":"page","link":"https:\/\/woche-der-ki.de\/index.php\/artilacs-symposium-in-luebeck\/","title":{"rendered":"ARTILACS Symposium in L\u00fcbeck"},"content":{"rendered":"\t\t<div data-elementor-type=\"wp-page\" data-elementor-id=\"4058\" class=\"elementor elementor-4058\" data-elementor-post-type=\"page\">\n\t\t\t\t\t\t<section class=\"elementor-section elementor-top-section elementor-element elementor-element-68871bd1 elementor-section-full_width elementor-section-height-default elementor-section-height-default\" data-id=\"68871bd1\" data-element_type=\"section\">\n\t\t\t\t\t\t<div class=\"elementor-container elementor-column-gap-default\">\n\t\t\t\t\t<div class=\"elementor-column elementor-col-33 elementor-top-column elementor-element elementor-element-6d7e1407\" data-id=\"6d7e1407\" data-element_type=\"column\">\n\t\t\t<div class=\"elementor-widget-wrap\">\n\t\t\t\t\t\t\t<\/div>\n\t\t<\/div>\n\t\t\t\t<div class=\"elementor-column elementor-col-33 elementor-top-column elementor-element elementor-element-4f9f2080\" data-id=\"4f9f2080\" data-element_type=\"column\">\n\t\t\t<div class=\"elementor-widget-wrap elementor-element-populated\">\n\t\t\t\t\t\t<div class=\"elementor-element elementor-element-4160840c elementor-widget__width-initial elementor-widget elementor-widget-spacer\" data-id=\"4160840c\" data-element_type=\"widget\" data-widget_type=\"spacer.default\">\n\t\t\t\t<div class=\"elementor-widget-container\">\n\t\t\t\t\t\t\t<div class=\"elementor-spacer\">\n\t\t\t<div class=\"elementor-spacer-inner\"><\/div>\n\t\t<\/div>\n\t\t\t\t\t\t<\/div>\n\t\t\t\t<\/div>\n\t\t\t\t<div class=\"elementor-element elementor-element-9dfa099 elementor-view-default elementor-widget elementor-widget-icon\" data-id=\"9dfa099\" data-element_type=\"widget\" data-widget_type=\"icon.default\">\n\t\t\t\t<div class=\"elementor-widget-container\">\n\t\t\t\t\t\t\t<div class=\"elementor-icon-wrapper\">\n\t\t\t<div class=\"elementor-icon\">\n\t\t\t<i aria-hidden=\"true\" class=\"fas fa-circle\"><\/i>\t\t\t<\/div>\n\t\t<\/div>\n\t\t\t\t\t\t<\/div>\n\t\t\t\t<\/div>\n\t\t\t\t\t<\/div>\n\t\t<\/div>\n\t\t\t\t<div class=\"elementor-column elementor-col-33 elementor-top-column elementor-element elementor-element-211a9b71\" data-id=\"211a9b71\" data-element_type=\"column\">\n\t\t\t<div class=\"elementor-widget-wrap\">\n\t\t\t\t\t\t\t<\/div>\n\t\t<\/div>\n\t\t\t\t\t<\/div>\n\t\t<\/section>\n\t\t\t\t<section class=\"elementor-section elementor-top-section elementor-element elementor-element-482a0cc elementor-section-boxed elementor-section-height-default elementor-section-height-default\" data-id=\"482a0cc\" data-element_type=\"section\">\n\t\t\t\t\t\t<div class=\"elementor-container elementor-column-gap-default\">\n\t\t\t\t\t<div class=\"elementor-column elementor-col-100 elementor-top-column elementor-element elementor-element-8ba3176\" data-id=\"8ba3176\" data-element_type=\"column\">\n\t\t\t<div class=\"elementor-widget-wrap elementor-element-populated\">\n\t\t\t\t\t\t<div class=\"elementor-element elementor-element-8bec395 elementor-widget elementor-widget-heading\" data-id=\"8bec395\" data-element_type=\"widget\" data-settings=\"{&quot;_animation&quot;:&quot;none&quot;}\" data-widget_type=\"heading.default\">\n\t\t\t\t<div class=\"elementor-widget-container\">\n\t\t\t\t\t<h1 class=\"elementor-heading-title elementor-size-default\">Dienstag, 11.11.2025, 14:00-19:15 Uhr<\/h1>\t\t\t\t<\/div>\n\t\t\t\t<\/div>\n\t\t\t\t<div class=\"elementor-element elementor-element-0824923 elementor-widget elementor-widget-heading\" data-id=\"0824923\" data-element_type=\"widget\" data-settings=\"{&quot;_animation&quot;:&quot;none&quot;}\" data-widget_type=\"heading.default\">\n\t\t\t\t<div class=\"elementor-widget-container\">\n\t\t\t\t\t<h2 class=\"elementor-heading-title elementor-size-default\">Symposium \u201cARTILACS - Artistic Research, Artificial Intelligence and Latent Creative Spaces\u201d \n\n<\/h2>\t\t\t\t<\/div>\n\t\t\t\t<\/div>\n\t\t\t\t<div class=\"elementor-element elementor-element-4d2ed6c elementor-widget__width-initial elementor-widget elementor-widget-text-editor\" data-id=\"4d2ed6c\" data-element_type=\"widget\" data-widget_type=\"text-editor.default\">\n\t\t\t\t<div class=\"elementor-widget-container\">\n\t\t\t\t\t\t\t\t\t<p>\u00d6ffentliche Veranstaltung<\/p><p>Das Symposium \u201cARTILACS &#8211; Artistic Research, Artificial Intelligence and Latent Creative Spaces\u201d widmet sich unterschiedlichen Forschungsarbeiten im Graduiertenkolleg ARTILACS &#8211; Artistic Intelligence in Latent Creative Spaces.<\/p><p>Es wird veranstaltet von Prof. Nicola L. Hein (Sound Arts &amp; Creative Music Technology &#8211; Musikhochschule L\u00fcbeck), Eduardo Loria Lazcarno (Musikhochschule L\u00fcbeck \/ Digital Learning Campus) und Prof. Dr. Diedrich Wolter (Hybride KI &#8211; Universit\u00e4t zu L\u00fcbeck).\u00a0<\/p><p>ARTILACS ist ein interdisziplin\u00e4res, kooperatives Forschungsprojekt, welches zwischen der Musikhochschule L\u00fcbeck, Universit\u00e4t zu L\u00fcbeck, sowie der Hochschule f\u00fcr Musik und Theater, der Hochschule f\u00fcr Angewandte Wissenschaften, der Hafencity Universit\u00e4t und der Hochschule f\u00fcr Bildende K\u00fcnste Hamburg stattfindet.\u00a0<\/p><p>Es geht darum, die Arbeiten im Bereich der k\u00fcnstlerischen Forschung und der k\u00fcnstlichen Intelligenz miteinander in Diskurs zu bringen und die Diversit\u00e4t und Breite der Forschungsgruppe, auch als einen einzigartigen Beitrag zur Forschung im Bereich der k\u00fcnstlichen Intelligenz in Schleswig-Holstein, der \u00d6ffentlichkeit vorzustellen und zum Austausch einzuladen.<br \/>Das Programm umfasst eine Keynote von Prof. Dr. Georg Hajdu, Komponist und Hochschullehrer an der Hochschule f\u00fcr Musik und Theater Hamburg, sowie weitere Vortr\u00e4ge und eine Podiumsdiskussion zu ARTILACS.<\/p><p>\u00a0<\/p><p><strong>Programm<\/strong><\/p><p>14:00-15:00 Section 1<\/p><ul><li>Begr\u00fc\u00dfung (5 Min)<\/li><li>Talk 1 (30 Min Including Q&amp;A)<br \/><b>Benjamin Sprick<br \/>Digitale Idiotie. Anmerkungen zu Symptomen autorit\u00e4rer Algorithmizit\u00e4t<\/b><\/li><li>Talk 2 (30 Min Including Q&amp;A)<br \/><b>Juan Sebasti\u00e1n Vassallo<br \/>NeuralConstraints: integrating a neural generative model with constraint-based composition<\/b>\u00a0 \u00a0 \u00a0 \u00a0\u00a0<\/li><li>Pause (10 Minutes)\u00a0 \u00a0 \u00a0\u00a0<\/li><\/ul><p>\u00a0\u00a0<\/p><p>15:15-16:15 Section 2<\/p><ul><li>Talk 3 (30 Min Including Q&amp;A) <br \/><b>Francisco Uberto (online) <br \/>P.A.R.T.Y.<\/b><\/li><li>Talk 4 (30 Min Including Q&amp;A)<br \/><b>Lara St\u00f6hlmacher (In Person)<br \/>Encoding Situated Knowledges: Entanglement as Epistemic Condition in Design Practice<\/b><\/li><li>Pause (15 Minutes)\u00a0 \u00a0 \u00a0<\/li><\/ul><p>\u00a0<\/p><p>16:30-17:30 Section 3<\/p><ul><li>Keynote (60 Min Including Q&amp;A)<br \/><b>Georg Hajdu<br \/>From Ligeti to the Ligeti Center: How Music and Curiosity Inspired a Center for Innovatio<\/b><\/li><li>Pause (15 Minutes)<\/li><\/ul><p>\u00a0\u00a0<\/p><p>17:45-18:15<\/p><ul><li><b>Performance<\/b> (30 Min including Umbau)<br \/><b>Georg Hajdu &amp; Greg Beller<\/b><\/li><li>Umbau (5 min)<\/li><li>St\u00fcck 1 (10 Min) <b>Generative Generation- AI RAVE Improvisation &#8211; Greg Beller and Georg Hajdu<\/b><\/li><li>St\u00fcck 2 (10 Min)<br \/><b>Winter for Bohlen-Pierce guitar\/bass guitar and electronics &#8211; Gerog Hajdu<\/b><\/li><li>Umbau (5 min)<\/li><\/ul><p>\u00a0<\/p><p>18:15-19:15 Section 4<\/p><ul><li><b>Panel Talk <\/b>about ARTILACS (45\u201360 min)<br \/><b>Nicola L. Hein, Diedrich Wolter, Georg Hajdu, Benjamin Sprick, Lara St\u00f6hlmacher<\/b>\u00a0 \u00a0 \u00a0<\/li><\/ul><p><strong>\u00a0 \u00a0\u00a0<\/strong><\/p><p><strong>Ort:<\/strong> Spatial Audio Lab \/ Digital Learning Campus, \u00dcbergangshaus, K\u00f6nigstra\u00dfe 54, 23552 L\u00fcbeck<\/p><p><strong>Veranstalter:<\/strong> Musikhochschule L\u00fcbeck, Universit\u00e4t zu L\u00fcbeck<\/p>\t\t\t\t\t\t\t\t<\/div>\n\t\t\t\t<\/div>\n\t\t\t\t<div class=\"elementor-element elementor-element-262e6b0 mb0 elementor-widget elementor-widget-text-editor\" data-id=\"262e6b0\" data-element_type=\"widget\" data-widget_type=\"text-editor.default\">\n\t\t\t\t<div class=\"elementor-widget-container\">\n\t\t\t\t\t\t\t\t\t<p>Im Rahmen der Woche der KI finden zahlreiche Veranstaltungen verschiedener Organisator*innen statt. Diese werden eigenverantwortlich von den jeweiligen Veranstaltenden organisiert und durchgef\u00fchrt. Die Mitveranstalter der Woche der KI \u00fcbernehmen keine Verantwortung f\u00fcr Inhalte, Abl\u00e4ufe oder Ergebnisse dieser Angebote.<\/p>\t\t\t\t\t\t\t\t<\/div>\n\t\t\t\t<\/div>\n\t\t\t\t\t<\/div>\n\t\t<\/div>\n\t\t\t\t\t<\/div>\n\t\t<\/section>\n\t\t\t\t<\/div>\n\t\t","protected":false},"excerpt":{"rendered":"<p>Dienstag, 11.11.2025, 14:00-19:15 Uhr Symposium \u201cARTILACS &#8211; Artistic Research, Artificial Intelligence and Latent Creative Spaces\u201d \u00d6ffentliche Veranstaltung Das Symposium \u201cARTILACS &#8211; Artistic Research, Artificial Intelligence and Latent Creative Spaces\u201d widmet sich unterschiedlichen Forschungsarbeiten im Graduiertenkolleg ARTILACS &#8211; Artistic Intelligence in Latent Creative Spaces. Es wird veranstaltet von Prof. Nicola L. Hein (Sound Arts &amp; Creative [&hellip;]<\/p>\n","protected":false},"author":2,"featured_media":0,"parent":0,"menu_order":0,"comment_status":"closed","ping_status":"closed","template":"","meta":{"footnotes":""},"class_list":["post-4058","page","type-page","status-publish","hentry"],"_links":{"self":[{"href":"https:\/\/woche-der-ki.de\/index.php\/wp-json\/wp\/v2\/pages\/4058","targetHints":{"allow":["GET"]}}],"collection":[{"href":"https:\/\/woche-der-ki.de\/index.php\/wp-json\/wp\/v2\/pages"}],"about":[{"href":"https:\/\/woche-der-ki.de\/index.php\/wp-json\/wp\/v2\/types\/page"}],"author":[{"embeddable":true,"href":"https:\/\/woche-der-ki.de\/index.php\/wp-json\/wp\/v2\/users\/2"}],"replies":[{"embeddable":true,"href":"https:\/\/woche-der-ki.de\/index.php\/wp-json\/wp\/v2\/comments?post=4058"}],"version-history":[{"count":16,"href":"https:\/\/woche-der-ki.de\/index.php\/wp-json\/wp\/v2\/pages\/4058\/revisions"}],"predecessor-version":[{"id":4400,"href":"https:\/\/woche-der-ki.de\/index.php\/wp-json\/wp\/v2\/pages\/4058\/revisions\/4400"}],"wp:attachment":[{"href":"https:\/\/woche-der-ki.de\/index.php\/wp-json\/wp\/v2\/media?parent=4058"}],"curies":[{"name":"wp","href":"https:\/\/api.w.org\/{rel}","templated":true}]}}