{"id":4129,"date":"2025-10-17T16:12:24","date_gmt":"2025-10-17T14:12:24","guid":{"rendered":"https:\/\/woche-der-ki.de\/?page_id=4129"},"modified":"2025-11-06T10:52:18","modified_gmt":"2025-11-06T09:52:18","slug":"promptathon","status":"publish","type":"page","link":"https:\/\/woche-der-ki.de\/index.php\/promptathon\/","title":{"rendered":"Promptathon"},"content":{"rendered":"\t\t<div data-elementor-type=\"wp-page\" data-elementor-id=\"4129\" class=\"elementor elementor-4129\" data-elementor-post-type=\"page\">\n\t\t\t\t\t\t<section class=\"elementor-section elementor-top-section elementor-element elementor-element-68871bd1 elementor-section-full_width elementor-section-height-default elementor-section-height-default\" data-id=\"68871bd1\" data-element_type=\"section\" data-e-type=\"section\">\n\t\t\t\t\t\t<div class=\"elementor-container elementor-column-gap-default\">\n\t\t\t\t\t<div class=\"elementor-column elementor-col-33 elementor-top-column elementor-element elementor-element-6d7e1407\" data-id=\"6d7e1407\" data-element_type=\"column\" data-e-type=\"column\">\n\t\t\t<div class=\"elementor-widget-wrap\">\n\t\t\t\t\t\t\t<\/div>\n\t\t<\/div>\n\t\t\t\t<div class=\"elementor-column elementor-col-33 elementor-top-column elementor-element elementor-element-4f9f2080\" data-id=\"4f9f2080\" data-element_type=\"column\" data-e-type=\"column\">\n\t\t\t<div class=\"elementor-widget-wrap elementor-element-populated\">\n\t\t\t\t\t\t<div class=\"elementor-element elementor-element-4160840c elementor-widget__width-initial elementor-widget elementor-widget-spacer\" data-id=\"4160840c\" data-element_type=\"widget\" data-e-type=\"widget\" data-widget_type=\"spacer.default\">\n\t\t\t\t<div class=\"elementor-widget-container\">\n\t\t\t\t\t\t\t<div class=\"elementor-spacer\">\n\t\t\t<div class=\"elementor-spacer-inner\"><\/div>\n\t\t<\/div>\n\t\t\t\t\t\t<\/div>\n\t\t\t\t<\/div>\n\t\t\t\t<div class=\"elementor-element elementor-element-9dfa099 elementor-view-default elementor-widget elementor-widget-icon\" data-id=\"9dfa099\" data-element_type=\"widget\" data-e-type=\"widget\" data-widget_type=\"icon.default\">\n\t\t\t\t<div class=\"elementor-widget-container\">\n\t\t\t\t\t\t\t<div class=\"elementor-icon-wrapper\">\n\t\t\t<div class=\"elementor-icon\">\n\t\t\t<i aria-hidden=\"true\" class=\"fas fa-circle\"><\/i>\t\t\t<\/div>\n\t\t<\/div>\n\t\t\t\t\t\t<\/div>\n\t\t\t\t<\/div>\n\t\t\t\t\t<\/div>\n\t\t<\/div>\n\t\t\t\t<div class=\"elementor-column elementor-col-33 elementor-top-column elementor-element elementor-element-211a9b71\" data-id=\"211a9b71\" data-element_type=\"column\" data-e-type=\"column\">\n\t\t\t<div class=\"elementor-widget-wrap\">\n\t\t\t\t\t\t\t<\/div>\n\t\t<\/div>\n\t\t\t\t\t<\/div>\n\t\t<\/section>\n\t\t\t\t<section class=\"elementor-section elementor-top-section elementor-element elementor-element-482a0cc elementor-section-boxed elementor-section-height-default elementor-section-height-default\" data-id=\"482a0cc\" data-element_type=\"section\" data-e-type=\"section\">\n\t\t\t\t\t\t<div class=\"elementor-container elementor-column-gap-default\">\n\t\t\t\t\t<div class=\"elementor-column elementor-col-100 elementor-top-column elementor-element elementor-element-8ba3176\" data-id=\"8ba3176\" data-element_type=\"column\" data-e-type=\"column\">\n\t\t\t<div class=\"elementor-widget-wrap elementor-element-populated\">\n\t\t\t\t\t\t<div class=\"elementor-element elementor-element-8bec395 elementor-widget elementor-widget-heading\" data-id=\"8bec395\" data-element_type=\"widget\" data-e-type=\"widget\" data-settings=\"{&quot;_animation&quot;:&quot;none&quot;}\" data-widget_type=\"heading.default\">\n\t\t\t\t<div class=\"elementor-widget-container\">\n\t\t\t\t\t<h1 class=\"elementor-heading-title elementor-size-default\">Montag, 10.11.2025<\/h1>\t\t\t\t<\/div>\n\t\t\t\t<\/div>\n\t\t\t\t<div class=\"elementor-element elementor-element-0824923 elementor-widget elementor-widget-heading\" data-id=\"0824923\" data-element_type=\"widget\" data-e-type=\"widget\" data-settings=\"{&quot;_animation&quot;:&quot;none&quot;}\" data-widget_type=\"heading.default\">\n\t\t\t\t<div class=\"elementor-widget-container\">\n\t\t\t\t\t<h2 class=\"elementor-heading-title elementor-size-default\">Promptathon \n\n<\/h2>\t\t\t\t<\/div>\n\t\t\t\t<\/div>\n\t\t\t\t<div class=\"elementor-element elementor-element-4d2ed6c elementor-widget__width-initial elementor-widget elementor-widget-text-editor\" data-id=\"4d2ed6c\" data-element_type=\"widget\" data-e-type=\"widget\" data-widget_type=\"text-editor.default\">\n\t\t\t\t<div class=\"elementor-widget-container\">\n\t\t\t\t\t\t\t\t\t<p>\u00d6ffentliche Veranstaltung mit Anmeldung \u00fcber <b>Thomas.Lange(at)th-luebeck.de&nbsp;<\/b><\/p>\n<p>Der Digital Learning Campus l\u00e4dt&nbsp; zu einer Veranstaltung vom Zukunftslabor Generative KI ein. Zu dem 4-st\u00fcndigen Event sind <b>Sch\u00fclerInnen aus der 9. und 10. Klasse<\/b> gesucht, die in kleinen Gruppen KI benutzen.<\/p>\n<p>AI2Entrepreneur ist ein vom Land Schleswig-Holstein gef\u00f6rdertes Forschungsprojekt, dessen Aufgabe es ist, die Potenziale von generativer KI f\u00fcr Gr\u00fcndungen und StartUps zu untersuchen und das so ermittelte Wissen und F\u00e4higkeiten zur Nutzung von KI-Tools in der Gr\u00fcndungsphase von Unternehmen weiterzugeben. AI2Entrepreneur ist Teil des \u201eZukunftslabor Generative KI\u201c und entwickelt basierend auf den gewonnenen Erkenntnissen und neuesten Entwicklungen Veranstaltungen und Formate zur Entrepreneurship Education.<\/p>\n<p>In dem interaktiven Event, das wir \u201ePromptathon\u201c nennen, zeigt das Team von AI2Entrepreneur den Teilnehmer:innen, wie sie generative KI Anwendungen im (unternehmerischen) Alltag einsetzen k\u00f6nnen. Der Fokus der Promptathons liegt dabei auf der Entwicklung und Ausarbeitung einer Gesch\u00e4ftsidee. So soll neben der Heranf\u00fchrung an die moderne Technologie vor allen Dingen der Gr\u00fcnder:innengeist der Sch\u00fcler:innen geweckt bzw. gef\u00f6rdert werden.<\/p>\n<p>Diese Promptathons wurden bereits wiederholt erfolgreich mit unterschiedlichen Kooperationspartner:innen z. B. aus dem StartupSH-Netzwerk durchgef\u00fchrt. Im Oktober 2024 durften wir das Konzept erstmalig auch in Zusammenarbeit mit einem Berufsbildungszentrum testen \u2013 auch hier reagierten die Lehrkr\u00e4fte sowie Teilnehmenden positiv auf die Veranstaltung und zeigten sich begeistert von den in kurzer Zeit erarbeiteten Ergebnissen und der praxisnahen Umsetzung. Gef\u00f6rdert vom Land Schleswig-Holstein bieten wir den Promptathon kostenfrei f\u00fcr Schulklassen in Schleswig-Holstein an.<\/p>\n<p><b>Was erwartet Ihre Klasse?<\/b><\/p>\n<ul>\n<li>Ein spannender Vormittag voller Kreativit\u00e4t und Teamarbeit (ca. 4\u20135 Stunden).<\/li>\n<li>Einf\u00fchrung in generative KI mit unterschiedlichen Anwendungen sowie Einsatzm\u00f6glichkeiten im unternehmerischen Kontext<\/li>\n<li>Gruppenarbeit zur Ideenfindung und Ausarbeitung einer Gesch\u00e4ftsidee mit abschlie\u00dfender Ergebnispr\u00e4sentation<\/li>\n<\/ul>\n<p>Die Sch\u00fcler:innen entwickeln dabei nicht nur technisches Know-how, sondern st\u00e4rken auch ihre kreativen und unternehmerischen F\u00e4higkeiten.<\/p>\n<p>Wenn Sie sich zun\u00e4chst einen \u00dcberblick \u00fcber die T\u00e4tigkeiten das Zukunftslabor Generative KI bzw. AI2Entrepreneur verschaffen m\u00f6chten, laden wir Sie herzlich ein, sich auf unserem LinkedIn-Account (Zukunftslabor Generative KI: \u00dcbersicht | LinkedIn) und unserer Website (https:\/\/zgki.de) umzusehen oder auch in unseren Podcast (\u201eGr\u00fcnden mit KI\u201c via z. B. Spotify) reinzuh\u00f6ren.<\/p>\n<p>Um mehreren Schulen die Teilnahme zu erm\u00f6glichen, w\u00fcrden wir uns freuen, wenn maximal 12 Sch\u00fclerInnen von einer Schule entsandt werden. Eigene Laptops\/Tablets sollten mitgebracht werden. Bei Bedarf kann eine kleine Anzahl auch bereitgestellt werden.<\/p>\n<p>Wenn Sie Interesse haben, dieses Angebot f\u00fcr Ihre Schule zu nutzen, melden Sie sich gerne bei uns. Zur Anmeldung oder bei R\u00fcckfragen gerne an Thomas Lange vom Digital Learning Campus L\u00fcbeck wenden.<\/p>\n<p><strong>Ort:<\/strong>&nbsp; \u00dcbergangshaus, K\u00f6nigstra\u00dfe 54, 23552 L\u00fcbeck<\/p>\n<p><strong>Veranstalter:<\/strong> Digital Learning Campus<\/p>\n<p><strong>Zielgruppe<\/strong>: Sch\u00fclerInnen der 9. und 10. Klasse<\/p>\n<p><strong>Anmeldung<\/strong>: <b>Anmeldung erforderlich<\/b> \u00fcber <b>Thomas.Lange(at)th-luebeck.de&nbsp;<\/b><\/p>\t\t\t\t\t\t\t\t<\/div>\n\t\t\t\t<\/div>\n\t\t\t\t<div class=\"elementor-element elementor-element-262e6b0 mb0 elementor-widget elementor-widget-text-editor\" data-id=\"262e6b0\" data-element_type=\"widget\" data-e-type=\"widget\" data-widget_type=\"text-editor.default\">\n\t\t\t\t<div class=\"elementor-widget-container\">\n\t\t\t\t\t\t\t\t\t<p>Im Rahmen der Woche der KI finden zahlreiche Veranstaltungen verschiedener Organisator*innen statt. Diese werden eigenverantwortlich von den jeweiligen Veranstaltenden organisiert und durchgef\u00fchrt. Die Mitveranstalter der Woche der KI \u00fcbernehmen keine Verantwortung f\u00fcr Inhalte, Abl\u00e4ufe oder Ergebnisse dieser Angebote.<\/p>\t\t\t\t\t\t\t\t<\/div>\n\t\t\t\t<\/div>\n\t\t\t\t\t<\/div>\n\t\t<\/div>\n\t\t\t\t\t<\/div>\n\t\t<\/section>\n\t\t\t\t<\/div>\n\t\t","protected":false},"excerpt":{"rendered":"<p>Montag, 10.11.2025 Promptathon \u00d6ffentliche Veranstaltung mit Anmeldung \u00fcber Thomas.Lange(at)th-luebeck.de&nbsp; Der Digital Learning Campus l\u00e4dt&nbsp; zu einer Veranstaltung vom Zukunftslabor Generative KI ein. Zu dem 4-st\u00fcndigen Event sind Sch\u00fclerInnen aus der 9. und 10. Klasse gesucht, die in kleinen Gruppen KI benutzen. AI2Entrepreneur ist ein vom Land Schleswig-Holstein gef\u00f6rdertes Forschungsprojekt, dessen Aufgabe es ist, die Potenziale [&hellip;]<\/p>\n","protected":false},"author":2,"featured_media":0,"parent":0,"menu_order":0,"comment_status":"closed","ping_status":"closed","template":"","meta":{"footnotes":""},"class_list":["post-4129","page","type-page","status-publish","hentry"],"_links":{"self":[{"href":"https:\/\/woche-der-ki.de\/index.php\/wp-json\/wp\/v2\/pages\/4129","targetHints":{"allow":["GET"]}}],"collection":[{"href":"https:\/\/woche-der-ki.de\/index.php\/wp-json\/wp\/v2\/pages"}],"about":[{"href":"https:\/\/woche-der-ki.de\/index.php\/wp-json\/wp\/v2\/types\/page"}],"author":[{"embeddable":true,"href":"https:\/\/woche-der-ki.de\/index.php\/wp-json\/wp\/v2\/users\/2"}],"replies":[{"embeddable":true,"href":"https:\/\/woche-der-ki.de\/index.php\/wp-json\/wp\/v2\/comments?post=4129"}],"version-history":[{"count":13,"href":"https:\/\/woche-der-ki.de\/index.php\/wp-json\/wp\/v2\/pages\/4129\/revisions"}],"predecessor-version":[{"id":4373,"href":"https:\/\/woche-der-ki.de\/index.php\/wp-json\/wp\/v2\/pages\/4129\/revisions\/4373"}],"wp:attachment":[{"href":"https:\/\/woche-der-ki.de\/index.php\/wp-json\/wp\/v2\/media?parent=4129"}],"curies":[{"name":"wp","href":"https:\/\/api.w.org\/{rel}","templated":true}]}}