{"id":4159,"date":"2025-10-14T13:32:48","date_gmt":"2025-10-14T11:32:48","guid":{"rendered":"https:\/\/woche-der-ki.de\/?page_id=4159"},"modified":"2025-11-06T11:08:54","modified_gmt":"2025-11-06T10:08:54","slug":"ausstellung-luebecker-ki-erlebnistag-2025","status":"publish","type":"page","link":"https:\/\/woche-der-ki.de\/index.php\/ausstellung-luebecker-ki-erlebnistag-2025\/","title":{"rendered":"Ausstellung L\u00fcbecker KI-Erlebnistag 2025"},"content":{"rendered":"\t\t<div data-elementor-type=\"wp-page\" data-elementor-id=\"4159\" class=\"elementor elementor-4159\" data-elementor-post-type=\"page\">\n\t\t\t\t\t\t<section class=\"elementor-section elementor-top-section elementor-element elementor-element-68871bd1 elementor-section-full_width elementor-section-height-default elementor-section-height-default\" data-id=\"68871bd1\" data-element_type=\"section\">\n\t\t\t\t\t\t<div class=\"elementor-container elementor-column-gap-default\">\n\t\t\t\t\t<div class=\"elementor-column elementor-col-33 elementor-top-column elementor-element elementor-element-6d7e1407\" data-id=\"6d7e1407\" data-element_type=\"column\">\n\t\t\t<div class=\"elementor-widget-wrap\">\n\t\t\t\t\t\t\t<\/div>\n\t\t<\/div>\n\t\t\t\t<div class=\"elementor-column elementor-col-33 elementor-top-column elementor-element elementor-element-4f9f2080\" data-id=\"4f9f2080\" data-element_type=\"column\">\n\t\t\t<div class=\"elementor-widget-wrap elementor-element-populated\">\n\t\t\t\t\t\t<div class=\"elementor-element elementor-element-4160840c elementor-widget__width-initial elementor-widget elementor-widget-spacer\" data-id=\"4160840c\" data-element_type=\"widget\" data-widget_type=\"spacer.default\">\n\t\t\t\t<div class=\"elementor-widget-container\">\n\t\t\t\t\t\t\t<div class=\"elementor-spacer\">\n\t\t\t<div class=\"elementor-spacer-inner\"><\/div>\n\t\t<\/div>\n\t\t\t\t\t\t<\/div>\n\t\t\t\t<\/div>\n\t\t\t\t<div class=\"elementor-element elementor-element-9dfa099 elementor-view-default elementor-widget elementor-widget-icon\" data-id=\"9dfa099\" data-element_type=\"widget\" data-widget_type=\"icon.default\">\n\t\t\t\t<div class=\"elementor-widget-container\">\n\t\t\t\t\t\t\t<div class=\"elementor-icon-wrapper\">\n\t\t\t<div class=\"elementor-icon\">\n\t\t\t<i aria-hidden=\"true\" class=\"fas fa-circle\"><\/i>\t\t\t<\/div>\n\t\t<\/div>\n\t\t\t\t\t\t<\/div>\n\t\t\t\t<\/div>\n\t\t\t\t\t<\/div>\n\t\t<\/div>\n\t\t\t\t<div class=\"elementor-column elementor-col-33 elementor-top-column elementor-element elementor-element-211a9b71\" data-id=\"211a9b71\" data-element_type=\"column\">\n\t\t\t<div class=\"elementor-widget-wrap\">\n\t\t\t\t\t\t\t<\/div>\n\t\t<\/div>\n\t\t\t\t\t<\/div>\n\t\t<\/section>\n\t\t\t\t<section class=\"elementor-section elementor-top-section elementor-element elementor-element-482a0cc elementor-section-boxed elementor-section-height-default elementor-section-height-default\" data-id=\"482a0cc\" data-element_type=\"section\">\n\t\t\t\t\t\t<div class=\"elementor-container elementor-column-gap-default\">\n\t\t\t\t\t<div class=\"elementor-column elementor-col-100 elementor-top-column elementor-element elementor-element-8ba3176\" data-id=\"8ba3176\" data-element_type=\"column\">\n\t\t\t<div class=\"elementor-widget-wrap elementor-element-populated\">\n\t\t\t\t\t\t<div class=\"elementor-element elementor-element-8bec395 elementor-widget elementor-widget-heading\" data-id=\"8bec395\" data-element_type=\"widget\" data-settings=\"{&quot;_animation&quot;:&quot;none&quot;}\" data-widget_type=\"heading.default\">\n\t\t\t\t<div class=\"elementor-widget-container\">\n\t\t\t\t\t<h1 class=\"elementor-heading-title elementor-size-default\">Mittwoch, 12.11.2025,  09.00 - 17.00&nbsp;Uhr &amp; \nDonnerstag, 13.11.2025, 09.00 - 13.00 Uhr<\/h1>\t\t\t\t<\/div>\n\t\t\t\t<\/div>\n\t\t\t\t<div class=\"elementor-element elementor-element-0824923 elementor-widget elementor-widget-heading\" data-id=\"0824923\" data-element_type=\"widget\" data-settings=\"{&quot;_animation&quot;:&quot;none&quot;}\" data-widget_type=\"heading.default\">\n\t\t\t\t<div class=\"elementor-widget-container\">\n\t\t\t\t\t<h2 class=\"elementor-heading-title elementor-size-default\">Ausstellung L\u00fcbecker KI-Erlebnistag\nAusstellung f\u00fcr Schulen und die breite \u00d6ffentlichkeit\n<\/h2>\t\t\t\t<\/div>\n\t\t\t\t<\/div>\n\t\t\t\t<div class=\"elementor-element elementor-element-4d2ed6c elementor-widget__width-initial elementor-widget elementor-widget-text-editor\" data-id=\"4d2ed6c\" data-element_type=\"widget\" data-widget_type=\"text-editor.default\">\n\t\t\t\t<div class=\"elementor-widget-container\">\n\t\t\t\t\t\t\t\t\t<p>\u00d6ffentliche Veranstaltung<br \/>Schulklassen und Gruppen kann der Zutritt nur mit vorheriger <a href=\"mailto:schule@woche-der-ki.de\"><b>Anmeldung<\/b> <\/a>garantiert werden<\/p><p>Die Universit\u00e4t zu L\u00fcbeck und die Technische Hochschule L\u00fcbeck laden zur Ausstellung der Woche der KI im \u00dcbergangshaus ein. Universit\u00e4t, TH L\u00fcbeck, Fraunhofer und das Deutsche Forschungszentrum f\u00fcr K\u00fcnstliche Intelligenz pr\u00e4sentieren neueste Forschungsergebnisse, die nicht nur zum Staunen bringen, sondern auch zum Mitmachen einladen sollen \u2013 viele der Exponate sind zum Ausprobieren! Geeignet ist die Ausstellungen f\u00fcr Sch\u00fclerinnen und Sch\u00fcler ab der Mittelstufe.<\/p><p><strong>Ausstellung<\/strong>: <a href=\"https:\/\/woche-der-ki.de\/wp-content\/uploads\/2025\/10\/2025_Flaechenplan_Ausstellung.pdf\" target=\"_blank\" rel=\"noopener\"><b>\u00dcbersichtsplan mit allen Aussteller*innen<\/b><\/a><\/p><p><strong>Ort<\/strong>: \u00dcbergangshaus, K\u00f6nigstra\u00dfe 54-56, L\u00fcbeck<\/p><p><strong>Anmeldung<\/strong>: Schulklassen und Gruppen kann der Zutritt nur mit vorheriger <a href=\"mailto:schule@woche-der-ki.de\"><b>Anmeldung an schule@woche-der-ki.de<\/b><\/a> garantiert werden.<\/p>\t\t\t\t\t\t\t\t<\/div>\n\t\t\t\t<\/div>\n\t\t\t\t<div class=\"elementor-element elementor-element-262e6b0 mb0 elementor-widget elementor-widget-text-editor\" data-id=\"262e6b0\" data-element_type=\"widget\" data-widget_type=\"text-editor.default\">\n\t\t\t\t<div class=\"elementor-widget-container\">\n\t\t\t\t\t\t\t\t\t<p>Im Rahmen der Woche der KI finden zahlreiche Veranstaltungen verschiedener Organisator*innen statt. Diese werden eigenverantwortlich von den jeweiligen Veranstaltenden organisiert und durchgef\u00fchrt. Die Mitveranstalter der Woche der KI \u00fcbernehmen keine Verantwortung f\u00fcr Inhalte, Abl\u00e4ufe oder Ergebnisse dieser Angebote.<\/p>\t\t\t\t\t\t\t\t<\/div>\n\t\t\t\t<\/div>\n\t\t\t\t\t<\/div>\n\t\t<\/div>\n\t\t\t\t\t<\/div>\n\t\t<\/section>\n\t\t\t\t<\/div>\n\t\t","protected":false},"excerpt":{"rendered":"<p>Mittwoch, 12.11.2025, 09.00 &#8211; 17.00&nbsp;Uhr &amp; Donnerstag, 13.11.2025, 09.00 &#8211; 13.00 Uhr Ausstellung L\u00fcbecker KI-Erlebnistag Ausstellung f\u00fcr Schulen und die breite \u00d6ffentlichkeit \u00d6ffentliche VeranstaltungSchulklassen und Gruppen kann der Zutritt nur mit vorheriger Anmeldung garantiert werden Die Universit\u00e4t zu L\u00fcbeck und die Technische Hochschule L\u00fcbeck laden zur Ausstellung der Woche der KI im \u00dcbergangshaus ein. Universit\u00e4t, [&hellip;]<\/p>\n","protected":false},"author":2,"featured_media":0,"parent":0,"menu_order":0,"comment_status":"closed","ping_status":"closed","template":"","meta":{"footnotes":""},"class_list":["post-4159","page","type-page","status-publish","hentry"],"_links":{"self":[{"href":"https:\/\/woche-der-ki.de\/index.php\/wp-json\/wp\/v2\/pages\/4159","targetHints":{"allow":["GET"]}}],"collection":[{"href":"https:\/\/woche-der-ki.de\/index.php\/wp-json\/wp\/v2\/pages"}],"about":[{"href":"https:\/\/woche-der-ki.de\/index.php\/wp-json\/wp\/v2\/types\/page"}],"author":[{"embeddable":true,"href":"https:\/\/woche-der-ki.de\/index.php\/wp-json\/wp\/v2\/users\/2"}],"replies":[{"embeddable":true,"href":"https:\/\/woche-der-ki.de\/index.php\/wp-json\/wp\/v2\/comments?post=4159"}],"version-history":[{"count":13,"href":"https:\/\/woche-der-ki.de\/index.php\/wp-json\/wp\/v2\/pages\/4159\/revisions"}],"predecessor-version":[{"id":4406,"href":"https:\/\/woche-der-ki.de\/index.php\/wp-json\/wp\/v2\/pages\/4159\/revisions\/4406"}],"wp:attachment":[{"href":"https:\/\/woche-der-ki.de\/index.php\/wp-json\/wp\/v2\/media?parent=4159"}],"curies":[{"name":"wp","href":"https:\/\/api.w.org\/{rel}","templated":true}]}}