{"id":4252,"date":"2025-10-17T16:27:21","date_gmt":"2025-10-17T14:27:21","guid":{"rendered":"https:\/\/woche-der-ki.de\/?page_id=4252"},"modified":"2025-11-06T11:03:19","modified_gmt":"2025-11-06T10:03:19","slug":"roundtable-ki-in-der-berufsausbildung","status":"publish","type":"page","link":"https:\/\/woche-der-ki.de\/index.php\/roundtable-ki-in-der-berufsausbildung\/","title":{"rendered":"Roundtable: KI in der Berufsausbildung"},"content":{"rendered":"\t\t<div data-elementor-type=\"wp-page\" data-elementor-id=\"4252\" class=\"elementor elementor-4252\" data-elementor-post-type=\"page\">\n\t\t\t\t\t\t<section class=\"elementor-section elementor-top-section elementor-element elementor-element-68871bd1 elementor-section-full_width elementor-section-height-default elementor-section-height-default\" data-id=\"68871bd1\" data-element_type=\"section\">\n\t\t\t\t\t\t<div class=\"elementor-container elementor-column-gap-default\">\n\t\t\t\t\t<div class=\"elementor-column elementor-col-33 elementor-top-column elementor-element elementor-element-6d7e1407\" data-id=\"6d7e1407\" data-element_type=\"column\">\n\t\t\t<div class=\"elementor-widget-wrap\">\n\t\t\t\t\t\t\t<\/div>\n\t\t<\/div>\n\t\t\t\t<div class=\"elementor-column elementor-col-33 elementor-top-column elementor-element elementor-element-4f9f2080\" data-id=\"4f9f2080\" data-element_type=\"column\">\n\t\t\t<div class=\"elementor-widget-wrap elementor-element-populated\">\n\t\t\t\t\t\t<div class=\"elementor-element elementor-element-4160840c elementor-widget__width-initial elementor-widget elementor-widget-spacer\" data-id=\"4160840c\" data-element_type=\"widget\" data-widget_type=\"spacer.default\">\n\t\t\t\t<div class=\"elementor-widget-container\">\n\t\t\t\t\t\t\t<div class=\"elementor-spacer\">\n\t\t\t<div class=\"elementor-spacer-inner\"><\/div>\n\t\t<\/div>\n\t\t\t\t\t\t<\/div>\n\t\t\t\t<\/div>\n\t\t\t\t<div class=\"elementor-element elementor-element-9dfa099 elementor-view-default elementor-widget elementor-widget-icon\" data-id=\"9dfa099\" data-element_type=\"widget\" data-widget_type=\"icon.default\">\n\t\t\t\t<div class=\"elementor-widget-container\">\n\t\t\t\t\t\t\t<div class=\"elementor-icon-wrapper\">\n\t\t\t<div class=\"elementor-icon\">\n\t\t\t<i aria-hidden=\"true\" class=\"fas fa-circle\"><\/i>\t\t\t<\/div>\n\t\t<\/div>\n\t\t\t\t\t\t<\/div>\n\t\t\t\t<\/div>\n\t\t\t\t\t<\/div>\n\t\t<\/div>\n\t\t\t\t<div class=\"elementor-column elementor-col-33 elementor-top-column elementor-element elementor-element-211a9b71\" data-id=\"211a9b71\" data-element_type=\"column\">\n\t\t\t<div class=\"elementor-widget-wrap\">\n\t\t\t\t\t\t\t<\/div>\n\t\t<\/div>\n\t\t\t\t\t<\/div>\n\t\t<\/section>\n\t\t\t\t<section class=\"elementor-section elementor-top-section elementor-element elementor-element-482a0cc elementor-section-boxed elementor-section-height-default elementor-section-height-default\" data-id=\"482a0cc\" data-element_type=\"section\">\n\t\t\t\t\t\t<div class=\"elementor-container elementor-column-gap-default\">\n\t\t\t\t\t<div class=\"elementor-column elementor-col-100 elementor-top-column elementor-element elementor-element-8ba3176\" data-id=\"8ba3176\" data-element_type=\"column\">\n\t\t\t<div class=\"elementor-widget-wrap elementor-element-populated\">\n\t\t\t\t\t\t<div class=\"elementor-element elementor-element-8bec395 elementor-widget elementor-widget-heading\" data-id=\"8bec395\" data-element_type=\"widget\" data-settings=\"{&quot;_animation&quot;:&quot;none&quot;}\" data-widget_type=\"heading.default\">\n\t\t\t\t<div class=\"elementor-widget-container\">\n\t\t\t\t\t<h1 class=\"elementor-heading-title elementor-size-default\">Montag, 10.11.2025, 16:30-18:00 Uhr<\/h1>\t\t\t\t<\/div>\n\t\t\t\t<\/div>\n\t\t\t\t<div class=\"elementor-element elementor-element-0824923 elementor-widget elementor-widget-heading\" data-id=\"0824923\" data-element_type=\"widget\" data-settings=\"{&quot;_animation&quot;:&quot;none&quot;}\" data-widget_type=\"heading.default\">\n\t\t\t\t<div class=\"elementor-widget-container\">\n\t\t\t\t\t<h2 class=\"elementor-heading-title elementor-size-default\">Roundtable: KI in der Berufsausbildung\n\n<\/h2>\t\t\t\t<\/div>\n\t\t\t\t<\/div>\n\t\t\t\t<div class=\"elementor-element elementor-element-4d2ed6c elementor-widget__width-initial elementor-widget elementor-widget-text-editor\" data-id=\"4d2ed6c\" data-element_type=\"widget\" data-widget_type=\"text-editor.default\">\n\t\t\t\t<div class=\"elementor-widget-container\">\n\t\t\t\t\t\t\t\t\t<p>\u00d6ffentliche Veranstaltung mit Anmeldung \u00fcber <b>Thomas.Lange(at)th-luebeck.de<\/b><\/p><p>Der Digital Learning Campus l\u00e4dt zum Roundtable Gespr\u00e4ch zum Thema KI in der Berufsausbildung ein. Hierzu kommen VertreterInnen von Schulen, Berufsschulen, Ausbildungsbetrieben, Interessenverb\u00e4nden und Hochschule zusammen.<\/p><p><b>Was erwartet Sie?<\/b><\/p><ul><li>Status Quo: Wie wird KI aktuell in der Berufsausbildung genutzt?<\/li><li>Zukunftsperspektiven: Welche Chancen und Herausforderungen bringt KI mit sich? Was k\u00f6nnen wir in L\u00fcbeck vor Ort gemeinsam machen?<\/li><li>Best Practice Impuls: Erfolgreiche Einf\u00fchrung von KI in der Ausbildung<\/li><\/ul><p><b>\u00a0<\/b><\/p><p><b>Ziel des Roundtables:<\/b><br \/>Austausch, Vernetzung und gemeinsame Entwicklung von Ideen zur sinnvollen Integration von KI in die berufliche Bildung.<\/p><p>Wenn Sie an der Teilnahme interessiert sind, bitte an Thomas Lange, Projektleitung Digital Learning Campus L\u00fcbeck wenden. Thomas.Lange@th-luebeck.de<\/p><p><strong>Ort:<\/strong>\u00a0\u00dcbergangshaus, K\u00f6nigstra\u00dfe 54, 23552 L\u00fcbeck<\/p><p><strong>Veranstalter:<\/strong> Digital Learning Campus<\/p><p><strong>Anmeldung<\/strong>: <b>Anmeldung <\/b>\u00fcber <b>Thomas.Lange(at)th-luebeck.de<\/b><\/p>\t\t\t\t\t\t\t\t<\/div>\n\t\t\t\t<\/div>\n\t\t\t\t<div class=\"elementor-element elementor-element-262e6b0 mb0 elementor-widget elementor-widget-text-editor\" data-id=\"262e6b0\" data-element_type=\"widget\" data-widget_type=\"text-editor.default\">\n\t\t\t\t<div class=\"elementor-widget-container\">\n\t\t\t\t\t\t\t\t\t<p>Im Rahmen der Woche der KI finden zahlreiche Veranstaltungen verschiedener Organisator*innen statt. Diese werden eigenverantwortlich von den jeweiligen Veranstaltenden organisiert und durchgef\u00fchrt. Die Mitveranstalter der Woche der KI \u00fcbernehmen keine Verantwortung f\u00fcr Inhalte, Abl\u00e4ufe oder Ergebnisse dieser Angebote.<\/p>\t\t\t\t\t\t\t\t<\/div>\n\t\t\t\t<\/div>\n\t\t\t\t\t<\/div>\n\t\t<\/div>\n\t\t\t\t\t<\/div>\n\t\t<\/section>\n\t\t\t\t<\/div>\n\t\t","protected":false},"excerpt":{"rendered":"<p>Montag, 10.11.2025, 16:30-18:00 Uhr Roundtable: KI in der Berufsausbildung \u00d6ffentliche Veranstaltung mit Anmeldung \u00fcber Thomas.Lange(at)th-luebeck.de Der Digital Learning Campus l\u00e4dt zum Roundtable Gespr\u00e4ch zum Thema KI in der Berufsausbildung ein. Hierzu kommen VertreterInnen von Schulen, Berufsschulen, Ausbildungsbetrieben, Interessenverb\u00e4nden und Hochschule zusammen. Was erwartet Sie? Status Quo: Wie wird KI aktuell in der Berufsausbildung genutzt? Zukunftsperspektiven: [&hellip;]<\/p>\n","protected":false},"author":2,"featured_media":0,"parent":0,"menu_order":0,"comment_status":"closed","ping_status":"closed","template":"","meta":{"footnotes":""},"class_list":["post-4252","page","type-page","status-publish","hentry"],"_links":{"self":[{"href":"https:\/\/woche-der-ki.de\/index.php\/wp-json\/wp\/v2\/pages\/4252","targetHints":{"allow":["GET"]}}],"collection":[{"href":"https:\/\/woche-der-ki.de\/index.php\/wp-json\/wp\/v2\/pages"}],"about":[{"href":"https:\/\/woche-der-ki.de\/index.php\/wp-json\/wp\/v2\/types\/page"}],"author":[{"embeddable":true,"href":"https:\/\/woche-der-ki.de\/index.php\/wp-json\/wp\/v2\/users\/2"}],"replies":[{"embeddable":true,"href":"https:\/\/woche-der-ki.de\/index.php\/wp-json\/wp\/v2\/comments?post=4252"}],"version-history":[{"count":10,"href":"https:\/\/woche-der-ki.de\/index.php\/wp-json\/wp\/v2\/pages\/4252\/revisions"}],"predecessor-version":[{"id":4388,"href":"https:\/\/woche-der-ki.de\/index.php\/wp-json\/wp\/v2\/pages\/4252\/revisions\/4388"}],"wp:attachment":[{"href":"https:\/\/woche-der-ki.de\/index.php\/wp-json\/wp\/v2\/media?parent=4252"}],"curies":[{"name":"wp","href":"https:\/\/api.w.org\/{rel}","templated":true}]}}