{"id":4294,"date":"2025-10-27T21:20:37","date_gmt":"2025-10-27T20:20:37","guid":{"rendered":"https:\/\/woche-der-ki.de\/?page_id=4294"},"modified":"2025-11-06T11:12:15","modified_gmt":"2025-11-06T10:12:15","slug":"10x-schneller-umsetzen-und-entscheiden-mit-ki","status":"publish","type":"page","link":"https:\/\/woche-der-ki.de\/index.php\/10x-schneller-umsetzen-und-entscheiden-mit-ki\/","title":{"rendered":"10x schneller umsetzen und entscheiden mit KI \u2013 13 sofort anwendbare Hacks f\u00fcr F\u00fchrungskr\u00e4fte"},"content":{"rendered":"\t\t<div data-elementor-type=\"wp-page\" data-elementor-id=\"4294\" class=\"elementor elementor-4294\" data-elementor-post-type=\"page\">\n\t\t\t\t\t\t<section class=\"elementor-section elementor-top-section elementor-element elementor-element-68871bd1 elementor-section-full_width elementor-section-height-default elementor-section-height-default\" data-id=\"68871bd1\" data-element_type=\"section\">\n\t\t\t\t\t\t<div class=\"elementor-container elementor-column-gap-default\">\n\t\t\t\t\t<div class=\"elementor-column elementor-col-33 elementor-top-column elementor-element elementor-element-6d7e1407\" data-id=\"6d7e1407\" data-element_type=\"column\">\n\t\t\t<div class=\"elementor-widget-wrap\">\n\t\t\t\t\t\t\t<\/div>\n\t\t<\/div>\n\t\t\t\t<div class=\"elementor-column elementor-col-33 elementor-top-column elementor-element elementor-element-4f9f2080\" data-id=\"4f9f2080\" data-element_type=\"column\">\n\t\t\t<div class=\"elementor-widget-wrap elementor-element-populated\">\n\t\t\t\t\t\t<div class=\"elementor-element elementor-element-4160840c elementor-widget__width-initial elementor-widget elementor-widget-spacer\" data-id=\"4160840c\" data-element_type=\"widget\" data-widget_type=\"spacer.default\">\n\t\t\t\t<div class=\"elementor-widget-container\">\n\t\t\t\t\t\t\t<div class=\"elementor-spacer\">\n\t\t\t<div class=\"elementor-spacer-inner\"><\/div>\n\t\t<\/div>\n\t\t\t\t\t\t<\/div>\n\t\t\t\t<\/div>\n\t\t\t\t<div class=\"elementor-element elementor-element-9dfa099 elementor-view-default elementor-widget elementor-widget-icon\" data-id=\"9dfa099\" data-element_type=\"widget\" data-widget_type=\"icon.default\">\n\t\t\t\t<div class=\"elementor-widget-container\">\n\t\t\t\t\t\t\t<div class=\"elementor-icon-wrapper\">\n\t\t\t<div class=\"elementor-icon\">\n\t\t\t<i aria-hidden=\"true\" class=\"fas fa-circle\"><\/i>\t\t\t<\/div>\n\t\t<\/div>\n\t\t\t\t\t\t<\/div>\n\t\t\t\t<\/div>\n\t\t\t\t\t<\/div>\n\t\t<\/div>\n\t\t\t\t<div class=\"elementor-column elementor-col-33 elementor-top-column elementor-element elementor-element-211a9b71\" data-id=\"211a9b71\" data-element_type=\"column\">\n\t\t\t<div class=\"elementor-widget-wrap\">\n\t\t\t\t\t\t\t<\/div>\n\t\t<\/div>\n\t\t\t\t\t<\/div>\n\t\t<\/section>\n\t\t\t\t<section class=\"elementor-section elementor-top-section elementor-element elementor-element-482a0cc elementor-section-boxed elementor-section-height-default elementor-section-height-default\" data-id=\"482a0cc\" data-element_type=\"section\">\n\t\t\t\t\t\t<div class=\"elementor-container elementor-column-gap-default\">\n\t\t\t\t\t<div class=\"elementor-column elementor-col-100 elementor-top-column elementor-element elementor-element-8ba3176\" data-id=\"8ba3176\" data-element_type=\"column\">\n\t\t\t<div class=\"elementor-widget-wrap elementor-element-populated\">\n\t\t\t\t\t\t<div class=\"elementor-element elementor-element-8bec395 elementor-widget elementor-widget-heading\" data-id=\"8bec395\" data-element_type=\"widget\" data-settings=\"{&quot;_animation&quot;:&quot;none&quot;}\" data-widget_type=\"heading.default\">\n\t\t\t\t<div class=\"elementor-widget-container\">\n\t\t\t\t\t<h1 class=\"elementor-heading-title elementor-size-default\">Donnerstag, 13.11.2025, 10:30-11:30 Uhr<\/h1>\t\t\t\t<\/div>\n\t\t\t\t<\/div>\n\t\t\t\t<div class=\"elementor-element elementor-element-0824923 elementor-widget elementor-widget-heading\" data-id=\"0824923\" data-element_type=\"widget\" data-settings=\"{&quot;_animation&quot;:&quot;none&quot;}\" data-widget_type=\"heading.default\">\n\t\t\t\t<div class=\"elementor-widget-container\">\n\t\t\t\t\t<h2 class=\"elementor-heading-title elementor-size-default\">10x schneller umsetzen und entscheiden mit KI \u2013 13 sofort anwendbare Hacks f\u00fcr F\u00fchrungskr\u00e4fte \n\n<\/h2>\t\t\t\t<\/div>\n\t\t\t\t<\/div>\n\t\t\t\t<div class=\"elementor-element elementor-element-4d2ed6c elementor-widget__width-initial elementor-widget elementor-widget-text-editor\" data-id=\"4d2ed6c\" data-element_type=\"widget\" data-widget_type=\"text-editor.default\">\n\t\t\t\t<div class=\"elementor-widget-container\">\n\t\t\t\t\t\t\t\t\t<p>\u00d6ffentlicher Online-Workshop<\/p>\n<div>\n<p>Viele Unternehmen wissen, dass KI wichtig ist<span class=\"gmail_default\">,&nbsp;<\/span>aber nicht, WO sie anfangen sollen.<\/p>\n<p>Unser Gr\u00fcnder Kassian zeigt 13 konkrete Hacks, mit denen er selbst:<\/p>\n<\/div>\n<ul>\n<li>1.800 Arbeitsstunden pro Jahr spart<\/li>\n<li>500.000 \u20ac Kosten vermeidet<\/li>\n<li>Produkte 12 Monate schneller auf den Markt bringt<\/li>\n<\/ul>\n<div>Beispiel-Hacks:<span class=\"gmail_default\">&nbsp;<\/span>Meeting-Nachbereitung automatisieren<span class=\"gmail_default\">,&nbsp;<\/span>E-Mail-Management mit KI<span class=\"gmail_default\">,&nbsp;<\/span>Marktanalysen in 30 Minuten<span class=\"gmail_default\">,&nbsp;<\/span>Recruiting auf Autopilot<span class=\"gmail_default\">.<\/span><\/div>\n<div>&nbsp; &nbsp;<\/div>\n<p><strong>Ort:<\/strong> online \u00fcber Google Meet.<br>Link f\u00fcr Videoanruf: <a href=\"https:\/\/meet.google.com\/tir-pjed-jqs\" target=\"_blank\" rel=\"noopener\"><b>https:\/\/meet.google.com\/tir-pjed-jqs<\/b><\/a><br>Oder telefonisch: \u202a(DE) +49 40 8081619807\u202c PIN: \u202a215 841 406\u202c#<br>Weitere Telefonnummern: <a href=\"https:\/\/tel.meet\/tir-pjed-jqs?pin=7899389587634\" target=\"_blank\" rel=\"noopener\"><b>https:\/\/tel.meet\/tir-pjed-jqs?pin=7899389587634<\/b><\/a><\/p>\n<p><strong>Veranstalter:<\/strong> AI-Ready Campus<\/p>\n<p><strong>Zielgruppe<\/strong>: F\u00fchrungskr\u00e4fte im Mittelstand, die KI im Unternehmen einf\u00fchren und voranbringen wollen, branchenunabh\u00e4ngig<\/p>\t\t\t\t\t\t\t\t<\/div>\n\t\t\t\t<\/div>\n\t\t\t\t<div class=\"elementor-element elementor-element-262e6b0 mb0 elementor-widget elementor-widget-text-editor\" data-id=\"262e6b0\" data-element_type=\"widget\" data-widget_type=\"text-editor.default\">\n\t\t\t\t<div class=\"elementor-widget-container\">\n\t\t\t\t\t\t\t\t\t<p>Im Rahmen der Woche der KI finden zahlreiche Veranstaltungen verschiedener Organisator*innen statt. Diese werden eigenverantwortlich von den jeweiligen Veranstaltenden organisiert und durchgef\u00fchrt. Die Mitveranstalter der Woche der KI \u00fcbernehmen keine Verantwortung f\u00fcr Inhalte, Abl\u00e4ufe oder Ergebnisse dieser Angebote.<\/p>\t\t\t\t\t\t\t\t<\/div>\n\t\t\t\t<\/div>\n\t\t\t\t\t<\/div>\n\t\t<\/div>\n\t\t\t\t\t<\/div>\n\t\t<\/section>\n\t\t\t\t<\/div>\n\t\t","protected":false},"excerpt":{"rendered":"<p>Donnerstag, 13.11.2025, 10:30-11:30 Uhr 10x schneller umsetzen und entscheiden mit KI \u2013 13 sofort anwendbare Hacks f\u00fcr F\u00fchrungskr\u00e4fte \u00d6ffentlicher Online-Workshop Viele Unternehmen wissen, dass KI wichtig ist,&nbsp;aber nicht, WO sie anfangen sollen. Unser Gr\u00fcnder Kassian zeigt 13 konkrete Hacks, mit denen er selbst: 1.800 Arbeitsstunden pro Jahr spart 500.000 \u20ac Kosten vermeidet Produkte 12 Monate [&hellip;]<\/p>\n","protected":false},"author":2,"featured_media":0,"parent":0,"menu_order":0,"comment_status":"closed","ping_status":"closed","template":"","meta":{"footnotes":""},"class_list":["post-4294","page","type-page","status-publish","hentry"],"_links":{"self":[{"href":"https:\/\/woche-der-ki.de\/index.php\/wp-json\/wp\/v2\/pages\/4294","targetHints":{"allow":["GET"]}}],"collection":[{"href":"https:\/\/woche-der-ki.de\/index.php\/wp-json\/wp\/v2\/pages"}],"about":[{"href":"https:\/\/woche-der-ki.de\/index.php\/wp-json\/wp\/v2\/types\/page"}],"author":[{"embeddable":true,"href":"https:\/\/woche-der-ki.de\/index.php\/wp-json\/wp\/v2\/users\/2"}],"replies":[{"embeddable":true,"href":"https:\/\/woche-der-ki.de\/index.php\/wp-json\/wp\/v2\/comments?post=4294"}],"version-history":[{"count":13,"href":"https:\/\/woche-der-ki.de\/index.php\/wp-json\/wp\/v2\/pages\/4294\/revisions"}],"predecessor-version":[{"id":4424,"href":"https:\/\/woche-der-ki.de\/index.php\/wp-json\/wp\/v2\/pages\/4294\/revisions\/4424"}],"wp:attachment":[{"href":"https:\/\/woche-der-ki.de\/index.php\/wp-json\/wp\/v2\/media?parent=4294"}],"curies":[{"name":"wp","href":"https:\/\/api.w.org\/{rel}","templated":true}]}}