{"id":4332,"date":"2025-10-30T11:08:33","date_gmt":"2025-10-30T10:08:33","guid":{"rendered":"https:\/\/woche-der-ki.de\/?page_id=4332"},"modified":"2025-11-06T11:09:22","modified_gmt":"2025-11-06T10:09:22","slug":"grunden-mit-recht-ai-law-talk","status":"publish","type":"page","link":"https:\/\/woche-der-ki.de\/index.php\/grunden-mit-recht-ai-law-talk\/","title":{"rendered":"Gr\u00fcnden mit Recht &#8211; AI Law Talk: Rechtliche Aspekte zum Einsatz von KI in Unternehmen"},"content":{"rendered":"\t\t<div data-elementor-type=\"wp-page\" data-elementor-id=\"4332\" class=\"elementor elementor-4332\" data-elementor-post-type=\"page\">\n\t\t\t\t\t\t<section class=\"elementor-section elementor-top-section elementor-element elementor-element-68871bd1 elementor-section-full_width elementor-section-height-default elementor-section-height-default\" data-id=\"68871bd1\" data-element_type=\"section\">\n\t\t\t\t\t\t<div class=\"elementor-container elementor-column-gap-default\">\n\t\t\t\t\t<div class=\"elementor-column elementor-col-33 elementor-top-column elementor-element elementor-element-6d7e1407\" data-id=\"6d7e1407\" data-element_type=\"column\">\n\t\t\t<div class=\"elementor-widget-wrap\">\n\t\t\t\t\t\t\t<\/div>\n\t\t<\/div>\n\t\t\t\t<div class=\"elementor-column elementor-col-33 elementor-top-column elementor-element elementor-element-4f9f2080\" data-id=\"4f9f2080\" data-element_type=\"column\">\n\t\t\t<div class=\"elementor-widget-wrap elementor-element-populated\">\n\t\t\t\t\t\t<div class=\"elementor-element elementor-element-4160840c elementor-widget__width-initial elementor-widget elementor-widget-spacer\" data-id=\"4160840c\" data-element_type=\"widget\" data-widget_type=\"spacer.default\">\n\t\t\t\t<div class=\"elementor-widget-container\">\n\t\t\t\t\t\t\t<div class=\"elementor-spacer\">\n\t\t\t<div class=\"elementor-spacer-inner\"><\/div>\n\t\t<\/div>\n\t\t\t\t\t\t<\/div>\n\t\t\t\t<\/div>\n\t\t\t\t<div class=\"elementor-element elementor-element-9dfa099 elementor-view-default elementor-widget elementor-widget-icon\" data-id=\"9dfa099\" data-element_type=\"widget\" data-widget_type=\"icon.default\">\n\t\t\t\t<div class=\"elementor-widget-container\">\n\t\t\t\t\t\t\t<div class=\"elementor-icon-wrapper\">\n\t\t\t<div class=\"elementor-icon\">\n\t\t\t<i aria-hidden=\"true\" class=\"fas fa-circle\"><\/i>\t\t\t<\/div>\n\t\t<\/div>\n\t\t\t\t\t\t<\/div>\n\t\t\t\t<\/div>\n\t\t\t\t\t<\/div>\n\t\t<\/div>\n\t\t\t\t<div class=\"elementor-column elementor-col-33 elementor-top-column elementor-element elementor-element-211a9b71\" data-id=\"211a9b71\" data-element_type=\"column\">\n\t\t\t<div class=\"elementor-widget-wrap\">\n\t\t\t\t\t\t\t<\/div>\n\t\t<\/div>\n\t\t\t\t\t<\/div>\n\t\t<\/section>\n\t\t\t\t<section class=\"elementor-section elementor-top-section elementor-element elementor-element-482a0cc elementor-section-boxed elementor-section-height-default elementor-section-height-default\" data-id=\"482a0cc\" data-element_type=\"section\">\n\t\t\t\t\t\t<div class=\"elementor-container elementor-column-gap-default\">\n\t\t\t\t\t<div class=\"elementor-column elementor-col-100 elementor-top-column elementor-element elementor-element-8ba3176\" data-id=\"8ba3176\" data-element_type=\"column\">\n\t\t\t<div class=\"elementor-widget-wrap elementor-element-populated\">\n\t\t\t\t\t\t<div class=\"elementor-element elementor-element-8bec395 elementor-widget elementor-widget-heading\" data-id=\"8bec395\" data-element_type=\"widget\" data-settings=\"{&quot;_animation&quot;:&quot;none&quot;}\" data-widget_type=\"heading.default\">\n\t\t\t\t<div class=\"elementor-widget-container\">\n\t\t\t\t\t<h1 class=\"elementor-heading-title elementor-size-default\">Mittwoch, 12.11.2025,  09:30-11:00&nbsp;Uhr<\/h1>\t\t\t\t<\/div>\n\t\t\t\t<\/div>\n\t\t\t\t<div class=\"elementor-element elementor-element-0824923 elementor-widget elementor-widget-heading\" data-id=\"0824923\" data-element_type=\"widget\" data-settings=\"{&quot;_animation&quot;:&quot;none&quot;}\" data-widget_type=\"heading.default\">\n\t\t\t\t<div class=\"elementor-widget-container\">\n\t\t\t\t\t<h2 class=\"elementor-heading-title elementor-size-default\">Gr\u00fcnden mit Recht - AI Law Talk: Rechtliche Aspekte zum Einsatz von KI in Unternehmen\n\n<\/h2>\t\t\t\t<\/div>\n\t\t\t\t<\/div>\n\t\t\t\t<div class=\"elementor-element elementor-element-4d2ed6c elementor-widget elementor-widget-text-editor\" data-id=\"4d2ed6c\" data-element_type=\"widget\" data-widget_type=\"text-editor.default\">\n\t\t\t\t<div class=\"elementor-widget-container\">\n\t\t\t\t\t\t\t\t\t<p>\u00f6ffentliche Veranstaltung mit <a href=\"https:\/\/www.eventbrite.de\/e\/grunden-mit-recht-ki-recht-tickets-1903388629629\" target=\"_blank\" rel=\"noopener\"><b>Anmeldung<\/b><\/a><\/p><div dir=\"auto\"><p style=\"margin: 12px 0px; padding: 0px; color: #585163; font-family: 'Neue Plak', -apple-system, BlinkMacSystemFont, Roboto, 'Helvetica Neue', Helvetica, Tahoma, Arial, sans-serif;\">Was ist KI aus rechtlicher Sicht und was bedeutet das? Was m\u00fcssen StartUps beim Einsatz von KI beachten? Was sind die wichtigsten Aspekte der neuen KI Verordnung der EU, welche Chancen und Herausforderungen ergeben sich daraus?<\/p><p style=\"margin: 12px 0px; padding: 0px; color: #585163; font-family: 'Neue Plak', -apple-system, BlinkMacSystemFont, Roboto, 'Helvetica Neue', Helvetica, Tahoma, Arial, sans-serif;\">Wenn Du Dir diese Fragen stellst, dann ist diese Veranstaltung genau richtig f\u00fcr Dich!<\/p><p style=\"margin: 12px 0px; padding: 0px; color: #585163; font-family: 'Neue Plak', -apple-system, BlinkMacSystemFont, Roboto, 'Helvetica Neue', Helvetica, Tahoma, Arial, sans-serif;\">Im Rahmen der Woche der KI am Hanse Innovation Campus L\u00fcbeck laden der Gr\u00fcnderCube L\u00fcbeck und die WTSH GmbH Dich ein, an dieser spannenden Veranstaltung teilzunehmen! In der mehrteiligen Seminarreihe <b>Gr\u00fcnden mit Recht<\/b> beantworten Fachanw\u00e4lt*innen und Expert*innen aus Schleswig-Holstein und Umgebung Deine Fragen.<\/p><p><b>Zielgruppe<\/b>: StartUps aus allen Entwicklungsphasen und Interessierte<\/p><p><b>Veranstalter: <\/b>WTSH GmbH &amp; Gr\u00fcndercube L\u00fcbeck<\/p><p><b>Ort &amp; Anmeldung:<\/b> online, Teilnahmelink wird nach\u00a0<a href=\"https:\/\/www.eventbrite.de\/e\/grunden-mit-recht-ki-recht-tickets-1903388629629\" target=\"_blank\" rel=\"noopener\"><b>Anmeldung<\/b><\/a>\u00a0bereitgestellt<\/p><p>\u00a0<\/p><\/div>\t\t\t\t\t\t\t\t<\/div>\n\t\t\t\t<\/div>\n\t\t\t\t<div class=\"elementor-element elementor-element-262e6b0 mb0 elementor-widget elementor-widget-text-editor\" data-id=\"262e6b0\" data-element_type=\"widget\" data-widget_type=\"text-editor.default\">\n\t\t\t\t<div class=\"elementor-widget-container\">\n\t\t\t\t\t\t\t\t\t<p>Im Rahmen der Woche der KI finden zahlreiche Veranstaltungen verschiedener Organisator*innen statt. Diese werden eigenverantwortlich von den jeweiligen Veranstaltenden organisiert und durchgef\u00fchrt. Die Mitveranstalter der Woche der KI \u00fcbernehmen keine Verantwortung f\u00fcr Inhalte, Abl\u00e4ufe oder Ergebnisse dieser Angebote.<\/p>\t\t\t\t\t\t\t\t<\/div>\n\t\t\t\t<\/div>\n\t\t\t\t\t<\/div>\n\t\t<\/div>\n\t\t\t\t\t<\/div>\n\t\t<\/section>\n\t\t\t\t<\/div>\n\t\t","protected":false},"excerpt":{"rendered":"<p>Mittwoch, 12.11.2025, 09:30-11:00&nbsp;Uhr Gr\u00fcnden mit Recht &#8211; AI Law Talk: Rechtliche Aspekte zum Einsatz von KI in Unternehmen \u00f6ffentliche Veranstaltung mit Anmeldung Was ist KI aus rechtlicher Sicht und was bedeutet das? Was m\u00fcssen StartUps beim Einsatz von KI beachten? Was sind die wichtigsten Aspekte der neuen KI Verordnung der EU, welche Chancen und Herausforderungen [&hellip;]<\/p>\n","protected":false},"author":2,"featured_media":0,"parent":0,"menu_order":0,"comment_status":"closed","ping_status":"closed","template":"","meta":{"footnotes":""},"class_list":["post-4332","page","type-page","status-publish","hentry"],"_links":{"self":[{"href":"https:\/\/woche-der-ki.de\/index.php\/wp-json\/wp\/v2\/pages\/4332","targetHints":{"allow":["GET"]}}],"collection":[{"href":"https:\/\/woche-der-ki.de\/index.php\/wp-json\/wp\/v2\/pages"}],"about":[{"href":"https:\/\/woche-der-ki.de\/index.php\/wp-json\/wp\/v2\/types\/page"}],"author":[{"embeddable":true,"href":"https:\/\/woche-der-ki.de\/index.php\/wp-json\/wp\/v2\/users\/2"}],"replies":[{"embeddable":true,"href":"https:\/\/woche-der-ki.de\/index.php\/wp-json\/wp\/v2\/comments?post=4332"}],"version-history":[{"count":16,"href":"https:\/\/woche-der-ki.de\/index.php\/wp-json\/wp\/v2\/pages\/4332\/revisions"}],"predecessor-version":[{"id":4409,"href":"https:\/\/woche-der-ki.de\/index.php\/wp-json\/wp\/v2\/pages\/4332\/revisions\/4409"}],"wp:attachment":[{"href":"https:\/\/woche-der-ki.de\/index.php\/wp-json\/wp\/v2\/media?parent=4332"}],"curies":[{"name":"wp","href":"https:\/\/api.w.org\/{rel}","templated":true}]}}